{"id":9905,"date":"2018-06-27T11:40:04","date_gmt":"2018-06-27T09:40:04","guid":{"rendered":"http:\/\/agora.xtec.cat\/ceip-canpuig\/?page_id=9905"},"modified":"2023-10-24T11:42:33","modified_gmt":"2023-10-24T09:42:33","slug":"gep","status":"publish","type":"page","link":"https:\/\/agora.xtec.cat\/ceip-canpuig\/innovacio\/gep\/","title":{"rendered":"GEP"},"content":{"rendered":"<p>Entre els cursos 2017-2018 i 2019-2020, l\u2019escola ha format part del <strong><span style=\"color: #3978b8;\">Programa Generaci\u00f3 Pluriling\u00fce (GEP)<\/span><\/strong>. Aquest programa consisteix en aprendre lleng\u00fces estrangeres, en aquets cas l\u2019angl\u00e8s, a trav\u00e9s d\u2019altres mat\u00e8ries. Per tant, la finalitat d\u2019aquest programa ha estat <span style=\"color: #3978b8;\">millorar la compet\u00e8ncia en llegua anglesa dels alumnes de la nostra escola<\/span>.<\/p>\n<p>Per aconseguir aquest prop\u00f2sit s\u2019ha incrementat el temps d\u2019exposici\u00f3 de l\u2019alumnat amb aquesta llengua, i aix\u00ed millorar la comprensi\u00f3 i l\u2019expressi\u00f3 oral, la comprensi\u00f3 lectora i l\u2019expressi\u00f3 escrita, donant aix\u00ed m\u00e9s funcionalitat d\u2019aquesta llengua.<\/p>\n<p>El GEP es dur a terme de 1r fins a 6\u00e8 de Prim\u00e0ria, dins de l\u2019\u00e0rea de medi natural. Del total de sessions de medi natural, es dedica una a fer <span style=\"color: #3978b8;\">Science<\/span>.<\/p>\n<p>En aquesta sessi\u00f3 es desdoblen els grups (i aix\u00ed poder atendre millor la diversitat), es facilita que aquests grups puguin disposar del laboratori i, finalment, es prioritza treballar continguts relacionats amb <span style=\"color: #3978b8;\">el m\u00e8tode cient\u00edfic, dissenyant propostes did\u00e0ctiques que promouen el plantejament d\u2019hip\u00f2tesis, la observaci\u00f3 i l\u2019experimentaci\u00f3 i la recollida de dades, aix\u00ed com l\u2019elaboraci\u00f3 de conclusions<\/span>.<\/p>\n<p>La implementaci\u00f3 del Science es fa a partir de la <span style=\"color: #3978b8;\">metodologia CLIC<\/span> (Content and Language Integrated Learning). Amb aquesta metodologia es promou l\u2019autonomia de l\u2019aprenent i l\u2019ajuda a desenvolupar compet\u00e8ncies del pensament (thinking skills).<\/p>\n<p>Finalment amb el Science s\u2019impulsa tamb\u00e9 les <span style=\"color: #3978b8;\">noves tecnologies<\/span>, amb l\u2019\u00fas de diferents aplicacions educatives per tal de practicar continguts espec\u00edfics, fer gravacions, cercar informaci\u00f3, crear p\u00f2sters &#8230; i el <span style=\"color: #3978b8;\">treball cooperatiu<\/span>, ja que aquesta metodologia pr\u00f2pia de l\u2019escola inclusiva \u00e9s un dels trets d\u2019identitat de la nostra escola.<\/p>\n<p><iframe loading=\"lazy\" title=\"ProjectBasedLearning\" width=\"500\" height=\"281\" src=\"https:\/\/www.youtube.com\/embed\/1PXhwntCU58?feature=oembed\" frameborder=\"0\" allow=\"accelerometer; autoplay; clipboard-write; encrypted-media; gyroscope; picture-in-picture; web-share\" referrerpolicy=\"strict-origin-when-cross-origin\" allowfullscreen><\/iframe><\/p>\n","protected":false},"excerpt":{"rendered":"<p>Entre els cursos 2017-2018 i 2019-2020, l\u2019escola ha format part del Programa Generaci\u00f3 Pluriling\u00fce (GEP). Aquest programa consisteix en aprendre lleng\u00fces estrangeres, en aquets cas l\u2019angl\u00e8s, a trav\u00e9s d\u2019altres mat\u00e8ries. Per tant, la finalitat d\u2019aquest programa ha estat millorar la compet\u00e8ncia en llegua anglesa dels&hellip;  <a href=\"https:\/\/agora.xtec.cat\/ceip-canpuig\/innovacio\/gep\/\" title=\"Read GEP\">Llegeix m\u00e9s\u00bb<\/a><\/p>\n","protected":false},"author":1,"featured_media":0,"parent":11902,"menu_order":6,"comment_status":"closed","ping_status":"closed","template":"page-templates\/side-menu.php","meta":{"_bbp_topic_count":0,"_bbp_reply_count":0,"_bbp_total_topic_count":0,"_bbp_total_reply_count":0,"_bbp_voice_count":0,"_bbp_anonymous_reply_count":0,"_bbp_topic_count_hidden":0,"_bbp_reply_count_hidden":0,"_bbp_forum_subforum_count":0,"footnotes":""},"class_list":["post-9905","page","type-page","status-publish","hentry"],"post_mailing_queue_ids":[],"_links":{"self":[{"href":"https:\/\/agora.xtec.cat\/ceip-canpuig\/wp-json\/wp\/v2\/pages\/9905","targetHints":{"allow":["GET"]}}],"collection":[{"href":"https:\/\/agora.xtec.cat\/ceip-canpuig\/wp-json\/wp\/v2\/pages"}],"about":[{"href":"https:\/\/agora.xtec.cat\/ceip-canpuig\/wp-json\/wp\/v2\/types\/page"}],"author":[{"embeddable":true,"href":"https:\/\/agora.xtec.cat\/ceip-canpuig\/wp-json\/wp\/v2\/users\/1"}],"replies":[{"embeddable":true,"href":"https:\/\/agora.xtec.cat\/ceip-canpuig\/wp-json\/wp\/v2\/comments?post=9905"}],"version-history":[{"count":3,"href":"https:\/\/agora.xtec.cat\/ceip-canpuig\/wp-json\/wp\/v2\/pages\/9905\/revisions"}],"predecessor-version":[{"id":12011,"href":"https:\/\/agora.xtec.cat\/ceip-canpuig\/wp-json\/wp\/v2\/pages\/9905\/revisions\/12011"}],"up":[{"embeddable":true,"href":"https:\/\/agora.xtec.cat\/ceip-canpuig\/wp-json\/wp\/v2\/pages\/11902"}],"wp:attachment":[{"href":"https:\/\/agora.xtec.cat\/ceip-canpuig\/wp-json\/wp\/v2\/media?parent=9905"}],"curies":[{"name":"wp","href":"https:\/\/api.w.org\/{rel}","templated":true}]}}