{"id":485,"date":"2016-05-05T00:44:36","date_gmt":"2016-05-04T22:44:36","guid":{"rendered":"http:\/\/agora.xtec.cat\/ceip-canpuig\/?page_id=485"},"modified":"2026-02-25T19:36:26","modified_gmt":"2026-02-25T18:36:26","slug":"treball-cooperatiu","status":"publish","type":"page","link":"https:\/\/agora.xtec.cat\/ceip-canpuig\/nivells\/treball-cooperatiu\/","title":{"rendered":"Treball Cooperatiu"},"content":{"rendered":"<p>El <span style=\"color: #3978b8;\">treball cooperatiu<\/span> \u00e9s un recurs o estrat\u00e8gia pr\u00f2pia de l\u2019<span style=\"color: #3978b8;\">escola inclusiva<\/span>, que es basa en fomentar les interaccions socials, de manera que els alumnes es relacionen estretament entre ells per tal d\u2019aconseguir un objectiu compatit. \u00c9s a dir, que l\u2019esfor\u00e7 de cada un dels membres del grup permet aconseguir l\u2019\u00e8xit, tan individual com grupal.<\/p>\n<p>Tal com queda recollit en els trets d\u2019identitat del nostre PEC, com a escola considerem fonamental dissenyar propostes did\u00e0ctiques basades en el treball cooperatiu ja que quan ensenyem a cooperar, estem ensenyant habilitats i actituds indispensables per viure i conviure en una societat democr\u00e0tica.<\/p>\n<p><span style=\"color: #3978b8;\">Quines s\u00f3n les caracter\u00edstiques del Treball Cooperatiu?<\/span><\/p>\n<p>Els grups basats en aprenentatge cooperatiu s\u00f3n heterogenis i estan formats entre 3 i 5 alumnes.<\/p>\n<p>Segons Johnson i Johnson, podem identificar 5 caracter\u00edstiques pr\u00f2pies del treball cooperatiu:<\/p>\n<p><span style=\"color: #3978b8;\">1.- La interdepend\u00e8ncia positiva:<\/span><\/p>\n<p>Quan el\/la docent proposa una tasca concreta, aquests s\u2019han d\u2019organitzar de manera que el treball individual est\u00e0 lligat amb el treball del grup. \u00c9s a dir, l\u2019\u00e8xit o frac\u00e0s d\u2019un alumne\/a suposa l\u2019\u00e8xit o frac\u00e0s de tot el grup.<\/p>\n<p><span style=\"color: #3978b8;\">2.- La interacci\u00f3 \u201cpromotiva\u201d (interacci\u00f3 rica):<\/span><\/p>\n<p>Des del moment en que hi ha el comprom\u00eds d\u2019assumir tasques en equip, cal que els membres d\u2019aquest equip parlin entre ells, consensu\u00efn solucions, s\u2019ajudin m\u00fatuament&#8230;<\/p>\n<p><span style=\"color: #3978b8;\">3.- La participaci\u00f3 i responsabilitat individual:<\/span><\/p>\n<p>Cada membre del grup ha de responsabilitzar-se de la seva part del treball i de contribuir a l\u2019assoliment dels objectius comuns. Per tant, la import\u00e0ncia del \u201cjo faig\u201d o \u201cdeixo de fer\u201d t\u00e9 molt pes en l\u2019\u00e8xit del grup.<\/p>\n<p><span style=\"color: #3978b8;\">4.- Les habilitats socials complexes:<\/span><\/p>\n<p>Treballar en grups cooperatius posa en acci\u00f3 habilitats complexes, com per exemple: planificar d\u2019estrat\u00e8gies comunes, \u00a0resoldre conflictes, prendre decisions, defensar opinions pr\u00f2pies amb arguments raonats, acceptar cr\u00edtiques raonades, respectar les idees dels altres&#8230;<\/p>\n<p>De fet, el treball cooperatiu \u00e9s una eina per assolir compet\u00e8ncies b\u00e0siques que nom\u00e9s poden adquirir-se en interacci\u00f3 social, com s\u00f3n la compet\u00e8ncia comunicativa i ling\u00fc\u00edstica, la compet\u00e8ncia metodol\u00f2gica, la compet\u00e8ncia personal i la compet\u00e8ncia social.<\/p>\n<p><span style=\"color: #3978b8;\">5.- L\u2019autoreflexi\u00f3 del grup (metaavaluaci\u00f3):<\/span><\/p>\n<p>Cal donar espais i pautes perqu\u00e8 els alumnes puguin reflexionar sobre com estan treballant en equip, no nom\u00e9s si estan aconseguint l\u2019objectiu acad\u00e8mic.<\/p>\n<p><iframe loading=\"lazy\" title=\"treball cooperatiu\" width=\"500\" height=\"281\" src=\"https:\/\/www.youtube.com\/embed\/XRtCAUbrK58?feature=oembed\" frameborder=\"0\" allow=\"accelerometer; autoplay; clipboard-write; encrypted-media; gyroscope; picture-in-picture; web-share\" referrerpolicy=\"strict-origin-when-cross-origin\" allowfullscreen><\/iframe><\/p>\n","protected":false},"excerpt":{"rendered":"<p>El treball cooperatiu \u00e9s un recurs o estrat\u00e8gia pr\u00f2pia de l\u2019escola inclusiva, que es basa en fomentar les interaccions socials, de manera que els alumnes es relacionen estretament entre ells per tal d\u2019aconseguir un objectiu compatit. \u00c9s a dir, que l\u2019esfor\u00e7 de cada un dels&hellip;  <a href=\"https:\/\/agora.xtec.cat\/ceip-canpuig\/nivells\/treball-cooperatiu\/\" title=\"Read Treball Cooperatiu\">Llegeix m\u00e9s\u00bb<\/a><\/p>\n","protected":false},"author":1,"featured_media":0,"parent":87,"menu_order":1,"comment_status":"closed","ping_status":"closed","template":"page-templates\/side-menu.php","meta":{"_bbp_topic_count":0,"_bbp_reply_count":0,"_bbp_total_topic_count":0,"_bbp_total_reply_count":0,"_bbp_voice_count":0,"_bbp_anonymous_reply_count":0,"_bbp_topic_count_hidden":0,"_bbp_reply_count_hidden":0,"_bbp_forum_subforum_count":0,"footnotes":""},"class_list":["post-485","page","type-page","status-publish","hentry"],"post_mailing_queue_ids":[],"_links":{"self":[{"href":"https:\/\/agora.xtec.cat\/ceip-canpuig\/wp-json\/wp\/v2\/pages\/485","targetHints":{"allow":["GET"]}}],"collection":[{"href":"https:\/\/agora.xtec.cat\/ceip-canpuig\/wp-json\/wp\/v2\/pages"}],"about":[{"href":"https:\/\/agora.xtec.cat\/ceip-canpuig\/wp-json\/wp\/v2\/types\/page"}],"author":[{"embeddable":true,"href":"https:\/\/agora.xtec.cat\/ceip-canpuig\/wp-json\/wp\/v2\/users\/1"}],"replies":[{"embeddable":true,"href":"https:\/\/agora.xtec.cat\/ceip-canpuig\/wp-json\/wp\/v2\/comments?post=485"}],"version-history":[{"count":4,"href":"https:\/\/agora.xtec.cat\/ceip-canpuig\/wp-json\/wp\/v2\/pages\/485\/revisions"}],"predecessor-version":[{"id":14756,"href":"https:\/\/agora.xtec.cat\/ceip-canpuig\/wp-json\/wp\/v2\/pages\/485\/revisions\/14756"}],"up":[{"embeddable":true,"href":"https:\/\/agora.xtec.cat\/ceip-canpuig\/wp-json\/wp\/v2\/pages\/87"}],"wp:attachment":[{"href":"https:\/\/agora.xtec.cat\/ceip-canpuig\/wp-json\/wp\/v2\/media?parent=485"}],"curies":[{"name":"wp","href":"https:\/\/api.w.org\/{rel}","templated":true}]}}