{"id":73,"date":"2014-09-18T14:01:51","date_gmt":"2014-09-18T13:01:51","guid":{"rendered":"http:\/\/agora.xtec.cat\/ceip-canpalmer\/?page_id=73"},"modified":"2026-05-11T11:42:31","modified_gmt":"2026-05-11T09:42:31","slug":"menjador-escolar","status":"publish","type":"page","link":"https:\/\/agora.xtec.cat\/ceip-canpalmer\/lescola\/menjador-escolar\/","title":{"rendered":"Menjador escolar"},"content":{"rendered":"<p><a href=\"https:\/\/agora.xtec.cat\/ceip-canpalmer\/wp-content\/uploads\/usu261\/2026\/03\/descarga.png\"><img loading=\"lazy\" decoding=\"async\" class=\"aligncenter size-full wp-image-21460\" src=\"https:\/\/agora.xtec.cat\/ceip-canpalmer\/wp-content\/uploads\/usu261\/2026\/03\/descarga.png\" alt=\"\" width=\"392\" height=\"129\" srcset=\"https:\/\/agora.xtec.cat\/ceip-canpalmer\/wp-content\/uploads\/usu261\/2026\/03\/descarga.png 392w, https:\/\/agora.xtec.cat\/ceip-canpalmer\/wp-content\/uploads\/usu261\/2026\/03\/descarga-300x99.png 300w\" sizes=\"auto, (max-width: 392px) 100vw, 392px\" \/><\/a><br \/>\n<img loading=\"lazy\" decoding=\"async\" class=\"aligncenter size-full wp-image-19156\" src=\"https:\/\/agora.xtec.cat\/ceip-canpalmer\/wp-content\/uploads\/usu261\/2024\/11\/Brown-Creative-Cook-Book-Notebook-Cover-A2-horizontal-6.jpg\" alt=\"\" width=\"2245\" height=\"1587\" srcset=\"https:\/\/agora.xtec.cat\/ceip-canpalmer\/wp-content\/uploads\/usu261\/2024\/11\/Brown-Creative-Cook-Book-Notebook-Cover-A2-horizontal-6.jpg 2245w, https:\/\/agora.xtec.cat\/ceip-canpalmer\/wp-content\/uploads\/usu261\/2024\/11\/Brown-Creative-Cook-Book-Notebook-Cover-A2-horizontal-6-300x212.jpg 300w, https:\/\/agora.xtec.cat\/ceip-canpalmer\/wp-content\/uploads\/usu261\/2024\/11\/Brown-Creative-Cook-Book-Notebook-Cover-A2-horizontal-6-1024x724.jpg 1024w, https:\/\/agora.xtec.cat\/ceip-canpalmer\/wp-content\/uploads\/usu261\/2024\/11\/Brown-Creative-Cook-Book-Notebook-Cover-A2-horizontal-6-768x543.jpg 768w, https:\/\/agora.xtec.cat\/ceip-canpalmer\/wp-content\/uploads\/usu261\/2024\/11\/Brown-Creative-Cook-Book-Notebook-Cover-A2-horizontal-6-1536x1086.jpg 1536w, https:\/\/agora.xtec.cat\/ceip-canpalmer\/wp-content\/uploads\/usu261\/2024\/11\/Brown-Creative-Cook-Book-Notebook-Cover-A2-horizontal-6-2048x1448.jpg 2048w\" sizes=\"auto, (max-width: 2245px) 100vw, 2245px\" \/><\/p>\n<hr \/>\n<p data-pm-slice=\"1 1 []\">L\u2019<strong>Espai de Migdia<\/strong> \u00e9s la pausa escolar de l\u2019alumnat per dinar, jugar i descansar, amb <strong>horari de 12.30 h a 1\u2009h, de dilluns a divendres<\/strong>. L&#8217;escola dissenya aquest espai per alinear-lo amb la seva proposta pedag\u00f2gica, amb objectius com:<\/p>\n<p>&#8211; Fomentar h\u00e0bits alimentaris i de comportament.<br \/>\n&#8211; Promoure la socialitzaci\u00f3 basada en valors com el respecte i la col\u00b7laboraci\u00f3.<br \/>\n&#8211; Oferir tallers que permetin aprendre de manera l\u00fadica.<\/p>\n<p>L&#8217;escola disposa de<strong> cuina pr\u00f2pia,<\/strong> on s\u2019elaboren i es preparen <strong>men\u00fas equilibrats, amb aliments ecol\u00f2gics i de proximitat<\/strong>. Els men\u00fas mensuals es publiquen al web. A m\u00e9s, l&#8217;alumnat d\u2019i3, i4 i i5 tenen una agenda de menjador per informar di\u00e0riament a les fam\u00edlies.<\/p>\n<h3><\/h3>\n<hr \/>\n<div class=\"mceTemp\">\n<table style=\"border-collapse: collapse; width: 100%; height: 29px;\">\n<thead>\n<tr style=\"background-color: #ba8743;\">\n<td style=\"width: 100%; height: 20px; text-align: center;\">\n<h1><span style=\"color: #ffffff;\"><strong>MAIG<\/strong><\/span><\/h1>\n<\/td>\n<\/tr>\n<\/thead>\n<\/table>\n<h3><strong><span style=\"font-size: 1.6875em;\">Men\u00fa de Can Palmer<\/span><\/strong><\/h3>\n<\/div>\n<p><iframe loading=\"lazy\" src=\"https:\/\/drive.google.com\/file\/d\/12_dQtZabI5LSHt2dlT2U9Jc_EpE53GV8\/preview\" width=\"740\" height=\"580\"><\/iframe><\/p>\n<h3><strong><span style=\"font-size: 1.6875em;\">Propostes de sopars de Can Palmer<\/span><\/strong><\/h3>\n<p><iframe loading=\"lazy\" src=\"https:\/\/drive.google.com\/file\/d\/1NwxXtUrIdaV3W3mUiKyHuXy8hMuNtdXP\/preview\" width=\"740\" height=\"580\"><\/iframe><\/p>\n<h3><strong><span style=\"font-size: 1.6875em;\">Recomanaci\u00f3 de sopars de Can Palmer<\/span><\/strong><\/h3>\n<p><iframe loading=\"lazy\" src=\"https:\/\/drive.google.com\/file\/d\/11xBbzVk1NbJ9TBOJUlBbRregA5gHnb0G\/preview\" width=\"740\" height=\"580\"><\/iframe><\/p>\n<p><!----comment node----><!--a=1--><\/p>\n<p><!--a=1--><\/p>\n<p><!--a=1--><\/p>\n<p><!----comment node----><!--a=1--><\/p>\n<p><!----comment node----><!--a=1--><\/p>\n<p><!--a=1--><\/p>\n<p><!--a=1--><\/p>\n<p><!--a=1--><\/p>\n<p><!----comment node----><!--a=1--><\/p>\n<p><!--a=1--><\/p>\n<p><!--a=1--><\/p>\n<p><!--a=1--><\/p>\n<p><!----comment node----><!--a=1--><\/p>\n<p><!--a=1--><\/p>\n<p><!--a=1--><\/p>\n<p><!--a=1--><\/p>\n<p><!--a=1--><\/p>\n<p><!----comment node----><!--a=1--><\/p>\n<p><!----comment node----><!--a=1--><\/p>\n<p><!--a=1--><\/p>\n<p><!--a=1--><\/p>\n<p><!--a=1--><\/p>\n<p><!--a=1--><\/p>\n<p><!----comment node----><!--a=1--><\/p>\n<p><!----comment node----><!--a=1--><\/p>\n<p><!--a=1--><\/p>\n<p><!----comment node----><!--a=1--><\/p>\n<p><!----comment node----><!--a=1--><\/p>\n<p><!--a=1--><\/p>\n<p><!--a=1--><\/p>\n<p><!--a=1--><\/p>\n<p><!----comment node----><!--a=1--><\/p>\n<p><!----comment node----><!--a=1--><\/p>\n<p><!--a=1--><\/p>\n<p><!----comment node----><!--a=1--><\/p>\n<p><!----comment node----><!--a=1--><\/p>\n<p><!----comment node----><!--a=1--><\/p>\n<p><!----comment node----><!--a=1--><\/p>\n<p><!----comment node----><!--a=1--><\/p>\n<p><!----comment node----><!--a=1--><\/p>\n<p><!----comment node----><!--a=1--><\/p>\n<p><!----comment node----><!--a=1--><\/p>\n<p><!----comment node----><!--a=1--><\/p>\n<p><!--a=1--><\/p>\n<p><!--a=1--><\/p>\n<p><!--a=1--><\/p>\n<p><!--a=1--><\/p>\n<p><!--a=1--><\/p>\n<p><!----comment node----><!--a=1--><\/p>\n<p><!----comment node----><!--a=1--><\/p>\n<p><!--a=1--><\/p>\n<p><!--a=1--><\/p>\n<p><!--a=1--><\/p>\n<p><!--a=1--><\/p>\n<p><!--a=1--><\/p>\n<p><!--a=1--><\/p>\n<p><!--a=1--><\/p>\n<p><!----comment node----><!--a=1--><\/p>\n","protected":false},"excerpt":{"rendered":"<p>L\u2019Espai de Migdia \u00e9s la pausa escolar de l\u2019alumnat per dinar, jugar i descansar, amb horari de 12.30 h a 1\u2009h, de dilluns a divendres. L&#8217;escola dissenya aquest espai per alinear-lo amb la seva proposta pedag\u00f2gica, amb objectius com: &#8211; Fomentar h\u00e0bits alimentaris i de comportament. &#8211; Promoure la socialitzaci\u00f3 basada en valors com el [&hellip;]<\/p>\n","protected":false},"author":1,"featured_media":0,"parent":22,"menu_order":3,"comment_status":"closed","ping_status":"closed","template":"","meta":{"_bbp_topic_count":0,"_bbp_reply_count":0,"_bbp_total_topic_count":0,"_bbp_total_reply_count":0,"_bbp_voice_count":0,"_bbp_anonymous_reply_count":0,"_bbp_topic_count_hidden":0,"_bbp_reply_count_hidden":0,"_bbp_forum_subforum_count":0,"site-sidebar-layout":"left-sidebar","site-content-layout":"","ast-site-content-layout":"default","site-content-style":"default","site-sidebar-style":"default","ast-global-header-display":"","ast-banner-title-visibility":"","ast-main-header-display":"","ast-hfb-above-header-display":"","ast-hfb-below-header-display":"","ast-hfb-mobile-header-display":"","site-post-title":"","ast-breadcrumbs-content":"","ast-featured-img":"","footer-sml-layout":"","theme-transparent-header-meta":"default","adv-header-id-meta":"","stick-header-meta":"","header-above-stick-meta":"","header-main-stick-meta":"","header-below-stick-meta":"","astra-migrate-meta-layouts":"set","ast-page-background-enabled":"default","ast-page-background-meta":{"desktop":{"background-color":"var(--ast-global-color-4)","background-image":"","background-repeat":"repeat","background-position":"center center","background-size":"auto","background-attachment":"scroll","background-type":"","background-media":"","overlay-type":"","overlay-color":"","overlay-opacity":"","overlay-gradient":""},"tablet":{"background-color":"","background-image":"","background-repeat":"repeat","background-position":"center center","background-size":"auto","background-attachment":"scroll","background-type":"","background-media":"","overlay-type":"","overlay-color":"","overlay-opacity":"","overlay-gradient":""},"mobile":{"background-color":"","background-image":"","background-repeat":"repeat","background-position":"center center","background-size":"auto","background-attachment":"scroll","background-type":"","background-media":"","overlay-type":"","overlay-color":"","overlay-opacity":"","overlay-gradient":""}},"ast-content-background-meta":{"desktop":{"background-color":"var(--ast-global-color-5)","background-image":"","background-repeat":"repeat","background-position":"center center","background-size":"auto","background-attachment":"scroll","background-type":"","background-media":"","overlay-type":"","overlay-color":"","overlay-opacity":"","overlay-gradient":""},"tablet":{"background-color":"var(--ast-global-color-5)","background-image":"","background-repeat":"repeat","background-position":"center center","background-size":"auto","background-attachment":"scroll","background-type":"","background-media":"","overlay-type":"","overlay-color":"","overlay-opacity":"","overlay-gradient":""},"mobile":{"background-color":"var(--ast-global-color-5)","background-image":"","background-repeat":"repeat","background-position":"center center","background-size":"auto","background-attachment":"scroll","background-type":"","background-media":"","overlay-type":"","overlay-color":"","overlay-opacity":"","overlay-gradient":""}},"footnotes":""},"class_list":["post-73","page","type-page","status-publish","hentry"],"post_mailing_queue_ids":[],"_links":{"self":[{"href":"https:\/\/agora.xtec.cat\/ceip-canpalmer\/wp-json\/wp\/v2\/pages\/73","targetHints":{"allow":["GET"]}}],"collection":[{"href":"https:\/\/agora.xtec.cat\/ceip-canpalmer\/wp-json\/wp\/v2\/pages"}],"about":[{"href":"https:\/\/agora.xtec.cat\/ceip-canpalmer\/wp-json\/wp\/v2\/types\/page"}],"author":[{"embeddable":true,"href":"https:\/\/agora.xtec.cat\/ceip-canpalmer\/wp-json\/wp\/v2\/users\/1"}],"replies":[{"embeddable":true,"href":"https:\/\/agora.xtec.cat\/ceip-canpalmer\/wp-json\/wp\/v2\/comments?post=73"}],"version-history":[{"count":5,"href":"https:\/\/agora.xtec.cat\/ceip-canpalmer\/wp-json\/wp\/v2\/pages\/73\/revisions"}],"predecessor-version":[{"id":21751,"href":"https:\/\/agora.xtec.cat\/ceip-canpalmer\/wp-json\/wp\/v2\/pages\/73\/revisions\/21751"}],"up":[{"embeddable":true,"href":"https:\/\/agora.xtec.cat\/ceip-canpalmer\/wp-json\/wp\/v2\/pages\/22"}],"wp:attachment":[{"href":"https:\/\/agora.xtec.cat\/ceip-canpalmer\/wp-json\/wp\/v2\/media?parent=73"}],"curies":[{"name":"wp","href":"https:\/\/api.w.org\/{rel}","templated":true}]}}