{"id":71,"date":"2014-09-18T12:44:56","date_gmt":"2014-09-18T11:44:56","guid":{"rendered":"http:\/\/agora.xtec.cat\/ceip-canpalmer\/?page_id=71"},"modified":"2026-03-27T11:26:29","modified_gmt":"2026-03-27T10:26:29","slug":"serveis-digitals","status":"publish","type":"page","link":"https:\/\/agora.xtec.cat\/ceip-canpalmer\/lescola\/serveis-digitals\/","title":{"rendered":"Estrat\u00e8gia digital de centre"},"content":{"rendered":"<p><a href=\"https:\/\/sites.google.com\/canpalmer.cat\/escola-can-palmer\/inicio\"><img loading=\"lazy\" decoding=\"async\" class=\"aligncenter size-full wp-image-19293\" src=\"https:\/\/agora.xtec.cat\/ceip-canpalmer\/wp-content\/uploads\/usu261\/2025\/01\/Red-Professional-Business-Strategy-Presentation-e1736590789411.jpg\" alt=\"\" width=\"1920\" height=\"864\" srcset=\"https:\/\/agora.xtec.cat\/ceip-canpalmer\/wp-content\/uploads\/usu261\/2025\/01\/Red-Professional-Business-Strategy-Presentation-e1736590789411.jpg 1920w, https:\/\/agora.xtec.cat\/ceip-canpalmer\/wp-content\/uploads\/usu261\/2025\/01\/Red-Professional-Business-Strategy-Presentation-e1736590789411-300x135.jpg 300w, https:\/\/agora.xtec.cat\/ceip-canpalmer\/wp-content\/uploads\/usu261\/2025\/01\/Red-Professional-Business-Strategy-Presentation-e1736590789411-1024x461.jpg 1024w, https:\/\/agora.xtec.cat\/ceip-canpalmer\/wp-content\/uploads\/usu261\/2025\/01\/Red-Professional-Business-Strategy-Presentation-e1736590789411-768x346.jpg 768w, https:\/\/agora.xtec.cat\/ceip-canpalmer\/wp-content\/uploads\/usu261\/2025\/01\/Red-Professional-Business-Strategy-Presentation-e1736590789411-1536x691.jpg 1536w\" sizes=\"auto, (max-width: 1920px) 100vw, 1920px\" \/><\/a><\/p>\n<hr \/>\n<p style=\"text-align: left;\"><strong>COMISSI\u00d3 DIGITAL DE CENTRE<\/strong><\/p>\n<p>La comissi\u00f3 Digital de Centre est\u00e0 formada per un membre de l&#8217;equip directiu, per la coordinadora Digital i per mestres dels diferents cicles. Aquesta comissi\u00f3 t\u00e9 l&#8217;objectiu de desenvolupar l&#8217;Estrat\u00e8gia Digital de Centre i\u00a0 liderar juntament amb l&#8217;ED la transformaci\u00f3 de l&#8217;escola cap a un centre digitalment competent.<\/p>\n<hr \/>\n<p><strong>MEMBRES<\/strong><\/p>\n<table class=\" alignleft\" style=\"height: 129px; width: 68.4977%;\" width=\"44.8015%\">\n<tbody>\n<tr style=\"height: 33px;\">\n<td style=\"height: 13px; width: 41.7497%;\"><strong>Judith Moreno<\/strong><\/td>\n<td style=\"height: 13px; width: 131.066%;\">Cap d&#8217;Estudis &#8211; Equip Directiu<\/td>\n<\/tr>\n<tr style=\"height: 33px;\">\n<td style=\"height: 24px; width: 41.7497%;\"><strong style=\"background-color: #ffffff;\">Paula S\u00e1nchez<\/strong><\/td>\n<td style=\"height: 24px; width: 131.066%;\">Educadora de SIEI\u00a0 &#8211; Cicle de Petits\/es<\/td>\n<\/tr>\n<tr style=\"height: 33px;\">\n<td style=\"height: 33px; width: 41.7497%;\"><strong>Monty Dur\u00e0<\/strong><\/td>\n<td style=\"height: 33px; width: 131.066%;\">Tutora de 1r &#8211; Cicle de Mitjans\/es<\/td>\n<\/tr>\n<tr style=\"height: 33px;\">\n<td style=\"height: 10px; width: 41.7497%;\"><strong>M\u00f2nica Dom\u00e8nech<\/strong><\/td>\n<td style=\"height: 10px; width: 131.066%;\">Tutora de 5\u00e8 &#8211; Cicle de Grans<\/td>\n<\/tr>\n<tr style=\"height: 33px;\">\n<td style=\"height: 33px; width: 41.7497%;\"><strong>Sergio Mart\u00ednez<\/strong><\/td>\n<td style=\"height: 33px; width: 131.066%;\">Especialista d&#8217;angl\u00e8s<\/td>\n<\/tr>\n<tr style=\"height: 16px;\">\n<td style=\"width: 41.7497%; height: 16px;\"><strong style=\"background-color: #ffffff;\">Marta Oller<\/strong><\/td>\n<td style=\"width: 131.066%; height: 16px;\"><span style=\"background-color: #ffffff;\">Coordinadora Digital &#8211; Cicle de Grans<\/span><\/td>\n<\/tr>\n<\/tbody>\n<\/table>\n<p>&nbsp;<\/p>\n<p>&nbsp;<\/p>\n<p>&nbsp;<\/p>\n<p>&nbsp;<\/p>\n<p>&nbsp;<\/p>\n<p>&nbsp;<\/p>\n<hr \/>\n<p><strong>OBJECTIUS DE LA COMISSI\u00d3 DIGITAL<\/strong><\/p>\n<ul class=\"n8H08c UVNKR\">\n<li class=\"TYR86d wXCUfe zfr3Q\" dir=\"ltr\">\n<p class=\"CDt4Ke zfr3Q\" dir=\"ltr\">Promoure, concretar i liderar l&#8217;Estrat\u00e8gia Digital de Centre conjuntament amb l&#8217;ED i fer-ne el seguiment en el marc del projecte educatiu de centre.<\/p>\n<\/li>\n<li class=\"TYR86d wXCUfe zfr3Q\" dir=\"ltr\">\n<p class=\"CDt4Ke zfr3Q\" dir=\"ltr\">Coordinar la integraci\u00f3 de les TAC en les planificacions curriculars.<\/p>\n<\/li>\n<li class=\"TYR86d wXCUfe zfr3Q\" dir=\"ltr\">\n<p class=\"CDt4Ke zfr3Q\" dir=\"ltr\">Organitzar els recursos tecnol\u00f2gics del centre.<\/p>\n<\/li>\n<li class=\"TYR86d wXCUfe zfr3Q\" dir=\"ltr\">\n<p class=\"CDt4Ke zfr3Q\" dir=\"ltr\">Vetllar pel desplegament curricular de la compet\u00e8ncia digital de l&#8217;alumnat.<\/p>\n<\/li>\n<li class=\"TYR86d wXCUfe zfr3Q\" dir=\"ltr\">\n<p class=\"CDt4Ke zfr3Q\" dir=\"ltr\">Promoure l&#8217;\u00fas de les TAC en la pr\u00e0ctica educativa a l&#8217;aula.<\/p>\n<\/li>\n<li class=\"TYR86d wXCUfe zfr3Q\" dir=\"ltr\">\n<p class=\"CDt4Ke zfr3Q\" dir=\"ltr\">Vetllar perqu\u00e8 es garanteixi la inclusi\u00f3 digital de tot l&#8217;alumnat del centre.<\/p>\n<\/li>\n<li class=\"TYR86d wXCUfe zfr3Q\" dir=\"ltr\">\n<p class=\"CDt4Ke zfr3Q\" dir=\"ltr\">Vetllar per l\u2019aplicaci\u00f3 de mesures de protecci\u00f3 de continguts inadequats en l\u2019acc\u00e9s a Internet, tant dels equipaments del centre com dels personals dels alumnes.<\/p>\n<\/li>\n<li class=\"TYR86d wXCUfe zfr3Q\" dir=\"ltr\">\n<p class=\"CDt4Ke zfr3Q\" dir=\"ltr\">Dinamitzar la pres\u00e8ncia a Internet del centre a trav\u00e9s de la web de l&#8217;escola i dels canals comunicatius establerts en l&#8217;Estrat\u00e8gia Digital de Centre.<\/p>\n<\/li>\n<li class=\"TYR86d wXCUfe zfr3Q\" dir=\"ltr\">\n<p class=\"CDt4Ke zfr3Q\" dir=\"ltr\">Establir el sistema de comunicaci\u00f3 digital del centre amb les fam\u00edlies i vetllar perqu\u00e8 es compleixi.<\/p>\n<\/li>\n<li class=\"TYR86d wXCUfe zfr3Q\" dir=\"ltr\">\n<p class=\"CDt4Ke zfr3Q\" dir=\"ltr\">Vetllar per l&#8217;aplicaci\u00f3 de les pol\u00edtiques de privacitat i seguretat de les dades i les infraestructures digitals del centre educatiu.<\/p>\n<\/li>\n<li class=\"TYR86d wXCUfe zfr3Q\" dir=\"ltr\">\n<p class=\"CDt4Ke zfr3Q\" dir=\"ltr\">Dinamitzar, motivar, incentivar la formaci\u00f3 permanent de la compet\u00e8ncia digital del claustre per afavorir la consecuci\u00f3 de l&#8217;Estrat\u00e8gia Digital del Centre.<\/p>\n<\/li>\n<\/ul>\n<div class=\"CjVfdc\">\n<hr \/>\n<\/div>\n<p class=\"CjVfdc\"><strong>FUNCIONAMENT DE LA COMISSI\u00d3 DIGITAL<\/strong><\/p>\n<p class=\"CjVfdc\">La Comissi\u00f3 Digital es reuneix setmanalment i sempre que es consideri necessari per complir els objectius descrits en el punt anterior, deixant const\u00e0ncia dels acords presos en l&#8217;acta de la reuni\u00f3.<\/p>\n<div id=\"h.p_CN8VPDbkwoHb\" class=\"GV3q8e aP9Z7e\"><\/div>\n<p>&nbsp;<\/p>\n","protected":false},"excerpt":{"rendered":"<p>COMISSI\u00d3 DIGITAL DE CENTRE La comissi\u00f3 Digital de Centre est\u00e0 formada per un membre de l&#8217;equip directiu, per la coordinadora Digital i per mestres dels diferents cicles. Aquesta comissi\u00f3 t\u00e9 l&#8217;objectiu de desenvolupar l&#8217;Estrat\u00e8gia Digital de Centre i\u00a0 liderar juntament amb l&#8217;ED la transformaci\u00f3 de l&#8217;escola cap a un centre digitalment competent. MEMBRES Judith Moreno [&hellip;]<\/p>\n","protected":false},"author":1,"featured_media":0,"parent":22,"menu_order":10,"comment_status":"closed","ping_status":"closed","template":"","meta":{"_bbp_topic_count":0,"_bbp_reply_count":0,"_bbp_total_topic_count":0,"_bbp_total_reply_count":0,"_bbp_voice_count":0,"_bbp_anonymous_reply_count":0,"_bbp_topic_count_hidden":0,"_bbp_reply_count_hidden":0,"_bbp_forum_subforum_count":0,"site-sidebar-layout":"default","site-content-layout":"","ast-site-content-layout":"default","site-content-style":"default","site-sidebar-style":"default","ast-global-header-display":"","ast-banner-title-visibility":"","ast-main-header-display":"","ast-hfb-above-header-display":"","ast-hfb-below-header-display":"","ast-hfb-mobile-header-display":"","site-post-title":"","ast-breadcrumbs-content":"","ast-featured-img":"","footer-sml-layout":"","theme-transparent-header-meta":"default","adv-header-id-meta":"","stick-header-meta":"","header-above-stick-meta":"","header-main-stick-meta":"","header-below-stick-meta":"","astra-migrate-meta-layouts":"set","ast-page-background-enabled":"default","ast-page-background-meta":{"desktop":{"background-color":"var(--ast-global-color-4)","background-image":"","background-repeat":"repeat","background-position":"center center","background-size":"auto","background-attachment":"scroll","background-type":"","background-media":"","overlay-type":"","overlay-color":"","overlay-opacity":"","overlay-gradient":""},"tablet":{"background-color":"","background-image":"","background-repeat":"repeat","background-position":"center center","background-size":"auto","background-attachment":"scroll","background-type":"","background-media":"","overlay-type":"","overlay-color":"","overlay-opacity":"","overlay-gradient":""},"mobile":{"background-color":"","background-image":"","background-repeat":"repeat","background-position":"center center","background-size":"auto","background-attachment":"scroll","background-type":"","background-media":"","overlay-type":"","overlay-color":"","overlay-opacity":"","overlay-gradient":""}},"ast-content-background-meta":{"desktop":{"background-color":"var(--ast-global-color-5)","background-image":"","background-repeat":"repeat","background-position":"center center","background-size":"auto","background-attachment":"scroll","background-type":"","background-media":"","overlay-type":"","overlay-color":"","overlay-opacity":"","overlay-gradient":""},"tablet":{"background-color":"var(--ast-global-color-5)","background-image":"","background-repeat":"repeat","background-position":"center center","background-size":"auto","background-attachment":"scroll","background-type":"","background-media":"","overlay-type":"","overlay-color":"","overlay-opacity":"","overlay-gradient":""},"mobile":{"background-color":"var(--ast-global-color-5)","background-image":"","background-repeat":"repeat","background-position":"center center","background-size":"auto","background-attachment":"scroll","background-type":"","background-media":"","overlay-type":"","overlay-color":"","overlay-opacity":"","overlay-gradient":""}},"footnotes":""},"class_list":["post-71","page","type-page","status-publish","hentry"],"post_mailing_queue_ids":[],"_links":{"self":[{"href":"https:\/\/agora.xtec.cat\/ceip-canpalmer\/wp-json\/wp\/v2\/pages\/71","targetHints":{"allow":["GET"]}}],"collection":[{"href":"https:\/\/agora.xtec.cat\/ceip-canpalmer\/wp-json\/wp\/v2\/pages"}],"about":[{"href":"https:\/\/agora.xtec.cat\/ceip-canpalmer\/wp-json\/wp\/v2\/types\/page"}],"author":[{"embeddable":true,"href":"https:\/\/agora.xtec.cat\/ceip-canpalmer\/wp-json\/wp\/v2\/users\/1"}],"replies":[{"embeddable":true,"href":"https:\/\/agora.xtec.cat\/ceip-canpalmer\/wp-json\/wp\/v2\/comments?post=71"}],"version-history":[{"count":6,"href":"https:\/\/agora.xtec.cat\/ceip-canpalmer\/wp-json\/wp\/v2\/pages\/71\/revisions"}],"predecessor-version":[{"id":21483,"href":"https:\/\/agora.xtec.cat\/ceip-canpalmer\/wp-json\/wp\/v2\/pages\/71\/revisions\/21483"}],"up":[{"embeddable":true,"href":"https:\/\/agora.xtec.cat\/ceip-canpalmer\/wp-json\/wp\/v2\/pages\/22"}],"wp:attachment":[{"href":"https:\/\/agora.xtec.cat\/ceip-canpalmer\/wp-json\/wp\/v2\/media?parent=71"}],"curies":[{"name":"wp","href":"https:\/\/api.w.org\/{rel}","templated":true}]}}