{"id":28,"date":"2014-09-18T12:29:35","date_gmt":"2014-09-18T11:29:35","guid":{"rendered":"http:\/\/agora.xtec.cat\/ceip-canpalmer\/?page_id=28"},"modified":"2026-02-12T10:44:13","modified_gmt":"2026-02-12T09:44:13","slug":"consell-escolar","status":"publish","type":"page","link":"https:\/\/agora.xtec.cat\/ceip-canpalmer\/lescola\/consell-escolar\/","title":{"rendered":"Consell escolar"},"content":{"rendered":"<h3><\/h3>\n<p>\u00c9s el consell consultiu dels acords i les decisions que marquen el funcionament general de l\u2019escola. Hi ha representants de les fam\u00edlies, dels mestres, de l\u2019AFA, de l\u2019Ajuntament i del personal no docent. Corresponen al consell escolar les funcions establertes a la Llei 12\/2009, de 10 de juliol, d\u2019educaci\u00f3.<\/p>\n<p><strong>Participaci\u00f3 de les fam\u00edlies. <\/strong>Els pares i mares formen part de la din\u00e0mica de l\u2019escola participant activament en el proc\u00e9s educatiu dels seus fills a trav\u00e9s del Consell Escolar, de l\u2019AFA i\u00a0 col\u00b7laborant en les diferents activitats que realitza l&#8217;escola (sortides, festes, tallers&#8230;) amb el contacte peri\u00f2dic amb els\/les mestres dels seus fills i filles.<\/p>\n<h5 class=\"spip\"><strong>REPRESENTANTS<\/strong><\/h5>\n<h5 dir=\"auto\">Director\/a: C\u00e1ndido Santano Pintado<\/h5>\n<h5 dir=\"auto\">Cap d&#8217;estudis: Judith Moreno Aguilar<\/h5>\n<h5 dir=\"auto\">Secretari\/\u00e0ria: Olga Beltr\u00e1n Ballester<\/h5>\n<h5 dir=\"auto\">Representant de l&#8217;Ajuntament: Elena Pellicer P\u00e9rez<\/h5>\n<h5 dir=\"auto\">Representant de l&#8217;AFA: Sara Catal\u00e1n Torres<\/h5>\n<h5 dir=\"auto\">Representant de pares i mares: Ceferino Porras Triguero<\/h5>\n<h5 dir=\"auto\">Representant de pares i mares: Silvia del Pino<\/h5>\n<h5 dir=\"auto\">Representant de pares i mares: Sandra Torres Bastida<\/h5>\n<h5 dir=\"auto\">Representant de pares i mares: Aroa S\u00e1nchez<\/h5>\n<h5 dir=\"auto\">Representant de pares i mares: Mar\u00eda Jos\u00e9 Olivo<\/h5>\n<h5 dir=\"auto\">Representant del PAE: Ana Mayor Calder\u00f3n<\/h5>\n<h5 dir=\"auto\">Representant del PAS: Susana Ramos Torres<\/h5>\n<h5 dir=\"auto\">Representant del professorat: Alba Mart\u00ednez L\u00f3pez<\/h5>\n<h5 dir=\"auto\">Representant del professorat: Cristina Isabel Legazpi Pi\u00f1eiro<\/h5>\n<h5 dir=\"auto\">Representant del professorat: Marta Oller Hoyos<\/h5>\n<h5 dir=\"auto\">Representant del professorat: Aida Garcia Membrado<\/h5>\n<h5 dir=\"auto\">Representant del professorat: M\u00f2nica Dom\u00e8nech Monte<\/h5>\n<h5 dir=\"auto\">Representant del professorat: Yolanda Jimena Rodr\u00edguez<\/h5>\n<hr \/>\n<h5><b>COMISSIONS DEL CONSELL ESCOLAR<\/b><\/h5>\n<p>Segons la Llei d\u2019Educaci\u00f3 Catalana 12\/2009, del 10 de juliol i el Decret 102\/2010 del 3 d\u2019agost d\u2019autonomia dels centres educatius, el Consell Escolar proposa les seg\u00fcents comissions:<\/p>\n<h5><b>COMISSI\u00d3 PERMANENT<\/b><\/h5>\n<div dir=\"ltr\" align=\"left\">\n<table style=\"width: 43.407%; height: 200px;\">\n<colgroup>\n<col width=\"275\" \/>\n<col width=\"275\" \/><\/colgroup>\n<tbody>\n<tr style=\"height: 50px;\">\n<td style=\"width: 44.7826%; height: 50px;\">\n<h5 dir=\"ltr\">Sr. C\u00e1ndido Santano<\/h5>\n<\/td>\n<td style=\"width: 61.3464%; height: 50px;\">\n<h5 dir=\"ltr\">President (director del centre)<\/h5>\n<\/td>\n<\/tr>\n<tr style=\"height: 50px;\">\n<td style=\"width: 44.7826%; height: 50px;\">\n<h5 dir=\"ltr\">Sra. Sara Catal\u00e1n<\/h5>\n<\/td>\n<td style=\"width: 61.3464%; height: 50px;\">\n<h5 dir=\"ltr\">Representant de fam\u00edlies<\/h5>\n<\/td>\n<\/tr>\n<tr style=\"height: 50px;\">\n<td style=\"width: 44.7826%; height: 50px;\">\n<h5 dir=\"ltr\">Sra. Yolanda Jimena<\/h5>\n<\/td>\n<td style=\"width: 61.3464%; height: 50px;\">\n<h5 dir=\"ltr\">Representant de mestres<\/h5>\n<\/td>\n<\/tr>\n<tr style=\"height: 50px;\">\n<td style=\"width: 44.7826%; height: 50px;\">\n<h5 dir=\"ltr\">Sra. Olga Beltr\u00e1n<\/h5>\n<\/td>\n<td style=\"width: 61.3464%; height: 50px;\">\n<h5 dir=\"ltr\">Secret\u00e0ria del centre<\/h5>\n<\/td>\n<\/tr>\n<\/tbody>\n<\/table>\n<\/div>\n<p><b>COMISSI\u00d3 ECON\u00d2MICA<\/b><\/p>\n<div dir=\"ltr\" align=\"left\">\n<table style=\"width: 45.2196%;\">\n<colgroup>\n<col width=\"275\" \/>\n<col width=\"275\" \/><\/colgroup>\n<tbody>\n<tr>\n<td style=\"width: 44.638%;\">\n<h5 dir=\"ltr\">Sr. C\u00e1ndido Santano<\/h5>\n<\/td>\n<td style=\"width: 65.4371%;\">\n<h5 dir=\"ltr\">President (director del centre)<\/h5>\n<\/td>\n<\/tr>\n<tr>\n<td style=\"width: 44.638%;\">\n<h5 dir=\"ltr\">Sr. Ceferino Porras<\/h5>\n<\/td>\n<td style=\"width: 65.4371%;\">\n<h5 dir=\"ltr\">Representant de fam\u00edlies<\/h5>\n<\/td>\n<\/tr>\n<tr>\n<td style=\"width: 44.638%;\">\n<h5 dir=\"ltr\">Sra. Olga Beltr\u00e1n<\/h5>\n<\/td>\n<td style=\"width: 65.4371%;\">\n<h5 dir=\"ltr\" style=\"background-color: #f9f9f9;\">Secret\u00e0ria del centre<\/h5>\n<\/td>\n<\/tr>\n<tr>\n<td style=\"width: 44.638%;\">\n<h5 dir=\"ltr\">Sra. Marta Oller<\/h5>\n<\/td>\n<td style=\"width: 65.4371%;\">\n<h5 dir=\"ltr\"><span style=\"background-color: #ffffff; font-size: 1.125em;\">Representant de mestres<\/span><\/h5>\n<\/td>\n<\/tr>\n<\/tbody>\n<\/table>\n<\/div>\n<p><b>COMISSI\u00d3 DE CONVIV\u00c8NCIA<\/b><\/p>\n<div dir=\"ltr\" align=\"left\">\n<table style=\"width: 45.147%;\">\n<colgroup>\n<col width=\"275\" \/>\n<col width=\"275\" \/><\/colgroup>\n<tbody>\n<tr>\n<td style=\"width: 44.7515%;\">\n<h5 dir=\"ltr\">Sr. C\u00e1ndido Santano<\/h5>\n<\/td>\n<td style=\"width: 65.1581%;\">\n<h5 dir=\"ltr\">President (director del centre)<\/h5>\n<\/td>\n<\/tr>\n<tr>\n<td style=\"width: 44.7515%;\">\n<h5 dir=\"ltr\">Sra. Judith Moreno<\/h5>\n<\/td>\n<td style=\"width: 65.1581%;\">\n<h5 dir=\"ltr\">Cap d&#8217;estudis del centre<\/h5>\n<\/td>\n<\/tr>\n<tr>\n<td style=\"width: 44.7515%;\">\n<h5 dir=\"ltr\">Sra. Olga Beltr\u00e1n<\/h5>\n<\/td>\n<td style=\"width: 65.1581%;\">\n<h5 dir=\"ltr\">Secret\u00e0ria del centre<\/h5>\n<\/td>\n<\/tr>\n<tr>\n<td style=\"width: 44.7515%;\">\n<h5 dir=\"ltr\">Sra. Silvia del Pino<\/h5>\n<\/td>\n<td style=\"width: 65.1581%;\">\n<h5 dir=\"ltr\">Representant de fam\u00edlies<\/h5>\n<\/td>\n<\/tr>\n<tr>\n<td style=\"width: 44.7515%;\">\n<h5 dir=\"ltr\">Sra. Alba Mart\u00ednez<\/h5>\n<\/td>\n<td style=\"width: 65.1581%;\">\n<h5 dir=\"ltr\">Representant de mestres<\/h5>\n<\/td>\n<\/tr>\n<tr>\n<td style=\"width: 44.7515%;\">\n<h5 dir=\"ltr\">Sra. Cristina Legazpi<\/h5>\n<\/td>\n<td style=\"width: 65.1581%;\">\n<h5 dir=\"ltr\">Representant de mestres<\/h5>\n<\/td>\n<\/tr>\n<\/tbody>\n<\/table>\n<\/div>\n<p><b>COMISSI\u00d3 MATERIAL SOCIALITZAT<\/b><\/p>\n<div dir=\"ltr\" align=\"left\">\n<table style=\"width: 44.9308%;\">\n<colgroup>\n<col width=\"275\" \/>\n<col width=\"275\" \/><\/colgroup>\n<tbody>\n<tr>\n<td style=\"width: 44.462%;\">\n<h5 dir=\"ltr\">Sr. C\u00e1ndido Santano<\/h5>\n<\/td>\n<td style=\"width: 62.7175%;\">\n<h5 dir=\"ltr\">President (director del centre)<\/h5>\n<\/td>\n<\/tr>\n<tr>\n<td style=\"width: 44.462%;\">\n<h5 dir=\"ltr\">Sra. Aroa S\u00e1nchez<\/h5>\n<\/td>\n<td style=\"width: 62.7175%;\">\n<h5 dir=\"ltr\">Representant de fam\u00edlies<\/h5>\n<\/td>\n<\/tr>\n<tr>\n<td style=\"width: 44.462%;\">\n<h5 dir=\"ltr\">Sra. Sara Catal\u00e1n<\/h5>\n<\/td>\n<td style=\"width: 62.7175%;\">\n<h5 dir=\"ltr\">Representant AFA<\/h5>\n<\/td>\n<\/tr>\n<tr>\n<td style=\"width: 44.462%;\">\n<h5 dir=\"ltr\">Sra. Aida Garc\u00eda<\/h5>\n<\/td>\n<td style=\"width: 62.7175%;\">\n<h5 dir=\"ltr\">Representant de mestres<\/h5>\n<\/td>\n<\/tr>\n<tr>\n<td style=\"width: 44.462%;\">\n<h5 dir=\"ltr\">Sra. Olga Beltr\u00e1n<\/h5>\n<\/td>\n<td style=\"width: 62.7175%;\">\n<h5 dir=\"ltr\">Secret\u00e0ria del centre<\/h5>\n<\/td>\n<\/tr>\n<\/tbody>\n<\/table>\n<\/div>\n<p><b>COMISSI\u00d3 MENJADOR<\/b><\/p>\n<div dir=\"ltr\" align=\"left\">\n<table style=\"width: 45.295%;\">\n<colgroup>\n<col width=\"275\" \/>\n<col width=\"275\" \/><\/colgroup>\n<tbody>\n<tr>\n<td style=\"width: 45.0024%;\">\n<h5 dir=\"ltr\">Sr. C\u00e1ndido Santano<\/h5>\n<\/td>\n<td style=\"width: 63.0532%;\">\n<h5 dir=\"ltr\">President (director del centre)<\/h5>\n<\/td>\n<\/tr>\n<tr>\n<td style=\"width: 45.0024%;\">\n<h5 dir=\"ltr\">Sra. Mar\u00eda Jos\u00e9 Olivo<\/h5>\n<\/td>\n<td style=\"width: 63.0532%;\">\n<h5 dir=\"ltr\">Representant de les fam\u00edlies<\/h5>\n<\/td>\n<\/tr>\n<tr>\n<td style=\"width: 45.0024%;\">\n<h5 dir=\"ltr\">Sra. Sara Catal\u00e1n<\/h5>\n<\/td>\n<td style=\"width: 63.0532%;\">\n<h5 dir=\"ltr\">Representant AFA<\/h5>\n<\/td>\n<\/tr>\n<tr>\n<td style=\"width: 45.0024%;\">\n<h5 dir=\"ltr\">Sra. M\u00f2nica Dom\u00e8nech<\/h5>\n<\/td>\n<td style=\"width: 63.0532%;\">\n<h5 dir=\"ltr\">Representant de mestres<\/h5>\n<\/td>\n<\/tr>\n<tr>\n<td style=\"width: 45.0024%;\">\n<h5 dir=\"ltr\">Sra. Olga Beltr\u00e1n<\/h5>\n<\/td>\n<td style=\"width: 63.0532%;\">\n<h5 dir=\"ltr\">Secret\u00e0ria del centre<\/h5>\n<\/td>\n<\/tr>\n<tr>\n<td style=\"width: 45.0024%;\">\n<h5 dir=\"ltr\">Sra. Susana Ramos<\/h5>\n<\/td>\n<td style=\"width: 63.0532%;\">\n<h5 dir=\"ltr\">Representant personal PAS<\/h5>\n<\/td>\n<\/tr>\n<\/tbody>\n<\/table>\n<\/div>\n<p><b>REPRESENTANT DE COEDUCACI\u00d3<\/b><\/p>\n<div dir=\"ltr\" align=\"left\">\n<table style=\"width: 45.2213%;\">\n<colgroup>\n<col width=\"275\" \/>\n<col width=\"275\" \/><\/colgroup>\n<tbody>\n<tr>\n<td style=\"width: 45.0207%;\">\n<h5 dir=\"ltr\">Sra. Cristina Legazpi<\/h5>\n<\/td>\n<td style=\"width: 63.0461%;\">\n<h5 dir=\"ltr\">Representant de mestres<\/h5>\n<\/td>\n<\/tr>\n<tr>\n<td style=\"width: 45.0207%;\">\n<h5 dir=\"ltr\">Sra. Ana Mayor<\/h5>\n<\/td>\n<td style=\"width: 63.0461%;\">\n<h5 dir=\"ltr\">Representant personal PAE<\/h5>\n<\/td>\n<\/tr>\n<\/tbody>\n<\/table>\n<\/div>\n<p><b>COMISSI\u00d3 PROA +<\/b><\/p>\n<div dir=\"ltr\" align=\"left\">\n<table style=\"width: 45.0772%;\">\n<colgroup>\n<col width=\"275\" \/>\n<col width=\"275\" \/><\/colgroup>\n<tbody>\n<tr>\n<td style=\"width: 45.8681%;\">\n<h5 dir=\"ltr\">Sr. C\u00e1ndido Santano<\/h5>\n<\/td>\n<td style=\"width: 61.7926%;\">\n<h5 dir=\"ltr\">President (director del centre)<\/h5>\n<\/td>\n<\/tr>\n<tr>\n<td style=\"width: 45.8681%;\">\n<h5 dir=\"ltr\">Sra. Sandra Torres<\/h5>\n<\/td>\n<td style=\"width: 61.7926%;\">\n<h5 dir=\"ltr\">Representant de fam\u00edlies<\/h5>\n<\/td>\n<\/tr>\n<tr>\n<td style=\"width: 45.8681%;\">\n<h5 dir=\"ltr\">Sra. Aida Garc\u00eda<\/h5>\n<\/td>\n<td style=\"width: 61.7926%;\">\n<h5 dir=\"ltr\">Representant de mestres<\/h5>\n<\/td>\n<\/tr>\n<tr>\n<td style=\"width: 45.8681%;\">\n<h5 dir=\"ltr\">Sra. Olga Beltr\u00e1n<\/h5>\n<\/td>\n<td style=\"width: 61.7926%;\">\n<h5 dir=\"ltr\">Secret\u00e0ria del centre<\/h5>\n<\/td>\n<\/tr>\n<\/tbody>\n<\/table>\n<\/div>\n<h5><\/h5>\n<hr \/>\n<h5><strong>Funcions del consell escolar dels centres p\u00fablics:<\/strong><\/h5>\n<ol>\n<li>Participar en l&#8217;aprovaci\u00f3 del projecte educatiu i les seves modificacions. El consell escolar ha de ser consultat pel director de manera preceptiva per valorar la proposta del projecte educatiu i manifestar el seu suport amb una majoria de les tres cinquenes parts dels membres.<\/li>\n<li>Participar en l&#8217;aprovaci\u00f3 de la programaci\u00f3 general anual, de les normes de funcionament i de la gesti\u00f3 econ\u00f2mica del centre. El consell escolar ha de ser consultat de manera preceptiva per valorar cada una de les propostes i manifestar el seu suport per majoria simple dels membres.<\/li>\n<li>Avaluar l&#8217;aplicaci\u00f3 del projecte educatiu i de les seves modificacions aix\u00ed com de la resta de documents de gesti\u00f3 del centre.<\/li>\n<li>Aprovar les propostes d&#8217;acords de corresponsabilitat, convenis i altres acords de col\u00b7laboraci\u00f3 del centre amb entitats i institucions.<\/li>\n<li>Intervenir en el procediment d&#8217;admissi\u00f3 d&#8217;alumnes.<\/li>\n<li>Participar en el procediment de selecci\u00f3 i en la proposta de cessament del director o directora.<\/li>\n<li>Intervenir en la resoluci\u00f3 dels conflictes i, si escau, revisar les sancions als alumnes.<\/li>\n<li>Aprovar les directrius per a la programaci\u00f3 d&#8217;activitats escolars complement\u00e0ries i d&#8217;activitats extraescolars, i avaluar-ne el desenvolupament.<\/li>\n<li>Participar en les an\u00e0lisis i les avaluacions del funcionament general del centre i con\u00e8ixer l&#8217;evoluci\u00f3 del rendiment escolar.<\/li>\n<li>Aprovar els criteris de col\u00b7laboraci\u00f3 amb altres centres i amb l&#8217;entorn.<\/li>\n<li>Qualsevol altre que li sigui atribu\u00efda per les normes legals o reglament\u00e0ries.<\/li>\n<\/ol>\n<p><!----comment node----><!--a=1--><\/p>\n<p><!----comment node----><!--a=1--><\/p>\n","protected":false},"excerpt":{"rendered":"<p>\u00c9s el consell consultiu dels acords i les decisions que marquen el funcionament general de l\u2019escola. Hi ha representants de les fam\u00edlies, dels mestres, de l\u2019AFA, de l\u2019Ajuntament i del personal no docent. Corresponen al consell escolar les funcions establertes a la Llei 12\/2009, de 10 de juliol, d\u2019educaci\u00f3. Participaci\u00f3 de les fam\u00edlies. Els pares [&hellip;]<\/p>\n","protected":false},"author":1,"featured_media":0,"parent":22,"menu_order":6,"comment_status":"closed","ping_status":"closed","template":"page-templates\/side-menu.php","meta":{"_bbp_topic_count":0,"_bbp_reply_count":0,"_bbp_total_topic_count":0,"_bbp_total_reply_count":0,"_bbp_voice_count":0,"_bbp_anonymous_reply_count":0,"_bbp_topic_count_hidden":0,"_bbp_reply_count_hidden":0,"_bbp_forum_subforum_count":0,"site-sidebar-layout":"default","site-content-layout":"","ast-site-content-layout":"","site-content-style":"default","site-sidebar-style":"default","ast-global-header-display":"","ast-banner-title-visibility":"","ast-main-header-display":"","ast-hfb-above-header-display":"","ast-hfb-below-header-display":"","ast-hfb-mobile-header-display":"","site-post-title":"","ast-breadcrumbs-content":"","ast-featured-img":"","footer-sml-layout":"","theme-transparent-header-meta":"","adv-header-id-meta":"","stick-header-meta":"","header-above-stick-meta":"","header-main-stick-meta":"","header-below-stick-meta":"","astra-migrate-meta-layouts":"default","ast-page-background-enabled":"default","ast-page-background-meta":{"desktop":{"background-color":"var(--ast-global-color-4)","background-image":"","background-repeat":"repeat","background-position":"center center","background-size":"auto","background-attachment":"scroll","background-type":"","background-media":"","overlay-type":"","overlay-color":"","overlay-opacity":"","overlay-gradient":""},"tablet":{"background-color":"","background-image":"","background-repeat":"repeat","background-position":"center center","background-size":"auto","background-attachment":"scroll","background-type":"","background-media":"","overlay-type":"","overlay-color":"","overlay-opacity":"","overlay-gradient":""},"mobile":{"background-color":"","background-image":"","background-repeat":"repeat","background-position":"center center","background-size":"auto","background-attachment":"scroll","background-type":"","background-media":"","overlay-type":"","overlay-color":"","overlay-opacity":"","overlay-gradient":""}},"ast-content-background-meta":{"desktop":{"background-color":"var(--ast-global-color-5)","background-image":"","background-repeat":"repeat","background-position":"center center","background-size":"auto","background-attachment":"scroll","background-type":"","background-media":"","overlay-type":"","overlay-color":"","overlay-opacity":"","overlay-gradient":""},"tablet":{"background-color":"var(--ast-global-color-5)","background-image":"","background-repeat":"repeat","background-position":"center center","background-size":"auto","background-attachment":"scroll","background-type":"","background-media":"","overlay-type":"","overlay-color":"","overlay-opacity":"","overlay-gradient":""},"mobile":{"background-color":"var(--ast-global-color-5)","background-image":"","background-repeat":"repeat","background-position":"center center","background-size":"auto","background-attachment":"scroll","background-type":"","background-media":"","overlay-type":"","overlay-color":"","overlay-opacity":"","overlay-gradient":""}},"footnotes":""},"class_list":["post-28","page","type-page","status-publish","hentry"],"post_mailing_queue_ids":[],"_links":{"self":[{"href":"https:\/\/agora.xtec.cat\/ceip-canpalmer\/wp-json\/wp\/v2\/pages\/28","targetHints":{"allow":["GET"]}}],"collection":[{"href":"https:\/\/agora.xtec.cat\/ceip-canpalmer\/wp-json\/wp\/v2\/pages"}],"about":[{"href":"https:\/\/agora.xtec.cat\/ceip-canpalmer\/wp-json\/wp\/v2\/types\/page"}],"author":[{"embeddable":true,"href":"https:\/\/agora.xtec.cat\/ceip-canpalmer\/wp-json\/wp\/v2\/users\/1"}],"replies":[{"embeddable":true,"href":"https:\/\/agora.xtec.cat\/ceip-canpalmer\/wp-json\/wp\/v2\/comments?post=28"}],"version-history":[{"count":6,"href":"https:\/\/agora.xtec.cat\/ceip-canpalmer\/wp-json\/wp\/v2\/pages\/28\/revisions"}],"predecessor-version":[{"id":21076,"href":"https:\/\/agora.xtec.cat\/ceip-canpalmer\/wp-json\/wp\/v2\/pages\/28\/revisions\/21076"}],"up":[{"embeddable":true,"href":"https:\/\/agora.xtec.cat\/ceip-canpalmer\/wp-json\/wp\/v2\/pages\/22"}],"wp:attachment":[{"href":"https:\/\/agora.xtec.cat\/ceip-canpalmer\/wp-json\/wp\/v2\/media?parent=28"}],"curies":[{"name":"wp","href":"https:\/\/api.w.org\/{rel}","templated":true}]}}