{"id":240,"date":"2016-10-11T11:09:43","date_gmt":"2016-10-11T10:09:43","guid":{"rendered":"http:\/\/agora.xtec.cat\/ceip-canpalmer\/?page_id=240"},"modified":"2025-01-26T14:48:31","modified_gmt":"2025-01-26T13:48:31","slug":"atencio-a-la-diversitat","status":"publish","type":"page","link":"https:\/\/agora.xtec.cat\/ceip-canpalmer\/lescola\/atencio-a-la-diversitat\/","title":{"rendered":"Atenci\u00f3 a la diversitat"},"content":{"rendered":"<p style=\"text-align: left;\">L&#8217;<strong>atenci\u00f3 a la diversitat<\/strong> \u00e9s un dels trets distintius de la nostra escola. Comptem amb dos mestres d&#8217;educaci\u00f3 especial que ofereixen suport a les aules ordin\u00e0ries, aix\u00ed com amb dos mestres d&#8217;educaci\u00f3 especial i dues educadores assignades als dos grups de SIEI (Suport Intensiu Educatiu Inclusiu) que tenim al centre, ubicats <strong>en les dues etapes educatives<\/strong>.<\/p>\n<p>A l&#8217;<strong>etapa de Petits\/es i Mitjans\/es<\/strong>, disposem d&#8217;un grup de SIEI, i a l&#8217;<strong>etapa de Mitjans\/es i Grans<\/strong>, n&#8217;hi ha un altre. Tots els grups de SIEI inclouen alumnes amb nivells diversos, sempre respectant les possibilitats individuals. Per aquest motiu, l\u2019alumnat disposa d\u2019un horari individualitzat que facilita la seva participaci\u00f3 en les \u00e0rees d\u2019inclusi\u00f3 planificades en cada cas.<\/p>\n<p>La nostra identitat es fonamenta en la<strong> inclusi\u00f3 de tot l&#8217;alumnat<\/strong>, per aix\u00f2 els grups de refer\u00e8ncia per a tot l&#8217;alumnat s\u00f3n els d&#8217;ordin\u00e0ria. Els SIEI actuen com a suport, on l&#8217;alumnat assistir\u00e0 en major o menor grau segons les seves necessitats, i seran acompanyats i acompanyades en diferents moments per mestres i\/o educadores del SIEI.<\/p>\n<p><a href=\"https:\/\/agora.xtec.cat\/ceip-canpalmer\/wp-content\/uploads\/usu261\/2025\/01\/1730220998416-scaled.jpg\"><img loading=\"lazy\" decoding=\"async\" class=\"aligncenter wp-image-19398 size-full\" src=\"https:\/\/agora.xtec.cat\/ceip-canpalmer\/wp-content\/uploads\/usu261\/2025\/01\/1730220998416-scaled.jpg\" alt=\"\" width=\"2560\" height=\"1196\" srcset=\"https:\/\/agora.xtec.cat\/ceip-canpalmer\/wp-content\/uploads\/usu261\/2025\/01\/1730220998416-scaled.jpg 2560w, https:\/\/agora.xtec.cat\/ceip-canpalmer\/wp-content\/uploads\/usu261\/2025\/01\/1730220998416-300x140.jpg 300w, https:\/\/agora.xtec.cat\/ceip-canpalmer\/wp-content\/uploads\/usu261\/2025\/01\/1730220998416-1024x478.jpg 1024w, https:\/\/agora.xtec.cat\/ceip-canpalmer\/wp-content\/uploads\/usu261\/2025\/01\/1730220998416-768x359.jpg 768w, https:\/\/agora.xtec.cat\/ceip-canpalmer\/wp-content\/uploads\/usu261\/2025\/01\/1730220998416-1536x717.jpg 1536w, https:\/\/agora.xtec.cat\/ceip-canpalmer\/wp-content\/uploads\/usu261\/2025\/01\/1730220998416-2048x956.jpg 2048w\" sizes=\"auto, (max-width: 2560px) 100vw, 2560px\" \/><\/a><\/p>\n","protected":false},"excerpt":{"rendered":"<p>L&#8217;atenci\u00f3 a la diversitat \u00e9s un dels trets distintius de la nostra escola. Comptem amb dos mestres d&#8217;educaci\u00f3 especial que ofereixen suport a les aules ordin\u00e0ries, aix\u00ed com amb dos mestres d&#8217;educaci\u00f3 especial i dues educadores assignades als dos grups de SIEI (Suport Intensiu Educatiu Inclusiu) que tenim al centre, ubicats en les dues etapes [&hellip;]<\/p>\n","protected":false},"author":1,"featured_media":0,"parent":22,"menu_order":5,"comment_status":"closed","ping_status":"closed","template":"page-templates\/side-menu.php","meta":{"_bbp_topic_count":0,"_bbp_reply_count":0,"_bbp_total_topic_count":0,"_bbp_total_reply_count":0,"_bbp_voice_count":0,"_bbp_anonymous_reply_count":0,"_bbp_topic_count_hidden":0,"_bbp_reply_count_hidden":0,"_bbp_forum_subforum_count":0,"site-sidebar-layout":"default","site-content-layout":"","ast-site-content-layout":"","site-content-style":"default","site-sidebar-style":"default","ast-global-header-display":"","ast-banner-title-visibility":"","ast-main-header-display":"","ast-hfb-above-header-display":"","ast-hfb-below-header-display":"","ast-hfb-mobile-header-display":"","site-post-title":"","ast-breadcrumbs-content":"","ast-featured-img":"","footer-sml-layout":"","theme-transparent-header-meta":"","adv-header-id-meta":"","stick-header-meta":"","header-above-stick-meta":"","header-main-stick-meta":"","header-below-stick-meta":"","astra-migrate-meta-layouts":"default","ast-page-background-enabled":"default","ast-page-background-meta":{"desktop":{"background-color":"var(--ast-global-color-4)","background-image":"","background-repeat":"repeat","background-position":"center center","background-size":"auto","background-attachment":"scroll","background-type":"","background-media":"","overlay-type":"","overlay-color":"","overlay-opacity":"","overlay-gradient":""},"tablet":{"background-color":"","background-image":"","background-repeat":"repeat","background-position":"center center","background-size":"auto","background-attachment":"scroll","background-type":"","background-media":"","overlay-type":"","overlay-color":"","overlay-opacity":"","overlay-gradient":""},"mobile":{"background-color":"","background-image":"","background-repeat":"repeat","background-position":"center center","background-size":"auto","background-attachment":"scroll","background-type":"","background-media":"","overlay-type":"","overlay-color":"","overlay-opacity":"","overlay-gradient":""}},"ast-content-background-meta":{"desktop":{"background-color":"var(--ast-global-color-5)","background-image":"","background-repeat":"repeat","background-position":"center center","background-size":"auto","background-attachment":"scroll","background-type":"","background-media":"","overlay-type":"","overlay-color":"","overlay-opacity":"","overlay-gradient":""},"tablet":{"background-color":"var(--ast-global-color-5)","background-image":"","background-repeat":"repeat","background-position":"center center","background-size":"auto","background-attachment":"scroll","background-type":"","background-media":"","overlay-type":"","overlay-color":"","overlay-opacity":"","overlay-gradient":""},"mobile":{"background-color":"var(--ast-global-color-5)","background-image":"","background-repeat":"repeat","background-position":"center center","background-size":"auto","background-attachment":"scroll","background-type":"","background-media":"","overlay-type":"","overlay-color":"","overlay-opacity":"","overlay-gradient":""}},"footnotes":""},"class_list":["post-240","page","type-page","status-publish","hentry"],"post_mailing_queue_ids":[],"_links":{"self":[{"href":"https:\/\/agora.xtec.cat\/ceip-canpalmer\/wp-json\/wp\/v2\/pages\/240","targetHints":{"allow":["GET"]}}],"collection":[{"href":"https:\/\/agora.xtec.cat\/ceip-canpalmer\/wp-json\/wp\/v2\/pages"}],"about":[{"href":"https:\/\/agora.xtec.cat\/ceip-canpalmer\/wp-json\/wp\/v2\/types\/page"}],"author":[{"embeddable":true,"href":"https:\/\/agora.xtec.cat\/ceip-canpalmer\/wp-json\/wp\/v2\/users\/1"}],"replies":[{"embeddable":true,"href":"https:\/\/agora.xtec.cat\/ceip-canpalmer\/wp-json\/wp\/v2\/comments?post=240"}],"version-history":[{"count":6,"href":"https:\/\/agora.xtec.cat\/ceip-canpalmer\/wp-json\/wp\/v2\/pages\/240\/revisions"}],"predecessor-version":[{"id":19399,"href":"https:\/\/agora.xtec.cat\/ceip-canpalmer\/wp-json\/wp\/v2\/pages\/240\/revisions\/19399"}],"up":[{"embeddable":true,"href":"https:\/\/agora.xtec.cat\/ceip-canpalmer\/wp-json\/wp\/v2\/pages\/22"}],"wp:attachment":[{"href":"https:\/\/agora.xtec.cat\/ceip-canpalmer\/wp-json\/wp\/v2\/media?parent=240"}],"curies":[{"name":"wp","href":"https:\/\/api.w.org\/{rel}","templated":true}]}}