{"id":207,"date":"2016-10-07T15:03:18","date_gmt":"2016-10-07T14:03:18","guid":{"rendered":"http:\/\/agora.xtec.cat\/ceip-canpalmer\/?page_id=207"},"modified":"2025-11-19T16:50:10","modified_gmt":"2025-11-19T15:50:10","slug":"el-nostre-equip-huma","status":"publish","type":"page","link":"https:\/\/agora.xtec.cat\/ceip-canpalmer\/lescola\/el-nostre-equip-huma\/","title":{"rendered":"El nostre equip hum\u00e0"},"content":{"rendered":"<p><a href=\"https:\/\/agora.xtec.cat\/ceip-canpalmer\/wp-content\/uploads\/usu261\/2025\/10\/these.png\"><img loading=\"lazy\" decoding=\"async\" class=\"aligncenter size-full wp-image-20315\" src=\"https:\/\/agora.xtec.cat\/ceip-canpalmer\/wp-content\/uploads\/usu261\/2025\/10\/these.png\" alt=\"\" width=\"1023\" height=\"575\" srcset=\"https:\/\/agora.xtec.cat\/ceip-canpalmer\/wp-content\/uploads\/usu261\/2025\/10\/these.png 1023w, https:\/\/agora.xtec.cat\/ceip-canpalmer\/wp-content\/uploads\/usu261\/2025\/10\/these-300x169.png 300w, https:\/\/agora.xtec.cat\/ceip-canpalmer\/wp-content\/uploads\/usu261\/2025\/10\/these-768x432.png 768w\" sizes=\"auto, (max-width: 1023px) 100vw, 1023px\" \/><\/a><a href=\"https:\/\/agora.xtec.cat\/ceip-canpalmer\/wp-content\/uploads\/usu261\/2025\/11\/Copia-de-2024-25-EQUIP-HUMA-CAN-PALMER-1.jpg\"><img loading=\"lazy\" decoding=\"async\" class=\"aligncenter wp-image-20605\" src=\"https:\/\/agora.xtec.cat\/ceip-canpalmer\/wp-content\/uploads\/usu261\/2025\/11\/Copia-de-2024-25-EQUIP-HUMA-CAN-PALMER-1.jpg\" alt=\"\" width=\"1196\" height=\"673\" srcset=\"https:\/\/agora.xtec.cat\/ceip-canpalmer\/wp-content\/uploads\/usu261\/2025\/11\/Copia-de-2024-25-EQUIP-HUMA-CAN-PALMER-1.jpg 1920w, https:\/\/agora.xtec.cat\/ceip-canpalmer\/wp-content\/uploads\/usu261\/2025\/11\/Copia-de-2024-25-EQUIP-HUMA-CAN-PALMER-1-300x169.jpg 300w, https:\/\/agora.xtec.cat\/ceip-canpalmer\/wp-content\/uploads\/usu261\/2025\/11\/Copia-de-2024-25-EQUIP-HUMA-CAN-PALMER-1-1024x576.jpg 1024w, https:\/\/agora.xtec.cat\/ceip-canpalmer\/wp-content\/uploads\/usu261\/2025\/11\/Copia-de-2024-25-EQUIP-HUMA-CAN-PALMER-1-768x432.jpg 768w, https:\/\/agora.xtec.cat\/ceip-canpalmer\/wp-content\/uploads\/usu261\/2025\/11\/Copia-de-2024-25-EQUIP-HUMA-CAN-PALMER-1-1536x864.jpg 1536w\" sizes=\"auto, (max-width: 1196px) 100vw, 1196px\" \/><\/a><a href=\"https:\/\/agora.xtec.cat\/ceip-canpalmer\/wp-content\/uploads\/usu261\/2025\/11\/Copia-de-2024-25-EQUIP-HUMA-CAN-PALMER-.png\"><img loading=\"lazy\" decoding=\"async\" class=\"aligncenter wp-image-20587\" src=\"https:\/\/agora.xtec.cat\/ceip-canpalmer\/wp-content\/uploads\/usu261\/2025\/11\/Copia-de-2024-25-EQUIP-HUMA-CAN-PALMER-.png\" alt=\"\" width=\"1162\" height=\"654\" srcset=\"https:\/\/agora.xtec.cat\/ceip-canpalmer\/wp-content\/uploads\/usu261\/2025\/11\/Copia-de-2024-25-EQUIP-HUMA-CAN-PALMER-.png 1920w, https:\/\/agora.xtec.cat\/ceip-canpalmer\/wp-content\/uploads\/usu261\/2025\/11\/Copia-de-2024-25-EQUIP-HUMA-CAN-PALMER--300x169.png 300w, https:\/\/agora.xtec.cat\/ceip-canpalmer\/wp-content\/uploads\/usu261\/2025\/11\/Copia-de-2024-25-EQUIP-HUMA-CAN-PALMER--1024x576.png 1024w, https:\/\/agora.xtec.cat\/ceip-canpalmer\/wp-content\/uploads\/usu261\/2025\/11\/Copia-de-2024-25-EQUIP-HUMA-CAN-PALMER--768x432.png 768w, https:\/\/agora.xtec.cat\/ceip-canpalmer\/wp-content\/uploads\/usu261\/2025\/11\/Copia-de-2024-25-EQUIP-HUMA-CAN-PALMER--1536x864.png 1536w\" sizes=\"auto, (max-width: 1162px) 100vw, 1162px\" \/><\/a><\/p>\n<p><a href=\"https:\/\/agora.xtec.cat\/ceip-canpalmer\/wp-content\/uploads\/usu261\/2025\/11\/3.jpg\"><img loading=\"lazy\" decoding=\"async\" class=\"aligncenter wp-image-20560\" src=\"https:\/\/agora.xtec.cat\/ceip-canpalmer\/wp-content\/uploads\/usu261\/2025\/11\/3.jpg\" alt=\"\" width=\"1165\" height=\"655\" srcset=\"https:\/\/agora.xtec.cat\/ceip-canpalmer\/wp-content\/uploads\/usu261\/2025\/11\/3.jpg 1920w, https:\/\/agora.xtec.cat\/ceip-canpalmer\/wp-content\/uploads\/usu261\/2025\/11\/3-300x169.jpg 300w, https:\/\/agora.xtec.cat\/ceip-canpalmer\/wp-content\/uploads\/usu261\/2025\/11\/3-1024x576.jpg 1024w, https:\/\/agora.xtec.cat\/ceip-canpalmer\/wp-content\/uploads\/usu261\/2025\/11\/3-768x432.jpg 768w, https:\/\/agora.xtec.cat\/ceip-canpalmer\/wp-content\/uploads\/usu261\/2025\/11\/3-1536x864.jpg 1536w\" sizes=\"auto, (max-width: 1165px) 100vw, 1165px\" \/><\/a><\/p>\n<p><a href=\"https:\/\/agora.xtec.cat\/ceip-canpalmer\/wp-content\/uploads\/usu261\/2025\/11\/Copia-de-2024-25-EQUIP-HUMA-CAN-PALMER-3.jpg\"><img loading=\"lazy\" decoding=\"async\" class=\"aligncenter  wp-image-20709\" src=\"https:\/\/agora.xtec.cat\/ceip-canpalmer\/wp-content\/uploads\/usu261\/2025\/11\/Copia-de-2024-25-EQUIP-HUMA-CAN-PALMER-3.jpg\" alt=\"\" width=\"1159\" height=\"652\" srcset=\"https:\/\/agora.xtec.cat\/ceip-canpalmer\/wp-content\/uploads\/usu261\/2025\/11\/Copia-de-2024-25-EQUIP-HUMA-CAN-PALMER-3.jpg 1920w, https:\/\/agora.xtec.cat\/ceip-canpalmer\/wp-content\/uploads\/usu261\/2025\/11\/Copia-de-2024-25-EQUIP-HUMA-CAN-PALMER-3-300x169.jpg 300w, https:\/\/agora.xtec.cat\/ceip-canpalmer\/wp-content\/uploads\/usu261\/2025\/11\/Copia-de-2024-25-EQUIP-HUMA-CAN-PALMER-3-1024x576.jpg 1024w, https:\/\/agora.xtec.cat\/ceip-canpalmer\/wp-content\/uploads\/usu261\/2025\/11\/Copia-de-2024-25-EQUIP-HUMA-CAN-PALMER-3-768x432.jpg 768w, https:\/\/agora.xtec.cat\/ceip-canpalmer\/wp-content\/uploads\/usu261\/2025\/11\/Copia-de-2024-25-EQUIP-HUMA-CAN-PALMER-3-1536x864.jpg 1536w\" sizes=\"auto, (max-width: 1159px) 100vw, 1159px\" \/><\/a><\/p>\n<table class=\" alignleft\" style=\"height: 342px; border-color: #000000; width: 32.4581%;\" width=\"349\">\n<tbody>\n<tr style=\"height: 76px;\">\n<td style=\"height: 10px; width: 136.284%; background-color: #050505; text-align: justify;\" colspan=\"2\">\n<h3 style=\"text-align: center;\"><span style=\"color: #ffffff;\"><strong>Educaci\u00f3 Infantil<\/strong><\/span><\/h3>\n<\/td>\n<\/tr>\n<tr style=\"height: 33px;\">\n<td style=\"width: 136.284%; height: 10px; background-color: #d1cfcf; text-align: center;\" colspan=\"2\"><strong>PETITS I PETITES<\/strong><\/td>\n<\/tr>\n<tr style=\"height: 31px;\">\n<td style=\"width: 38.9093%; height: 31px;\">I3<\/td>\n<td style=\"width: 97.3748%; height: 31px;\"><span class=\"a_GcMg font-feature-liga-off font-feature-clig-off font-feature-calt-off text-decoration-none text-strikethrough-none\">Fatima Belghirane<\/span><\/td>\n<\/tr>\n<tr style=\"height: 31px;\">\n<td style=\"width: 38.9093%; height: 31px;\">TEI<\/td>\n<td style=\"width: 97.3748%; height: 31px;\">Ana Major<\/td>\n<\/tr>\n<tr style=\"height: 31px;\">\n<td style=\"width: 38.9093%; height: 31px;\">I4<\/td>\n<td style=\"width: 97.3748%; height: 31px;\"><span class=\"a_GcMg font-feature-liga-off font-feature-clig-off font-feature-calt-off text-decoration-none text-strikethrough-none\">Bel\u00e9n Roqu\u00e9<\/span><\/td>\n<\/tr>\n<tr style=\"height: 31px;\">\n<td style=\"width: 38.9093%; height: 31px;\">I5<\/td>\n<td style=\"width: 97.3748%; height: 31px;\">Gemma Mar\u00edn<\/td>\n<\/tr>\n<tr style=\"height: 31px;\">\n<td style=\"width: 38.9093%; height: 31px;\">Mestra SIEI petits\/es<\/td>\n<td style=\"width: 97.3748%; height: 31px;\">Yolanda Jimena<\/td>\n<\/tr>\n<tr style=\"height: 34px;\">\n<td style=\"width: 38.9093%; height: 34px;\">Educadora<\/td>\n<td style=\"width: 97.3748%; height: 34px;\"><span class=\"a_GcMg font-feature-liga-off font-feature-clig-off font-feature-calt-off text-decoration-none text-strikethrough-none\">Paula S\u00e1nchez<\/span><\/td>\n<\/tr>\n<tr style=\"height: 31px;\">\n<td style=\"width: 38.9093%; height: 31px;\"><span class=\"a_GcMg font-feature-liga-off font-feature-clig-off font-feature-calt-off text-decoration-none text-strikethrough-none\">MESI d\u2019infantil<\/span><\/td>\n<td style=\"width: 97.3748%; height: 31px;\">Bego\u00f1a Artero<\/td>\n<\/tr>\n<tr style=\"height: 32px;\">\n<td style=\"width: 38.9093%; height: 32px;\">Psicomotricitat<\/td>\n<td style=\"width: 97.3748%; height: 32px;\">Bego\u00f1a Artero<\/td>\n<\/tr>\n<tr style=\"height: 34px;\">\n<td style=\"width: 38.9093%; height: 34px;\">Angl\u00e8s<\/td>\n<td style=\"width: 97.3748%; height: 34px;\"><span class=\"a_GcMg font-feature-liga-off font-feature-clig-off font-feature-calt-off text-decoration-none text-strikethrough-none\">Sergio Mart\u00ednez<\/span><\/td>\n<\/tr>\n<tr style=\"height: 33px;\">\n<td style=\"width: 38.9093%; height: 36px;\">M\u00fasica<\/td>\n<td style=\"width: 97.3748%; height: 36px;\"><span class=\"a_GcMg font-feature-liga-off font-feature-clig-off font-feature-calt-off text-decoration-none text-strikethrough-none\">Ana Fuster<\/span><\/td>\n<\/tr>\n<\/tbody>\n<\/table>\n<table class=\" alignleft\" style=\"height: 534px; width: 30.9324%;\" width=\"351\">\n<tbody>\n<tr style=\"height: 33px;\">\n<td style=\"height: 74px; width: 96.2586%; background-color: #050505; text-align: center;\" colspan=\"2\">\n<h3><span style=\"color: #ffffff;\"><strong>Etapa de Prim\u00e0ria<\/strong><\/span><\/h3>\n<\/td>\n<\/tr>\n<tr style=\"height: 33px;\">\n<td style=\"width: 96.2586%; height: 33px; background-color: #d1cfcf; text-align: center;\" colspan=\"2\"><strong>MITJANS I MITJANES<\/strong><\/td>\n<\/tr>\n<tr style=\"height: 33px;\">\n<td style=\"width: 38.3039%; height: 33px;\">1r<\/td>\n<td style=\"width: 57.9547%; height: 33px;\">Monty Dur\u00e0\/Bel\u00e9n Gual<\/td>\n<\/tr>\n<tr style=\"height: 33px;\">\n<td style=\"width: 38.3039%; height: 33px;\">2n<\/td>\n<td style=\"width: 57.9547%; height: 33px;\">Lorena S\u00e1nchez<\/td>\n<\/tr>\n<tr style=\"height: 33px;\">\n<td style=\"width: 38.3039%; height: 33px;\">3r<\/td>\n<td style=\"width: 57.9547%; height: 33px;\">Marta Alguacil<\/td>\n<\/tr>\n<tr style=\"height: 33px;\">\n<td style=\"width: 38.3039%; height: 33px;\">Mestra SIEI mitjans\/es<\/td>\n<td style=\"width: 57.9547%; height: 33px;\">A\u00edda Garc\u00eda<\/td>\n<\/tr>\n<tr style=\"height: 33px;\">\n<td style=\"width: 38.3039%; height: 33px;\">Educadora<\/td>\n<td style=\"width: 57.9547%; height: 33px;\">Loli Fern\u00e1ndez<\/td>\n<\/tr>\n<tr style=\"height: 33px;\">\n<td style=\"width: 38.3039%; height: 28px;\">MESI de prim\u00e0ria<\/td>\n<td style=\"width: 57.9547%; height: 28px;\">Marta Oller<\/td>\n<\/tr>\n<tr style=\"height: 33px;\">\n<td style=\"width: 38.3039%; height: 33px;\">Ed. F\u00edsica<\/td>\n<td style=\"width: 57.9547%; height: 33px;\">Candi Santano<\/td>\n<\/tr>\n<tr style=\"height: 33px;\">\n<td style=\"width: 38.3039%; height: 33px;\">M\u00fasica<\/td>\n<td style=\"width: 57.9547%; height: 33px;\"><span class=\"a_GcMg font-feature-liga-off font-feature-clig-off font-feature-calt-off text-decoration-none text-strikethrough-none\">Ana Fuster<\/span><\/td>\n<\/tr>\n<tr style=\"height: 33px;\">\n<td style=\"width: 38.3039%; height: 33px;\">Angl\u00e8s<\/td>\n<td style=\"width: 57.9547%; height: 33px;\"><span class=\"a_GcMg font-feature-liga-off font-feature-clig-off font-feature-calt-off text-decoration-none text-strikethrough-none\">Sergio Mart\u00ednez<\/span><\/td>\n<\/tr>\n<tr style=\"height: 33px;\">\n<td style=\"width: 38.3039%; height: 33px;\">TIS<\/td>\n<td style=\"width: 57.9547%; height: 33px;\">Omayra Garc\u00eda<\/td>\n<\/tr>\n<tr style=\"height: 33px;\">\n<td style=\"width: 38.3039%; height: 33px;\">Religi\u00f3<\/td>\n<td style=\"width: 57.9547%; height: 33px;\">Mariana Ruiz<\/td>\n<\/tr>\n<tr style=\"height: 10px;\">\n<td style=\"width: 38.3039%; height: 36px;\">Mestra d&#8217;audici\u00f3 i llenguatge<\/td>\n<td style=\"width: 57.9547%; height: 36px;\">Norma Mas<\/td>\n<\/tr>\n<\/tbody>\n<\/table>\n<table class=\" alignleft\" style=\"height: 455px; width: 31.8983%;\" width=\"0\">\n<tbody>\n<tr style=\"height: 72px;\">\n<td style=\"width: 662.715%; background-color: #050505; text-align: center; height: 72px;\" colspan=\"2\">\n<h3><span style=\"color: #ffffff;\"><strong>Etapa de Prim\u00e0ria<\/strong><\/span><\/h3>\n<\/td>\n<\/tr>\n<tr style=\"height: 31px;\">\n<td style=\"height: 31px; background-color: #d1cfcf; text-align: center; width: 662.715%;\" colspan=\"2\"><strong>GRANS<\/strong><\/td>\n<\/tr>\n<tr style=\"height: 33px;\">\n<td style=\"width: 38.3381%; height: 33px;\">4t<\/td>\n<td style=\"width: 624.377%; height: 33px;\">Mila Nisa<\/td>\n<\/tr>\n<tr style=\"height: 10px;\">\n<td style=\"height: 10px; width: 38.3381%;\">5\u00e8<\/td>\n<td style=\"height: 10px; width: 624.377%;\">M\u00f2nica Dom\u00e8nech<\/td>\n<\/tr>\n<tr style=\"height: 31px;\">\n<td style=\"height: 31px; width: 38.3381%;\">6\u00e8<\/td>\n<td style=\"height: 31px; width: 624.377%;\">Cristina Legazpi<\/td>\n<\/tr>\n<tr style=\"height: 34px;\">\n<td style=\"width: 38.3381%; height: 34px;\">Mestra SIEI grans<\/td>\n<td style=\"width: 624.377%; height: 34px;\">Olga Beltr\u00e1n<\/td>\n<\/tr>\n<tr style=\"height: 31px;\">\n<td style=\"height: 31px; width: 38.3381%;\">Educadora<\/td>\n<td style=\"height: 31px; width: 624.377%;\">Carmen Cazorla<\/td>\n<\/tr>\n<tr style=\"height: 11px;\">\n<td style=\"height: 10px; width: 38.3381%;\">M\u00fasica<\/td>\n<td style=\"height: 10px; width: 624.377%;\"><span class=\"a_GcMg font-feature-liga-off font-feature-clig-off font-feature-calt-off text-decoration-none text-strikethrough-none\">Ana Fuster<\/span><\/td>\n<\/tr>\n<tr style=\"height: 34px;\">\n<td style=\"width: 38.3381%; height: 34px;\">MESI de prim\u00e0ria<\/td>\n<td style=\"width: 624.377%; height: 34px;\">Marta Oller<\/td>\n<\/tr>\n<tr style=\"height: 33px;\">\n<td style=\"width: 38.3381%; height: 33px;\"><span style=\"background-color: #f9f9f9;\">Mestre de Suport<\/span><\/td>\n<td style=\"width: 624.377%; height: 33px;\"><span style=\"background-color: #f9f9f9;\">Judith Moreno<\/span><\/td>\n<\/tr>\n<tr style=\"height: 34px;\">\n<td style=\"width: 38.3381%; height: 34px;\">Ed. F\u00edsica<\/td>\n<td style=\"width: 624.377%; height: 34px;\">Mila Nisa<\/td>\n<\/tr>\n<tr style=\"height: 34px;\">\n<td style=\"width: 38.3381%; height: 10px;\">Angl\u00e8s<\/td>\n<td style=\"width: 624.377%; height: 10px;\"><span class=\"a_GcMg font-feature-liga-off font-feature-clig-off font-feature-calt-off text-decoration-none text-strikethrough-none\">Sergio Mart\u00ednez<\/span><\/td>\n<\/tr>\n<tr style=\"height: 33px;\">\n<td style=\"width: 38.3381%; height: 33px;\">TIS<\/td>\n<td style=\"width: 624.377%; height: 33px;\">Omayra Garcia<\/td>\n<\/tr>\n<tr style=\"height: 34px;\">\n<td style=\"width: 38.3381%; height: 10px;\">Religi\u00f3<\/td>\n<td style=\"width: 624.377%; height: 10px;\">Mariana Ruiz<\/td>\n<\/tr>\n<tr style=\"height: 49px;\">\n<td style=\"width: 38.3381%; height: 49px;\">Mestra d&#8217;audici\u00f3 i llenguatge<\/td>\n<td style=\"width: 624.377%; height: 49px;\">Norma Mas<\/td>\n<\/tr>\n<\/tbody>\n<\/table>\n<p>&nbsp;<\/p>\n<p>&nbsp;<\/p>\n<p>&nbsp;<\/p>\n<table class=\" alignleft\" style=\"height: 363px; width: 33.1598%; border-collapse: collapse;\">\n<tbody>\n<tr style=\"height: 32px;\">\n<td style=\"background-color: #d1cfcf; width: 3.50231%; height: 32px;\" colspan=\"4\"><strong>Equip Directiu<\/strong><\/td>\n<\/tr>\n<tr style=\"height: 31px;\">\n<td style=\"width: 3.50231%; height: 48px;\"><\/td>\n<td style=\"width: 96.673%; height: 48px;\">Director<\/td>\n<td style=\"width: 345.057%; height: 48px;\">Candi Santano<\/td>\n<td style=\"width: 426.969%; height: 48px;\"><\/td>\n<\/tr>\n<tr style=\"height: 32px;\">\n<td style=\"width: 3.50231%; height: 48px;\"><\/td>\n<td style=\"height: 48px; width: 96.673%;\">Cap d&#8217;estudis<\/td>\n<td style=\"width: 345.057%; height: 48px;\">Judith Moreno<\/td>\n<td style=\"width: 426.969%; height: 48px;\"><\/td>\n<\/tr>\n<tr style=\"height: 32px;\">\n<td style=\"width: 3.50231%; height: 48px;\"><\/td>\n<td style=\"width: 96.673%; height: 48px;\">Secret\u00e0ria<\/td>\n<td style=\"width: 345.057%; height: 48px;\"><span style=\"text-align: right;\">Olga Beltr\u00e1n<\/span><\/td>\n<td style=\"width: 426.969%; height: 48px;\"><span style=\"text-align: right;\">\u00a0<\/span><\/td>\n<\/tr>\n<tr style=\"height: 48px;\">\n<td style=\"background-color: #d1cfcf; width: 3.50231%; height: 11px;\" colspan=\"4\"><span style=\"text-align: right;\"><strong style=\"text-align: start;\">Personal d&#8217;administraci\u00f3 i serveis<\/strong><\/span><span style=\"text-align: right;\"><strong style=\"text-align: start;\">\u00a0<\/strong><\/span><\/td>\n<\/tr>\n<tr style=\"height: 48px;\">\n<td style=\"width: 3.50231%; height: 48px;\"><\/td>\n<td style=\"width: 96.673%; height: 48px;\">Administrativa<\/td>\n<td style=\"width: 345.057%; height: 48px;\"><span style=\"text-align: right;\">Marta Campesino<\/span><\/td>\n<td style=\"width: 426.969%; height: 48px;\"><span style=\"text-align: right;\">\u00a0<\/span><\/td>\n<\/tr>\n<tr style=\"height: 48px;\">\n<td style=\"width: 3.50231%; height: 48px;\"><\/td>\n<td style=\"width: 96.673%; height: 48px;\">Conserge<\/td>\n<td style=\"width: 345.057%; height: 48px;\"><span style=\"text-align: right;\">Susana Ramos<\/span><\/td>\n<td style=\"width: 426.969%; height: 48px;\"><span style=\"text-align: right;\">\u00a0<\/span><\/td>\n<\/tr>\n<tr style=\"height: 32px;\">\n<td style=\"width: 3.50231%; height: 32px;\"><\/td>\n<td style=\"width: 96.673%; height: 32px;\">Conserge<\/td>\n<td style=\"width: 345.057%; height: 32px;\"><span style=\"text-align: right;\">Javier Ruiz<\/span><\/td>\n<td style=\"width: 426.969%; height: 32px;\"><span style=\"text-align: right;\">\u00a0<\/span><\/td>\n<\/tr>\n<tr style=\"height: 48px;\">\n<td style=\"width: 3.50231%; height: 48px;\"><\/td>\n<td style=\"width: 96.673%; height: 48px;\">Coord. Menjador<\/td>\n<td style=\"width: 345.057%; height: 48px;\"><span style=\"text-align: right;\">Bego\u00f1a<\/span><\/td>\n<td style=\"width: 426.969%; height: 48px;\"><span style=\"text-align: right;\">\u00a0<\/span><\/td>\n<\/tr>\n<\/tbody>\n<\/table>\n<p>&nbsp;<\/p>\n<p>&nbsp;<\/p>\n<p>&nbsp;<\/p>\n<p>&nbsp;<\/p>\n<p>&nbsp;<\/p>\n<p>&nbsp;<\/p>\n<p>&nbsp;<\/p>\n<p>&nbsp;<\/p>\n<p>&nbsp;<\/p>\n<p>&nbsp;<\/p>\n<p>&nbsp;<\/p>\n<p>&nbsp;<\/p>\n<p><!--a=1--><\/p>\n<p><!--a=1--><!--a=1--><\/p>\n<p><!--a=1--><!--a=1--><\/p>\n<p><!--a=1--><\/p>\n<p><!--a=1--><!--a=1--><\/p>\n","protected":false},"excerpt":{"rendered":"<p>Educaci\u00f3 Infantil PETITS I PETITES I3 Fatima Belghirane TEI Ana Major I4 Bel\u00e9n Roqu\u00e9 I5 Gemma Mar\u00edn Mestra SIEI petits\/es Yolanda Jimena Educadora Paula S\u00e1nchez MESI d\u2019infantil Bego\u00f1a Artero Psicomotricitat Bego\u00f1a Artero Angl\u00e8s Sergio Mart\u00ednez M\u00fasica Ana Fuster Etapa de Prim\u00e0ria MITJANS I MITJANES 1r Monty Dur\u00e0\/Bel\u00e9n Gual 2n Lorena S\u00e1nchez 3r Marta Alguacil Mestra [&hellip;]<\/p>\n","protected":false},"author":1,"featured_media":0,"parent":22,"menu_order":2,"comment_status":"closed","ping_status":"closed","template":"page-templates\/side-menu.php","meta":{"_bbp_topic_count":0,"_bbp_reply_count":0,"_bbp_total_topic_count":0,"_bbp_total_reply_count":0,"_bbp_voice_count":0,"_bbp_anonymous_reply_count":0,"_bbp_topic_count_hidden":0,"_bbp_reply_count_hidden":0,"_bbp_forum_subforum_count":0,"site-sidebar-layout":"default","site-content-layout":"","ast-site-content-layout":"","site-content-style":"default","site-sidebar-style":"default","ast-global-header-display":"","ast-banner-title-visibility":"","ast-main-header-display":"","ast-hfb-above-header-display":"","ast-hfb-below-header-display":"","ast-hfb-mobile-header-display":"","site-post-title":"","ast-breadcrumbs-content":"","ast-featured-img":"","footer-sml-layout":"","theme-transparent-header-meta":"","adv-header-id-meta":"","stick-header-meta":"","header-above-stick-meta":"","header-main-stick-meta":"","header-below-stick-meta":"","astra-migrate-meta-layouts":"default","ast-page-background-enabled":"default","ast-page-background-meta":{"desktop":{"background-color":"var(--ast-global-color-4)","background-image":"","background-repeat":"repeat","background-position":"center center","background-size":"auto","background-attachment":"scroll","background-type":"","background-media":"","overlay-type":"","overlay-color":"","overlay-opacity":"","overlay-gradient":""},"tablet":{"background-color":"","background-image":"","background-repeat":"repeat","background-position":"center center","background-size":"auto","background-attachment":"scroll","background-type":"","background-media":"","overlay-type":"","overlay-color":"","overlay-opacity":"","overlay-gradient":""},"mobile":{"background-color":"","background-image":"","background-repeat":"repeat","background-position":"center center","background-size":"auto","background-attachment":"scroll","background-type":"","background-media":"","overlay-type":"","overlay-color":"","overlay-opacity":"","overlay-gradient":""}},"ast-content-background-meta":{"desktop":{"background-color":"var(--ast-global-color-5)","background-image":"","background-repeat":"repeat","background-position":"center center","background-size":"auto","background-attachment":"scroll","background-type":"","background-media":"","overlay-type":"","overlay-color":"","overlay-opacity":"","overlay-gradient":""},"tablet":{"background-color":"var(--ast-global-color-5)","background-image":"","background-repeat":"repeat","background-position":"center center","background-size":"auto","background-attachment":"scroll","background-type":"","background-media":"","overlay-type":"","overlay-color":"","overlay-opacity":"","overlay-gradient":""},"mobile":{"background-color":"var(--ast-global-color-5)","background-image":"","background-repeat":"repeat","background-position":"center center","background-size":"auto","background-attachment":"scroll","background-type":"","background-media":"","overlay-type":"","overlay-color":"","overlay-opacity":"","overlay-gradient":""}},"footnotes":""},"class_list":["post-207","page","type-page","status-publish","hentry"],"post_mailing_queue_ids":[],"_links":{"self":[{"href":"https:\/\/agora.xtec.cat\/ceip-canpalmer\/wp-json\/wp\/v2\/pages\/207","targetHints":{"allow":["GET"]}}],"collection":[{"href":"https:\/\/agora.xtec.cat\/ceip-canpalmer\/wp-json\/wp\/v2\/pages"}],"about":[{"href":"https:\/\/agora.xtec.cat\/ceip-canpalmer\/wp-json\/wp\/v2\/types\/page"}],"author":[{"embeddable":true,"href":"https:\/\/agora.xtec.cat\/ceip-canpalmer\/wp-json\/wp\/v2\/users\/1"}],"replies":[{"embeddable":true,"href":"https:\/\/agora.xtec.cat\/ceip-canpalmer\/wp-json\/wp\/v2\/comments?post=207"}],"version-history":[{"count":6,"href":"https:\/\/agora.xtec.cat\/ceip-canpalmer\/wp-json\/wp\/v2\/pages\/207\/revisions"}],"predecessor-version":[{"id":20710,"href":"https:\/\/agora.xtec.cat\/ceip-canpalmer\/wp-json\/wp\/v2\/pages\/207\/revisions\/20710"}],"up":[{"embeddable":true,"href":"https:\/\/agora.xtec.cat\/ceip-canpalmer\/wp-json\/wp\/v2\/pages\/22"}],"wp:attachment":[{"href":"https:\/\/agora.xtec.cat\/ceip-canpalmer\/wp-json\/wp\/v2\/media?parent=207"}],"curies":[{"name":"wp","href":"https:\/\/api.w.org\/{rel}","templated":true}]}}