{"id":9504,"date":"2024-02-02T11:50:29","date_gmt":"2024-02-02T10:50:29","guid":{"rendered":"https:\/\/agora.xtec.cat\/ceip-camidelmig\/?page_id=9504"},"modified":"2025-01-09T13:42:57","modified_gmt":"2025-01-09T12:42:57","slug":"sial","status":"publish","type":"page","link":"https:\/\/agora.xtec.cat\/ceip-camidelmig\/sial\/","title":{"rendered":"SIAL"},"content":{"rendered":"<p dir=\"ltr\" style=\"text-align: left;\">L\u2019escola Cam\u00ed del Mig de Matar\u00f3, des del curs 2017\/2018, forma part dels centres educatius ordinaris amb projecte de suport a l\u2019audici\u00f3 i el llenguatge, fins fa uns anys anomenats\u00a0centres d\u2019agrupament d\u2019alumnat sord. \u00c9s per aquest motiu, a m\u00e9s de les mesures d\u2019atenci\u00f3 a la diversitat que preveu per a tot l\u2019alumnat, que el centre disposa de\u00a0Suport Intensiu d\u2019Audici\u00f3 i Llenguatge\u00a0(SIAL), que juntament amb el CREDA ofereix una resposta que s\u2019ajusta a les necessitats educatives de l\u2019alumnat amb p\u00e8rdua auditiva.<\/p>\n<p dir=\"ltr\" style=\"text-align: left;\">L\u2019escola disposa actualment d\u2019una Mestra de suport a l\u2019audici\u00f3 i el llenguatge (SIAL) i de l\u2019atenci\u00f3 externa d\u2019una especialista del Centre de Recursos Educatius per a Deficients Auditius (CREDA), la qual es despla\u00e7a al centre per atendre a l\u2019alumnat amb sordesa. Des del curs 2022\/23 el nostre centre es troba dins del programa PCT (logop\u00e8dia Departament), disposant d\u2019una mestra especialista en logop\u00e8dia un dia a la setmana, per atendre els grups d\u2019infantil.\u00a0La funci\u00f3 de la MALL, dins del SIAL, \u00e9s donar resposta adequada a les necessitats de l\u2019alumnat per tal d\u2019aconseguir una plena inclusi\u00f3 dels infants amb p\u00e8rdua auditiva al centre i la seva participaci\u00f3 d\u2019una forma universal i equitativa, afavorint la millora educativa dels alumnes amb sordesa.L\u2019objectiu principal \u00e9s ajudar a adquirir i desenvolupar el domini de la compet\u00e8ncia comunicativa i ling\u00fc\u00edstica relacionada amb les \u00e0rees\/\u00e0mbits del curr\u00edculum, \u00e9s a dir de totes les compet\u00e8ncies. Generant un entorn que afavoreix la plena inclusi\u00f3 de l\u2019alumnat sord en el centre i la seva participaci\u00f3 i acc\u00e9s a la informaci\u00f3, i al coneixement en igualtat d\u2019oportunitats.<\/p>\n<p dir=\"ltr\" style=\"text-align: left;\">A l\u2019escola Cam\u00ed del Mig de Matar\u00f3 valorem la\u00a0\u00a0llengua de signes catalana\u00a0(<a href=\"https:\/\/llengua.gencat.cat\/ca\/llengua_signes_catalana\/index.html\" target=\"_blank\" rel=\"noopener\" data-saferedirecturl=\"https:\/\/www.google.com\/url?q=https:\/\/llengua.gencat.cat\/ca\/llengua_signes_catalana\/index.html&amp;source=gmail&amp;ust=1706955221880000&amp;usg=AOvVaw0azk3wxHwTNESaprE4liZF\">LSC<\/a>). Aquesta no nom\u00e9s va dirigida a l\u2019alumnat sord perqu\u00e8 sabem que suma i t\u00e9 molts beneficis per a qualsevol. La LSC fa servir altres canals que no s\u00f3n la utilitzaci\u00f3 de l\u2019expressi\u00f3 oral ni l&#8217;o\u00efda, sin\u00f3 que \u00e9s de modalitat visual i gestual. Actualment l\u2019educaci\u00f3 ens d\u00f3na una mirada m\u00e9s integral de la persona, tenint en compte molts aspectes, tant cognitius, emocionals com personals, veient a l\u2019alumne de manera m\u00e9s global. Volem que la LSC convisqui amb les altres lleng\u00fces orals no nom\u00e9s dins l\u2019escola sin\u00f3 dins la comunitat escolar. Per aquest motiu, iniciem un nou projecte per difondre de manera m\u00e9s comprometedora la llengua de signes catalana. A continuaci\u00f3 deixem uns enlla\u00e7os per poder-vos-hi endinsar:<\/p>\n<div class=\"container-wrapper-genially\" style=\"position: relative; min-height: 400px; max-width: 100%;\">\n<p><video class=\"loader-genially\" style=\"position: absolute; top: 45%; left: 50%; transform: translate(-50%, -50%); width: 80px; height: 80px; margin-bottom: 10%;\" autoplay=\"autoplay\" loop=\"loop\" muted=\"muted\" width=\"300\" height=\"150\" data-mce-fragment=\"1\"><source src=\"https:\/\/static.genial.ly\/resources\/loader-default.mp4\" type=\"video\/mp4\" \/>Your browser does not support the video tag.<\/video><\/p>\n<div id=\"65a1176f26514900141b44bf\" class=\"genially-embed\" style=\"margin: 0px auto; position: relative; height: auto; width: 100%;\"><\/div>\n<\/div>\n<p dir=\"ltr\"><script>(function (d) { var js, id = \"genially-embed-js\", ref = d.getElementsByTagName(\"script\")[0]; if (d.getElementById(id)) { return; } js = d.createElement(\"script\"); js.id = id; js.async = true; js.src = \"https:\/\/view.genial.ly\/static\/embed\/embed.js\"; ref.parentNode.insertBefore(js, ref); }(document));<\/script><\/p>\n","protected":false},"excerpt":{"rendered":"<p>L\u2019escola Cam\u00ed del Mig de Matar\u00f3, des del curs 2017\/2018, forma part dels centres educatius ordinaris amb projecte de suport [&hellip;]<\/p>\n","protected":false},"author":1,"featured_media":0,"parent":0,"menu_order":0,"comment_status":"closed","ping_status":"closed","template":"","meta":{"_bbp_topic_count":0,"_bbp_reply_count":0,"_bbp_total_topic_count":0,"_bbp_total_reply_count":0,"_bbp_voice_count":0,"_bbp_anonymous_reply_count":0,"_bbp_topic_count_hidden":0,"_bbp_reply_count_hidden":0,"_bbp_forum_subforum_count":0,"site-sidebar-layout":"default","site-content-layout":"","ast-site-content-layout":"","site-content-style":"default","site-sidebar-style":"default","ast-global-header-display":"","ast-banner-title-visibility":"","ast-main-header-display":"","ast-hfb-above-header-display":"","ast-hfb-below-header-display":"","ast-hfb-mobile-header-display":"","site-post-title":"","ast-breadcrumbs-content":"","ast-featured-img":"","footer-sml-layout":"","theme-transparent-header-meta":"","adv-header-id-meta":"","stick-header-meta":"","header-above-stick-meta":"","header-main-stick-meta":"","header-below-stick-meta":"","astra-migrate-meta-layouts":"default","ast-page-background-enabled":"default","ast-page-background-meta":{"desktop":{"background-color":"var(--ast-global-color-4)","background-image":"","background-repeat":"repeat","background-position":"center center","background-size":"auto","background-attachment":"scroll","background-type":"","background-media":"","overlay-type":"","overlay-color":"","overlay-opacity":"","overlay-gradient":""},"tablet":{"background-color":"","background-image":"","background-repeat":"repeat","background-position":"center center","background-size":"auto","background-attachment":"scroll","background-type":"","background-media":"","overlay-type":"","overlay-color":"","overlay-opacity":"","overlay-gradient":""},"mobile":{"background-color":"","background-image":"","background-repeat":"repeat","background-position":"center center","background-size":"auto","background-attachment":"scroll","background-type":"","background-media":"","overlay-type":"","overlay-color":"","overlay-opacity":"","overlay-gradient":""}},"ast-content-background-meta":{"desktop":{"background-color":"var(--ast-global-color-5)","background-image":"","background-repeat":"repeat","background-position":"center center","background-size":"auto","background-attachment":"scroll","background-type":"","background-media":"","overlay-type":"","overlay-color":"","overlay-opacity":"","overlay-gradient":""},"tablet":{"background-color":"var(--ast-global-color-5)","background-image":"","background-repeat":"repeat","background-position":"center center","background-size":"auto","background-attachment":"scroll","background-type":"","background-media":"","overlay-type":"","overlay-color":"","overlay-opacity":"","overlay-gradient":""},"mobile":{"background-color":"var(--ast-global-color-5)","background-image":"","background-repeat":"repeat","background-position":"center center","background-size":"auto","background-attachment":"scroll","background-type":"","background-media":"","overlay-type":"","overlay-color":"","overlay-opacity":"","overlay-gradient":""}},"footnotes":""},"class_list":["post-9504","page","type-page","status-publish","hentry"],"post_mailing_queue_ids":[],"_links":{"self":[{"href":"https:\/\/agora.xtec.cat\/ceip-camidelmig\/wp-json\/wp\/v2\/pages\/9504","targetHints":{"allow":["GET"]}}],"collection":[{"href":"https:\/\/agora.xtec.cat\/ceip-camidelmig\/wp-json\/wp\/v2\/pages"}],"about":[{"href":"https:\/\/agora.xtec.cat\/ceip-camidelmig\/wp-json\/wp\/v2\/types\/page"}],"author":[{"embeddable":true,"href":"https:\/\/agora.xtec.cat\/ceip-camidelmig\/wp-json\/wp\/v2\/users\/1"}],"replies":[{"embeddable":true,"href":"https:\/\/agora.xtec.cat\/ceip-camidelmig\/wp-json\/wp\/v2\/comments?post=9504"}],"version-history":[{"count":4,"href":"https:\/\/agora.xtec.cat\/ceip-camidelmig\/wp-json\/wp\/v2\/pages\/9504\/revisions"}],"predecessor-version":[{"id":10333,"href":"https:\/\/agora.xtec.cat\/ceip-camidelmig\/wp-json\/wp\/v2\/pages\/9504\/revisions\/10333"}],"wp:attachment":[{"href":"https:\/\/agora.xtec.cat\/ceip-camidelmig\/wp-json\/wp\/v2\/media?parent=9504"}],"curies":[{"name":"wp","href":"https:\/\/api.w.org\/{rel}","templated":true}]}}