{"id":528,"date":"2017-01-24T15:39:51","date_gmt":"2017-01-24T14:39:51","guid":{"rendered":"http:\/\/agora.xtec.cat\/ceip-camidelmig\/?page_id=528"},"modified":"2026-02-26T13:32:11","modified_gmt":"2026-02-26T12:32:11","slug":"consell-escolar","status":"publish","type":"page","link":"https:\/\/agora.xtec.cat\/ceip-camidelmig\/lescola\/participacio-de-les-families\/consell-escolar\/","title":{"rendered":"Consell Escolar"},"content":{"rendered":"<p>El Consell escolar del centre \u00e9s l&#8217;<strong>\u00f2rgan col\u00b7legiat de participaci\u00f3<\/strong> de la comunitat escolar en el govern del centre. En el Consell Escolar hi ha representats tots els col\u00b7lectius que intervenen en la comunitat educativa: director, professorat, alumnat, personal d&#8217;administraci\u00f3 i serveis, etc.<\/p>\n<p>La funci\u00f3 principal del Consell Escolar \u00e9s participar en la presa de decisions en relaci\u00f3 amb aquells temes importants per al funcionament i l&#8217;organitzaci\u00f3 del centre.<\/p>\n<p>Els membres del consell escolar s\u00f3n elegits per un per\u00edode de quatre anys i es renoven per meitats cada dos anys.<\/p>\n<p><a href=\"https:\/\/agora.xtec.cat\/ceip-camidelmig\/wp-content\/uploads\/usu1426\/2026\/02\/MEMBRES-CONSELL-ESCOLAR-25-26.docx.pdf\">MEMBRES CONSELL ESCOLAR 25-26.docx<\/a><\/p>\n<p><a href=\"https:\/\/agora.xtec.cat\/ceip-camidelmig\/wp-content\/uploads\/usu1426\/bp-attachments\/10604\/Pressupost-2025-escola-Cami-del-Mig.pdf\">Pressupost 2025 escola Cam\u00ed del Mig<\/a><\/p>\n<p>Acords del Consell Escolar<\/p>\n<p><a href=\"https:\/\/agora.xtec.cat\/ceip-camidelmig\/wp-content\/uploads\/usu1426\/2026\/02\/CERTIFICAT-ACORDS-CONSELL-ESCOLAR_16_12_25-1.pdf\">CERTIFICAT ACORDS CONSELL ESCOLAR_16_12_25<\/a><\/p>\n<p><a href=\"https:\/\/agora.xtec.cat\/ceip-camidelmig\/wp-content\/uploads\/usu1426\/2026\/02\/CERTIFICAT-ACORDS-CONSELL-ESCOLAR_26_11_25_signat.pdf\">CERTIFICAT ACORDS CONSELL ESCOLAR_26_11_25<\/a><\/p>\n<p><a href=\"https:\/\/agora.xtec.cat\/ceip-camidelmig\/wp-content\/uploads\/usu1426\/2026\/02\/CERTIFICAT-ACORDS-CONSELL-ESCOLAR_10-10-25-1.pdf\">CERTIFICAT ACORDS CONSELL ESCOLAR_10-10-25 <\/a><\/p>\n<p><a href=\"https:\/\/agora.xtec.cat\/ceip-camidelmig\/wp-content\/uploads\/usu1426\/2026\/02\/CERTIFICAT-ACORDS-CONSELL-ESCOLAR_10_09_25_signat.pdf\">CERTIFICAT ACORDS CONSELL ESCOLAR_10_09_25<\/a><\/p>\n<p><a href=\"https:\/\/agora.xtec.cat\/ceip-camidelmig\/wp-content\/uploads\/usu1426\/2026\/02\/CERTIFICAT-ACORDS-CONSELL-ESCOLAR_17_07_25_signat-1.pdf\">CERTIFICAT ACORDS CONSELL ESCOLAR_17_07_25<\/a><\/p>\n<p><a href=\"https:\/\/agora.xtec.cat\/ceip-camidelmig\/wp-content\/uploads\/usu1426\/2026\/02\/CERTIFICAT-ACORDS-CONSELL-ESCOLAR_17_07_25_signat.pdf\">CERTIFICAT ACORDS CONSELL ESCOLAR_17_07_25<\/a><\/p>\n<p><a href=\"https:\/\/agora.xtec.cat\/ceip-camidelmig\/wp-content\/uploads\/usu1426\/2026\/01\/CERTIFICAT-ACORDS-CONSELL-ESCOLAR.-xx-18-6-25.pdf\">CERTIFICAT ACORDS CONSELL ESCOLAR. 20 18-6-25<\/a><\/p>\n<p><a href=\"https:\/\/agora.xtec.cat\/ceip-camidelmig\/wp-content\/uploads\/usu1426\/2024\/11\/CERTIFICAT-ACORDS-CONSELL-ESCOLAR.-18-22-10-24.pdf\">CERTIFICAT ACORDS CONSELL ESCOLAR. 18 22-10-24<\/a><\/p>\n<p><a href=\"https:\/\/agora.xtec.cat\/ceip-camidelmig\/wp-content\/uploads\/usu1426\/2024\/11\/CERTIFICAT-ACORDS-CONSELL-ESCOLAR-17-26-09-24.pdf\">CERTIFICAT ACORDS CONSELL ESCOLAR 17 26-09-24<\/a><\/p>\n<p><a href=\"https:\/\/agora.xtec.cat\/ceip-camidelmig\/wp-content\/uploads\/usu1426\/2024\/11\/CERTIFICAT-ACORDS-CONSELL-ESCOLAR.-16-26-6-24.pdf\">CERTIFICAT ACORDS CONSELL ESCOLAR. 16 26-6-24<\/a><\/p>\n<p><a href=\"https:\/\/agora.xtec.cat\/ceip-camidelmig\/wp-content\/uploads\/usu1426\/2024\/11\/CERTIFICAT-ACORDS-CONSELL-ESCOLAR.-15-17-05-24.pdf\">CERTIFICAT ACORDS CONSELL ESCOLAR. 15 17-05-24<\/a><\/p>\n<p><a href=\"https:\/\/agora.xtec.cat\/ceip-camidelmig\/wp-content\/uploads\/usu1426\/2024\/11\/CERTIFICAT-ACORDS-CONSELL-ESCOLAR-14-28-2-24.pdf\">CERTIFICAT ACORDS CONSELL ESCOLAR 14 28-2-24<\/a><\/p>\n<p><a href=\"https:\/\/agora.xtec.cat\/ceip-camidelmig\/wp-content\/uploads\/usu1426\/2024\/11\/CERTIFICAT-ACORDS-CONSELL-ESCOLAR-13-25-1-24.pdf\">CERTIFICAT ACORDS CONSELL ESCOLAR 13 25-1-24<\/a><\/p>\n<p><a href=\"https:\/\/agora.xtec.cat\/ceip-camidelmig\/wp-content\/uploads\/usu1426\/2024\/11\/CERTIFICAT-ACORDS-CONSELL-ESCOLAR-12-29-11-24.pdf\">CERTIFICAT ACORDS CONSELL ESCOLAR 12 29-11-24<\/a><\/p>\n<p><a href=\"https:\/\/agora.xtec.cat\/ceip-camidelmig\/wp-content\/uploads\/usu1426\/2024\/11\/CERTIFICAT-ACORDS-CONSELL-ESCOLAR-11-28-6-23.docx.pdf\">CERTIFICAT ACORDS CONSELL ESCOLAR 11 28-6-23.docx<\/a><\/p>\n<p><a href=\"https:\/\/agora.xtec.cat\/ceip-camidelmig\/wp-content\/uploads\/usu1426\/2023\/07\/CERTIFICAT-ACORDS-CONSELL-ESCOLAR-10-29-4-23.docx-1.pdf\">CERTIFICAT ACORDS CONSELL ESCOLAR 10 29-4-23.docx<\/a><\/p>\n<p><a href=\"https:\/\/agora.xtec.cat\/ceip-camidelmig\/wp-content\/uploads\/usu1426\/2023\/07\/CERTIFICAT-ACORDS-CONSELL-ESCOLAR-9-27-4-23.docx.pdf\">CERTIFICAT ACORDS CONSELL ESCOLAR 9 27-4-23.docx<\/a><\/p>\n<p><a style=\"color: #2795b6;\" href=\"https:\/\/agora.xtec.cat\/ceip-camidelmig\/wp-content\/uploads\/usu1426\/2023\/07\/CERTIFICAT-ACORDS-CONSELL-ESCOLAR-8-28-3-23.docx-1.pdf\">CERTIFICAT ACORDS CONSELL ESCOLAR 8 28-3-23.docx<\/a><\/p>\n<p><a href=\"https:\/\/agora.xtec.cat\/ceip-camidelmig\/wp-content\/uploads\/usu1426\/2023\/07\/CERTIFICAT-ACORDS-CONSELL-ESCOLAR-7-1-3-23.docx-1.pdf\">CERTIFICAT ACORDS CONSELL ESCOLAR 7 1-3-23.docx<\/a><\/p>\n<p><a href=\"https:\/\/agora.xtec.cat\/ceip-camidelmig\/wp-content\/uploads\/usu1426\/2023\/02\/CERTIFICAT-ACORDS-CONSELL-ESCOLAR-6-30_1_23.docx.pdf\">CERTIFICAT ACORDS CONSELL ESCOLAR 6 30_1_23.docx<\/a><\/p>\n<p><a style=\"color: #2795b6;\" href=\"https:\/\/agora.xtec.cat\/ceip-camidelmig\/wp-content\/uploads\/usu1426\/2023\/02\/CERTIFICAT-ACORDS-CONSELL-ESCOLAR-5-19_12_22.docx.pdf\">CERTIFICAT ACORDS CONSELL ESCOLAR 5 19_12_22.docx<\/a><\/p>\n<p><a style=\"color: #2795b6;\" href=\"https:\/\/agora.xtec.cat\/ceip-camidelmig\/wp-content\/uploads\/usu1426\/2023\/02\/CERTIFICAT-ACORDS-CONSELL-ESCOLAR-4-26-9-22.docx.pdf\">CERTIFICAT ACORDS CONSELL ESCOLAR 4 26-9-22.docx<\/a><\/p>\n<p><a href=\"https:\/\/agora.xtec.cat\/ceip-camidelmig\/wp-content\/uploads\/usu1426\/2023\/02\/CERTIFICAT-ACORDS-CONSELL-ESCOLAR-3-1-9-22-.docx.pdf\">CERTIFICAT ACORDS CONSELL ESCOLAR 3 1-9-22 .docx<\/a><\/p>\n<p><a href=\"https:\/\/agora.xtec.cat\/ceip-camidelmig\/wp-content\/uploads\/usu1426\/2023\/02\/CERTIFICAT-ACORDS-CONSELL-ESCOLAR-2-1_9_22.docx.pdf\">CERTIFICAT ACORDS CONSELL ESCOLAR 2 1_9_22.docx<\/a><\/p>\n<p><a style=\"color: #2795b6;\" href=\"https:\/\/agora.xtec.cat\/ceip-camidelmig\/wp-content\/uploads\/usu1426\/2023\/02\/CERTIFICAT-ACORDS-CONSELL-ESCOLAR-1-15_7_22.docx.pdf\">CERTIFICAT ACORDS CONSELL ESCOLAR 1 15_7_22.docx<\/a><\/p>\n<p>&nbsp;<\/p>\n<p>&nbsp;<\/p>\n","protected":false},"excerpt":{"rendered":"<p>El Consell escolar del centre \u00e9s l&#8217;\u00f2rgan col\u00b7legiat de participaci\u00f3 de la comunitat escolar en el govern del centre. En [&hellip;]<\/p>\n","protected":false},"author":1,"featured_media":0,"parent":526,"menu_order":76,"comment_status":"closed","ping_status":"closed","template":"","meta":{"_bbp_topic_count":0,"_bbp_reply_count":0,"_bbp_total_topic_count":0,"_bbp_total_reply_count":0,"_bbp_voice_count":0,"_bbp_anonymous_reply_count":0,"_bbp_topic_count_hidden":0,"_bbp_reply_count_hidden":0,"_bbp_forum_subforum_count":0,"site-sidebar-layout":"default","site-content-layout":"","ast-site-content-layout":"default","site-content-style":"default","site-sidebar-style":"default","ast-global-header-display":"","ast-banner-title-visibility":"","ast-main-header-display":"","ast-hfb-above-header-display":"","ast-hfb-below-header-display":"","ast-hfb-mobile-header-display":"","site-post-title":"","ast-breadcrumbs-content":"","ast-featured-img":"","footer-sml-layout":"","theme-transparent-header-meta":"default","adv-header-id-meta":"","stick-header-meta":"","header-above-stick-meta":"","header-main-stick-meta":"","header-below-stick-meta":"","astra-migrate-meta-layouts":"set","ast-page-background-enabled":"default","ast-page-background-meta":{"desktop":{"background-color":"var(--ast-global-color-4)","background-image":"","background-repeat":"repeat","background-position":"center center","background-size":"auto","background-attachment":"scroll","background-type":"","background-media":"","overlay-type":"","overlay-color":"","overlay-opacity":"","overlay-gradient":""},"tablet":{"background-color":"","background-image":"","background-repeat":"repeat","background-position":"center center","background-size":"auto","background-attachment":"scroll","background-type":"","background-media":"","overlay-type":"","overlay-color":"","overlay-opacity":"","overlay-gradient":""},"mobile":{"background-color":"","background-image":"","background-repeat":"repeat","background-position":"center center","background-size":"auto","background-attachment":"scroll","background-type":"","background-media":"","overlay-type":"","overlay-color":"","overlay-opacity":"","overlay-gradient":""}},"ast-content-background-meta":{"desktop":{"background-color":"var(--ast-global-color-5)","background-image":"","background-repeat":"repeat","background-position":"center center","background-size":"auto","background-attachment":"scroll","background-type":"","background-media":"","overlay-type":"","overlay-color":"","overlay-opacity":"","overlay-gradient":""},"tablet":{"background-color":"var(--ast-global-color-5)","background-image":"","background-repeat":"repeat","background-position":"center center","background-size":"auto","background-attachment":"scroll","background-type":"","background-media":"","overlay-type":"","overlay-color":"","overlay-opacity":"","overlay-gradient":""},"mobile":{"background-color":"var(--ast-global-color-5)","background-image":"","background-repeat":"repeat","background-position":"center center","background-size":"auto","background-attachment":"scroll","background-type":"","background-media":"","overlay-type":"","overlay-color":"","overlay-opacity":"","overlay-gradient":""}},"footnotes":""},"class_list":["post-528","page","type-page","status-publish","hentry"],"post_mailing_queue_ids":[],"_links":{"self":[{"href":"https:\/\/agora.xtec.cat\/ceip-camidelmig\/wp-json\/wp\/v2\/pages\/528","targetHints":{"allow":["GET"]}}],"collection":[{"href":"https:\/\/agora.xtec.cat\/ceip-camidelmig\/wp-json\/wp\/v2\/pages"}],"about":[{"href":"https:\/\/agora.xtec.cat\/ceip-camidelmig\/wp-json\/wp\/v2\/types\/page"}],"author":[{"embeddable":true,"href":"https:\/\/agora.xtec.cat\/ceip-camidelmig\/wp-json\/wp\/v2\/users\/1"}],"replies":[{"embeddable":true,"href":"https:\/\/agora.xtec.cat\/ceip-camidelmig\/wp-json\/wp\/v2\/comments?post=528"}],"version-history":[{"count":8,"href":"https:\/\/agora.xtec.cat\/ceip-camidelmig\/wp-json\/wp\/v2\/pages\/528\/revisions"}],"predecessor-version":[{"id":11511,"href":"https:\/\/agora.xtec.cat\/ceip-camidelmig\/wp-json\/wp\/v2\/pages\/528\/revisions\/11511"}],"up":[{"embeddable":true,"href":"https:\/\/agora.xtec.cat\/ceip-camidelmig\/wp-json\/wp\/v2\/pages\/526"}],"wp:attachment":[{"href":"https:\/\/agora.xtec.cat\/ceip-camidelmig\/wp-json\/wp\/v2\/media?parent=528"}],"curies":[{"name":"wp","href":"https:\/\/api.w.org\/{rel}","templated":true}]}}