{"id":26,"date":"2014-09-18T12:24:32","date_gmt":"2014-09-18T10:24:32","guid":{"rendered":"http:\/\/agora.xtec.cat\/ceip-camidelmig\/?page_id=26"},"modified":"2017-10-17T12:51:49","modified_gmt":"2017-10-17T10:51:49","slug":"historia","status":"publish","type":"page","link":"https:\/\/agora.xtec.cat\/ceip-camidelmig\/lescola\/historia\/","title":{"rendered":"Hist\u00f2ria"},"content":{"rendered":"<p>L\u2019escola Cam\u00ed del Mig est\u00e0 situada al barri de Pla d\u2019en Boet de Matar\u00f3, que limita amb la zona sud del barri de Cerdanyola. \u00c9s una escola de doble l\u00ednia per\u00f2 actualment t\u00e9 dos nivells triplicats. Va n\u00e9ixer al curs 1978\/79 fruit de les reivindicacions ve\u00efnals per la manca de places escolars en aquell moment, a la ciutat.<\/br><br \/>\nAl llarg d\u2019aquests quasi 40 anys, el centre ha escolaritzat els fills i filles de les fam\u00edlies del barri i zones properes, acollint la diversitat en el ventall social de la poblaci\u00f3 de la ciutat de Matar\u00f3. Els canvis que s\u2019han produ\u00eft en la composici\u00f3 de l\u2019alumnat s\u00f3n el reflex dels canvis i l\u2019evoluci\u00f3 de la poblaci\u00f3 als barris i a la ciutat.<br \/>\n<\/br><br \/>\nLa din\u00e0mica del Claustre de professors \u00e9s de tradici\u00f3 participativa, reflexiva i innovadora, amb una alta implicaci\u00f3 en el funcionament del centre.<\/p>\n","protected":false},"excerpt":{"rendered":"<p>L\u2019escola Cam\u00ed del Mig est\u00e0 situada al barri de Pla d\u2019en Boet de Matar\u00f3, que limita amb la zona sud [&hellip;]<\/p>\n","protected":false},"author":1,"featured_media":0,"parent":22,"menu_order":20,"comment_status":"closed","ping_status":"closed","template":"page-templates\/side-menu.php","meta":{"_bbp_topic_count":0,"_bbp_reply_count":0,"_bbp_total_topic_count":0,"_bbp_total_reply_count":0,"_bbp_voice_count":0,"_bbp_anonymous_reply_count":0,"_bbp_topic_count_hidden":0,"_bbp_reply_count_hidden":0,"_bbp_forum_subforum_count":0,"site-sidebar-layout":"default","site-content-layout":"","ast-site-content-layout":"","site-content-style":"default","site-sidebar-style":"default","ast-global-header-display":"","ast-banner-title-visibility":"","ast-main-header-display":"","ast-hfb-above-header-display":"","ast-hfb-below-header-display":"","ast-hfb-mobile-header-display":"","site-post-title":"","ast-breadcrumbs-content":"","ast-featured-img":"","footer-sml-layout":"","theme-transparent-header-meta":"","adv-header-id-meta":"","stick-header-meta":"","header-above-stick-meta":"","header-main-stick-meta":"","header-below-stick-meta":"","astra-migrate-meta-layouts":"default","ast-page-background-enabled":"default","ast-page-background-meta":{"desktop":{"background-color":"var(--ast-global-color-4)","background-image":"","background-repeat":"repeat","background-position":"center center","background-size":"auto","background-attachment":"scroll","background-type":"","background-media":"","overlay-type":"","overlay-color":"","overlay-opacity":"","overlay-gradient":""},"tablet":{"background-color":"","background-image":"","background-repeat":"repeat","background-position":"center center","background-size":"auto","background-attachment":"scroll","background-type":"","background-media":"","overlay-type":"","overlay-color":"","overlay-opacity":"","overlay-gradient":""},"mobile":{"background-color":"","background-image":"","background-repeat":"repeat","background-position":"center center","background-size":"auto","background-attachment":"scroll","background-type":"","background-media":"","overlay-type":"","overlay-color":"","overlay-opacity":"","overlay-gradient":""}},"ast-content-background-meta":{"desktop":{"background-color":"var(--ast-global-color-5)","background-image":"","background-repeat":"repeat","background-position":"center center","background-size":"auto","background-attachment":"scroll","background-type":"","background-media":"","overlay-type":"","overlay-color":"","overlay-opacity":"","overlay-gradient":""},"tablet":{"background-color":"var(--ast-global-color-5)","background-image":"","background-repeat":"repeat","background-position":"center center","background-size":"auto","background-attachment":"scroll","background-type":"","background-media":"","overlay-type":"","overlay-color":"","overlay-opacity":"","overlay-gradient":""},"mobile":{"background-color":"var(--ast-global-color-5)","background-image":"","background-repeat":"repeat","background-position":"center center","background-size":"auto","background-attachment":"scroll","background-type":"","background-media":"","overlay-type":"","overlay-color":"","overlay-opacity":"","overlay-gradient":""}},"footnotes":""},"class_list":["post-26","page","type-page","status-publish","hentry"],"post_mailing_queue_ids":[],"_links":{"self":[{"href":"https:\/\/agora.xtec.cat\/ceip-camidelmig\/wp-json\/wp\/v2\/pages\/26","targetHints":{"allow":["GET"]}}],"collection":[{"href":"https:\/\/agora.xtec.cat\/ceip-camidelmig\/wp-json\/wp\/v2\/pages"}],"about":[{"href":"https:\/\/agora.xtec.cat\/ceip-camidelmig\/wp-json\/wp\/v2\/types\/page"}],"author":[{"embeddable":true,"href":"https:\/\/agora.xtec.cat\/ceip-camidelmig\/wp-json\/wp\/v2\/users\/1"}],"replies":[{"embeddable":true,"href":"https:\/\/agora.xtec.cat\/ceip-camidelmig\/wp-json\/wp\/v2\/comments?post=26"}],"version-history":[{"count":3,"href":"https:\/\/agora.xtec.cat\/ceip-camidelmig\/wp-json\/wp\/v2\/pages\/26\/revisions"}],"predecessor-version":[{"id":707,"href":"https:\/\/agora.xtec.cat\/ceip-camidelmig\/wp-json\/wp\/v2\/pages\/26\/revisions\/707"}],"up":[{"embeddable":true,"href":"https:\/\/agora.xtec.cat\/ceip-camidelmig\/wp-json\/wp\/v2\/pages\/22"}],"wp:attachment":[{"href":"https:\/\/agora.xtec.cat\/ceip-camidelmig\/wp-json\/wp\/v2\/media?parent=26"}],"curies":[{"name":"wp","href":"https:\/\/api.w.org\/{rel}","templated":true}]}}