{"id":5256,"date":"2022-09-23T21:25:43","date_gmt":"2022-09-23T19:25:43","guid":{"rendered":"https:\/\/agora.xtec.cat\/ceip-calsoler\/?page_id=5256"},"modified":"2025-10-28T13:43:11","modified_gmt":"2025-10-28T12:43:11","slug":"tac","status":"publish","type":"page","link":"https:\/\/agora.xtec.cat\/ceip-calsoler\/tac\/","title":{"rendered":"Estrat\u00e8gia i Cultura Digital"},"content":{"rendered":"<p>L&#8217;actualitat ens porta a avan\u00e7ar al mateix temps que el transcurs de la tecnologia ens ajuda a viure amb suport digital. Aix\u00f2 fa que els infants de l&#8217;escola, amb l&#8217;ajuda de les compet\u00e8ncies digitals docents, tinguin l&#8217;oportunitat d&#8217;aprendre a trav\u00e9s de les tecnologies per a l&#8217;educaci\u00f3.<\/p>\n<p>Podeu observar l&#8217;Estrat\u00e8gia Digital duta a terme per l&#8217;escola fent click <a href=\"https:\/\/docs.google.com\/spreadsheets\/d\/1lnYQu-eJlyBaPVKb5HZoORKbyK2LV86ju_8OCQZ3u3Y\/edit?usp=sharing\">aqu\u00ed.<\/a><\/p>\n<p>Per veure el recorregut que s&#8217;ha dut a terme fins arribar a l&#8217;estrat\u00e8gia digital es pot observar fent click <a href=\"https:\/\/sites.google.com\/puigsoler.cat\/estratgia-digital-de-centre\/cultura-digital\">aqu\u00ed<\/a>.<\/p>\n<p>A partir de diferents processos d&#8217;aprenentatge, on els reptes digitals s\u00f3n el punt de partida de l&#8217;adquisici\u00f3 d&#8217;estrat\u00e8gies per fer front aquests, tot l&#8217;alumnat del centre aprenen aspectes relacionats amb les eines digitals. D&#8217;aquesta manera milloren la seva compet\u00e8ncia digital.<\/p>\n<p>Per observar algunes aplicacions que es fan \u00fas a l&#8217;escola i la programaci\u00f3 que es fa servir, podeu observar el seg\u00fcent banc de recursos creat per la Comissi\u00f3 Digital del centre.<\/p>\n<p><iframe loading=\"lazy\" src=\"https:\/\/www.symbaloo.com\/embed\/shared\/AAAAAQx0GTcAA41-4s2AKQ==\" width=\"930px\" height=\"620px\" frameborder=\"0\"><\/iframe><\/p>\n","protected":false},"excerpt":{"rendered":"<p>L&#8217;actualitat ens porta a avan\u00e7ar al mateix temps que el transcurs de la tecnologia ens ajuda a viure amb suport digital. Aix\u00f2 fa que els infants de l&#8217;escola, amb l&#8217;ajuda de les compet\u00e8ncies digitals docents, tinguin l&#8217;oportunitat d&#8217;aprendre a trav\u00e9s de les tecnologies per a l&#8217;educaci\u00f3. Podeu observar l&#8217;Estrat\u00e8gia Digital duta a terme per l&#8217;escola [&hellip;]<\/p>\n","protected":false},"author":39,"featured_media":0,"parent":0,"menu_order":0,"comment_status":"closed","ping_status":"closed","template":"","meta":{"_bbp_topic_count":0,"_bbp_reply_count":0,"_bbp_total_topic_count":0,"_bbp_total_reply_count":0,"_bbp_voice_count":0,"_bbp_anonymous_reply_count":0,"_bbp_topic_count_hidden":0,"_bbp_reply_count_hidden":0,"_bbp_forum_subforum_count":0,"site-sidebar-layout":"default","site-content-layout":"","ast-site-content-layout":"default","site-content-style":"default","site-sidebar-style":"default","ast-global-header-display":"","ast-banner-title-visibility":"","ast-main-header-display":"","ast-hfb-above-header-display":"","ast-hfb-below-header-display":"","ast-hfb-mobile-header-display":"","site-post-title":"","ast-breadcrumbs-content":"","ast-featured-img":"","footer-sml-layout":"","theme-transparent-header-meta":"default","adv-header-id-meta":"","stick-header-meta":"","header-above-stick-meta":"","header-main-stick-meta":"","header-below-stick-meta":"","astra-migrate-meta-layouts":"set","ast-page-background-enabled":"default","ast-page-background-meta":{"desktop":{"background-color":"var(--ast-global-color-4)","background-image":"","background-repeat":"repeat","background-position":"center center","background-size":"auto","background-attachment":"scroll","background-type":"","background-media":"","overlay-type":"","overlay-color":"","overlay-opacity":"","overlay-gradient":""},"tablet":{"background-color":"","background-image":"","background-repeat":"repeat","background-position":"center center","background-size":"auto","background-attachment":"scroll","background-type":"","background-media":"","overlay-type":"","overlay-color":"","overlay-opacity":"","overlay-gradient":""},"mobile":{"background-color":"","background-image":"","background-repeat":"repeat","background-position":"center center","background-size":"auto","background-attachment":"scroll","background-type":"","background-media":"","overlay-type":"","overlay-color":"","overlay-opacity":"","overlay-gradient":""}},"ast-content-background-meta":{"desktop":{"background-color":"var(--ast-global-color-5)","background-image":"","background-repeat":"repeat","background-position":"center center","background-size":"auto","background-attachment":"scroll","background-type":"","background-media":"","overlay-type":"","overlay-color":"","overlay-opacity":"","overlay-gradient":""},"tablet":{"background-color":"var(--ast-global-color-5)","background-image":"","background-repeat":"repeat","background-position":"center center","background-size":"auto","background-attachment":"scroll","background-type":"","background-media":"","overlay-type":"","overlay-color":"","overlay-opacity":"","overlay-gradient":""},"mobile":{"background-color":"var(--ast-global-color-5)","background-image":"","background-repeat":"repeat","background-position":"center center","background-size":"auto","background-attachment":"scroll","background-type":"","background-media":"","overlay-type":"","overlay-color":"","overlay-opacity":"","overlay-gradient":""}},"footnotes":""},"class_list":["post-5256","page","type-page","status-publish","hentry"],"post_mailing_queue_ids":[],"_links":{"self":[{"href":"https:\/\/agora.xtec.cat\/ceip-calsoler\/wp-json\/wp\/v2\/pages\/5256","targetHints":{"allow":["GET"]}}],"collection":[{"href":"https:\/\/agora.xtec.cat\/ceip-calsoler\/wp-json\/wp\/v2\/pages"}],"about":[{"href":"https:\/\/agora.xtec.cat\/ceip-calsoler\/wp-json\/wp\/v2\/types\/page"}],"author":[{"embeddable":true,"href":"https:\/\/agora.xtec.cat\/ceip-calsoler\/wp-json\/wp\/v2\/users\/39"}],"replies":[{"embeddable":true,"href":"https:\/\/agora.xtec.cat\/ceip-calsoler\/wp-json\/wp\/v2\/comments?post=5256"}],"version-history":[{"count":5,"href":"https:\/\/agora.xtec.cat\/ceip-calsoler\/wp-json\/wp\/v2\/pages\/5256\/revisions"}],"predecessor-version":[{"id":6299,"href":"https:\/\/agora.xtec.cat\/ceip-calsoler\/wp-json\/wp\/v2\/pages\/5256\/revisions\/6299"}],"wp:attachment":[{"href":"https:\/\/agora.xtec.cat\/ceip-calsoler\/wp-json\/wp\/v2\/media?parent=5256"}],"curies":[{"name":"wp","href":"https:\/\/api.w.org\/{rel}","templated":true}]}}