{"id":4071,"date":"2021-03-03T16:12:35","date_gmt":"2021-03-03T15:12:35","guid":{"rendered":"http:\/\/agora.xtec.cat\/ceip-calsoler\/?page_id=4071"},"modified":"2021-12-17T09:26:19","modified_gmt":"2021-12-17T08:26:19","slug":"blog-de-matematiques","status":"publish","type":"page","link":"https:\/\/agora.xtec.cat\/ceip-calsoler\/blogs-despecialitats\/blog-de-matematiques\/","title":{"rendered":"Matem\u00e0tiques"},"content":{"rendered":"<p>Les matem\u00e0tiques que volem fer amb els nens i nenes de l&#8217;escola s\u00f3n manipulatives i competencials.<\/p>\n<p><strong>Manipulatives<\/strong> perqu\u00e8 \u00e9s mitjan\u00e7ant tots els sentits que aconseguirem viure, entendre i estimar les matem\u00e0tiques , i nom\u00e9s despr\u00e9s d&#8217;observar, manipular, experimentar\u00a0 passarem\u00a0 a imaginar mentalment , ho podrem explicar amb paraules , ho representarem gr\u00e0ficament\u00a0 i finalment arribarem a un llenguatge simb\u00f2lic. De<a style=\"color: #2795b6;\" href=\"https:\/\/agora.xtec.cat\/ceip-calsoler\/wp-content\/uploads\/usu1499\/2019\/10\/IMG_20191009_162255.jpg\"><img loading=\"lazy\" decoding=\"async\" class=\"size-medium wp-image-2889 alignright\" src=\"https:\/\/agora.xtec.cat\/ceip-calsoler\/wp-content\/uploads\/usu1499\/2019\/10\/IMG_20191009_162255-225x300.jpg\" alt=\"\" width=\"225\" height=\"300\" srcset=\"https:\/\/agora.xtec.cat\/ceip-calsoler\/wp-content\/uploads\/usu1499\/2019\/10\/IMG_20191009_162255-225x300.jpg 225w, https:\/\/agora.xtec.cat\/ceip-calsoler\/wp-content\/uploads\/usu1499\/2019\/10\/IMG_20191009_162255.jpg 768w\" sizes=\"auto, (max-width: 225px) 100vw, 225px\" \/><\/a> la mateixa\u00a0 manera que una llengua no la introdu\u00efm fent gram\u00e0tica i ortografia\u00a0 tampoc les mates les podem comen\u00e7ar per uns s\u00edmbols .<\/p>\n<p>&nbsp;<\/p>\n<p><strong>Competencials<\/strong> perqu\u00e8\u00a0 cal que els infants siguin competents en tots els \u00e0mbits de la vida . Hem de fer persones cr\u00edtiques , que s\u00e0piguen argumentar, pensar, raonar, resoldre\u00a0 situacions\u00a0 problem\u00e0tiques ,&#8230; I en aix\u00f2 les matem\u00e0tiques ens hi poden ajudar.<\/p>\n<p>Per acccedir al blog de matem\u00e0tiques, tan sols heu de fer<a href=\"https:\/\/agora.xtec.cat\/ceip-calsoler\/blogs-despecialitats\/blog-de-matematiques\/blog-de-matematiques\/\"> click aqu\u00ed<\/a>.<\/p>\n<p>&nbsp;<\/p>\n","protected":false},"excerpt":{"rendered":"<p>Les matem\u00e0tiques que volem fer amb els nens i nenes de l&#8217;escola s\u00f3n manipulatives i competencials. Manipulatives perqu\u00e8 \u00e9s mitjan\u00e7ant tots els sentits que aconseguirem viure, entendre i estimar les matem\u00e0tiques , i nom\u00e9s despr\u00e9s d&#8217;observar, manipular, experimentar\u00a0 passarem\u00a0 a imaginar mentalment , ho podrem explicar amb paraules , ho representarem gr\u00e0ficament\u00a0 i finalment arribarem [&hellip;]<\/p>\n","protected":false},"author":1,"featured_media":0,"parent":3358,"menu_order":0,"comment_status":"closed","ping_status":"closed","template":"","meta":{"_bbp_topic_count":0,"_bbp_reply_count":0,"_bbp_total_topic_count":0,"_bbp_total_reply_count":0,"_bbp_voice_count":0,"_bbp_anonymous_reply_count":0,"_bbp_topic_count_hidden":0,"_bbp_reply_count_hidden":0,"_bbp_forum_subforum_count":0,"site-sidebar-layout":"default","site-content-layout":"","ast-site-content-layout":"","site-content-style":"default","site-sidebar-style":"default","ast-global-header-display":"","ast-banner-title-visibility":"","ast-main-header-display":"","ast-hfb-above-header-display":"","ast-hfb-below-header-display":"","ast-hfb-mobile-header-display":"","site-post-title":"","ast-breadcrumbs-content":"","ast-featured-img":"","footer-sml-layout":"","theme-transparent-header-meta":"","adv-header-id-meta":"","stick-header-meta":"","header-above-stick-meta":"","header-main-stick-meta":"","header-below-stick-meta":"","astra-migrate-meta-layouts":"default","ast-page-background-enabled":"default","ast-page-background-meta":{"desktop":{"background-color":"var(--ast-global-color-4)","background-image":"","background-repeat":"repeat","background-position":"center center","background-size":"auto","background-attachment":"scroll","background-type":"","background-media":"","overlay-type":"","overlay-color":"","overlay-opacity":"","overlay-gradient":""},"tablet":{"background-color":"","background-image":"","background-repeat":"repeat","background-position":"center center","background-size":"auto","background-attachment":"scroll","background-type":"","background-media":"","overlay-type":"","overlay-color":"","overlay-opacity":"","overlay-gradient":""},"mobile":{"background-color":"","background-image":"","background-repeat":"repeat","background-position":"center center","background-size":"auto","background-attachment":"scroll","background-type":"","background-media":"","overlay-type":"","overlay-color":"","overlay-opacity":"","overlay-gradient":""}},"ast-content-background-meta":{"desktop":{"background-color":"var(--ast-global-color-5)","background-image":"","background-repeat":"repeat","background-position":"center center","background-size":"auto","background-attachment":"scroll","background-type":"","background-media":"","overlay-type":"","overlay-color":"","overlay-opacity":"","overlay-gradient":""},"tablet":{"background-color":"var(--ast-global-color-5)","background-image":"","background-repeat":"repeat","background-position":"center center","background-size":"auto","background-attachment":"scroll","background-type":"","background-media":"","overlay-type":"","overlay-color":"","overlay-opacity":"","overlay-gradient":""},"mobile":{"background-color":"var(--ast-global-color-5)","background-image":"","background-repeat":"repeat","background-position":"center center","background-size":"auto","background-attachment":"scroll","background-type":"","background-media":"","overlay-type":"","overlay-color":"","overlay-opacity":"","overlay-gradient":""}},"footnotes":""},"class_list":["post-4071","page","type-page","status-publish","hentry"],"post_mailing_queue_ids":[],"_links":{"self":[{"href":"https:\/\/agora.xtec.cat\/ceip-calsoler\/wp-json\/wp\/v2\/pages\/4071","targetHints":{"allow":["GET"]}}],"collection":[{"href":"https:\/\/agora.xtec.cat\/ceip-calsoler\/wp-json\/wp\/v2\/pages"}],"about":[{"href":"https:\/\/agora.xtec.cat\/ceip-calsoler\/wp-json\/wp\/v2\/types\/page"}],"author":[{"embeddable":true,"href":"https:\/\/agora.xtec.cat\/ceip-calsoler\/wp-json\/wp\/v2\/users\/1"}],"replies":[{"embeddable":true,"href":"https:\/\/agora.xtec.cat\/ceip-calsoler\/wp-json\/wp\/v2\/comments?post=4071"}],"version-history":[{"count":3,"href":"https:\/\/agora.xtec.cat\/ceip-calsoler\/wp-json\/wp\/v2\/pages\/4071\/revisions"}],"predecessor-version":[{"id":4723,"href":"https:\/\/agora.xtec.cat\/ceip-calsoler\/wp-json\/wp\/v2\/pages\/4071\/revisions\/4723"}],"up":[{"embeddable":true,"href":"https:\/\/agora.xtec.cat\/ceip-calsoler\/wp-json\/wp\/v2\/pages\/3358"}],"wp:attachment":[{"href":"https:\/\/agora.xtec.cat\/ceip-calsoler\/wp-json\/wp\/v2\/media?parent=4071"}],"curies":[{"name":"wp","href":"https:\/\/api.w.org\/{rel}","templated":true}]}}