{"id":3149,"date":"2019-11-26T15:52:11","date_gmt":"2019-11-26T14:52:11","guid":{"rendered":"http:\/\/agora.xtec.cat\/ceip-calsoler\/?page_id=3149"},"modified":"2019-11-26T15:55:48","modified_gmt":"2019-11-26T14:55:48","slug":"parasits","status":"publish","type":"page","link":"https:\/\/agora.xtec.cat\/ceip-calsoler\/lescola\/salut\/parasits\/","title":{"rendered":"Par\u00e0sits"},"content":{"rendered":"<h3>Qu\u00e8 s\u00f3n els polls?<\/h3>\n<p>Els polls s\u00f3n insectes que parasiten I\u2019home. Els del cap viuen als cabells i s\u2019alimenten de la sang que xuclen en picar el cuir cabellut. EI poll adult viu aproximadament un mes, durant aquest temps la femella fa de 5 a 10 ous (ll\u00e9menes) diaris. Les ll\u00e9menes s\u2019adhereixen als cabells i en un per\u00edode de 7 a 10 dies es transformen en polls adults.<br \/>\nLes ll\u00e9menes s\u00f3n petites, de color blanc i es localitzen preferentment al clatell i darrere de les orelles. La principal mol\u00e8stia que produeixen \u00e9s la picor.<\/p>\n<h3>Mesures preventives<\/h3>\n<p>\u2022 Revisar els cabells de dos a tres cops per setmana.<br \/>\n\u2022 Rentar els cabells un parell de cops per setmana.<br \/>\n\u2022 Raspallar els cabells di\u00e0riament, procurant mantenir netes les pintes i raspalls.<br \/>\n\u2022 Informar als nens que I\u2019intercanvi de barrets, diademes, pintes, raspalls i altres objectes d\u2019us personal afavoreixen la contaminaci\u00f3.<\/p>\n<p>Cal tenir present que aquestes mesures s\u00f3n d\u2019higiene personal i s\u2019han de portar a terme de manera habitual.<\/p>\n<h3>I si el meu fill\/a t\u00e9 polls, qu\u00e8?<\/h3>\n<p>1. Porti a terme el tractament adient. Pot demanar consell al pediatre o a la farm\u00e0cia.<br \/>\n2. EI seu fill\/a esta infestat,\u00a0<strong>NO POT VENIR A L\u2019ESCOLA<\/strong>\u00a0fins que tingui el cabell completament net. Si s\u2019han detectat polls des de casa cal comunicar-ho a l\u2019escola i l\u2019infant no podr\u00e0 assistir a classe fins que s\u2019hagi resolt el problema. En cap cas es pot tornar\u00a0 l\u2019escola abans de les 24 hores.<br \/>\n3. Si s\u2019observa que el seu fill\/a esta infestat, ens posarem en contacte amb la fam\u00edlia perqu\u00e8 el vinguin a recollir IMMEDIATAMENT.<\/p>\n","protected":false},"excerpt":{"rendered":"<p>Qu\u00e8 s\u00f3n els polls? Els polls s\u00f3n insectes que parasiten I\u2019home. Els del cap viuen als cabells i s\u2019alimenten de la sang que xuclen en picar el cuir cabellut. EI poll adult viu aproximadament un mes, durant aquest temps la femella fa de 5 a 10 ous (ll\u00e9menes) diaris. Les ll\u00e9menes s\u2019adhereixen als cabells i [&hellip;]<\/p>\n","protected":false},"author":1,"featured_media":0,"parent":38,"menu_order":0,"comment_status":"closed","ping_status":"closed","template":"page-templates\/side-menu.php","meta":{"_bbp_topic_count":0,"_bbp_reply_count":0,"_bbp_total_topic_count":0,"_bbp_total_reply_count":0,"_bbp_voice_count":0,"_bbp_anonymous_reply_count":0,"_bbp_topic_count_hidden":0,"_bbp_reply_count_hidden":0,"_bbp_forum_subforum_count":0,"site-sidebar-layout":"default","site-content-layout":"","ast-site-content-layout":"","site-content-style":"default","site-sidebar-style":"default","ast-global-header-display":"","ast-banner-title-visibility":"","ast-main-header-display":"","ast-hfb-above-header-display":"","ast-hfb-below-header-display":"","ast-hfb-mobile-header-display":"","site-post-title":"","ast-breadcrumbs-content":"","ast-featured-img":"","footer-sml-layout":"","theme-transparent-header-meta":"","adv-header-id-meta":"","stick-header-meta":"","header-above-stick-meta":"","header-main-stick-meta":"","header-below-stick-meta":"","astra-migrate-meta-layouts":"default","ast-page-background-enabled":"default","ast-page-background-meta":{"desktop":{"background-color":"var(--ast-global-color-4)","background-image":"","background-repeat":"repeat","background-position":"center center","background-size":"auto","background-attachment":"scroll","background-type":"","background-media":"","overlay-type":"","overlay-color":"","overlay-opacity":"","overlay-gradient":""},"tablet":{"background-color":"","background-image":"","background-repeat":"repeat","background-position":"center center","background-size":"auto","background-attachment":"scroll","background-type":"","background-media":"","overlay-type":"","overlay-color":"","overlay-opacity":"","overlay-gradient":""},"mobile":{"background-color":"","background-image":"","background-repeat":"repeat","background-position":"center center","background-size":"auto","background-attachment":"scroll","background-type":"","background-media":"","overlay-type":"","overlay-color":"","overlay-opacity":"","overlay-gradient":""}},"ast-content-background-meta":{"desktop":{"background-color":"var(--ast-global-color-5)","background-image":"","background-repeat":"repeat","background-position":"center center","background-size":"auto","background-attachment":"scroll","background-type":"","background-media":"","overlay-type":"","overlay-color":"","overlay-opacity":"","overlay-gradient":""},"tablet":{"background-color":"var(--ast-global-color-5)","background-image":"","background-repeat":"repeat","background-position":"center center","background-size":"auto","background-attachment":"scroll","background-type":"","background-media":"","overlay-type":"","overlay-color":"","overlay-opacity":"","overlay-gradient":""},"mobile":{"background-color":"var(--ast-global-color-5)","background-image":"","background-repeat":"repeat","background-position":"center center","background-size":"auto","background-attachment":"scroll","background-type":"","background-media":"","overlay-type":"","overlay-color":"","overlay-opacity":"","overlay-gradient":""}},"footnotes":""},"class_list":["post-3149","page","type-page","status-publish","hentry"],"post_mailing_queue_ids":[],"_links":{"self":[{"href":"https:\/\/agora.xtec.cat\/ceip-calsoler\/wp-json\/wp\/v2\/pages\/3149","targetHints":{"allow":["GET"]}}],"collection":[{"href":"https:\/\/agora.xtec.cat\/ceip-calsoler\/wp-json\/wp\/v2\/pages"}],"about":[{"href":"https:\/\/agora.xtec.cat\/ceip-calsoler\/wp-json\/wp\/v2\/types\/page"}],"author":[{"embeddable":true,"href":"https:\/\/agora.xtec.cat\/ceip-calsoler\/wp-json\/wp\/v2\/users\/1"}],"replies":[{"embeddable":true,"href":"https:\/\/agora.xtec.cat\/ceip-calsoler\/wp-json\/wp\/v2\/comments?post=3149"}],"version-history":[{"count":2,"href":"https:\/\/agora.xtec.cat\/ceip-calsoler\/wp-json\/wp\/v2\/pages\/3149\/revisions"}],"predecessor-version":[{"id":3151,"href":"https:\/\/agora.xtec.cat\/ceip-calsoler\/wp-json\/wp\/v2\/pages\/3149\/revisions\/3151"}],"up":[{"embeddable":true,"href":"https:\/\/agora.xtec.cat\/ceip-calsoler\/wp-json\/wp\/v2\/pages\/38"}],"wp:attachment":[{"href":"https:\/\/agora.xtec.cat\/ceip-calsoler\/wp-json\/wp\/v2\/media?parent=3149"}],"curies":[{"name":"wp","href":"https:\/\/api.w.org\/{rel}","templated":true}]}}