{"id":586,"date":"2019-03-27T12:55:05","date_gmt":"2019-03-27T11:55:05","guid":{"rendered":"https:\/\/agora.xtec.cat\/ceip-bernatdesclot\/?page_id=586"},"modified":"2026-03-03T15:05:02","modified_gmt":"2026-03-03T14:05:02","slug":"documents","status":"publish","type":"page","link":"https:\/\/agora.xtec.cat\/ceip-bernatdesclot\/lescola\/documents\/","title":{"rendered":"Documentaci\u00f3 del centre"},"content":{"rendered":"<table style=\"border-collapse: collapse; width: 100%;\">\n<tbody>\n<tr style=\"background-color: #75c7b9;\">\n<td style=\"width: 100%; text-align: center;\"><span style=\"font-size: 12pt;\"><strong>CONSULTA DOCUMENTS DE GESTI\u00d3 DE L&#8217;ESCOLA<\/strong><\/span><\/td>\n<\/tr>\n<\/tbody>\n<\/table>\n<table style=\"width: 99.9055%; height: 281px;\">\n<tbody>\n<tr style=\"height: 32px;\">\n<td style=\"width: 27.1453%; background-color: #087eb6; height: 32px; text-align: center;\"><strong><span style=\"color: #ffffff;\">AUTORITZACIONS<\/span><\/strong><\/td>\n<td style=\"width: 30.7922%; background-color: #087eb6; height: 32px; text-align: center;\"><strong><span style=\"color: #ffffff;\">INFORMACIONS CURS 2025\/2026<br \/>\n<\/span><\/strong><\/td>\n<td style=\"width: 32.954%; background-color: #087eb6; height: 32px; text-align: center;\"><strong><span style=\"color: #ffffff;\">DOCUMENTS DE CENTRE<\/span><\/strong><\/td>\n<\/tr>\n<tr style=\"height: 185px;\">\n<td style=\"width: 27.1453%; height: 185px; vertical-align: top;\">\n<ul>\n<li><span style=\"color: #000000; font-family: helvetica, arial, sans-serif;\"><strong><a style=\"color: #000000;\" href=\"https:\/\/drive.google.com\/file\/d\/1bGbE7Fx9nRwEm284bNmWD1PpXxsQxWYb\/view?usp=drive_link\" target=\"_blank\" rel=\"noopener\">Autoritzacions diverses 25-26<\/a><\/strong><\/span><\/li>\n<li><span style=\"color: #000000; font-family: helvetica, arial, sans-serif;\"><strong><a style=\"color: #000000;\" href=\"https:\/\/drive.google.com\/file\/d\/1MpFymJSVixRiK19Lxc7mF-m_SVvcpWZc\/view?usp=drive_link\">Autoritzaci\u00f3 paracetamol\/ibuprof\u00e8n 25-26<\/a><\/strong><\/span><\/li>\n<li><span style=\"color: #000000; font-family: helvetica, arial, sans-serif;\"><strong><a style=\"color: #000000;\" href=\"https:\/\/drive.google.com\/file\/d\/1yBnQ9zqdcgs73J4_LbEhY1VnGVNV8VZh\/view?usp=sharing\">Autoritzaci\u00f3 administraci\u00f3 medicaments 25-26\u00a0<\/a><\/strong><\/span><\/li>\n<\/ul>\n<\/td>\n<td style=\"width: 30.7922%; height: 185px; vertical-align: top;\">\n<ul>\n<li><span style=\"color: #000000;\"><strong><a style=\"color: #000000;\" href=\"https:\/\/drive.google.com\/file\/d\/1AF-z6Y8B0suGZn9nH9-aI7gXbmcC-XDJ\/view?usp=drive_link\">Calendari escolar 25\/26<\/a><\/strong><\/span><\/li>\n<li><span style=\"color: #000000;\"><strong><a style=\"color: #000000;\" href=\"https:\/\/drive.google.com\/file\/d\/11eqadgWRIaig2drO0gGMJUD12RRAzW2x\/view?usp=drive_link\">Normativa horari entrades i sortides 25\/26<\/a><\/strong><\/span><\/li>\n<li><span style=\"color: #000000;\"><strong><a style=\"color: #000000;\" href=\"https:\/\/drive.google.com\/file\/d\/18v614G5SEeBymlStMlnf6qSvSo_JLJhp\/view?usp=drive_link\">Informaci\u00f3 activitat nataci\u00f3 infantil i prim\u00e0ria 25\/26<\/a><\/strong><\/span><\/li>\n<li><span style=\"color: #000000;\"><strong><a style=\"color: #000000;\" href=\"https:\/\/drive.google.com\/file\/d\/1d_5hQoiXA7Tw31AGRCh4jrFglMOp_yE7\/view?usp=sharing\">Quota escolar 25\/26<\/a><\/strong><\/span><\/li>\n<li><span style=\"color: #000000;\"><strong><a style=\"color: #000000;\" href=\"https:\/\/drive.google.com\/file\/d\/1lt_6BJAVj8vLyNwL9LtE4ANjGnXOMEku\/view?usp=drive_link\">Informaci\u00f3 Val Escolar 25\/26<\/a><\/strong><\/span><\/li>\n<li><span style=\"color: #000000;\"><strong><a style=\"color: #000000;\" href=\"https:\/\/drive.google.com\/file\/d\/14pddd--w7wCz5j_Po84m7vo8xE1x27L7\/view?usp=drive_link\">Llistat de llibres curs 25\/26<\/a><\/strong><\/span><\/li>\n<li><span style=\"color: #33cccc;\"><a style=\"color: #33cccc;\" href=\"https:\/\/drive.google.com\/file\/d\/1pLKC0EThGa9wXHq7lL9P6xVGq6eA8lCo\/view?usp=sharing\">Horari d&#8217;atenci\u00f3 equip docent i PAE 25\/26<\/a><\/span><\/li>\n<\/ul>\n<\/td>\n<td style=\"width: 32.954%; height: 185px; vertical-align: top;\">\n<ul>\n<li><span style=\"color: #000000;\"><strong><a style=\"color: #000000;\" href=\"https:\/\/agora.xtec.cat\/ceip-bernatdesclot\/wp-content\/uploads\/usu1950\/2019\/03\/Projecte-Educatiu.pdf\">Projecte Educatiu de Centre (PEC)<\/a><\/strong><\/span><\/li>\n<li><span style=\"color: #000000;\"><strong><a style=\"color: #000000;\" href=\"https:\/\/agora.xtec.cat\/ceip-bernatdesclot\/wp-content\/uploads\/usu1950\/2022\/09\/Projecte-Linguistic-Escola-Bernat-Desclot-actualitzacio-juny-2022-1.pdf\">Projecte Ling\u00fc\u00edstic<\/a><\/strong><\/span><\/li>\n<li><span style=\"color: #000000;\"><strong><a style=\"color: #000000;\" href=\"https:\/\/agora.xtec.cat\/ceip-bernatdesclot\/wp-content\/uploads\/usu1950\/2019\/03\/Projecte-de-Conviv\u00e8ncia.pdf\">Projecte de Conviv\u00e8ncia<\/a><\/strong><\/span><\/li>\n<li><span style=\"color: #000000;\"><strong>Normes d&#8217;Organitzaci\u00f3 i Funcionament de Centre (NOFC) <\/strong><\/span><span style=\"color: #000000; font-size: 8pt;\"><strong><em>en proc\u00e9s d&#8217;actualitzaci\u00f3<\/em><\/strong><\/span><\/li>\n<li><span style=\"color: #000000;\"><strong><a style=\"color: #000000;\" href=\"https:\/\/sites.google.com\/xtec.cat\/edc-escola-bernat-desclot\" target=\"_blank\" rel=\"noopener\">Estrat\u00e8gia Digital de Centre<\/a><\/strong><\/span><\/li>\n<\/ul>\n<\/td>\n<\/tr>\n<\/tbody>\n<\/table>\n","protected":false},"excerpt":{"rendered":"<p>CONSULTA DOCUMENTS DE GESTI\u00d3 DE L&#8217;ESCOLA<\/p>\n<p>AUTORITZACIONS<br \/>\nINFORMACIONS CURS 2025\/2026<\/p>\n<p>DOCUMENTS DE CENTRE<\/p>\n<ul>\n<li><a style=\"color: #000000;\" href=\"https:\/\/drive.google.com\/file\/d\/1bGbE7Fx9nRwEm284bNmWD1PpXxsQxWYb\/view?usp=drive_link\" target=\"_blank\" rel=\"noopener\">Autoritzacions diverses 25-26<\/a><\/li>\n<li><a style=\"color: #000000;\" href=\"https:\/\/drive.google.com\/file\/d\/1MpFymJSVixRiK19Lxc7mF-m_SVvcpWZc\/view?usp=drive_link\">Autoritzaci\u00f3 paracetamol\/ibuprof\u00e8n 25-26<\/a><\/li>\n<li><a style=\"color: #000000;\" href=\"https:\/\/drive.google.com\/file\/d\/1yBnQ9zqdcgs73J4_LbEhY1VnGVNV8VZh\/view?usp=sharing\">Autoritzaci\u00f3 administraci\u00f3 medicaments 25-26\u00a0<\/a><\/li>\n<\/ul>\n<ul>\n<li><a style=\"color: #000000;\" href=\"https:\/\/drive.google.com\/file\/d\/1AF-z6Y8B0suGZn9nH9-aI7gXbmcC-XDJ\/view?usp=drive_link\">Calendari escolar 25\/26<\/a><\/li>\n<li><a style=\"color: #000000;\" href=\"https:\/\/drive.google.com\/file\/d\/11eqadgWRIaig2drO0gGMJUD12RRAzW2x\/view?usp=drive_link\">Normativa horari entrades i sortides 25\/26<\/a><\/li>\n<li><a style=\"color: #000000;\" href=\"https:\/\/drive.google.com\/file\/d\/18v614G5SEeBymlStMlnf6qSvSo_JLJhp\/view?usp=drive_link\">Informaci\u00f3 activitat&hellip;  <a href=\"https:\/\/agora.xtec.cat\/ceip-bernatdesclot\/lescola\/documents\/\" title=\"Read Documentaci\u00f3 del centre\">Llegeix m\u00e9s\u00bb<\/a><br \/>\n","protected":false},"author":1,"featured_media":0,"parent":22,"menu_order":0,"comment_status":"closed","ping_status":"closed","template":"page-templates\/side-menu.php","meta":{"_bbp_topic_count":0,"_bbp_reply_count":0,"_bbp_total_topic_count":0,"_bbp_total_reply_count":0,"_bbp_voice_count":0,"_bbp_anonymous_reply_count":0,"_bbp_topic_count_hidden":0,"_bbp_reply_count_hidden":0,"_bbp_forum_subforum_count":0,"footnotes":""},"class_list":["post-586","page","type-page","status-publish","hentry"],"post_mailing_queue_ids":[],"_links":{"self":[{"href":"https:\/\/agora.xtec.cat\/ceip-bernatdesclot\/wp-json\/wp\/v2\/pages\/586","targetHints":{"allow":["GET"]}}],"collection":[{"href":"https:\/\/agora.xtec.cat\/ceip-bernatdesclot\/wp-json\/wp\/v2\/pages"}],"about":[{"href":"https:\/\/agora.xtec.cat\/ceip-bernatdesclot\/wp-json\/wp\/v2\/types\/page"}],"author":[{"embeddable":true,"href":"https:\/\/agora.xtec.cat\/ceip-bernatdesclot\/wp-json\/wp\/v2\/users\/1"}],"replies":[{"embeddable":true,"href":"https:\/\/agora.xtec.cat\/ceip-bernatdesclot\/wp-json\/wp\/v2\/comments?post=586"}],"version-history":[{"count":7,"href":"https:\/\/agora.xtec.cat\/ceip-bernatdesclot\/wp-json\/wp\/v2\/pages\/586\/revisions"}],"predecessor-version":[{"id":5396,"href":"https:\/\/agora.xtec.cat\/ceip-bernatdesclot\/wp-json\/wp\/v2\/pages\/586\/revisions\/5396"}],"up":[{"embeddable":true,"href":"https:\/\/agora.xtec.cat\/ceip-bernatdesclot\/wp-json\/wp\/v2\/pages\/22"}],"wp:attachment":[{"href":"https:\/\/agora.xtec.cat\/ceip-bernatdesclot\/wp-json\/wp\/v2\/media?parent=586"}],"curies":[{"name":"wp","href":"https:\/\/api.w.org\/{rel}","templated":true}]}}