{"id":5524,"date":"2026-04-09T09:42:09","date_gmt":"2026-04-09T07:42:09","guid":{"rendered":"https:\/\/agora.xtec.cat\/ceip-bernatdesclot\/?page_id=5524"},"modified":"2026-04-09T15:31:41","modified_gmt":"2026-04-09T13:31:41","slug":"programa-temporal-per-impulsar-la-perspectiva-orientada-i-social-als-centres-educatius","status":"publish","type":"page","link":"https:\/\/agora.xtec.cat\/ceip-bernatdesclot\/projectes\/programa-temporal-per-impulsar-la-perspectiva-orientada-i-social-als-centres-educatius\/","title":{"rendered":"Programa temporal per impulsar la perspectiva orientada i social als centres educatius"},"content":{"rendered":"\n<figure class=\"wp-block-image size-full\"><a href=\"https:\/\/agora.xtec.cat\/ceip-bernatdesclot\/wp-content\/uploads\/usu1950\/2026\/04\/logo-cofinancament.png\"><img loading=\"lazy\" decoding=\"async\" width=\"750\" height=\"200\" src=\"https:\/\/agora.xtec.cat\/ceip-bernatdesclot\/wp-content\/uploads\/usu1950\/2026\/04\/logo-cofinancament.png\" alt=\"\" class=\"wp-image-5526\" srcset=\"https:\/\/agora.xtec.cat\/ceip-bernatdesclot\/wp-content\/uploads\/usu1950\/2026\/04\/logo-cofinancament.png 750w, https:\/\/agora.xtec.cat\/ceip-bernatdesclot\/wp-content\/uploads\/usu1950\/2026\/04\/logo-cofinancament-300x80.png 300w\" sizes=\"auto, (max-width: 750px) 100vw, 750px\" \/><\/a><\/figure>\n\n\n\n<p><strong>Programa de contractaci\u00f3 de t\u00e8cnics d\u2019integraci\u00f3 social i educadors socials<\/strong><br>L&#8217;escola Bernat Desclot disposa de professionals d\u2019atenci\u00f3 educativa amb la finalitat de garantir l\u2019equitat en l\u2019acc\u00e9s a l\u2019educaci\u00f3: una t\u00e8cnica d&#8217;integraci\u00f3 social.<br>La contractaci\u00f3 d\u2019aquesta professional est\u00e0 cofinan\u00e7ada en un 40 % per la Uni\u00f3 Europea i la resta pel Departament d\u2019Educaci\u00f3 i Formaci\u00f3 Professional, fet que comporta complir unes mesures de publicitat i comunicaci\u00f3.<br>La incorporaci\u00f3 de la t\u00e8cnica d&#8217;integraci\u00f3 social t\u00e9 com a objecte suplementar amb professionals d&#8217;atenci\u00f3 educativa l&#8217;activitat que es presta en els centres educatius, amb la finalitat de garantir l&#8217;equitat en l&#8217;acc\u00e9s a l\u2019educaci\u00f3.<br>Els objectius del Programa de t\u00e8cnics d\u2019integraci\u00f3 social i educadors socials, cofinan\u00e7at per la Uni\u00f3 Europea, s\u00f3n:<\/p>\n\n\n\n<ul class=\"wp-block-list\">\n<li>Prevenir l\u2019abandonament prematur i el frac\u00e0s escolar.<\/li>\n\n\n\n<li>Procurar el benestar emocional dels alumnes.<\/li>\n\n\n\n<li>Facilitar una bona conviv\u00e8ncia en els centres educatius.<\/li>\n\n\n\n<li>Contribuir a l\u2019orientaci\u00f3 dels alumnes.<\/li>\n\n\n\n<li>Fomentar la implicaci\u00f3 de les fam\u00edlies.<\/li>\n\n\n\n<li>Fomentar el vincle entre l\u2019escola i el seu entorn.<\/li>\n\n\n\n<li>Contribuir al desenvolupament de plans d\u2019\u00e0mbit comunitari.<br>El resultat esperat del programa \u00e9s reduir l\u2019absentisme escolar i l\u2019abandonament prematur.<\/li>\n<\/ul>\n\n\n\n<p>El resultat esperat del programa \u00e9s reduir l\u2019absentisme escolar i l\u2019abandonament prematur.<\/p>\n\n\n\n<p><\/p>\n","protected":false},"excerpt":{"rendered":"<p><a href=\"https:\/\/agora.xtec.cat\/ceip-bernatdesclot\/wp-content\/uploads\/usu1950\/2026\/04\/logo-cofinancament.png\"><\/a><\/p>\n<p>Programa de contractaci\u00f3 de t\u00e8cnics d\u2019integraci\u00f3 social i educadors socialsL&#8217;escola Bernat Desclot disposa de professionals d\u2019atenci\u00f3 educativa amb la finalitat de garantir l\u2019equitat en l\u2019acc\u00e9s a l\u2019educaci\u00f3: una t\u00e8cnica d&#8217;integraci\u00f3 social.La contractaci\u00f3 d\u2019aquesta professional est\u00e0 cofinan\u00e7ada en un 40 % per la Uni\u00f3 Europea&hellip;  <a href=\"https:\/\/agora.xtec.cat\/ceip-bernatdesclot\/projectes\/programa-temporal-per-impulsar-la-perspectiva-orientada-i-social-als-centres-educatius\/\" title=\"Read Programa temporal per impulsar la perspectiva orientada i social als centres educatius\">Llegeix m\u00e9s\u00bb<\/a><\/p>\n","protected":false},"author":3,"featured_media":0,"parent":3491,"menu_order":0,"comment_status":"closed","ping_status":"closed","template":"","meta":{"_bbp_topic_count":0,"_bbp_reply_count":0,"_bbp_total_topic_count":0,"_bbp_total_reply_count":0,"_bbp_voice_count":0,"_bbp_anonymous_reply_count":0,"_bbp_topic_count_hidden":0,"_bbp_reply_count_hidden":0,"_bbp_forum_subforum_count":0,"footnotes":""},"class_list":["post-5524","page","type-page","status-publish","hentry"],"post_mailing_queue_ids":[],"_links":{"self":[{"href":"https:\/\/agora.xtec.cat\/ceip-bernatdesclot\/wp-json\/wp\/v2\/pages\/5524","targetHints":{"allow":["GET"]}}],"collection":[{"href":"https:\/\/agora.xtec.cat\/ceip-bernatdesclot\/wp-json\/wp\/v2\/pages"}],"about":[{"href":"https:\/\/agora.xtec.cat\/ceip-bernatdesclot\/wp-json\/wp\/v2\/types\/page"}],"author":[{"embeddable":true,"href":"https:\/\/agora.xtec.cat\/ceip-bernatdesclot\/wp-json\/wp\/v2\/users\/3"}],"replies":[{"embeddable":true,"href":"https:\/\/agora.xtec.cat\/ceip-bernatdesclot\/wp-json\/wp\/v2\/comments?post=5524"}],"version-history":[{"count":3,"href":"https:\/\/agora.xtec.cat\/ceip-bernatdesclot\/wp-json\/wp\/v2\/pages\/5524\/revisions"}],"predecessor-version":[{"id":5535,"href":"https:\/\/agora.xtec.cat\/ceip-bernatdesclot\/wp-json\/wp\/v2\/pages\/5524\/revisions\/5535"}],"up":[{"embeddable":true,"href":"https:\/\/agora.xtec.cat\/ceip-bernatdesclot\/wp-json\/wp\/v2\/pages\/3491"}],"wp:attachment":[{"href":"https:\/\/agora.xtec.cat\/ceip-bernatdesclot\/wp-json\/wp\/v2\/media?parent=5524"}],"curies":[{"name":"wp","href":"https:\/\/api.w.org\/{rel}","templated":true}]}}