{"id":5522,"date":"2026-04-09T09:39:15","date_gmt":"2026-04-09T07:39:15","guid":{"rendered":"https:\/\/agora.xtec.cat\/ceip-bernatdesclot\/?page_id=5522"},"modified":"2026-04-09T15:17:33","modified_gmt":"2026-04-09T13:17:33","slug":"xarxa-de-competencia-lectora","status":"publish","type":"page","link":"https:\/\/agora.xtec.cat\/ceip-bernatdesclot\/projectes\/xarxa-de-competencia-lectora\/","title":{"rendered":"Xarxa de compet\u00e8ncia lectora"},"content":{"rendered":"\n<p>El Departament d\u2019Educaci\u00f3 i Formaci\u00f3 Professional desplega un <strong>pla integral per millorar la compet\u00e8ncia lectora de l\u2019alumnat<\/strong>, arran de la preocupaci\u00f3 pels resultats en comprensi\u00f3 lectora. El projecte engloba des de l\u2019actualitzaci\u00f3 de biblioteques escolars fins a la formaci\u00f3 espec\u00edfica per al professorat, passant per la creaci\u00f3 de xarxes de comprensi\u00f3 lectora i l\u2019impuls de l\u2019h\u00e0bit lector.<\/p>\n\n\n\n<p>Amb l\u2019objectiu de fomentar una millora tangible en la comprensi\u00f3 lectora, la xarxa de compet\u00e8ncia lectora (XCL) vol promoure l\u2019aprenentatge entre iguals, mitjan\u00e7ant la reflexi\u00f3, l\u2019intercanvi de coneixements i de bones pr\u00e0ctiques, aix\u00ed com oferir i compartir materials, eines, estrat\u00e8gies i activitats per millorar la comprensi\u00f3 lectora d\u2019infants i joves.<\/p>\n\n\n\n<p>En el treball de la xarxa es treballen els components que cal tenir en compte per a treballar i millorar la compet\u00e8ncia lectora de l\u2019alumnat.<\/p>\n\n\n\n<figure class=\"wp-block-image size-full\"><a href=\"https:\/\/agora.xtec.cat\/ceip-bernatdesclot\/wp-content\/uploads\/usu1950\/2026\/04\/GaO02KkWkAANjck.jpg\"><img loading=\"lazy\" decoding=\"async\" width=\"924\" height=\"298\" src=\"https:\/\/agora.xtec.cat\/ceip-bernatdesclot\/wp-content\/uploads\/usu1950\/2026\/04\/GaO02KkWkAANjck.jpg\" alt=\"\" class=\"wp-image-5529\" srcset=\"https:\/\/agora.xtec.cat\/ceip-bernatdesclot\/wp-content\/uploads\/usu1950\/2026\/04\/GaO02KkWkAANjck.jpg 924w, https:\/\/agora.xtec.cat\/ceip-bernatdesclot\/wp-content\/uploads\/usu1950\/2026\/04\/GaO02KkWkAANjck-300x97.jpg 300w, https:\/\/agora.xtec.cat\/ceip-bernatdesclot\/wp-content\/uploads\/usu1950\/2026\/04\/GaO02KkWkAANjck-768x248.jpg 768w\" sizes=\"auto, (max-width: 924px) 100vw, 924px\" \/><\/a><\/figure>\n","protected":false},"excerpt":{"rendered":"<p>El Departament d\u2019Educaci\u00f3 i Formaci\u00f3 Professional desplega un pla integral per millorar la compet\u00e8ncia lectora de l\u2019alumnat, arran de la preocupaci\u00f3 pels resultats en comprensi\u00f3 lectora. El projecte engloba des de l\u2019actualitzaci\u00f3 de biblioteques escolars fins a la formaci\u00f3 espec\u00edfica per al professorat, passant per&hellip;  <a href=\"https:\/\/agora.xtec.cat\/ceip-bernatdesclot\/projectes\/xarxa-de-competencia-lectora\/\" title=\"Read Xarxa de compet\u00e8ncia lectora\">Llegeix m\u00e9s\u00bb<\/a><\/p>\n","protected":false},"author":3,"featured_media":0,"parent":3491,"menu_order":0,"comment_status":"closed","ping_status":"closed","template":"","meta":{"_bbp_topic_count":0,"_bbp_reply_count":0,"_bbp_total_topic_count":0,"_bbp_total_reply_count":0,"_bbp_voice_count":0,"_bbp_anonymous_reply_count":0,"_bbp_topic_count_hidden":0,"_bbp_reply_count_hidden":0,"_bbp_forum_subforum_count":0,"footnotes":""},"class_list":["post-5522","page","type-page","status-publish","hentry"],"post_mailing_queue_ids":[],"_links":{"self":[{"href":"https:\/\/agora.xtec.cat\/ceip-bernatdesclot\/wp-json\/wp\/v2\/pages\/5522","targetHints":{"allow":["GET"]}}],"collection":[{"href":"https:\/\/agora.xtec.cat\/ceip-bernatdesclot\/wp-json\/wp\/v2\/pages"}],"about":[{"href":"https:\/\/agora.xtec.cat\/ceip-bernatdesclot\/wp-json\/wp\/v2\/types\/page"}],"author":[{"embeddable":true,"href":"https:\/\/agora.xtec.cat\/ceip-bernatdesclot\/wp-json\/wp\/v2\/users\/3"}],"replies":[{"embeddable":true,"href":"https:\/\/agora.xtec.cat\/ceip-bernatdesclot\/wp-json\/wp\/v2\/comments?post=5522"}],"version-history":[{"count":2,"href":"https:\/\/agora.xtec.cat\/ceip-bernatdesclot\/wp-json\/wp\/v2\/pages\/5522\/revisions"}],"predecessor-version":[{"id":5530,"href":"https:\/\/agora.xtec.cat\/ceip-bernatdesclot\/wp-json\/wp\/v2\/pages\/5522\/revisions\/5530"}],"up":[{"embeddable":true,"href":"https:\/\/agora.xtec.cat\/ceip-bernatdesclot\/wp-json\/wp\/v2\/pages\/3491"}],"wp:attachment":[{"href":"https:\/\/agora.xtec.cat\/ceip-bernatdesclot\/wp-json\/wp\/v2\/media?parent=5522"}],"curies":[{"name":"wp","href":"https:\/\/api.w.org\/{rel}","templated":true}]}}