{"id":38,"date":"2014-09-18T12:34:08","date_gmt":"2014-09-18T11:34:08","guid":{"rendered":"http:\/\/agora.xtec.cat\/ceip-bernatdesclot\/?page_id=38"},"modified":"2021-05-26T13:01:04","modified_gmt":"2021-05-26T11:01:04","slug":"salut","status":"publish","type":"page","link":"https:\/\/agora.xtec.cat\/ceip-bernatdesclot\/lescola\/salut\/","title":{"rendered":"Salut"},"content":{"rendered":"<h4 style=\"text-align: center;\"><a href=\"https:\/\/agora.xtec.cat\/ceip-bernatdesclot\/wp-content\/uploads\/usu1950\/2021\/05\/metges.png\"><img loading=\"lazy\" decoding=\"async\" class=\"alignnone  wp-image-1709\" src=\"https:\/\/agora.xtec.cat\/ceip-bernatdesclot\/wp-content\/uploads\/usu1950\/2021\/05\/metges.png\" alt=\"\" width=\"226\" height=\"191\" \/><\/a><\/h4>\n<h4><strong>Medicaments<\/strong><\/h4>\n<p>En principi a l\u2019escola no es poden donar medicaments. En cas de necessitat d\u2019un alumne\/a de prendre un medicament dins l\u2019horari lectiu, \u00e9s imprescindible aportar un document del metge amb el nom del medicament i la dosi corresponent.<\/p>\n<h4><strong>Administraci\u00f3 de paracetamol<\/strong><\/h4>\n<p>Davant d\u2019un infant amb febre de 38 \u00baC o m\u00e9s l\u2019escola ha de contactar amb el pare, mare o tutor i demanar-li que el reculli tan aviat com pugui.\u00a0 Mentrestant, si la febre \u00e9s igual o superior a 38 \u00baC es recomana administrar un antit\u00e8rmic\/analg\u00e8sic. El f\u00e0rmac de refer\u00e8ncia i m\u00e9s utilitzat arreu \u00e9s el paracetamol, per la seva bona toler\u00e0ncia i la relativa abs\u00e8ncia d\u2019efectes secundaris.<\/p>\n<p>Encara que no es tracti d\u2019una urg\u00e8ncia, un infant amb febre no ha de quedar-se a l\u2019escola fins que finalitzi la jornada escolar.<\/p>\n<h4><strong>Atenci\u00f3 dels infants amb al\u00b7l\u00e8rgies aliment\u00e0ries i\/o al l\u00e0tex en l\u2019\u00e0mbit escolar<\/strong><\/h4>\n<p>La fam\u00edlia de l&#8217;alumne\/a amb al\u00b7l\u00e8rgia aliment\u00e0ria i\/o al l\u00e0tex ha d&#8217;informar-ne els responsables del centre educatiu a l&#8217;inici de l&#8217;escolaritzaci\u00f3 o quan en tingui coneixement.<\/p>\n<p>La fam\u00edlia ha d&#8217;aportar al centre la\u00a0documentaci\u00f3\u00a0seg\u00fcent:<\/p>\n<ul>\n<li>Informe m\u00e8dic\u00a0signat per l&#8217;equip sanitari responsable, on han de constar totes les dades de la malaltia de l&#8217;infant, les actuacions que cal fer i els tel\u00e8fons dels referents sanitaris.<\/li>\n<li>Impr\u00e8s signat amb la\u00a0recollida d&#8217;informaci\u00f3\u00a0on es detalla el tipus d&#8217;al\u00b7l\u00e8rgia de l&#8217;alumne, les vies d&#8217;entrada i el tipus de reacci\u00f3 (<a href=\"http:\/\/educacio.gencat.cat\/documents\/FormularisModels\/SeguretatSalut\/A310.pdf\">document<\/a>).<\/li>\n<li>Impr\u00e8s de\u00a0sol\u00b7licitud\u00a0signat i autoritzaci\u00f3 d&#8217;administraci\u00f3 de la medicaci\u00f3 prescrita i l&#8217;atenci\u00f3 espec\u00edfica prescrita i pautada pel metge o metgessa (<a href=\"http:\/\/educacio.gencat.cat\/documents\/FormularisModels\/SeguretatSalut\/A311.pdf\">document<\/a>).<\/li>\n<\/ul>\n<h4><strong>Par\u00e0sits<\/strong><\/h4>\n<p><strong>\u00a0<\/strong>Informaci\u00f3 del Departament de Salut sobre els polls (<a href=\"https:\/\/agora.xtec.cat\/ceip-bernatdesclot\/wp-content\/uploads\/usu1950\/2019\/03\/Polls-consells-per-detectar-los-i-eliminar-los.pdf\">document<\/a>).<\/p>\n","protected":false},"excerpt":{"rendered":"<p><a href=\"https:\/\/agora.xtec.cat\/ceip-bernatdesclot\/wp-content\/uploads\/usu1950\/2021\/05\/metges.png\"><\/a><br \/>\nMedicaments<br \/>\nEn principi a l\u2019escola no es poden donar medicaments. En cas de necessitat d\u2019un alumne\/a de prendre un medicament dins l\u2019horari lectiu, \u00e9s imprescindible aportar un document del metge amb el nom del medicament i la dosi corresponent.<br \/>\nAdministraci\u00f3 de paracetamol<br \/>\nDavant d\u2019un infant amb febre&hellip;  <a href=\"https:\/\/agora.xtec.cat\/ceip-bernatdesclot\/lescola\/salut\/\" title=\"Read Salut\">Llegeix m\u00e9s\u00bb<\/a><\/p>\n","protected":false},"author":1,"featured_media":0,"parent":22,"menu_order":80,"comment_status":"closed","ping_status":"closed","template":"page-templates\/side-menu.php","meta":{"_bbp_topic_count":0,"_bbp_reply_count":0,"_bbp_total_topic_count":0,"_bbp_total_reply_count":0,"_bbp_voice_count":0,"_bbp_anonymous_reply_count":0,"_bbp_topic_count_hidden":0,"_bbp_reply_count_hidden":0,"_bbp_forum_subforum_count":0,"footnotes":""},"class_list":["post-38","page","type-page","status-publish","hentry"],"post_mailing_queue_ids":[],"_links":{"self":[{"href":"https:\/\/agora.xtec.cat\/ceip-bernatdesclot\/wp-json\/wp\/v2\/pages\/38","targetHints":{"allow":["GET"]}}],"collection":[{"href":"https:\/\/agora.xtec.cat\/ceip-bernatdesclot\/wp-json\/wp\/v2\/pages"}],"about":[{"href":"https:\/\/agora.xtec.cat\/ceip-bernatdesclot\/wp-json\/wp\/v2\/types\/page"}],"author":[{"embeddable":true,"href":"https:\/\/agora.xtec.cat\/ceip-bernatdesclot\/wp-json\/wp\/v2\/users\/1"}],"replies":[{"embeddable":true,"href":"https:\/\/agora.xtec.cat\/ceip-bernatdesclot\/wp-json\/wp\/v2\/comments?post=38"}],"version-history":[{"count":4,"href":"https:\/\/agora.xtec.cat\/ceip-bernatdesclot\/wp-json\/wp\/v2\/pages\/38\/revisions"}],"predecessor-version":[{"id":1710,"href":"https:\/\/agora.xtec.cat\/ceip-bernatdesclot\/wp-json\/wp\/v2\/pages\/38\/revisions\/1710"}],"up":[{"embeddable":true,"href":"https:\/\/agora.xtec.cat\/ceip-bernatdesclot\/wp-json\/wp\/v2\/pages\/22"}],"wp:attachment":[{"href":"https:\/\/agora.xtec.cat\/ceip-bernatdesclot\/wp-json\/wp\/v2\/media?parent=38"}],"curies":[{"name":"wp","href":"https:\/\/api.w.org\/{rel}","templated":true}]}}