{"id":3508,"date":"2022-09-16T13:40:50","date_gmt":"2022-09-16T11:40:50","guid":{"rendered":"https:\/\/agora.xtec.cat\/ceip-bernatdesclot\/?page_id=3508"},"modified":"2022-09-16T13:41:16","modified_gmt":"2022-09-16T11:41:16","slug":"com-registrar-se-la-primera-vegada-en-dinantia","status":"publish","type":"page","link":"https:\/\/agora.xtec.cat\/ceip-bernatdesclot\/tutorials-plataformes-digitals\/dinantia\/com-registrar-se-la-primera-vegada-en-dinantia\/","title":{"rendered":"Com registrar-se la primera vegada en Dinantia?"},"content":{"rendered":"<p>El primer cop que us descarregueu l&#8217;App Dinantia, haureu de registrar-vos per poder comen\u00e7ar a utilitzar-la.<\/p>\n<p>1- Primer de tot, en la primera pantalla heu de registrar-vos amb el correu (a principi de curs rebreu una carta amb el correu que heu d&#8217;utilitzar):<\/p>\n<p><img loading=\"lazy\" decoding=\"async\" class=\"wp-image-3509 aligncenter\" src=\"https:\/\/agora.xtec.cat\/ceip-bernatdesclot\/wp-content\/uploads\/usu1950\/2022\/09\/IMG_5399.jpg\" alt=\"\" width=\"327\" height=\"412\" srcset=\"https:\/\/agora.xtec.cat\/ceip-bernatdesclot\/wp-content\/uploads\/usu1950\/2022\/09\/IMG_5399.jpg 828w, https:\/\/agora.xtec.cat\/ceip-bernatdesclot\/wp-content\/uploads\/usu1950\/2022\/09\/IMG_5399-238x300.jpg 238w, https:\/\/agora.xtec.cat\/ceip-bernatdesclot\/wp-content\/uploads\/usu1950\/2022\/09\/IMG_5399-814x1024.jpg 814w, https:\/\/agora.xtec.cat\/ceip-bernatdesclot\/wp-content\/uploads\/usu1950\/2022\/09\/IMG_5399-768x966.jpg 768w\" sizes=\"auto, (max-width: 327px) 100vw, 327px\" \/><\/p>\n<p>2- En la pantalla us sortir\u00e0 un missatge que us avisa de que s&#8217;ha enviat un mail d&#8217;activaci\u00f3 al correu que heu ficat anteriorment.<\/p>\n<p><img loading=\"lazy\" decoding=\"async\" class=\"wp-image-3510 aligncenter\" src=\"https:\/\/agora.xtec.cat\/ceip-bernatdesclot\/wp-content\/uploads\/usu1950\/2022\/09\/IMG_5400.jpg\" alt=\"\" width=\"235\" height=\"126\" srcset=\"https:\/\/agora.xtec.cat\/ceip-bernatdesclot\/wp-content\/uploads\/usu1950\/2022\/09\/IMG_5400.jpg 525w, https:\/\/agora.xtec.cat\/ceip-bernatdesclot\/wp-content\/uploads\/usu1950\/2022\/09\/IMG_5400-300x161.jpg 300w\" sizes=\"auto, (max-width: 235px) 100vw, 235px\" \/><\/p>\n<p>3- El correu t\u00e9 un format com el seg\u00fcent. Simplement heu de clicar al bot\u00f3 &#8220;Activar dispositiu&#8221;:<\/p>\n<p><img loading=\"lazy\" decoding=\"async\" class=\"wp-image-3511 aligncenter\" src=\"https:\/\/agora.xtec.cat\/ceip-bernatdesclot\/wp-content\/uploads\/usu1950\/2022\/09\/IMG_5401.jpg\" alt=\"\" width=\"255\" height=\"429\" srcset=\"https:\/\/agora.xtec.cat\/ceip-bernatdesclot\/wp-content\/uploads\/usu1950\/2022\/09\/IMG_5401.jpg 828w, https:\/\/agora.xtec.cat\/ceip-bernatdesclot\/wp-content\/uploads\/usu1950\/2022\/09\/IMG_5401-178x300.jpg 178w, https:\/\/agora.xtec.cat\/ceip-bernatdesclot\/wp-content\/uploads\/usu1950\/2022\/09\/IMG_5401-609x1024.jpg 609w, https:\/\/agora.xtec.cat\/ceip-bernatdesclot\/wp-content\/uploads\/usu1950\/2022\/09\/IMG_5401-768x1291.jpg 768w\" sizes=\"auto, (max-width: 255px) 100vw, 255px\" \/><\/p>\n<p>4- Quan ja heu activat el dispositiu, heu de tornar a l&#8217;App i tornar a escriure el mateix correu. Si tot ha sortit b\u00e9, us sortir\u00e0 una pantalla com la seg\u00fcent. Us demana que escolliu l&#8217;idioma (castell\u00e0, catal\u00e0, &#8230;), un color pel calendari dels vostres fills\/es i us demana si el vostre fill dina a l&#8217;escola:<\/p>\n<p><img loading=\"lazy\" decoding=\"async\" class=\"wp-image-3512 aligncenter\" src=\"https:\/\/agora.xtec.cat\/ceip-bernatdesclot\/wp-content\/uploads\/usu1950\/2022\/09\/IMG_5403.jpg\" alt=\"\" width=\"231\" height=\"470\" srcset=\"https:\/\/agora.xtec.cat\/ceip-bernatdesclot\/wp-content\/uploads\/usu1950\/2022\/09\/IMG_5403.jpg 828w, https:\/\/agora.xtec.cat\/ceip-bernatdesclot\/wp-content\/uploads\/usu1950\/2022\/09\/IMG_5403-148x300.jpg 148w, https:\/\/agora.xtec.cat\/ceip-bernatdesclot\/wp-content\/uploads\/usu1950\/2022\/09\/IMG_5403-504x1024.jpg 504w, https:\/\/agora.xtec.cat\/ceip-bernatdesclot\/wp-content\/uploads\/usu1950\/2022\/09\/IMG_5403-768x1561.jpg 768w, https:\/\/agora.xtec.cat\/ceip-bernatdesclot\/wp-content\/uploads\/usu1950\/2022\/09\/IMG_5403-756x1536.jpg 756w\" sizes=\"auto, (max-width: 231px) 100vw, 231px\" \/><\/p>\n<p>5- Per \u00faltim us demana un nou PIN. Aquest PIN us servir\u00e0 com a signatura electr\u00f2nica en cas de signar autoritzacions o altres informacions que us demani l&#8217;escola.<\/p>\n<p><img loading=\"lazy\" decoding=\"async\" class=\"wp-image-3513 aligncenter\" src=\"https:\/\/agora.xtec.cat\/ceip-bernatdesclot\/wp-content\/uploads\/usu1950\/2022\/09\/IMG_5404.jpg\" alt=\"\" width=\"314\" height=\"374\" srcset=\"https:\/\/agora.xtec.cat\/ceip-bernatdesclot\/wp-content\/uploads\/usu1950\/2022\/09\/IMG_5404.jpg 828w, https:\/\/agora.xtec.cat\/ceip-bernatdesclot\/wp-content\/uploads\/usu1950\/2022\/09\/IMG_5404-252x300.jpg 252w, https:\/\/agora.xtec.cat\/ceip-bernatdesclot\/wp-content\/uploads\/usu1950\/2022\/09\/IMG_5404-768x915.jpg 768w\" sizes=\"auto, (max-width: 314px) 100vw, 314px\" \/><\/p>\n<p>6- Un cop ja heu configurat l&#8217;App, us apareixer\u00e0 la pantalla principal amb la safata d&#8217;entrada on veureu tots els missatges de l&#8217;escola (de l&#8217;equip directiu, dels tutors i dels mestres). En les tres barres laterals de l&#8217;esquerra podreu desplegar el men\u00fa per a poder consultar informacions i dades dels vostres fills\/es (horari, calendari del centre i de la classe, assist\u00e8ncies, incid\u00e8ncies, seguiments, butlletins de notes, &#8230;.):<\/p>\n<p><img loading=\"lazy\" decoding=\"async\" class=\"wp-image-3514 aligncenter\" src=\"https:\/\/agora.xtec.cat\/ceip-bernatdesclot\/wp-content\/uploads\/usu1950\/2022\/09\/IMG_5405.jpg\" alt=\"\" width=\"310\" height=\"621\" srcset=\"https:\/\/agora.xtec.cat\/ceip-bernatdesclot\/wp-content\/uploads\/usu1950\/2022\/09\/IMG_5405.jpg 828w, https:\/\/agora.xtec.cat\/ceip-bernatdesclot\/wp-content\/uploads\/usu1950\/2022\/09\/IMG_5405-150x300.jpg 150w, https:\/\/agora.xtec.cat\/ceip-bernatdesclot\/wp-content\/uploads\/usu1950\/2022\/09\/IMG_5405-511x1024.jpg 511w, https:\/\/agora.xtec.cat\/ceip-bernatdesclot\/wp-content\/uploads\/usu1950\/2022\/09\/IMG_5405-768x1539.jpg 768w, https:\/\/agora.xtec.cat\/ceip-bernatdesclot\/wp-content\/uploads\/usu1950\/2022\/09\/IMG_5405-767x1536.jpg 767w\" sizes=\"auto, (max-width: 310px) 100vw, 310px\" \/><\/p>\n","protected":false},"excerpt":{"rendered":"<p>El primer cop que us descarregueu l&#8217;App Dinantia, haureu de registrar-vos per poder comen\u00e7ar a utilitzar-la.<br \/>\n1- Primer de tot, en la primera pantalla heu de registrar-vos amb el correu (a principi de curs rebreu una carta amb el correu que heu d&#8217;utilitzar):<\/p>\n<p>2- En la pantalla&hellip;  <a href=\"https:\/\/agora.xtec.cat\/ceip-bernatdesclot\/tutorials-plataformes-digitals\/dinantia\/com-registrar-se-la-primera-vegada-en-dinantia\/\" title=\"Read Com registrar-se la primera vegada en Dinantia?\">Llegeix m\u00e9s\u00bb<\/a><\/p>\n","protected":false},"author":3,"featured_media":0,"parent":3448,"menu_order":1,"comment_status":"closed","ping_status":"closed","template":"page-templates\/side-menu.php","meta":{"_bbp_topic_count":0,"_bbp_reply_count":0,"_bbp_total_topic_count":0,"_bbp_total_reply_count":0,"_bbp_voice_count":0,"_bbp_anonymous_reply_count":0,"_bbp_topic_count_hidden":0,"_bbp_reply_count_hidden":0,"_bbp_forum_subforum_count":0,"footnotes":""},"class_list":["post-3508","page","type-page","status-publish","hentry"],"post_mailing_queue_ids":[],"_links":{"self":[{"href":"https:\/\/agora.xtec.cat\/ceip-bernatdesclot\/wp-json\/wp\/v2\/pages\/3508","targetHints":{"allow":["GET"]}}],"collection":[{"href":"https:\/\/agora.xtec.cat\/ceip-bernatdesclot\/wp-json\/wp\/v2\/pages"}],"about":[{"href":"https:\/\/agora.xtec.cat\/ceip-bernatdesclot\/wp-json\/wp\/v2\/types\/page"}],"author":[{"embeddable":true,"href":"https:\/\/agora.xtec.cat\/ceip-bernatdesclot\/wp-json\/wp\/v2\/users\/3"}],"replies":[{"embeddable":true,"href":"https:\/\/agora.xtec.cat\/ceip-bernatdesclot\/wp-json\/wp\/v2\/comments?post=3508"}],"version-history":[{"count":1,"href":"https:\/\/agora.xtec.cat\/ceip-bernatdesclot\/wp-json\/wp\/v2\/pages\/3508\/revisions"}],"predecessor-version":[{"id":3515,"href":"https:\/\/agora.xtec.cat\/ceip-bernatdesclot\/wp-json\/wp\/v2\/pages\/3508\/revisions\/3515"}],"up":[{"embeddable":true,"href":"https:\/\/agora.xtec.cat\/ceip-bernatdesclot\/wp-json\/wp\/v2\/pages\/3448"}],"wp:attachment":[{"href":"https:\/\/agora.xtec.cat\/ceip-bernatdesclot\/wp-json\/wp\/v2\/media?parent=3508"}],"curies":[{"name":"wp","href":"https:\/\/api.w.org\/{rel}","templated":true}]}}