{"id":3503,"date":"2022-09-16T13:27:59","date_gmt":"2022-09-16T11:27:59","guid":{"rendered":"https:\/\/agora.xtec.cat\/ceip-bernatdesclot\/?page_id=3503"},"modified":"2022-09-16T13:28:37","modified_gmt":"2022-09-16T11:28:37","slug":"com-consultar-les-dades-academiques-del-meu-fill-a-en-dinantia","status":"publish","type":"page","link":"https:\/\/agora.xtec.cat\/ceip-bernatdesclot\/tutorials-plataformes-digitals\/dinantia\/com-consultar-les-dades-academiques-del-meu-fill-a-en-dinantia\/","title":{"rendered":"Com consultar les dades acad\u00e8miques del meu fill\/a en Dinantia (horari, assist\u00e8ncia i seguiments)?"},"content":{"rendered":"<p>En l&#8217;App Dinantia podeu consultar en tot moment l&#8217;horari setmanal del vostre fill\/a, les seves dades d&#8217;assist\u00e8ncia (faltes, justificacions, retards, &#8230;) i el seguiment de les mat\u00e8ries i de la tutoria (actitud, observacions dels mestres, notes, si fa o no els deures, &#8230;.).<\/p>\n<p>1- En l&#8217;App, aneu al men\u00fa de l&#8217;esquerra i seleccioneu &#8220;Fills&#8221; (tal i com es mostra en la foto):<\/p>\n<p><img loading=\"lazy\" decoding=\"async\" class=\"wp-image-3504 aligncenter\" src=\"https:\/\/agora.xtec.cat\/ceip-bernatdesclot\/wp-content\/uploads\/usu1950\/2022\/09\/IMG_5406.jpg\" alt=\"\" width=\"323\" height=\"656\" srcset=\"https:\/\/agora.xtec.cat\/ceip-bernatdesclot\/wp-content\/uploads\/usu1950\/2022\/09\/IMG_5406.jpg 828w, https:\/\/agora.xtec.cat\/ceip-bernatdesclot\/wp-content\/uploads\/usu1950\/2022\/09\/IMG_5406-148x300.jpg 148w, https:\/\/agora.xtec.cat\/ceip-bernatdesclot\/wp-content\/uploads\/usu1950\/2022\/09\/IMG_5406-504x1024.jpg 504w, https:\/\/agora.xtec.cat\/ceip-bernatdesclot\/wp-content\/uploads\/usu1950\/2022\/09\/IMG_5406-768x1561.jpg 768w, https:\/\/agora.xtec.cat\/ceip-bernatdesclot\/wp-content\/uploads\/usu1950\/2022\/09\/IMG_5406-756x1536.jpg 756w\" sizes=\"auto, (max-width: 323px) 100vw, 323px\" \/><\/p>\n<p>2- Un cop dins veure una llista amb els noms dels vostres fills\/es (si nom\u00e9s teniu un fill\/a veure unicament el seu nom). Si cliqueu en el nom del vostre fill\/a, podreu veure la seva fitxa amb acc\u00e9s a: el seu horari, les seves faltes d&#8217;assist\u00e8ncia i incid\u00e8ncies i al seguiment de les seves mat\u00e8ries i tutoria:<\/p>\n<p><img loading=\"lazy\" decoding=\"async\" class=\" wp-image-3505 aligncenter\" src=\"https:\/\/agora.xtec.cat\/ceip-bernatdesclot\/wp-content\/uploads\/usu1950\/2022\/09\/IMG_5407.jpg\" alt=\"\" width=\"404\" height=\"485\" srcset=\"https:\/\/agora.xtec.cat\/ceip-bernatdesclot\/wp-content\/uploads\/usu1950\/2022\/09\/IMG_5407.jpg 828w, https:\/\/agora.xtec.cat\/ceip-bernatdesclot\/wp-content\/uploads\/usu1950\/2022\/09\/IMG_5407-250x300.jpg 250w, https:\/\/agora.xtec.cat\/ceip-bernatdesclot\/wp-content\/uploads\/usu1950\/2022\/09\/IMG_5407-768x922.jpg 768w\" sizes=\"auto, (max-width: 404px) 100vw, 404px\" \/><\/p>\n","protected":false},"excerpt":{"rendered":"<p>En l&#8217;App Dinantia podeu consultar en tot moment l&#8217;horari setmanal del vostre fill\/a, les seves dades d&#8217;assist\u00e8ncia (faltes, justificacions, retards, &#8230;) i el seguiment de les mat\u00e8ries i de la tutoria (actitud, observacions dels mestres, notes, si fa o no els deures, &#8230;.).<br \/>\n1- En l&#8217;App,&hellip;  <a href=\"https:\/\/agora.xtec.cat\/ceip-bernatdesclot\/tutorials-plataformes-digitals\/dinantia\/com-consultar-les-dades-academiques-del-meu-fill-a-en-dinantia\/\" title=\"Read Com consultar les dades acad\u00e8miques del meu fill\/a en Dinantia (horari, assist\u00e8ncia i seguiments)?\">Llegeix m\u00e9s\u00bb<\/a><\/p>\n","protected":false},"author":3,"featured_media":0,"parent":3448,"menu_order":4,"comment_status":"closed","ping_status":"closed","template":"page-templates\/side-menu.php","meta":{"_bbp_topic_count":0,"_bbp_reply_count":0,"_bbp_total_topic_count":0,"_bbp_total_reply_count":0,"_bbp_voice_count":0,"_bbp_anonymous_reply_count":0,"_bbp_topic_count_hidden":0,"_bbp_reply_count_hidden":0,"_bbp_forum_subforum_count":0,"footnotes":""},"class_list":["post-3503","page","type-page","status-publish","hentry"],"post_mailing_queue_ids":[],"_links":{"self":[{"href":"https:\/\/agora.xtec.cat\/ceip-bernatdesclot\/wp-json\/wp\/v2\/pages\/3503","targetHints":{"allow":["GET"]}}],"collection":[{"href":"https:\/\/agora.xtec.cat\/ceip-bernatdesclot\/wp-json\/wp\/v2\/pages"}],"about":[{"href":"https:\/\/agora.xtec.cat\/ceip-bernatdesclot\/wp-json\/wp\/v2\/types\/page"}],"author":[{"embeddable":true,"href":"https:\/\/agora.xtec.cat\/ceip-bernatdesclot\/wp-json\/wp\/v2\/users\/3"}],"replies":[{"embeddable":true,"href":"https:\/\/agora.xtec.cat\/ceip-bernatdesclot\/wp-json\/wp\/v2\/comments?post=3503"}],"version-history":[{"count":2,"href":"https:\/\/agora.xtec.cat\/ceip-bernatdesclot\/wp-json\/wp\/v2\/pages\/3503\/revisions"}],"predecessor-version":[{"id":3507,"href":"https:\/\/agora.xtec.cat\/ceip-bernatdesclot\/wp-json\/wp\/v2\/pages\/3503\/revisions\/3507"}],"up":[{"embeddable":true,"href":"https:\/\/agora.xtec.cat\/ceip-bernatdesclot\/wp-json\/wp\/v2\/pages\/3448"}],"wp:attachment":[{"href":"https:\/\/agora.xtec.cat\/ceip-bernatdesclot\/wp-json\/wp\/v2\/media?parent=3503"}],"curies":[{"name":"wp","href":"https:\/\/api.w.org\/{rel}","templated":true}]}}