{"id":3487,"date":"2022-09-14T15:37:22","date_gmt":"2022-09-14T13:37:22","guid":{"rendered":"https:\/\/agora.xtec.cat\/ceip-bernatdesclot\/?page_id=3487"},"modified":"2026-04-09T15:20:01","modified_gmt":"2026-04-09T13:20:01","slug":"enfocament-restauratiu","status":"publish","type":"page","link":"https:\/\/agora.xtec.cat\/ceip-bernatdesclot\/projectes\/enfocament-restauratiu\/","title":{"rendered":"Xarxa de Centres Restauratius"},"content":{"rendered":"\n<p class=\"has-text-align-left\">La xarxa de centres restauratius sorgeix en el marc del projecte \u201cEnfortint la conviv\u00e8ncia als centres educatius amb les pr\u00e0ctiques restauratives\u201d, una iniciativa impulsada per l\u2019\u00c0rea de Ciutat Transformadora i l\u2019\u00c0rea de Conviv\u00e8ncia i Seguretat de l\u2019Ajuntament de l\u2019Hospitalet del Llobregat. Aquest projecte compta amb la col\u00b7laboraci\u00f3 del Centre de Recursos Pedag\u00f2gics i \u00e9s desenvolupat per l\u2019Associaci\u00f3 T\u00e9sera Mediaci\u00f3.<\/p>\n\n\n\n<p>Els centres que formem part d&#8217;aquesta xarxa, apliquem l&#8217;<strong>Enfocament Restauratiu Global<\/strong>, noves habilitats a aprendre per construir relacions i crear comunitat, donar resposta positiva al conflicte, reparar danys i restaurar relacions definint els elements estructurals i organitzatius dins del projecte de conviv\u00e8ncia de centre.<\/p>\n\n\n\n<p><strong>Objectius<\/strong><\/p>\n\n\n\n<ul class=\"wp-block-list\">\n<li>Incorporar procediments i estrat\u00e8gies que possibilitin la participaci\u00f3, la implicaci\u00f3 i el comprom\u00eds de la comunitat educativa per construir una conviv\u00e8ncia positiva.&nbsp;<\/li>\n\n\n\n<li>Facilitar el desenvolupament d&#8217;habilitats relacionals per fomentar una cultura del di\u00e0leg, de pau i no-viol\u00e8ncia, juntament amb els valors i principis del respecte, la inclusi\u00f3 i l&#8217;honestedat.&nbsp;<\/li>\n\n\n\n<li>Apoderar els centres educatius en el marc de les pr\u00e0ctiques restauratives preventives per promoure en l&#8217;alumnat la ciutadania democr\u00e0tica, la consci\u00e8ncia global i el benestar emocional, alhora que s&#8217;implementen les pr\u00e0ctiques restauratives responsives per a la gesti\u00f3 positiva dels conflictes.&nbsp;<\/li>\n\n\n\n<li>Establir mecanismes de reparaci\u00f3 de relacions i danys per superar la punici\u00f3 i optar per processos inclusius i la millora de la conviv\u00e8ncia.&nbsp;<\/li>\n\n\n\n<li>Incorporar al Projecte de Conviv\u00e8ncia l&#8217;impacte de l&#8217;ERG pel que fa a l&#8217;aula, el centre, les fam\u00edlies i l&#8217;entorn.<\/li>\n<\/ul>\n\n\n\n<figure class=\"wp-block-image size-full\"><a href=\"https:\/\/agora.xtec.cat\/ceip-bernatdesclot\/wp-content\/uploads\/usu1950\/2026\/04\/PIRAMIDE-RESTAURATIVA.jpg\"><img loading=\"lazy\" decoding=\"async\" width=\"960\" height=\"720\" src=\"https:\/\/agora.xtec.cat\/ceip-bernatdesclot\/wp-content\/uploads\/usu1950\/2026\/04\/PIRAMIDE-RESTAURATIVA.jpg\" alt=\"\" class=\"wp-image-5531\" srcset=\"https:\/\/agora.xtec.cat\/ceip-bernatdesclot\/wp-content\/uploads\/usu1950\/2026\/04\/PIRAMIDE-RESTAURATIVA.jpg 960w, https:\/\/agora.xtec.cat\/ceip-bernatdesclot\/wp-content\/uploads\/usu1950\/2026\/04\/PIRAMIDE-RESTAURATIVA-300x225.jpg 300w, https:\/\/agora.xtec.cat\/ceip-bernatdesclot\/wp-content\/uploads\/usu1950\/2026\/04\/PIRAMIDE-RESTAURATIVA-768x576.jpg 768w, https:\/\/agora.xtec.cat\/ceip-bernatdesclot\/wp-content\/uploads\/usu1950\/2026\/04\/PIRAMIDE-RESTAURATIVA-200x150.jpg 200w\" sizes=\"auto, (max-width: 960px) 100vw, 960px\" \/><\/a><\/figure>\n","protected":false},"excerpt":{"rendered":"<p>La xarxa de centres restauratius sorgeix en el marc del projecte \u201cEnfortint la conviv\u00e8ncia als centres educatius amb les pr\u00e0ctiques restauratives\u201d, una iniciativa impulsada per l\u2019\u00c0rea de Ciutat Transformadora i l\u2019\u00c0rea de Conviv\u00e8ncia i Seguretat de l\u2019Ajuntament de l\u2019Hospitalet del Llobregat. Aquest projecte compta amb&hellip;  <a href=\"https:\/\/agora.xtec.cat\/ceip-bernatdesclot\/projectes\/enfocament-restauratiu\/\" title=\"Read Xarxa de Centres Restauratius\">Llegeix m\u00e9s\u00bb<\/a><\/p>\n","protected":false},"author":3,"featured_media":0,"parent":3491,"menu_order":0,"comment_status":"closed","ping_status":"closed","template":"page-templates\/side-menu.php","meta":{"_bbp_topic_count":0,"_bbp_reply_count":0,"_bbp_total_topic_count":0,"_bbp_total_reply_count":0,"_bbp_voice_count":0,"_bbp_anonymous_reply_count":0,"_bbp_topic_count_hidden":0,"_bbp_reply_count_hidden":0,"_bbp_forum_subforum_count":0,"footnotes":""},"class_list":["post-3487","page","type-page","status-publish","hentry"],"post_mailing_queue_ids":[],"_links":{"self":[{"href":"https:\/\/agora.xtec.cat\/ceip-bernatdesclot\/wp-json\/wp\/v2\/pages\/3487","targetHints":{"allow":["GET"]}}],"collection":[{"href":"https:\/\/agora.xtec.cat\/ceip-bernatdesclot\/wp-json\/wp\/v2\/pages"}],"about":[{"href":"https:\/\/agora.xtec.cat\/ceip-bernatdesclot\/wp-json\/wp\/v2\/types\/page"}],"author":[{"embeddable":true,"href":"https:\/\/agora.xtec.cat\/ceip-bernatdesclot\/wp-json\/wp\/v2\/users\/3"}],"replies":[{"embeddable":true,"href":"https:\/\/agora.xtec.cat\/ceip-bernatdesclot\/wp-json\/wp\/v2\/comments?post=3487"}],"version-history":[{"count":4,"href":"https:\/\/agora.xtec.cat\/ceip-bernatdesclot\/wp-json\/wp\/v2\/pages\/3487\/revisions"}],"predecessor-version":[{"id":5532,"href":"https:\/\/agora.xtec.cat\/ceip-bernatdesclot\/wp-json\/wp\/v2\/pages\/3487\/revisions\/5532"}],"up":[{"embeddable":true,"href":"https:\/\/agora.xtec.cat\/ceip-bernatdesclot\/wp-json\/wp\/v2\/pages\/3491"}],"wp:attachment":[{"href":"https:\/\/agora.xtec.cat\/ceip-bernatdesclot\/wp-json\/wp\/v2\/media?parent=3487"}],"curies":[{"name":"wp","href":"https:\/\/api.w.org\/{rel}","templated":true}]}}