{"id":3446,"date":"2022-09-14T12:07:29","date_gmt":"2022-09-14T10:07:29","guid":{"rendered":"https:\/\/agora.xtec.cat\/ceip-bernatdesclot\/?page_id=3446"},"modified":"2023-11-17T12:02:13","modified_gmt":"2023-11-17T11:02:13","slug":"tutorials-plataformes-digitals","status":"publish","type":"page","link":"https:\/\/agora.xtec.cat\/ceip-bernatdesclot\/tutorials-plataformes-digitals\/","title":{"rendered":"Tutorials plataformes digitals per a les fam\u00edlies"},"content":{"rendered":"<p>A l&#8217;escola apostem per l&#8217;\u00fas de les noves tecnologies per afavorir una millor comunicaci\u00f3 entre la comunitat educativa.<\/p>\n<p>En aquest apartat trobareu tots els <strong>tutorials<\/strong> i <strong>videotutorials<\/strong> per ajudar-vos en la utilitzaci\u00f3 d&#8217;aquestes eines. En el men\u00fa de l&#8217;esquerra podeu navegar pels diferents manuals.<\/p>\n<p><strong>Atenci\u00f3<\/strong>: si teniu dubtes, problemes o no recordeu l&#8217;usuari i contrasenya de les plataformes de l&#8217;escola, envieu un missatge de correu a: <a href=\"mailto:a8034837@xtec.cat\">a8034837@xtec.cat\u00a0<\/a><\/p>\n<h3>Plataforma de gesti\u00f3 i comunicaci\u00f3 (App) Dinantia<\/h3>\n<p>\u00c9s la nostra plataforma de gesti\u00f3 i comunicaci\u00f3. Les funcionalitats que les fam\u00edlies teniu disponibles s\u00f3n:<\/p>\n<p><img loading=\"lazy\" decoding=\"async\" class=\"wp-image-3177 aligncenter\" src=\"https:\/\/agora.xtec.cat\/ceip-bernatdesclot\/wp-content\/uploads\/usu1950\/2022\/07\/web-y-movil-low.png\" alt=\"\" width=\"587\" height=\"215\" srcset=\"https:\/\/agora.xtec.cat\/ceip-bernatdesclot\/wp-content\/uploads\/usu1950\/2022\/07\/web-y-movil-low.png 1140w, https:\/\/agora.xtec.cat\/ceip-bernatdesclot\/wp-content\/uploads\/usu1950\/2022\/07\/web-y-movil-low-300x110.png 300w, https:\/\/agora.xtec.cat\/ceip-bernatdesclot\/wp-content\/uploads\/usu1950\/2022\/07\/web-y-movil-low-1024x375.png 1024w, https:\/\/agora.xtec.cat\/ceip-bernatdesclot\/wp-content\/uploads\/usu1950\/2022\/07\/web-y-movil-low-768x282.png 768w\" sizes=\"auto, (max-width: 587px) 100vw, 587px\" \/><\/p>\n<ul>\n<li>Comunicaci\u00f3 directa amb l&#8217;escola i els mestres: rebreu tots els missatges, comunicacions, autoritzacions, etc.<\/li>\n<li>Calendari i agenda: podreu veure les sortides, activitats, esdeveniments de l&#8217;escola, activitats de classe, etc&#8230;<\/li>\n<li>Horari: podreu veure l&#8217;horari setmanal dels vostres fills\/es<\/li>\n<li>Assist\u00e8ncia: podreu fer un seguiment de les faltes d&#8217;assist\u00e8ncia i justificacions dels vostres fills\/es.<\/li>\n<li>Seguiment: podreu consultar les incid\u00e8ncies i seguiment de les diferents mat\u00e8ries (si ha fet els deures, si ha tingut una actitud negativa o positiva, si no ha portat el material o no ha fet els treballs, etc).<\/li>\n<li>Butlletins de notes: rebreu i podreu consultar per l&#8217;App els butlletins i informes d&#8217;avaluaci\u00f3.<\/li>\n<li>Menjador: podreu consultar les informacions i els men\u00fas del menjador. A m\u00e9s, podreu veure l&#8217;agenda del menjador.<\/li>\n<\/ul>\n<h3>Plataforma virtual Moodle<\/h3>\n<p>El Moodle \u00e9s el nostre Entorn Virtual d&#8217;Aprenentatge i la nostra eina de treball en les diferents assignatures, grups i \u00e0mbits. Tots els cursos (P3 fins a 6\u00e8) treballem amb aquesta plataforma per treballar les diferents mat\u00e8ries i eixos d&#8217;aprenentatge de forma digital dins de l&#8217;aula i a casa. Peri\u00f2dicament es fan els deures i es lliuren treballs amb el Moodle. Cada alumne\/a t\u00e9 el seu propi espai de treball amb els seus cursos on poden consultar activitats i recursos que els mestres pengen dins de la plataforma. A m\u00e9s, ens permet fer una retroacci\u00f3 de les feines dels alumnes i ells i les seves fam\u00edlies poden veure les observacions i qualificacions que el mestre\/a fa de les seves tasques.<\/p>\n<p style=\"text-align: center;\"><img loading=\"lazy\" decoding=\"async\" class=\"aligncenter wp-image-3444\" src=\"https:\/\/agora.xtec.cat\/ceip-bernatdesclot\/wp-content\/uploads\/usu1950\/2022\/09\/Captura-de-pantalla-2022-09-14-a-las-11.58.07.png\" alt=\"\" width=\"232\" height=\"160\" srcset=\"https:\/\/agora.xtec.cat\/ceip-bernatdesclot\/wp-content\/uploads\/usu1950\/2022\/09\/Captura-de-pantalla-2022-09-14-a-las-11.58.07.png 446w, https:\/\/agora.xtec.cat\/ceip-bernatdesclot\/wp-content\/uploads\/usu1950\/2022\/09\/Captura-de-pantalla-2022-09-14-a-las-11.58.07-300x207.png 300w\" sizes=\"auto, (max-width: 232px) 100vw, 232px\" \/><\/p>\n<h3>Correu corporatiu (Gsuite)<\/h3>\n<p>Disposem d&#8217;un entorn de correu propi amb les eines de google. Cada membre de la comunitat educativa de l&#8217;escola (mestres, alumnes i fam\u00edlies) disposen d&#8217;un usuari de correu per utilitzar-lo durant la seva etapa en el centre. Disposem de tots els serveis de google (correu gmail, espai de google drive, documents, formularis, google meet, etc.).<\/p>\n<p><img loading=\"lazy\" decoding=\"async\" class=\" wp-image-3010 aligncenter\" src=\"https:\/\/agora.xtec.cat\/ceip-bernatdesclot\/wp-content\/uploads\/usu1950\/2022\/07\/Captura-de-pantalla-2022-07-09-a-las-17.03.10.png\" alt=\"\" width=\"386\" height=\"141\" srcset=\"https:\/\/agora.xtec.cat\/ceip-bernatdesclot\/wp-content\/uploads\/usu1950\/2022\/07\/Captura-de-pantalla-2022-07-09-a-las-17.03.10.png 597w, https:\/\/agora.xtec.cat\/ceip-bernatdesclot\/wp-content\/uploads\/usu1950\/2022\/07\/Captura-de-pantalla-2022-07-09-a-las-17.03.10-300x110.png 300w\" sizes=\"auto, (max-width: 386px) 100vw, 386px\" \/><\/p>\n","protected":false},"excerpt":{"rendered":"<p>A l&#8217;escola apostem per l&#8217;\u00fas de les noves tecnologies per afavorir una millor comunicaci\u00f3 entre la comunitat educativa.<br \/>\nEn aquest apartat trobareu tots els tutorials i videotutorials per ajudar-vos en la utilitzaci\u00f3 d&#8217;aquestes eines. En el men\u00fa de l&#8217;esquerra podeu navegar pels diferents manuals.<br \/>\nAtenci\u00f3: si teniu&hellip;  <a href=\"https:\/\/agora.xtec.cat\/ceip-bernatdesclot\/tutorials-plataformes-digitals\/\" title=\"Read Tutorials plataformes digitals per a les fam\u00edlies\">Llegeix m\u00e9s\u00bb<\/a><\/p>\n","protected":false},"author":3,"featured_media":0,"parent":0,"menu_order":0,"comment_status":"closed","ping_status":"closed","template":"page-templates\/side-menu.php","meta":{"_bbp_topic_count":0,"_bbp_reply_count":0,"_bbp_total_topic_count":0,"_bbp_total_reply_count":0,"_bbp_voice_count":0,"_bbp_anonymous_reply_count":0,"_bbp_topic_count_hidden":0,"_bbp_reply_count_hidden":0,"_bbp_forum_subforum_count":0,"footnotes":""},"class_list":["post-3446","page","type-page","status-publish","hentry"],"post_mailing_queue_ids":[],"_links":{"self":[{"href":"https:\/\/agora.xtec.cat\/ceip-bernatdesclot\/wp-json\/wp\/v2\/pages\/3446","targetHints":{"allow":["GET"]}}],"collection":[{"href":"https:\/\/agora.xtec.cat\/ceip-bernatdesclot\/wp-json\/wp\/v2\/pages"}],"about":[{"href":"https:\/\/agora.xtec.cat\/ceip-bernatdesclot\/wp-json\/wp\/v2\/types\/page"}],"author":[{"embeddable":true,"href":"https:\/\/agora.xtec.cat\/ceip-bernatdesclot\/wp-json\/wp\/v2\/users\/3"}],"replies":[{"embeddable":true,"href":"https:\/\/agora.xtec.cat\/ceip-bernatdesclot\/wp-json\/wp\/v2\/comments?post=3446"}],"version-history":[{"count":7,"href":"https:\/\/agora.xtec.cat\/ceip-bernatdesclot\/wp-json\/wp\/v2\/pages\/3446\/revisions"}],"predecessor-version":[{"id":4144,"href":"https:\/\/agora.xtec.cat\/ceip-bernatdesclot\/wp-json\/wp\/v2\/pages\/3446\/revisions\/4144"}],"wp:attachment":[{"href":"https:\/\/agora.xtec.cat\/ceip-bernatdesclot\/wp-json\/wp\/v2\/media?parent=3446"}],"curies":[{"name":"wp","href":"https:\/\/api.w.org\/{rel}","templated":true}]}}