{"id":3399,"date":"2022-09-09T10:00:14","date_gmt":"2022-09-09T08:00:14","guid":{"rendered":"https:\/\/agora.xtec.cat\/ceip-bernatdesclot\/?page_id=3399"},"modified":"2022-09-14T12:11:03","modified_gmt":"2022-09-14T10:11:03","slug":"dinantia-families","status":"publish","type":"page","link":"https:\/\/agora.xtec.cat\/ceip-bernatdesclot\/tutorials-plataformes-digitals\/dinantia\/dinantia-families\/","title":{"rendered":"Dinantia per a les fam\u00edlies de l\u2019escola"},"content":{"rendered":"<p><strong>Dinantia<\/strong> \u00e9s l\u2019eina de comunicaci\u00f3 i gesti\u00f3 de l\u2019escola. Les funcionalitats que teniu activades s\u00f3n:<\/p>\n<ul>\n<li><strong>Missatges rebuts<\/strong>: tots el missatges i notificacions de l\u2019escola, els tutors\/es i els mestres.<\/li>\n<li><strong>Missatges enviats<\/strong>: els missatges que heu enviat al tutor\/a.<\/li>\n<li><strong>Assist\u00e8ncies<\/strong>: control de les faltes d&#8217;assist\u00e8ncia i justificaci\u00f3 de faltes dels vostres fills\/es.<\/li>\n<li><strong>Seguiment<\/strong>: incid\u00e8ncies, notes, actitud i observacions de les diferents mat\u00e8ries i del tutor\/a.<\/li>\n<li><strong>Calendari<\/strong>: consultar el calendari escolar (festius, sortides, activitats,\u2026) i l\u2019agenda de la classe.<\/li>\n<li><strong>Men\u00fa escolar<\/strong>: men\u00fa setmanal del menjador.<\/li>\n<li><strong>Butlletins de notes<\/strong>: espai per consultar els butlletins de notes i els informes.<\/li>\n<li><strong>Fills<\/strong>: fitxa dels vostres fills\/es on podreu consultar el seu horari setmanal, les seves abs\u00e8ncies i el seu seguiment. Tamb\u00e9 us apareix la seva classe i el nom del tutor\/a.<\/li>\n<\/ul>\n<p><strong>Versi\u00f3 web:<\/strong><\/p>\n<p><img loading=\"lazy\" decoding=\"async\" class=\"alignnone size-full wp-image-3400\" src=\"https:\/\/agora.xtec.cat\/ceip-bernatdesclot\/wp-content\/uploads\/usu1950\/2022\/09\/Captura-de-pantalla-2022-09-09-a-las-9.58.51.png\" alt=\"\" width=\"977\" height=\"631\" srcset=\"https:\/\/agora.xtec.cat\/ceip-bernatdesclot\/wp-content\/uploads\/usu1950\/2022\/09\/Captura-de-pantalla-2022-09-09-a-las-9.58.51.png 977w, https:\/\/agora.xtec.cat\/ceip-bernatdesclot\/wp-content\/uploads\/usu1950\/2022\/09\/Captura-de-pantalla-2022-09-09-a-las-9.58.51-300x194.png 300w, https:\/\/agora.xtec.cat\/ceip-bernatdesclot\/wp-content\/uploads\/usu1950\/2022\/09\/Captura-de-pantalla-2022-09-09-a-las-9.58.51-768x496.png 768w\" sizes=\"auto, (max-width: 977px) 100vw, 977px\" \/><\/p>\n<p><strong>Versi\u00f3 App:<\/strong><\/p>\n<p><img loading=\"lazy\" decoding=\"async\" class=\"alignnone size-full wp-image-3405\" src=\"https:\/\/agora.xtec.cat\/ceip-bernatdesclot\/wp-content\/uploads\/usu1950\/2022\/09\/EC7E37BD-9B55-45D9-BDB6-490130D33A93.jpeg\" alt=\"\" width=\"738\" height=\"596\" srcset=\"https:\/\/agora.xtec.cat\/ceip-bernatdesclot\/wp-content\/uploads\/usu1950\/2022\/09\/EC7E37BD-9B55-45D9-BDB6-490130D33A93.jpeg 738w, https:\/\/agora.xtec.cat\/ceip-bernatdesclot\/wp-content\/uploads\/usu1950\/2022\/09\/EC7E37BD-9B55-45D9-BDB6-490130D33A93-300x242.jpeg 300w\" sizes=\"auto, (max-width: 738px) 100vw, 738px\" \/><\/p>\n","protected":false},"excerpt":{"rendered":"<p>Dinantia \u00e9s l\u2019eina de comunicaci\u00f3 i gesti\u00f3 de l\u2019escola. Les funcionalitats que teniu activades s\u00f3n:<\/p>\n<ul>\n<li>Missatges rebuts: tots el missatges i notificacions de l\u2019escola, els tutors\/es i els mestres.<\/li>\n<li>Missatges enviats: els missatges que heu enviat al tutor\/a.<\/li>\n<li>Assist\u00e8ncies: control de les faltes d&#8217;assist\u00e8ncia i justificaci\u00f3 de faltes&hellip;  <a href=\"https:\/\/agora.xtec.cat\/ceip-bernatdesclot\/tutorials-plataformes-digitals\/dinantia\/dinantia-families\/\" title=\"Read Dinantia per a les fam\u00edlies de l\u2019escola\">Llegeix m\u00e9s\u00bb<\/a><br \/>\n","protected":false},"author":3,"featured_media":0,"parent":3448,"menu_order":1,"comment_status":"closed","ping_status":"closed","template":"page-templates\/side-menu.php","meta":{"_bbp_topic_count":0,"_bbp_reply_count":0,"_bbp_total_topic_count":0,"_bbp_total_reply_count":0,"_bbp_voice_count":0,"_bbp_anonymous_reply_count":0,"_bbp_topic_count_hidden":0,"_bbp_reply_count_hidden":0,"_bbp_forum_subforum_count":0,"footnotes":""},"class_list":["post-3399","page","type-page","status-publish","hentry"],"post_mailing_queue_ids":[],"_links":{"self":[{"href":"https:\/\/agora.xtec.cat\/ceip-bernatdesclot\/wp-json\/wp\/v2\/pages\/3399","targetHints":{"allow":["GET"]}}],"collection":[{"href":"https:\/\/agora.xtec.cat\/ceip-bernatdesclot\/wp-json\/wp\/v2\/pages"}],"about":[{"href":"https:\/\/agora.xtec.cat\/ceip-bernatdesclot\/wp-json\/wp\/v2\/types\/page"}],"author":[{"embeddable":true,"href":"https:\/\/agora.xtec.cat\/ceip-bernatdesclot\/wp-json\/wp\/v2\/users\/3"}],"replies":[{"embeddable":true,"href":"https:\/\/agora.xtec.cat\/ceip-bernatdesclot\/wp-json\/wp\/v2\/comments?post=3399"}],"version-history":[{"count":4,"href":"https:\/\/agora.xtec.cat\/ceip-bernatdesclot\/wp-json\/wp\/v2\/pages\/3399\/revisions"}],"predecessor-version":[{"id":3406,"href":"https:\/\/agora.xtec.cat\/ceip-bernatdesclot\/wp-json\/wp\/v2\/pages\/3399\/revisions\/3406"}],"up":[{"embeddable":true,"href":"https:\/\/agora.xtec.cat\/ceip-bernatdesclot\/wp-json\/wp\/v2\/pages\/3448"}],"wp:attachment":[{"href":"https:\/\/agora.xtec.cat\/ceip-bernatdesclot\/wp-json\/wp\/v2\/media?parent=3399"}],"curies":[{"name":"wp","href":"https:\/\/api.w.org\/{rel}","templated":true}]}}