{"id":3289,"date":"2022-08-24T19:18:14","date_gmt":"2022-08-24T17:18:14","guid":{"rendered":"https:\/\/agora.xtec.cat\/ceip-bernatdesclot\/?page_id=3289"},"modified":"2024-01-27T15:18:07","modified_gmt":"2024-01-27T14:18:07","slug":"descarregat-lapp-de-lescola-dinantia","status":"publish","type":"page","link":"https:\/\/agora.xtec.cat\/ceip-bernatdesclot\/tutorials-plataformes-digitals\/dinantia\/descarregat-lapp-de-lescola-dinantia\/","title":{"rendered":"Descarrega&#8217;t l&#8217;App Dinantia"},"content":{"rendered":"<p>Benvolgudes fam\u00edlies,<\/p>\n<p>L&#8217;escola utilitza la plataforma <strong>Dinantia<\/strong> per gestionar i comunicar-se amb les fam\u00edlies del centre. \u00c9s molt important que us descarregueu l&#8217;App al vostre dispositiu m\u00f2bil, ja que rebreu per aquesta via totes les comunicacions, missatges i notificacions de l&#8217;escola.<\/p>\n<p style=\"text-align: center;\"><img loading=\"lazy\" decoding=\"async\" class=\"aligncenter  wp-image-4027\" src=\"https:\/\/agora.xtec.cat\/ceip-bernatdesclot\/wp-content\/uploads\/usu1950\/2023\/09\/Captura-de-pantalla-2023-09-07-a-las-10.00.35.png\" alt=\"\" width=\"280\" height=\"86\" \/><\/p>\n<p>A m\u00e9s, dins d&#8217;aquesta App tamb\u00e9 podreu fer el seguiment acad\u00e8mic dels vostres fills\/es, ja que podreu consultar:<\/p>\n<ul>\n<li>Les seves faltes d&#8217;assist\u00e8ncia<\/li>\n<li>Les seves incid\u00e8ncies a l&#8217;aula<\/li>\n<li>El seu horari setmanal<\/li>\n<li>El calendari del centre i de la classe<\/li>\n<li>El seguiment de la tutoria<\/li>\n<li>El seguiment de cada mat\u00e8ria (si fa els deures, el seu compartament, el seu treball a classe, &#8230;.)<\/li>\n<li>Els butlletins de notes<\/li>\n<li>Comunicaci\u00f3 directa amb el tutor\/a, els mestres i l&#8217;equip directiu<\/li>\n<\/ul>\n<p>L&#8217;App es totalment gratu\u00efta, simplement heu d&#8217;anar a la botiga d&#8217;aplicacions del vostre m\u00f2bil i cercar &#8220;Dinantia&#8221;.<\/p>\n<p>Aqu\u00ed us deixem els enlla\u00e7os per descarregar-la:<\/p>\n<p><a href=\"https:\/\/play.google.com\/store\/apps\/details?id=com.dinantia.dinantia\"><img loading=\"lazy\" decoding=\"async\" class=\"alignnone wp-image-2012\" src=\"https:\/\/agora.xtec.cat\/ceip-bernatdesclot\/wp-content\/uploads\/usu1950\/2021\/09\/google-play-300x105-1.jpg\" alt=\"\" width=\"163\" height=\"57\" \/><\/a><\/p>\n<p><a href=\"https:\/\/itunes.apple.com\/es\/app\/dinantia\/id1057051981\"><img loading=\"lazy\" decoding=\"async\" class=\"alignnone wp-image-2011\" src=\"https:\/\/agora.xtec.cat\/ceip-bernatdesclot\/wp-content\/uploads\/usu1950\/2021\/09\/app-store-300x105-1.jpg\" alt=\"\" width=\"163\" height=\"57\" \/><\/a><\/p>\n","protected":false},"excerpt":{"rendered":"<p>Benvolgudes fam\u00edlies,<br \/>\nL&#8217;escola utilitza la plataforma Dinantia per gestionar i comunicar-se amb les fam\u00edlies del centre. \u00c9s molt important que us descarregueu l&#8217;App al vostre dispositiu m\u00f2bil, ja que rebreu per aquesta via totes les comunicacions, missatges i notificacions de l&#8217;escola.<\/p>\n<p>A m\u00e9s, dins d&#8217;aquesta App tamb\u00e9&hellip;  <a href=\"https:\/\/agora.xtec.cat\/ceip-bernatdesclot\/tutorials-plataformes-digitals\/dinantia\/descarregat-lapp-de-lescola-dinantia\/\" title=\"Read Descarrega&#8217;t l&#8217;App Dinantia\">Llegeix m\u00e9s\u00bb<\/a><\/p>\n","protected":false},"author":3,"featured_media":0,"parent":3448,"menu_order":0,"comment_status":"closed","ping_status":"closed","template":"page-templates\/side-menu.php","meta":{"_bbp_topic_count":0,"_bbp_reply_count":0,"_bbp_total_topic_count":0,"_bbp_total_reply_count":0,"_bbp_voice_count":0,"_bbp_anonymous_reply_count":0,"_bbp_topic_count_hidden":0,"_bbp_reply_count_hidden":0,"_bbp_forum_subforum_count":0,"footnotes":""},"class_list":["post-3289","page","type-page","status-publish","hentry"],"post_mailing_queue_ids":[],"_links":{"self":[{"href":"https:\/\/agora.xtec.cat\/ceip-bernatdesclot\/wp-json\/wp\/v2\/pages\/3289","targetHints":{"allow":["GET"]}}],"collection":[{"href":"https:\/\/agora.xtec.cat\/ceip-bernatdesclot\/wp-json\/wp\/v2\/pages"}],"about":[{"href":"https:\/\/agora.xtec.cat\/ceip-bernatdesclot\/wp-json\/wp\/v2\/types\/page"}],"author":[{"embeddable":true,"href":"https:\/\/agora.xtec.cat\/ceip-bernatdesclot\/wp-json\/wp\/v2\/users\/3"}],"replies":[{"embeddable":true,"href":"https:\/\/agora.xtec.cat\/ceip-bernatdesclot\/wp-json\/wp\/v2\/comments?post=3289"}],"version-history":[{"count":4,"href":"https:\/\/agora.xtec.cat\/ceip-bernatdesclot\/wp-json\/wp\/v2\/pages\/3289\/revisions"}],"predecessor-version":[{"id":4233,"href":"https:\/\/agora.xtec.cat\/ceip-bernatdesclot\/wp-json\/wp\/v2\/pages\/3289\/revisions\/4233"}],"up":[{"embeddable":true,"href":"https:\/\/agora.xtec.cat\/ceip-bernatdesclot\/wp-json\/wp\/v2\/pages\/3448"}],"wp:attachment":[{"href":"https:\/\/agora.xtec.cat\/ceip-bernatdesclot\/wp-json\/wp\/v2\/media?parent=3289"}],"curies":[{"name":"wp","href":"https:\/\/api.w.org\/{rel}","templated":true}]}}