{"id":3024,"date":"2022-07-13T10:39:49","date_gmt":"2022-07-13T08:39:49","guid":{"rendered":"https:\/\/agora.xtec.cat\/ceip-bernatdesclot\/?page_id=3024"},"modified":"2026-02-17T10:25:45","modified_gmt":"2026-02-17T09:25:45","slug":"blogs-i-fotografies","status":"publish","type":"page","link":"https:\/\/agora.xtec.cat\/ceip-bernatdesclot\/blogs-i-fotografies\/","title":{"rendered":"Fotografies"},"content":{"rendered":"<p>Benvolgudes fam\u00edlies,<\/p>\n<p>Per a veure els \u00e0lbums de fotos que pengem a la p\u00e0gina web <strong>cal identificar-se<\/strong>, ja que per augmentar la <strong>privacitat i protecci\u00f3 de les imatges<\/strong> dels vostres fills i filles, les fotos estan penjades amb\u00a0<strong>restricci\u00f3 d\u2019acc\u00e9s<\/strong>. Us demanem que quan hi accediu en feu un \u00fas estrictament personal i <strong>no les compartiu<\/strong>\u00a0en cap altra xarxa social o espai p\u00fablic.<\/p>\n<p>Dins de l&#8217;App Dinantia tamb\u00e9 teniu els enlla\u00e7os per accedir.<\/p>\n<p>Escull l\u2019any de naixement del teu fill\/a i escriu la contrasenya que us hem lliurat a principi de curs:<\/p>\n<table style=\"border-collapse: collapse; width: 100%;\">\n<tbody>\n<tr>\n<td style=\"width: 19.9778%; text-align: center;\"><\/td>\n<td style=\"width: 19.9778%; text-align: center;\"><a href=\"https:\/\/agora.xtec.cat\/ceip-bernatdesclot\/blogs-i-fotografies\/nascuts-2014\/\">2014<\/a><\/td>\n<td style=\"width: 19.9778%; text-align: center;\"><a href=\"https:\/\/agora.xtec.cat\/ceip-bernatdesclot\/blogs-i-fotografies\/nascuts-2015\/\">2015<\/a><\/td>\n<td style=\"width: 19.9778%; text-align: center;\"><a href=\"https:\/\/agora.xtec.cat\/ceip-bernatdesclot\/blogs-i-fotografies\/nascuts-2016\/\">2016<\/a><\/td>\n<td style=\"width: 20%; text-align: center;\"><a href=\"https:\/\/agora.xtec.cat\/ceip-bernatdesclot\/blogs-i-fotografies\/nascuts-2017\/\">2017<\/a><\/td>\n<\/tr>\n<tr>\n<td style=\"width: 19.9778%; text-align: center;\"><a href=\"https:\/\/agora.xtec.cat\/ceip-bernatdesclot\/blogs-i-fotografies\/nascuts-2018\/\">2018<\/a><\/td>\n<td style=\"width: 19.9778%; text-align: center;\"><a href=\"https:\/\/agora.xtec.cat\/ceip-bernatdesclot\/blogs-i-fotografies\/nascuts-2019\/\">2019<\/a><\/td>\n<td style=\"width: 19.9778%; text-align: center;\"><a href=\"https:\/\/agora.xtec.cat\/ceip-bernatdesclot\/blogs-i-fotografies\/nascuts-2020\/\">2020<\/a><\/td>\n<td style=\"width: 19.9778%; text-align: center;\"><a href=\"https:\/\/agora.xtec.cat\/ceip-bernatdesclot\/blogs-i-fotografies\/nascuts-2021\/\">2021<\/a><\/td>\n<td style=\"width: 20%; text-align: center;\"><a href=\"https:\/\/agora.xtec.cat\/ceip-bernatdesclot\/blogs-i-fotografies\/nascuts-2022\/\">2022<\/a><\/td>\n<\/tr>\n<\/tbody>\n<\/table>\n<p>&nbsp;<\/p>\n","protected":false},"excerpt":{"rendered":"<p>Benvolgudes fam\u00edlies,<br \/>\nPer a veure els \u00e0lbums de fotos que pengem a la p\u00e0gina web cal identificar-se, ja que per augmentar la privacitat i protecci\u00f3 de les imatges dels vostres fills i filles, les fotos estan penjades amb\u00a0restricci\u00f3 d\u2019acc\u00e9s. Us demanem que quan hi accediu en&hellip;  <a href=\"https:\/\/agora.xtec.cat\/ceip-bernatdesclot\/blogs-i-fotografies\/\" title=\"Read Fotografies\">Llegeix m\u00e9s\u00bb<\/a><\/p>\n","protected":false},"author":3,"featured_media":0,"parent":0,"menu_order":0,"comment_status":"closed","ping_status":"closed","template":"page-templates\/side-menu.php","meta":{"_bbp_topic_count":0,"_bbp_reply_count":0,"_bbp_total_topic_count":0,"_bbp_total_reply_count":0,"_bbp_voice_count":0,"_bbp_anonymous_reply_count":0,"_bbp_topic_count_hidden":0,"_bbp_reply_count_hidden":0,"_bbp_forum_subforum_count":0,"footnotes":""},"class_list":["post-3024","page","type-page","status-publish","hentry"],"post_mailing_queue_ids":[],"_links":{"self":[{"href":"https:\/\/agora.xtec.cat\/ceip-bernatdesclot\/wp-json\/wp\/v2\/pages\/3024","targetHints":{"allow":["GET"]}}],"collection":[{"href":"https:\/\/agora.xtec.cat\/ceip-bernatdesclot\/wp-json\/wp\/v2\/pages"}],"about":[{"href":"https:\/\/agora.xtec.cat\/ceip-bernatdesclot\/wp-json\/wp\/v2\/types\/page"}],"author":[{"embeddable":true,"href":"https:\/\/agora.xtec.cat\/ceip-bernatdesclot\/wp-json\/wp\/v2\/users\/3"}],"replies":[{"embeddable":true,"href":"https:\/\/agora.xtec.cat\/ceip-bernatdesclot\/wp-json\/wp\/v2\/comments?post=3024"}],"version-history":[{"count":6,"href":"https:\/\/agora.xtec.cat\/ceip-bernatdesclot\/wp-json\/wp\/v2\/pages\/3024\/revisions"}],"predecessor-version":[{"id":5379,"href":"https:\/\/agora.xtec.cat\/ceip-bernatdesclot\/wp-json\/wp\/v2\/pages\/3024\/revisions\/5379"}],"wp:attachment":[{"href":"https:\/\/agora.xtec.cat\/ceip-bernatdesclot\/wp-json\/wp\/v2\/media?parent=3024"}],"curies":[{"name":"wp","href":"https:\/\/api.w.org\/{rel}","templated":true}]}}