{"id":28,"date":"2014-09-18T12:29:35","date_gmt":"2014-09-18T11:29:35","guid":{"rendered":"http:\/\/agora.xtec.cat\/ceip-bernatdesclot\/?page_id=28"},"modified":"2024-08-28T11:42:21","modified_gmt":"2024-08-28T09:42:21","slug":"consell-escolar","status":"publish","type":"page","link":"https:\/\/agora.xtec.cat\/ceip-bernatdesclot\/lescola\/consell-escolar\/","title":{"rendered":"Consell escolar"},"content":{"rendered":"<p><a href=\"https:\/\/agora.xtec.cat\/ceip-bernatdesclot\/wp-content\/uploads\/usu1950\/2021\/02\/Colorful-Business-Data-General-Linkedin-Banner-1.png\"><img loading=\"lazy\" decoding=\"async\" class=\"alignnone size-full wp-image-1381\" src=\"https:\/\/agora.xtec.cat\/ceip-bernatdesclot\/wp-content\/uploads\/usu1950\/2021\/02\/Colorful-Business-Data-General-Linkedin-Banner-1.png\" alt=\"\" width=\"1584\" height=\"396\" srcset=\"https:\/\/agora.xtec.cat\/ceip-bernatdesclot\/wp-content\/uploads\/usu1950\/2021\/02\/Colorful-Business-Data-General-Linkedin-Banner-1.png 1584w, https:\/\/agora.xtec.cat\/ceip-bernatdesclot\/wp-content\/uploads\/usu1950\/2021\/02\/Colorful-Business-Data-General-Linkedin-Banner-1-300x75.png 300w, https:\/\/agora.xtec.cat\/ceip-bernatdesclot\/wp-content\/uploads\/usu1950\/2021\/02\/Colorful-Business-Data-General-Linkedin-Banner-1-768x192.png 768w, https:\/\/agora.xtec.cat\/ceip-bernatdesclot\/wp-content\/uploads\/usu1950\/2021\/02\/Colorful-Business-Data-General-Linkedin-Banner-1-1024x256.png 1024w\" sizes=\"auto, (max-width: 1584px) 100vw, 1584px\" \/><\/a><\/p>\n<p>Es l\u2019\u00f2rgan de participaci\u00f3 de la Comunitat Educativa en el govern del centre.<\/p>\n<p><strong>Composici\u00f3 del Consell Escolar<\/strong><\/p>\n<ul>\n<li>La directora del centre, que presideix el consell.<\/li>\n<li>El cap d\u2019estudis.<\/li>\n<li>La secret\u00e0ria del centre, que assumeix la secretaria.<\/li>\n<li>1 representant municipal.<\/li>\n<li>1 representant del personal d\u2019administraci\u00f3 i serveis.<\/li>\n<li>4 mestres, escollits pel claustre.<\/li>\n<li>3 pares o mares d\u2019alumnes, escollits per les fam\u00edlies.<\/li>\n<li>1 pare o mare, com a representant de l\u2019AMPA.<\/li>\n<\/ul>\n<p><strong>Elecci\u00f3 dels membres del Consell Escolar:<\/strong><\/p>\n<p>Cada 2 anys es renoven els membres del consell que ha caducat el seu mandat, com a representat del sector mestres, fam\u00edlies i personal administratiu i de serveis, mitjan\u00e7ant la convocat\u00f2ria d\u2019eleccions.<\/p>\n<p><strong>Les funcions del Consell Escolar s\u00f3n, entre d\u2019altres:<\/strong><\/p>\n<ul>\n<li>Participar en l\u2019aprovaci\u00f3 del projecte educatiu i les seves modificacions.<\/li>\n<\/ul>\n<ul>\n<li>Participar en l\u2019aprovaci\u00f3 de la programaci\u00f3 general anual, de les normes de funcionament i de la gesti\u00f3 econ\u00f2mica del centre.<\/li>\n<\/ul>\n<ul>\n<li>Avaluar l\u2019aplicaci\u00f3 dels documents de gesti\u00f3 del centre.<\/li>\n<\/ul>\n<ul>\n<li>Aprovar les propostes d\u2019acords de coresponsabilitat, convenis i altres acords de col\u00b7laboraci\u00f3 del centre amb entitats i institucions.<\/li>\n<\/ul>\n<ul>\n<li>Intervenir en el procediment d\u2019admissi\u00f3 d\u2019alumnes.<\/li>\n<\/ul>\n<ul>\n<li>Participar en el procediment de selecci\u00f3 i en la proposta de cessament del director o directora.<\/li>\n<\/ul>\n<ul>\n<li>Intervenir en la resoluci\u00f3 dels conflictes i, si escau, revisar les sancions als alumnes.<\/li>\n<\/ul>\n<ul>\n<li>Aprovar les directrius per a la programaci\u00f3 d\u2019activitats escolars complement\u00e0ries i d\u2019activitats extraescolars, i avaluar-ne el desenvolupament.<\/li>\n<\/ul>\n<ul>\n<li>Participar en les an\u00e0lisis i les avaluacions del funcionament general del centre i con\u00e8ixer l\u2019evoluci\u00f3 del rendiment escolar.<\/li>\n<\/ul>\n<ul>\n<li>Aprovar els criteris de col\u00b7laboraci\u00f3 amb altres centres i amb l\u2019entorn.<\/li>\n<\/ul>\n","protected":false},"excerpt":{"rendered":"<p><a href=\"https:\/\/agora.xtec.cat\/ceip-bernatdesclot\/wp-content\/uploads\/usu1950\/2021\/02\/Colorful-Business-Data-General-Linkedin-Banner-1.png\"><\/a><br \/>\nEs l\u2019\u00f2rgan de participaci\u00f3 de la Comunitat Educativa en el govern del centre.<br \/>\nComposici\u00f3 del Consell Escolar<\/p>\n<ul>\n<li>La directora del centre, que presideix el consell.<\/li>\n<li>El cap d\u2019estudis.<\/li>\n<li>La secret\u00e0ria del centre, que assumeix la secretaria.<\/li>\n<li>1 representant municipal.<\/li>\n<li>1 representant del personal d\u2019administraci\u00f3 i serveis.<\/li>\n<li>4 mestres, escollits pel claustre.<\/li>\n<li>3&hellip;  <a href=\"https:\/\/agora.xtec.cat\/ceip-bernatdesclot\/lescola\/consell-escolar\/\" title=\"Read Consell escolar\">Llegeix m\u00e9s\u00bb<\/a><br \/>\n","protected":false},"author":1,"featured_media":0,"parent":22,"menu_order":30,"comment_status":"closed","ping_status":"closed","template":"page-templates\/side-menu.php","meta":{"_bbp_topic_count":0,"_bbp_reply_count":0,"_bbp_total_topic_count":0,"_bbp_total_reply_count":0,"_bbp_voice_count":0,"_bbp_anonymous_reply_count":0,"_bbp_topic_count_hidden":0,"_bbp_reply_count_hidden":0,"_bbp_forum_subforum_count":0,"footnotes":""},"class_list":["post-28","page","type-page","status-publish","hentry"],"post_mailing_queue_ids":[],"_links":{"self":[{"href":"https:\/\/agora.xtec.cat\/ceip-bernatdesclot\/wp-json\/wp\/v2\/pages\/28","targetHints":{"allow":["GET"]}}],"collection":[{"href":"https:\/\/agora.xtec.cat\/ceip-bernatdesclot\/wp-json\/wp\/v2\/pages"}],"about":[{"href":"https:\/\/agora.xtec.cat\/ceip-bernatdesclot\/wp-json\/wp\/v2\/types\/page"}],"author":[{"embeddable":true,"href":"https:\/\/agora.xtec.cat\/ceip-bernatdesclot\/wp-json\/wp\/v2\/users\/1"}],"replies":[{"embeddable":true,"href":"https:\/\/agora.xtec.cat\/ceip-bernatdesclot\/wp-json\/wp\/v2\/comments?post=28"}],"version-history":[{"count":6,"href":"https:\/\/agora.xtec.cat\/ceip-bernatdesclot\/wp-json\/wp\/v2\/pages\/28\/revisions"}],"predecessor-version":[{"id":4525,"href":"https:\/\/agora.xtec.cat\/ceip-bernatdesclot\/wp-json\/wp\/v2\/pages\/28\/revisions\/4525"}],"up":[{"embeddable":true,"href":"https:\/\/agora.xtec.cat\/ceip-bernatdesclot\/wp-json\/wp\/v2\/pages\/22"}],"wp:attachment":[{"href":"https:\/\/agora.xtec.cat\/ceip-bernatdesclot\/wp-json\/wp\/v2\/media?parent=28"}],"curies":[{"name":"wp","href":"https:\/\/api.w.org\/{rel}","templated":true}]}}