{"id":22,"date":"2014-09-18T12:19:57","date_gmt":"2014-09-18T11:19:57","guid":{"rendered":"http:\/\/agora.xtec.cat\/ceip-bernatdesclot\/?page_id=22"},"modified":"2025-03-11T17:09:39","modified_gmt":"2025-03-11T16:09:39","slug":"lescola","status":"publish","type":"page","link":"https:\/\/agora.xtec.cat\/ceip-bernatdesclot\/lescola\/","title":{"rendered":"Fem comunitat,  Fem escola"},"content":{"rendered":"<p>L\u2019<strong>escola Bernat Desclot<\/strong> \u00e9s una escola p\u00fablica, oberta a les fam\u00edlies i arrelada al barri. Treballem per oferir un proc\u00e9s educatiu de qualitat, centrat en el benestar del nostre alumnat i l\u2019assoliment de les compet\u00e8ncies b\u00e0siques, sempre des d\u2019una mirada innovadora i inclusiva.<\/p>\n<p>A <strong>Educaci\u00f3 Infantil<\/strong>, organitzem les activitats amb una visi\u00f3 globalitzada on l\u2019infant \u00e9s el centre de l\u2019aprenentatge, potenciant la seva autonomia i \u00a0el seu desenvolupament integral amb<br \/>\nambients actius i tallers d\u2019aprenentatge, que estimulen la seva curiositat i creativitat, aix\u00ed com l\u2019aprenentatge inicial de la lectoescriptura i el llenguatge matem\u00e0tic.<\/p>\n<p>A<strong> Prim\u00e0ria<\/strong>, desenvolupem metodologies que busquen un aprenentatge significatiu que transmeti el desig per aprendre i fomenti la implicaci\u00f3 dels infants, a trav\u00e9s del treball cooperatiu, el treball\u00a0 per projectes i tallers, acompanyat per un ensenyament sistematitzat dels continguts, on s\u2019integren de forma estrat\u00e8gica les eines digitals i l\u2019estimulaci\u00f3 de l\u2019educaci\u00f3 art\u00edstica.<\/p>\n<p>Oferim al nostre alumnat una <strong><span style=\"color: #000000;\">atenci\u00f3 i acompanyament personalitzat<\/span><\/strong>, aplicant mesures i suports que l\u2019ajudin a assolir l\u2019<strong>\u00e8xit educatiu<\/strong>.<\/p>\n<p>&nbsp;<\/p>\n<p><img loading=\"lazy\" decoding=\"async\" class=\"aligncenter size-full wp-image-4964\" src=\"https:\/\/agora.xtec.cat\/ceip-bernatdesclot\/wp-content\/uploads\/usu1950\/2025\/03\/20250311_152027-1-scaled.jpg\" alt=\"\" width=\"2560\" height=\"1153\" srcset=\"https:\/\/agora.xtec.cat\/ceip-bernatdesclot\/wp-content\/uploads\/usu1950\/2025\/03\/20250311_152027-1-scaled.jpg 2560w, https:\/\/agora.xtec.cat\/ceip-bernatdesclot\/wp-content\/uploads\/usu1950\/2025\/03\/20250311_152027-1-300x135.jpg 300w, https:\/\/agora.xtec.cat\/ceip-bernatdesclot\/wp-content\/uploads\/usu1950\/2025\/03\/20250311_152027-1-1024x461.jpg 1024w, https:\/\/agora.xtec.cat\/ceip-bernatdesclot\/wp-content\/uploads\/usu1950\/2025\/03\/20250311_152027-1-768x346.jpg 768w, https:\/\/agora.xtec.cat\/ceip-bernatdesclot\/wp-content\/uploads\/usu1950\/2025\/03\/20250311_152027-1-1536x692.jpg 1536w, https:\/\/agora.xtec.cat\/ceip-bernatdesclot\/wp-content\/uploads\/usu1950\/2025\/03\/20250311_152027-1-2048x922.jpg 2048w\" sizes=\"auto, (max-width: 2560px) 100vw, 2560px\" \/><\/p>\n","protected":false},"excerpt":{"rendered":"<p>L\u2019escola Bernat Desclot \u00e9s una escola p\u00fablica, oberta a les fam\u00edlies i arrelada al barri. Treballem per oferir un proc\u00e9s educatiu de qualitat, centrat en el benestar del nostre alumnat i l\u2019assoliment de les compet\u00e8ncies b\u00e0siques, sempre des d\u2019una mirada innovadora i inclusiva.<br \/>\nA Educaci\u00f3 Infantil,&hellip;  <a href=\"https:\/\/agora.xtec.cat\/ceip-bernatdesclot\/lescola\/\" title=\"Read Fem comunitat,  Fem escola\">Llegeix m\u00e9s\u00bb<\/a><\/p>\n","protected":false},"author":1,"featured_media":0,"parent":0,"menu_order":0,"comment_status":"closed","ping_status":"closed","template":"page-templates\/side-menu.php","meta":{"_bbp_topic_count":0,"_bbp_reply_count":0,"_bbp_total_topic_count":0,"_bbp_total_reply_count":0,"_bbp_voice_count":0,"_bbp_anonymous_reply_count":0,"_bbp_topic_count_hidden":0,"_bbp_reply_count_hidden":0,"_bbp_forum_subforum_count":0,"footnotes":""},"class_list":["post-22","page","type-page","status-publish","hentry"],"post_mailing_queue_ids":[],"_links":{"self":[{"href":"https:\/\/agora.xtec.cat\/ceip-bernatdesclot\/wp-json\/wp\/v2\/pages\/22","targetHints":{"allow":["GET"]}}],"collection":[{"href":"https:\/\/agora.xtec.cat\/ceip-bernatdesclot\/wp-json\/wp\/v2\/pages"}],"about":[{"href":"https:\/\/agora.xtec.cat\/ceip-bernatdesclot\/wp-json\/wp\/v2\/types\/page"}],"author":[{"embeddable":true,"href":"https:\/\/agora.xtec.cat\/ceip-bernatdesclot\/wp-json\/wp\/v2\/users\/1"}],"replies":[{"embeddable":true,"href":"https:\/\/agora.xtec.cat\/ceip-bernatdesclot\/wp-json\/wp\/v2\/comments?post=22"}],"version-history":[{"count":6,"href":"https:\/\/agora.xtec.cat\/ceip-bernatdesclot\/wp-json\/wp\/v2\/pages\/22\/revisions"}],"predecessor-version":[{"id":4966,"href":"https:\/\/agora.xtec.cat\/ceip-bernatdesclot\/wp-json\/wp\/v2\/pages\/22\/revisions\/4966"}],"wp:attachment":[{"href":"https:\/\/agora.xtec.cat\/ceip-bernatdesclot\/wp-json\/wp\/v2\/media?parent=22"}],"curies":[{"name":"wp","href":"https:\/\/api.w.org\/{rel}","templated":true}]}}