{"id":2138,"date":"2021-10-20T08:32:22","date_gmt":"2021-10-20T06:32:22","guid":{"rendered":"https:\/\/agora.xtec.cat\/ceip-bernatdesclot\/?page_id=2138"},"modified":"2023-10-28T16:55:40","modified_gmt":"2023-10-28T14:55:40","slug":"gsuite-escolabernatdesclot-cat","status":"publish","type":"page","link":"https:\/\/agora.xtec.cat\/ceip-bernatdesclot\/tutorials-plataformes-digitals\/gsuite-escolabernatdesclot-cat\/","title":{"rendered":"GSuite @escolabernatdesclot.cat"},"content":{"rendered":"<p class=\"CDt4Ke zfr3Q\" dir=\"ltr\"><span class=\" jgG6ef\"><strong>GSuite<\/strong><\/span><span class=\" jgG6ef\"> \u00e9s un servidor de correu que ofereix la plataforma Google per a escoles i instituts. <\/span><span class=\" jgG6ef\">Mestres i alumnat disposen d\u2019un compte del nostre domini (<\/span><span class=\" jgG6ef\"><strong>@escolabernatdesclot.cat)<\/strong><\/span><span class=\" jgG6ef\"> i ser\u00e0 la via exclusiva per la qual rebran totes les informacions relacionades amb l\u2019escola (missatges de direcci\u00f3, missatges del tutor\/a, notificacions de Dinantia, &#8230;).<\/span><\/p>\n<p dir=\"ltr\" style=\"text-align: center;\"><img loading=\"lazy\" decoding=\"async\" class=\"aligncenter wp-image-3010\" src=\"https:\/\/agora.xtec.cat\/ceip-bernatdesclot\/wp-content\/uploads\/usu1950\/2022\/07\/Captura-de-pantalla-2022-07-09-a-las-17.03.10.png\" alt=\"\" width=\"332\" height=\"121\" srcset=\"https:\/\/agora.xtec.cat\/ceip-bernatdesclot\/wp-content\/uploads\/usu1950\/2022\/07\/Captura-de-pantalla-2022-07-09-a-las-17.03.10.png 597w, https:\/\/agora.xtec.cat\/ceip-bernatdesclot\/wp-content\/uploads\/usu1950\/2022\/07\/Captura-de-pantalla-2022-07-09-a-las-17.03.10-300x110.png 300w\" sizes=\"auto, (max-width: 332px) 100vw, 332px\" \/><\/p>\n<p class=\"CDt4Ke zfr3Q\" dir=\"ltr\"><span class=\" jgG6ef\">Aquest correu \u00e9s molt semblant al d\u2019un Gmail convencional i dona acc\u00e9s a una s\u00e8rie d\u2019eines educatives on-line. A m\u00e9s, ofereix unes condicions de seguretat i privacitat de qualitat amb emmagatzematge de dades en servidors a Europa i per tant sota la normativa europea de privacitat i seguretat.<\/span><\/p>\n<p class=\"CDt4Ke zfr3Q\" dir=\"ltr\"><span class=\" jgG6ef\">L\u2018alumnat tindr\u00e0 tamb\u00e9 acc\u00e9s a totes les aplicacions de Google, amb acc\u00e9s exclusiu per a membres del nostre domini. Les aplicacions destacades en l\u2019\u00e0mbit educatiu, s\u00f3n:<\/span><\/p>\n<ul class=\"n8H08c UVNKR\">\n<li class=\"TYR86d wXCUfe zfr3Q\" dir=\"ltr\">\n<p class=\"CDt4Ke zfr3Q\" dir=\"ltr\"><span class=\" jgG6ef\"><strong>Correu <\/strong><\/span><\/p>\n<\/li>\n<li class=\"TYR86d wXCUfe zfr3Q\" dir=\"ltr\">\n<p class=\"CDt4Ke zfr3Q\" dir=\"ltr\"><span class=\" jgG6ef\"><strong>Google Drive<\/strong><\/span><span class=\" jgG6ef\">, el n\u00favol de Google.<\/span><\/p>\n<\/li>\n<li class=\"TYR86d wXCUfe zfr3Q\" dir=\"ltr\">\n<p class=\"CDt4Ke zfr3Q\" dir=\"ltr\"><span class=\" jgG6ef\"><strong>Google Meet <\/strong><\/span><span class=\" jgG6ef\">\u00e9s el punt de trobada en les classes virtuals.<\/span><\/p>\n<\/li>\n<\/ul>\n<p><iframe loading=\"lazy\" title=\"YouTube video player\" src=\"https:\/\/www.youtube.com\/embed\/B3_qtvccG3g?si=g7y8E1bHrNfz4Icw\" width=\"560\" height=\"315\" frameborder=\"0\" allowfullscreen=\"allowfullscreen\"><\/iframe><\/p>\n","protected":false},"excerpt":{"rendered":"<p>GSuite \u00e9s un servidor de correu que ofereix la plataforma Google per a escoles i instituts. Mestres i alumnat disposen d\u2019un compte del nostre domini (@escolabernatdesclot.cat) i ser\u00e0 la via exclusiva per la qual rebran totes les informacions relacionades amb l\u2019escola (missatges de direcci\u00f3, missatges&hellip;  <a href=\"https:\/\/agora.xtec.cat\/ceip-bernatdesclot\/tutorials-plataformes-digitals\/gsuite-escolabernatdesclot-cat\/\" title=\"Read GSuite @escolabernatdesclot.cat\">Llegeix m\u00e9s\u00bb<\/a><\/p>\n","protected":false},"author":3,"featured_media":0,"parent":3446,"menu_order":2,"comment_status":"closed","ping_status":"closed","template":"page-templates\/side-menu.php","meta":{"_bbp_topic_count":0,"_bbp_reply_count":0,"_bbp_total_topic_count":0,"_bbp_total_reply_count":0,"_bbp_voice_count":0,"_bbp_anonymous_reply_count":0,"_bbp_topic_count_hidden":0,"_bbp_reply_count_hidden":0,"_bbp_forum_subforum_count":0,"footnotes":""},"class_list":["post-2138","page","type-page","status-publish","hentry"],"post_mailing_queue_ids":[],"_links":{"self":[{"href":"https:\/\/agora.xtec.cat\/ceip-bernatdesclot\/wp-json\/wp\/v2\/pages\/2138","targetHints":{"allow":["GET"]}}],"collection":[{"href":"https:\/\/agora.xtec.cat\/ceip-bernatdesclot\/wp-json\/wp\/v2\/pages"}],"about":[{"href":"https:\/\/agora.xtec.cat\/ceip-bernatdesclot\/wp-json\/wp\/v2\/types\/page"}],"author":[{"embeddable":true,"href":"https:\/\/agora.xtec.cat\/ceip-bernatdesclot\/wp-json\/wp\/v2\/users\/3"}],"replies":[{"embeddable":true,"href":"https:\/\/agora.xtec.cat\/ceip-bernatdesclot\/wp-json\/wp\/v2\/comments?post=2138"}],"version-history":[{"count":5,"href":"https:\/\/agora.xtec.cat\/ceip-bernatdesclot\/wp-json\/wp\/v2\/pages\/2138\/revisions"}],"predecessor-version":[{"id":4099,"href":"https:\/\/agora.xtec.cat\/ceip-bernatdesclot\/wp-json\/wp\/v2\/pages\/2138\/revisions\/4099"}],"up":[{"embeddable":true,"href":"https:\/\/agora.xtec.cat\/ceip-bernatdesclot\/wp-json\/wp\/v2\/pages\/3446"}],"wp:attachment":[{"href":"https:\/\/agora.xtec.cat\/ceip-bernatdesclot\/wp-json\/wp\/v2\/media?parent=2138"}],"curies":[{"name":"wp","href":"https:\/\/api.w.org\/{rel}","templated":true}]}}