{"id":2030,"date":"2021-10-01T17:33:07","date_gmt":"2021-10-01T15:33:07","guid":{"rendered":"https:\/\/agora.xtec.cat\/ceip-bernatdesclot\/?page_id=2030"},"modified":"2022-07-21T16:25:23","modified_gmt":"2022-07-21T14:25:23","slug":"estudis","status":"publish","type":"page","link":"https:\/\/agora.xtec.cat\/ceip-bernatdesclot\/estudis\/","title":{"rendered":"Estudis"},"content":{"rendered":"<p>Al nostre centre s\u2019imparteixen els estudis d\u2019Educaci\u00f3 Infantil i d\u2019Educaci\u00f3 Prim\u00e0ria.<\/p>\n<p><strong>L\u2019Educaci\u00f3 Infantil<\/strong> \u00e9s l\u2019etapa que s\u2019imparteix als infants de 0 a 6 anys; s\u2019organitza en dos cicles de tres cursos\u00a0cadascun, el primer cicle (0-3 anys) i el segon cicle (3-6 anys).<\/p>\n<p>La finalitat del segon cicle de l\u2019Educaci\u00f3 Infantil \u00e9s la de contribuir al desenvolupament f\u00edsic, afectiu, social i intel\u00b7lectual de nenes i nens durant els seus primers anys de vida.<\/p>\n<p>La import\u00e0ncia d\u2019aquesta etapa rau en el seu possible car\u00e0cter compensatori de les desigualtats d\u2019origen social, econ\u00f2mic o cultural, en el paper atorgat a la socialitzaci\u00f3 i en el foment de les capacitats de les nens i els nens.<\/p>\n<p><strong>L\u2019Educaci\u00f3 Prim\u00e0ria<\/strong> \u00e9s l\u2019etapa educativa de car\u00e0cter obligatori que compr\u00e8n sis cursos acad\u00e8mics i s\u2019organitza en tres cicles de dos cursos: cicle inicial, cicle mitj\u00e0 i cicle superior.<\/p>\n","protected":false},"excerpt":{"rendered":"<p>Al nostre centre s\u2019imparteixen els estudis d\u2019Educaci\u00f3 Infantil i d\u2019Educaci\u00f3 Prim\u00e0ria.<br \/>\nL\u2019Educaci\u00f3 Infantil \u00e9s l\u2019etapa que s\u2019imparteix als infants de 0 a 6 anys; s\u2019organitza en dos cicles de tres cursos\u00a0cadascun, el primer cicle (0-3 anys) i el segon cicle (3-6 anys).<br \/>\nLa finalitat del segon cicle&hellip;  <a href=\"https:\/\/agora.xtec.cat\/ceip-bernatdesclot\/estudis\/\" title=\"Read Estudis\">Llegeix m\u00e9s\u00bb<\/a><\/p>\n","protected":false},"author":3,"featured_media":0,"parent":0,"menu_order":0,"comment_status":"closed","ping_status":"closed","template":"","meta":{"_bbp_topic_count":0,"_bbp_reply_count":0,"_bbp_total_topic_count":0,"_bbp_total_reply_count":0,"_bbp_voice_count":0,"_bbp_anonymous_reply_count":0,"_bbp_topic_count_hidden":0,"_bbp_reply_count_hidden":0,"_bbp_forum_subforum_count":0,"footnotes":""},"class_list":["post-2030","page","type-page","status-publish","hentry"],"post_mailing_queue_ids":[],"_links":{"self":[{"href":"https:\/\/agora.xtec.cat\/ceip-bernatdesclot\/wp-json\/wp\/v2\/pages\/2030","targetHints":{"allow":["GET"]}}],"collection":[{"href":"https:\/\/agora.xtec.cat\/ceip-bernatdesclot\/wp-json\/wp\/v2\/pages"}],"about":[{"href":"https:\/\/agora.xtec.cat\/ceip-bernatdesclot\/wp-json\/wp\/v2\/types\/page"}],"author":[{"embeddable":true,"href":"https:\/\/agora.xtec.cat\/ceip-bernatdesclot\/wp-json\/wp\/v2\/users\/3"}],"replies":[{"embeddable":true,"href":"https:\/\/agora.xtec.cat\/ceip-bernatdesclot\/wp-json\/wp\/v2\/comments?post=2030"}],"version-history":[{"count":3,"href":"https:\/\/agora.xtec.cat\/ceip-bernatdesclot\/wp-json\/wp\/v2\/pages\/2030\/revisions"}],"predecessor-version":[{"id":3142,"href":"https:\/\/agora.xtec.cat\/ceip-bernatdesclot\/wp-json\/wp\/v2\/pages\/2030\/revisions\/3142"}],"wp:attachment":[{"href":"https:\/\/agora.xtec.cat\/ceip-bernatdesclot\/wp-json\/wp\/v2\/media?parent=2030"}],"curies":[{"name":"wp","href":"https:\/\/api.w.org\/{rel}","templated":true}]}}