{"id":1889,"date":"2021-09-05T16:35:53","date_gmt":"2021-09-05T14:35:53","guid":{"rendered":"https:\/\/agora.xtec.cat\/ceip-bernatdesclot\/?page_id=1889"},"modified":"2023-10-28T16:48:28","modified_gmt":"2023-10-28T14:48:28","slug":"plataforma-digital-del-centre","status":"publish","type":"page","link":"https:\/\/agora.xtec.cat\/ceip-bernatdesclot\/tutorials-plataformes-digitals\/plataforma-digital-del-centre\/","title":{"rendered":"Moodle (Entorn Virtual d&#8217;Aprenentage)"},"content":{"rendered":"<p><strong>Qu\u00e8 \u00e9s Moodle?<\/strong><\/p>\n<p>\u00c9s la nostra plataforma digital de treball diari i Entorn Virtual d&#8217;Aprenentatge. Totes les fam\u00edlies i alumnes del centre disposeu d&#8217;un usuari i contrasenya per accedir a la plataforma.<\/p>\n<p style=\"text-align: center;\"><a href=\"https:\/\/agora.xtec.cat\/ceip-bernatdesclot\/wp-content\/uploads\/usu1950\/2021\/11\/Moodle-1.png\"><img loading=\"lazy\" decoding=\"async\" class=\"alignnone wp-image-2417\" src=\"https:\/\/agora.xtec.cat\/ceip-bernatdesclot\/wp-content\/uploads\/usu1950\/2021\/11\/Moodle-1.png\" alt=\"\" width=\"405\" height=\"208\" srcset=\"https:\/\/agora.xtec.cat\/ceip-bernatdesclot\/wp-content\/uploads\/usu1950\/2021\/11\/Moodle-1.png 787w, https:\/\/agora.xtec.cat\/ceip-bernatdesclot\/wp-content\/uploads\/usu1950\/2021\/11\/Moodle-1-300x154.png 300w, https:\/\/agora.xtec.cat\/ceip-bernatdesclot\/wp-content\/uploads\/usu1950\/2021\/11\/Moodle-1-768x394.png 768w\" sizes=\"auto, (max-width: 405px) 100vw, 405px\" \/><\/a><\/p>\n<p><strong>Que puc fer en la plataforma?<\/strong><\/p>\n<p>Dins de la plataforma teniu acc\u00e9s als cursos del <strong>Moodle<\/strong> dels vostres fills\/es, on podreu trobar recursos, activitats, deures, fitxes, &#8230; de cada mat\u00e8ria i grup.<\/p>\n<p><strong>Q\u00fcestions importants:<\/strong><\/p>\n<ul>\n<li>Podeu modificar la foto de perfil un cop accediu (foto tipus DNI).<\/li>\n<li>Mantenir la vostra contrasenya en secret.<\/li>\n<li>Recordeu que <strong>el sistema distingeix entre maj\u00fascules i min\u00fascules<\/strong>.<\/li>\n<\/ul>\n<p><strong>Vols saber m\u00e9s sobre el Moodle?<\/strong><\/p>\n<p><a href=\"https:\/\/escolabernatdesclot.cat\/moodle\/course\/view.php?id=291\">Entra al curs d&#8217;ajuda que tenim preparat<\/a><\/p>\n<p><strong>Si detecteu cap error o teniu problemes per accedir-hi, comuniqueu-ho al correu corporatiu del tutor\/a del vostre fill\/a (@escolabernatdesclot.cat) o al correu de l&#8217;escola: a8034837@xtec.cat<br \/>\n<\/strong><\/p>\n<p>Esperem que aquest nou servei que us oferim us sigui \u00fatil per poder fer un millor seguiment dels estudis dels vostres fills, us ajudi a implicar-vos en el seu progr\u00e9s, millori la comunicaci\u00f3 amb l\u2019escola i, en definitiva, faci del Bernat Desclot un centre cada dia m\u00e9s obert i transparent.<\/p>\n","protected":false},"excerpt":{"rendered":"<p>Qu\u00e8 \u00e9s Moodle?<br \/>\n\u00c9s la nostra plataforma digital de treball diari i Entorn Virtual d&#8217;Aprenentatge. Totes les fam\u00edlies i alumnes del centre disposeu d&#8217;un usuari i contrasenya per accedir a la plataforma.<br \/>\n<a href=\"https:\/\/agora.xtec.cat\/ceip-bernatdesclot\/wp-content\/uploads\/usu1950\/2021\/11\/Moodle-1.png\"><\/a><br \/>\nQue puc fer en la plataforma?<br \/>\nDins de la plataforma teniu acc\u00e9s als cursos del&hellip;  <a href=\"https:\/\/agora.xtec.cat\/ceip-bernatdesclot\/tutorials-plataformes-digitals\/plataforma-digital-del-centre\/\" title=\"Read Moodle (Entorn Virtual d&#8217;Aprenentage)\">Llegeix m\u00e9s\u00bb<\/a><\/p>\n","protected":false},"author":3,"featured_media":0,"parent":3446,"menu_order":1,"comment_status":"closed","ping_status":"closed","template":"page-templates\/side-menu.php","meta":{"_bbp_topic_count":0,"_bbp_reply_count":0,"_bbp_total_topic_count":0,"_bbp_total_reply_count":0,"_bbp_voice_count":0,"_bbp_anonymous_reply_count":0,"_bbp_topic_count_hidden":0,"_bbp_reply_count_hidden":0,"_bbp_forum_subforum_count":0,"footnotes":""},"class_list":["post-1889","page","type-page","status-publish","hentry"],"post_mailing_queue_ids":[],"_links":{"self":[{"href":"https:\/\/agora.xtec.cat\/ceip-bernatdesclot\/wp-json\/wp\/v2\/pages\/1889","targetHints":{"allow":["GET"]}}],"collection":[{"href":"https:\/\/agora.xtec.cat\/ceip-bernatdesclot\/wp-json\/wp\/v2\/pages"}],"about":[{"href":"https:\/\/agora.xtec.cat\/ceip-bernatdesclot\/wp-json\/wp\/v2\/types\/page"}],"author":[{"embeddable":true,"href":"https:\/\/agora.xtec.cat\/ceip-bernatdesclot\/wp-json\/wp\/v2\/users\/3"}],"replies":[{"embeddable":true,"href":"https:\/\/agora.xtec.cat\/ceip-bernatdesclot\/wp-json\/wp\/v2\/comments?post=1889"}],"version-history":[{"count":5,"href":"https:\/\/agora.xtec.cat\/ceip-bernatdesclot\/wp-json\/wp\/v2\/pages\/1889\/revisions"}],"predecessor-version":[{"id":4092,"href":"https:\/\/agora.xtec.cat\/ceip-bernatdesclot\/wp-json\/wp\/v2\/pages\/1889\/revisions\/4092"}],"up":[{"embeddable":true,"href":"https:\/\/agora.xtec.cat\/ceip-bernatdesclot\/wp-json\/wp\/v2\/pages\/3446"}],"wp:attachment":[{"href":"https:\/\/agora.xtec.cat\/ceip-bernatdesclot\/wp-json\/wp\/v2\/media?parent=1889"}],"curies":[{"name":"wp","href":"https:\/\/api.w.org\/{rel}","templated":true}]}}