{"id":1010,"date":"2020-11-17T00:45:35","date_gmt":"2020-11-16T23:45:35","guid":{"rendered":"https:\/\/agora.xtec.cat\/ceip-bernatdesclot\/?page_id=1010"},"modified":"2021-05-26T12:58:08","modified_gmt":"2021-05-26T10:58:08","slug":"proteccio-de-dades","status":"publish","type":"page","link":"https:\/\/agora.xtec.cat\/ceip-bernatdesclot\/lescola\/proteccio-de-dades\/","title":{"rendered":"Protecci\u00f3 de dades"},"content":{"rendered":"<p style=\"text-align: center;\"><a href=\"https:\/\/agora.xtec.cat\/ceip-bernatdesclot\/wp-content\/uploads\/usu1950\/2021\/05\/BLOG-LOPD.jpg\"><img loading=\"lazy\" decoding=\"async\" class=\"alignnone  wp-image-1707\" src=\"https:\/\/agora.xtec.cat\/ceip-bernatdesclot\/wp-content\/uploads\/usu1950\/2021\/05\/BLOG-LOPD.jpg\" alt=\"\" width=\"335\" height=\"194\" srcset=\"https:\/\/agora.xtec.cat\/ceip-bernatdesclot\/wp-content\/uploads\/usu1950\/2021\/05\/BLOG-LOPD.jpg 700w, https:\/\/agora.xtec.cat\/ceip-bernatdesclot\/wp-content\/uploads\/usu1950\/2021\/05\/BLOG-LOPD-300x174.jpg 300w\" sizes=\"auto, (max-width: 335px) 100vw, 335px\" \/><\/a><\/p>\n<p><strong>Totes les dades, el centre les tractar\u00e0 i utilitzar\u00e0 amb finalitats educatives<\/strong><\/p>\n<p><strong>MARC LEGISLATIU<\/strong><\/p>\n<p>El model de gesti\u00f3 de la privacitat i la protecci\u00f3 de dades de l\u2019escola es fonamenta en el marc jur\u00eddic seg\u00fcent:<\/p>\n<ul>\n<li>Reglament 2016\/679 del Parlament Europeu i del Consell de 27 d\u2019abril de 2016 (RGPD), relatiu a la protecci\u00f3 de les persones f\u00edsiques pel que fa al tractament de dades personals i a la lliure circulaci\u00f3 d\u2019aquestes dades, i pel qual es deroga la Directiva 95\/46\/CE.<\/li>\n<li>Llei org\u00e0nica 15\/1999, de 13 de desembre, de protecci\u00f3 de dades de car\u00e0cter personal (vigent fins l\u2019aprovaci\u00f3 de la nova Llei org\u00e0nica de protecci\u00f3 de dades).<\/li>\n<\/ul>\n<p>En cas que es sol\u00b7licitin dades personals als usuaris, aquestes es tractaran d\u2019acord amb el principi de protecci\u00f3 de dades personals establert pel marc legislatiu indicat.<\/p>\n","protected":false},"excerpt":{"rendered":"<p><a href=\"https:\/\/agora.xtec.cat\/ceip-bernatdesclot\/wp-content\/uploads\/usu1950\/2021\/05\/BLOG-LOPD.jpg\"><\/a><br \/>\nTotes les dades, el centre les tractar\u00e0 i utilitzar\u00e0 amb finalitats educatives<br \/>\nMARC LEGISLATIU<br \/>\nEl model de gesti\u00f3 de la privacitat i la protecci\u00f3 de dades de l\u2019escola es fonamenta en el marc jur\u00eddic seg\u00fcent:<\/p>\n<ul>\n<li>Reglament 2016\/679 del Parlament Europeu i del Consell de 27 d\u2019abril de&hellip;  <a href=\"https:\/\/agora.xtec.cat\/ceip-bernatdesclot\/lescola\/proteccio-de-dades\/\" title=\"Read Protecci\u00f3 de dades\">Llegeix m\u00e9s\u00bb<\/a><br \/>\n","protected":false},"author":3,"featured_media":0,"parent":22,"menu_order":0,"comment_status":"closed","ping_status":"closed","template":"page-templates\/side-menu.php","meta":{"_bbp_topic_count":0,"_bbp_reply_count":0,"_bbp_total_topic_count":0,"_bbp_total_reply_count":0,"_bbp_voice_count":0,"_bbp_anonymous_reply_count":0,"_bbp_topic_count_hidden":0,"_bbp_reply_count_hidden":0,"_bbp_forum_subforum_count":0,"footnotes":""},"class_list":["post-1010","page","type-page","status-publish","hentry"],"post_mailing_queue_ids":[],"_links":{"self":[{"href":"https:\/\/agora.xtec.cat\/ceip-bernatdesclot\/wp-json\/wp\/v2\/pages\/1010","targetHints":{"allow":["GET"]}}],"collection":[{"href":"https:\/\/agora.xtec.cat\/ceip-bernatdesclot\/wp-json\/wp\/v2\/pages"}],"about":[{"href":"https:\/\/agora.xtec.cat\/ceip-bernatdesclot\/wp-json\/wp\/v2\/types\/page"}],"author":[{"embeddable":true,"href":"https:\/\/agora.xtec.cat\/ceip-bernatdesclot\/wp-json\/wp\/v2\/users\/3"}],"replies":[{"embeddable":true,"href":"https:\/\/agora.xtec.cat\/ceip-bernatdesclot\/wp-json\/wp\/v2\/comments?post=1010"}],"version-history":[{"count":3,"href":"https:\/\/agora.xtec.cat\/ceip-bernatdesclot\/wp-json\/wp\/v2\/pages\/1010\/revisions"}],"predecessor-version":[{"id":1708,"href":"https:\/\/agora.xtec.cat\/ceip-bernatdesclot\/wp-json\/wp\/v2\/pages\/1010\/revisions\/1708"}],"up":[{"embeddable":true,"href":"https:\/\/agora.xtec.cat\/ceip-bernatdesclot\/wp-json\/wp\/v2\/pages\/22"}],"wp:attachment":[{"href":"https:\/\/agora.xtec.cat\/ceip-bernatdesclot\/wp-json\/wp\/v2\/media?parent=1010"}],"curies":[{"name":"wp","href":"https:\/\/api.w.org\/{rel}","templated":true}]}}