{"id":84,"date":"2014-09-18T14:11:31","date_gmt":"2014-09-18T13:11:31","guid":{"rendered":"http:\/\/agora.xtec.cat\/ceip-benviure\/?page_id=84"},"modified":"2026-03-27T15:55:49","modified_gmt":"2026-03-27T14:55:49","slug":"activitats-extraescolars","status":"publish","type":"page","link":"https:\/\/agora.xtec.cat\/ceip-benviure\/serveis\/activitats-extraescolars\/","title":{"rendered":"Activitats extraescolars"},"content":{"rendered":"<p><span style=\"background-color: #ffcc99;\"><b>EXTRAESCOLARS CURS 2025-2026<\/b><\/span><\/p>\n<p><span style=\"font-weight: 400;\">Des de l\u2019AFA Benviure gestionem les activitats extraescolars que es porten a terme durant tot el curs,<\/span><b> de dilluns a divendres, de les 16.45 a les 17.45<\/b><span style=\"font-weight: 400;\">.<\/span><\/p>\n<p><span style=\"background-color: #ffff99;\"><b>Dilluns<\/b><\/span><\/p>\n<p><span style=\"font-weight: 400;\">Handbol (de 1r a 6\u00e8)<\/span><\/p>\n<p><span style=\"background-color: #ffff99;\"><b>Dimarts<\/b><\/span><\/p>\n<p><span style=\"font-weight: 400;\">Multiesports (d\u2019I5 a 6\u00e8)<\/span><\/p>\n<p><span style=\"font-weight: 400;\">Teatre (de 1r a 6\u00e8)<\/span><\/p>\n<p><span style=\"font-weight: 400;\">Patinatge (de 1r a 6\u00e8)<\/span><\/p>\n<p><span style=\"background-color: #ffff99;\"><b>Dimecres<\/b><\/span><\/p>\n<p><span style=\"font-weight: 400;\">Tecnologia creativa (de 1r a 6\u00e8)<\/span><\/p>\n<p><span style=\"font-weight: 400;\">Iniciaci\u00f3 esportiva (d\u2019I3 a 2n)<\/span><\/p>\n<p><span style=\"font-weight: 400;\">Handbol (de 1r a 6\u00e8)<\/span><\/p>\n<p><span style=\"font-weight: 400;\">Movem el cos (d\u2019I3 a 2n)<\/span><\/p>\n<p><span style=\"background-color: #ffff99;\"><b>Dijous<\/b><\/span><\/p>\n<p><span style=\"font-weight: 400;\">Arts marcials (de 1r a 6\u00e8)<\/span><\/p>\n<p><span style=\"background-color: #ffff99;\"><b>Divendres<\/b><\/span><\/p>\n<p><span style=\"font-weight: 400;\">Gimn\u00e0stica r\u00edtmica (de 1r a 6\u00e8)<\/span><\/p>\n<p><span style=\"background-color: #cc99ff;\"><b>Inscripcions<\/b><\/span><\/p>\n<p><span style=\"font-weight: 400;\">Per donar d\u2019alta una extraescolars, s\u2019ha de fer a trav\u00e9s del web <\/span><a href=\"http:\/\/afaescolabenviure.cat\"><span style=\"font-weight: 400;\">afaescolabenviure.cat<\/span><\/a><span style=\"font-weight: 400;\">\u00a0<\/span><\/p>\n<p><span style=\"font-weight: 400;\">Tant les altes com les baixes, s\u2019han de comunicar per correu a <\/span><a href=\"mailto:afaescolabenviure@gmail.com\"><span style=\"font-weight: 400;\">afaescolabenviure@gmail.com<\/span><\/a><span style=\"font-weight: 400;\">\u00a0<\/span><\/p>\n<p><span style=\"font-weight: 400;\">(cal avisar abans del dia 24 del mes anterior)<\/span><\/p>\n<p><span style=\"background-color: #ffcc99;\"><b>Prova d\u2019activitats<\/b><\/span><\/p>\n<p><span style=\"font-weight: 400;\">Nom\u00e9s cal que ens aviseu per correu i us indicarem quan podeu venir a gaudir d\u2019una sessi\u00f3 de prova.<\/span><\/p>\n","protected":false},"excerpt":{"rendered":"<p>EXTRAESCOLARS CURS 2025-2026 Des de l\u2019AFA Benviure gestionem les activitats extraescolars que es porten a terme durant tot el curs, de dilluns a divendres, de les 16.45 a les 17.45. Dilluns Handbol (de 1r a 6\u00e8) Dimarts Multiesports (d\u2019I5 a 6\u00e8) Teatre (de 1r a 6\u00e8) Patinatge (de 1r a 6\u00e8) Dimecres Tecnologia creativa (de [&hellip;]<\/p>\n","protected":false},"author":1,"featured_media":0,"parent":66,"menu_order":60,"comment_status":"closed","ping_status":"closed","template":"page-templates\/side-menu.php","meta":{"_bbp_topic_count":0,"_bbp_reply_count":0,"_bbp_total_topic_count":0,"_bbp_total_reply_count":0,"_bbp_voice_count":0,"_bbp_anonymous_reply_count":0,"_bbp_topic_count_hidden":0,"_bbp_reply_count_hidden":0,"_bbp_forum_subforum_count":0,"site-sidebar-layout":"default","site-content-layout":"","ast-site-content-layout":"default","site-content-style":"default","site-sidebar-style":"default","ast-global-header-display":"","ast-banner-title-visibility":"","ast-main-header-display":"","ast-hfb-above-header-display":"","ast-hfb-below-header-display":"","ast-hfb-mobile-header-display":"","site-post-title":"","ast-breadcrumbs-content":"","ast-featured-img":"","footer-sml-layout":"","theme-transparent-header-meta":"","adv-header-id-meta":"","stick-header-meta":"","header-above-stick-meta":"","header-main-stick-meta":"","header-below-stick-meta":"","astra-migrate-meta-layouts":"set","ast-page-background-enabled":"default","ast-page-background-meta":{"desktop":{"background-color":"var(--ast-global-color-4)","background-image":"","background-repeat":"repeat","background-position":"center center","background-size":"auto","background-attachment":"scroll","background-type":"","background-media":"","overlay-type":"","overlay-color":"","overlay-opacity":"","overlay-gradient":""},"tablet":{"background-color":"","background-image":"","background-repeat":"repeat","background-position":"center center","background-size":"auto","background-attachment":"scroll","background-type":"","background-media":"","overlay-type":"","overlay-color":"","overlay-opacity":"","overlay-gradient":""},"mobile":{"background-color":"","background-image":"","background-repeat":"repeat","background-position":"center center","background-size":"auto","background-attachment":"scroll","background-type":"","background-media":"","overlay-type":"","overlay-color":"","overlay-opacity":"","overlay-gradient":""}},"ast-content-background-meta":{"desktop":{"background-color":"var(--ast-global-color-5)","background-image":"","background-repeat":"repeat","background-position":"center center","background-size":"auto","background-attachment":"scroll","background-type":"","background-media":"","overlay-type":"","overlay-color":"","overlay-opacity":"","overlay-gradient":""},"tablet":{"background-color":"var(--ast-global-color-5)","background-image":"","background-repeat":"repeat","background-position":"center center","background-size":"auto","background-attachment":"scroll","background-type":"","background-media":"","overlay-type":"","overlay-color":"","overlay-opacity":"","overlay-gradient":""},"mobile":{"background-color":"var(--ast-global-color-5)","background-image":"","background-repeat":"repeat","background-position":"center center","background-size":"auto","background-attachment":"scroll","background-type":"","background-media":"","overlay-type":"","overlay-color":"","overlay-opacity":"","overlay-gradient":""}},"footnotes":""},"class_list":["post-84","page","type-page","status-publish","hentry"],"post_mailing_queue_ids":[],"_links":{"self":[{"href":"https:\/\/agora.xtec.cat\/ceip-benviure\/wp-json\/wp\/v2\/pages\/84","targetHints":{"allow":["GET"]}}],"collection":[{"href":"https:\/\/agora.xtec.cat\/ceip-benviure\/wp-json\/wp\/v2\/pages"}],"about":[{"href":"https:\/\/agora.xtec.cat\/ceip-benviure\/wp-json\/wp\/v2\/types\/page"}],"author":[{"embeddable":true,"href":"https:\/\/agora.xtec.cat\/ceip-benviure\/wp-json\/wp\/v2\/users\/1"}],"replies":[{"embeddable":true,"href":"https:\/\/agora.xtec.cat\/ceip-benviure\/wp-json\/wp\/v2\/comments?post=84"}],"version-history":[{"count":5,"href":"https:\/\/agora.xtec.cat\/ceip-benviure\/wp-json\/wp\/v2\/pages\/84\/revisions"}],"predecessor-version":[{"id":7910,"href":"https:\/\/agora.xtec.cat\/ceip-benviure\/wp-json\/wp\/v2\/pages\/84\/revisions\/7910"}],"up":[{"embeddable":true,"href":"https:\/\/agora.xtec.cat\/ceip-benviure\/wp-json\/wp\/v2\/pages\/66"}],"wp:attachment":[{"href":"https:\/\/agora.xtec.cat\/ceip-benviure\/wp-json\/wp\/v2\/media?parent=84"}],"curies":[{"name":"wp","href":"https:\/\/api.w.org\/{rel}","templated":true}]}}