{"id":77,"date":"2014-09-18T14:05:08","date_gmt":"2014-09-18T13:05:08","guid":{"rendered":"http:\/\/agora.xtec.cat\/ceip-benviure\/?page_id=77"},"modified":"2026-01-20T13:23:43","modified_gmt":"2026-01-20T12:23:43","slug":"acollida","status":"publish","type":"page","link":"https:\/\/agora.xtec.cat\/ceip-benviure\/serveis\/acollida\/","title":{"rendered":"ACOLLIDA MATINAL"},"content":{"rendered":"\n<figure class=\"wp-block-gallery has-nested-images columns-default is-cropped wp-block-gallery-1 is-layout-flex wp-block-gallery-is-layout-flex\">\n<figure class=\"wp-block-image size-large is-resized\"><a href=\"https:\/\/agora.xtec.cat\/ceip-benviure\/wp-content\/uploads\/usu1604\/2025\/01\/IMG20240923101014.jpg\"><img loading=\"lazy\" decoding=\"async\" width=\"800\" height=\"600\" data-id=\"7059\" src=\"https:\/\/agora.xtec.cat\/ceip-benviure\/wp-content\/uploads\/usu1604\/2025\/01\/IMG20240923101014.jpg\" alt=\"\" class=\"wp-image-7059\" style=\"width:387px;height:auto\" srcset=\"https:\/\/agora.xtec.cat\/ceip-benviure\/wp-content\/uploads\/usu1604\/2025\/01\/IMG20240923101014.jpg 800w, https:\/\/agora.xtec.cat\/ceip-benviure\/wp-content\/uploads\/usu1604\/2025\/01\/IMG20240923101014-300x225.jpg 300w, https:\/\/agora.xtec.cat\/ceip-benviure\/wp-content\/uploads\/usu1604\/2025\/01\/IMG20240923101014-768x576.jpg 768w, https:\/\/agora.xtec.cat\/ceip-benviure\/wp-content\/uploads\/usu1604\/2025\/01\/IMG20240923101014-200x150.jpg 200w\" sizes=\"auto, (max-width: 800px) 100vw, 800px\" \/><\/a><\/figure>\n\n\n\n<figure class=\"wp-block-image size-large is-resized\"><a href=\"https:\/\/agora.xtec.cat\/ceip-benviure\/wp-content\/uploads\/usu1604\/2025\/01\/IMG_20241106_093336.jpg\"><img loading=\"lazy\" decoding=\"async\" width=\"800\" height=\"602\" data-id=\"7080\" src=\"https:\/\/agora.xtec.cat\/ceip-benviure\/wp-content\/uploads\/usu1604\/2025\/01\/IMG_20241106_093336.jpg\" alt=\"\" class=\"wp-image-7080\" style=\"width:423px;height:auto\" srcset=\"https:\/\/agora.xtec.cat\/ceip-benviure\/wp-content\/uploads\/usu1604\/2025\/01\/IMG_20241106_093336.jpg 800w, https:\/\/agora.xtec.cat\/ceip-benviure\/wp-content\/uploads\/usu1604\/2025\/01\/IMG_20241106_093336-300x226.jpg 300w, https:\/\/agora.xtec.cat\/ceip-benviure\/wp-content\/uploads\/usu1604\/2025\/01\/IMG_20241106_093336-768x578.jpg 768w, https:\/\/agora.xtec.cat\/ceip-benviure\/wp-content\/uploads\/usu1604\/2025\/01\/IMG_20241106_093336-200x150.jpg 200w\" sizes=\"auto, (max-width: 800px) 100vw, 800px\" \/><\/a><\/figure>\n<\/figure>\n\n\n<div style=\"text-align: left;\"><b><span style=\"font-size: large;\">Aquest servei est\u00e0 adjudicat a l&#8217;empresa EL MEN\u00da DEL PETIT que portar\u00e0 la gesti\u00f3 aquest curs<\/span><\/b><\/div>\n<div>\u00a0<\/div>\n<div>\u00a0<\/div>\n<div style=\"text-align: left;\"><span style=\"font-family: arial, helvetica, sans-serif; background-color: #ffcc99;\"><strong><span style=\"font-size: 12pt; background-color: #ffcc99;\">HORARI<\/span><\/strong><\/span><\/div>\n<div align=\"justify\">\u00a0<\/div>\n<div align=\"justify\"><span style=\"font-family: arial, helvetica, sans-serif;\">\u00a0<span style=\"font-size: 10pt;\">Aquesta activitat es desenvolupa de 8 a 9 hores del mat\u00ed al llarg del curs i abasta tots els dies lectius, inclosos els del mes de setembre.<\/span><\/span><\/div>\n<div align=\"justify\">\u00a0<\/div>\n<div align=\"justify\">\u00a0<\/div>\n<div align=\"justify\"><span style=\"font-family: arial, helvetica, sans-serif; background-color: #99ccff;\"><strong><span style=\"font-size: 12pt; background-color: #99ccff;\">OBJECTIU<\/span><span style=\"font-size: 10pt; background-color: #99ccff;\">\u00a0\u00a0<\/span><\/strong><\/span><\/div>\n<div align=\"justify\">\u00a0<\/div>\n<div align=\"justify\"><span style=\"font-size: 10pt; font-family: arial, helvetica, sans-serif;\">Aquest servei est\u00e0 adre\u00e7at a les fam\u00edlies de l&#8217;escola que de manera regular i, b\u00e0sicament per motius laborals, necessiten que acollim els seus fills i filles d&#8217;educaci\u00f3 infantil i prim\u00e0ria, abans de comen\u00e7ar l&#8217;horari de classe de mat\u00ed. Tamb\u00e9 hi ha usuaris espor\u00e0dics d&#8217;aquest servei, que ho fan per necessitats puntuals.<\/span><\/div>\n<div align=\"justify\"><span style=\"font-size: 10pt; font-family: arial, helvetica, sans-serif;\">\u00c9s, per tant, la nostra contribuci\u00f3 a la necessitat de conciliar la vida familiar i la laboral que, amb la incorporaci\u00f3 de les mares al m\u00f3n del treball cal tenir cada cop m\u00e9s en compte.<\/span><\/div>\n<div align=\"justify\">\u00a0<\/div>\n<div align=\"justify\">\u00a0<\/div>\n<div align=\"justify\"><span style=\"font-family: arial, helvetica, sans-serif; background-color: #ccffcc;\"><strong><span style=\"font-size: 10pt; background-color: #ccffcc;\"><span style=\"font-size: 12pt; background-color: #ccffcc;\">GESTI\u00d3<\/span><\/span><\/strong><\/span><\/div>\n<div align=\"justify\">\u00a0<\/div>\n<div align=\"justify\"><span style=\"font-size: 10pt; font-family: arial, helvetica, sans-serif;\">\u00c9s un servei que \u00e9s gestionat per l&#8217;empresa EL MEN\u00da DEL PETIT, que \u00e9s la mateixa empresa que gestiona el servei de menjador.<br \/><\/span><\/div>\n<div align=\"justify\">\u00a0<\/div>\n<div align=\"justify\"><span style=\"font-size: 10pt; font-family: arial, helvetica, sans-serif;\">Aquest servei est\u00e0 contractat per l&#8217;AFA, que \u00e9s qui vetlla, conjuntament amb la direcci\u00f3 del centre, pel seu bon funcionament.<br \/><\/span><\/div>\n<div align=\"justify\">\u00a0<\/div>\n<div align=\"justify\"><span style=\"font-size: 10pt; font-family: arial, helvetica, sans-serif;\">\u00a0\u00a0\u00a0<\/span><\/div>\n<div align=\"justify\"><span style=\"font-family: arial, helvetica, sans-serif; background-color: #ff99cc;\"><strong><span style=\"font-size: 10pt; background-color: #ff99cc;\"><span style=\"font-size: 12pt; background-color: #ff99cc;\">ACTIVITATS<\/span><\/span><\/strong><\/span><\/div>\n<div align=\"justify\">\u00a0<\/div>\n<div align=\"justify\"><span style=\"font-size: 10pt; font-family: arial, helvetica, sans-serif;\"><span style=\"font-size: 12pt;\"><span style=\"font-size: 10pt;\">El Servei d&#8217;Acollida Matinal s&#8217;ent\u00e9n com un espai l\u00fadic, amb activitats lliures i\/o dirigides, ubicades a l&#8217;edifici d&#8217;Educaci\u00f3 Infantil.<\/span><\/span><\/span><\/div>\n<div align=\"justify\"><span style=\"font-size: 10pt; font-family: arial, helvetica, sans-serif;\"><span style=\"font-size: 12pt;\"><span style=\"font-size: 10pt;\"><b>\u00a0\u00a0\u00a0<\/b><\/span><\/span><\/span><\/div>\n<div align=\"justify\"><span style=\"font-size: 10pt; font-family: arial, helvetica, sans-serif;\"><span style=\"font-size: 12pt;\"><span style=\"font-size: 10pt;\"><b>Activitats aut\u00f2nomes<\/b><\/span><\/span><\/span><\/div>\n<div align=\"justify\">\u00a0<\/div>\n<div align=\"justify\"><span style=\"font-size: 10pt; font-family: arial, helvetica, sans-serif;\"><span style=\"font-size: 12pt;\"><span style=\"font-size: 10pt;\">S&#8217;aprofita l&#8217;espai que ofereix Infantil dels racons fixos tal com: la cuineta, construccions, disfresses, perruqueria, cotxes i p\u00e0rquing, puzles, contes&#8230;<\/span><\/span><\/span><\/div>\n<div align=\"justify\"><span style=\"font-size: 10pt; font-family: arial, helvetica, sans-serif;\"><span style=\"font-size: 12pt;\"><span style=\"font-size: 10pt;\">Les criatures m\u00e9s grans, tenen a l&#8217;abast el bagul de jocs de taules i el rac\u00f3 de l&#8217;edifici de Prim\u00e0ria.<\/span><\/span><\/span><\/div>\n<div align=\"justify\">\u00a0<\/div>\n<div align=\"justify\"><span style=\"font-size: 10pt; font-family: arial, helvetica, sans-serif;\"><span style=\"font-size: 12pt;\"><span style=\"font-size: 10pt;\"><b>Activitats al pati<\/b><\/span><\/span><\/span><\/div>\n<div align=\"justify\">\u00a0<\/div>\n<div align=\"justify\"><span style=\"font-size: 10pt; font-family: arial, helvetica, sans-serif;\"><span style=\"font-size: 12pt;\"><span style=\"font-size: 10pt;\">Quan comen\u00e7a el bon temps s&#8217;organitzen jocs a l&#8217;espai exterior, amb <\/span><\/span><\/span><span style=\"font-size: 10pt; font-family: arial, helvetica, sans-serif;\"><span style=\"font-size: 12pt;\"><span style=\"font-size: 10pt;\">estones de joc-activitats entre iguals. \u00c9s, doncs, un espai educatiu per comen\u00e7ar la jornada escolar d&#8217;una manera relaxada i plaent.<\/span><\/span><\/span><\/div>\n<div align=\"justify\">\u00a0<\/div>\n<div align=\"justify\">\u00a0<\/div>\n\n\n<figure class=\"wp-block-image aligncenter size-large is-resized\"><a href=\"https:\/\/agora.xtec.cat\/ceip-benviure\/wp-content\/uploads\/usu1604\/2026\/01\/card_demo_0.jpg\"><img loading=\"lazy\" decoding=\"async\" width=\"728\" height=\"485\" src=\"https:\/\/agora.xtec.cat\/ceip-benviure\/wp-content\/uploads\/usu1604\/2026\/01\/card_demo_0.jpg\" alt=\"\" class=\"wp-image-7411\" style=\"width:383px;height:auto\" srcset=\"https:\/\/agora.xtec.cat\/ceip-benviure\/wp-content\/uploads\/usu1604\/2026\/01\/card_demo_0.jpg 728w, https:\/\/agora.xtec.cat\/ceip-benviure\/wp-content\/uploads\/usu1604\/2026\/01\/card_demo_0-300x200.jpg 300w\" sizes=\"auto, (max-width: 728px) 100vw, 728px\" \/><\/a><\/figure>\n","protected":false},"excerpt":{"rendered":"<p>Aquest servei est\u00e0 adjudicat a l&#8217;empresa EL MEN\u00da DEL PETIT que portar\u00e0 la gesti\u00f3 aquest curs \u00a0 \u00a0 HORARI \u00a0 \u00a0Aquesta activitat es desenvolupa de 8 a 9 hores del mat\u00ed al llarg del curs i abasta tots els dies lectius, inclosos els del mes de setembre. \u00a0 \u00a0 OBJECTIU\u00a0\u00a0 \u00a0 Aquest servei est\u00e0 adre\u00e7at [&hellip;]<\/p>\n","protected":false},"author":1,"featured_media":0,"parent":66,"menu_order":20,"comment_status":"closed","ping_status":"closed","template":"page-templates\/side-menu.php","meta":{"_bbp_topic_count":0,"_bbp_reply_count":0,"_bbp_total_topic_count":0,"_bbp_total_reply_count":0,"_bbp_voice_count":0,"_bbp_anonymous_reply_count":0,"_bbp_topic_count_hidden":0,"_bbp_reply_count_hidden":0,"_bbp_forum_subforum_count":0,"site-sidebar-layout":"default","site-content-layout":"","ast-site-content-layout":"default","site-content-style":"default","site-sidebar-style":"default","ast-global-header-display":"","ast-banner-title-visibility":"","ast-main-header-display":"","ast-hfb-above-header-display":"","ast-hfb-below-header-display":"","ast-hfb-mobile-header-display":"","site-post-title":"","ast-breadcrumbs-content":"","ast-featured-img":"","footer-sml-layout":"","theme-transparent-header-meta":"","adv-header-id-meta":"","stick-header-meta":"","header-above-stick-meta":"","header-main-stick-meta":"","header-below-stick-meta":"","astra-migrate-meta-layouts":"set","ast-page-background-enabled":"default","ast-page-background-meta":{"desktop":{"background-color":"var(--ast-global-color-4)","background-image":"","background-repeat":"repeat","background-position":"center center","background-size":"auto","background-attachment":"scroll","background-type":"","background-media":"","overlay-type":"","overlay-color":"","overlay-opacity":"","overlay-gradient":""},"tablet":{"background-color":"","background-image":"","background-repeat":"repeat","background-position":"center center","background-size":"auto","background-attachment":"scroll","background-type":"","background-media":"","overlay-type":"","overlay-color":"","overlay-opacity":"","overlay-gradient":""},"mobile":{"background-color":"","background-image":"","background-repeat":"repeat","background-position":"center center","background-size":"auto","background-attachment":"scroll","background-type":"","background-media":"","overlay-type":"","overlay-color":"","overlay-opacity":"","overlay-gradient":""}},"ast-content-background-meta":{"desktop":{"background-color":"var(--ast-global-color-5)","background-image":"","background-repeat":"repeat","background-position":"center center","background-size":"auto","background-attachment":"scroll","background-type":"","background-media":"","overlay-type":"","overlay-color":"","overlay-opacity":"","overlay-gradient":""},"tablet":{"background-color":"var(--ast-global-color-5)","background-image":"","background-repeat":"repeat","background-position":"center center","background-size":"auto","background-attachment":"scroll","background-type":"","background-media":"","overlay-type":"","overlay-color":"","overlay-opacity":"","overlay-gradient":""},"mobile":{"background-color":"var(--ast-global-color-5)","background-image":"","background-repeat":"repeat","background-position":"center center","background-size":"auto","background-attachment":"scroll","background-type":"","background-media":"","overlay-type":"","overlay-color":"","overlay-opacity":"","overlay-gradient":""}},"footnotes":""},"class_list":["post-77","page","type-page","status-publish","hentry"],"post_mailing_queue_ids":[],"_links":{"self":[{"href":"https:\/\/agora.xtec.cat\/ceip-benviure\/wp-json\/wp\/v2\/pages\/77","targetHints":{"allow":["GET"]}}],"collection":[{"href":"https:\/\/agora.xtec.cat\/ceip-benviure\/wp-json\/wp\/v2\/pages"}],"about":[{"href":"https:\/\/agora.xtec.cat\/ceip-benviure\/wp-json\/wp\/v2\/types\/page"}],"author":[{"embeddable":true,"href":"https:\/\/agora.xtec.cat\/ceip-benviure\/wp-json\/wp\/v2\/users\/1"}],"replies":[{"embeddable":true,"href":"https:\/\/agora.xtec.cat\/ceip-benviure\/wp-json\/wp\/v2\/comments?post=77"}],"version-history":[{"count":6,"href":"https:\/\/agora.xtec.cat\/ceip-benviure\/wp-json\/wp\/v2\/pages\/77\/revisions"}],"predecessor-version":[{"id":7754,"href":"https:\/\/agora.xtec.cat\/ceip-benviure\/wp-json\/wp\/v2\/pages\/77\/revisions\/7754"}],"up":[{"embeddable":true,"href":"https:\/\/agora.xtec.cat\/ceip-benviure\/wp-json\/wp\/v2\/pages\/66"}],"wp:attachment":[{"href":"https:\/\/agora.xtec.cat\/ceip-benviure\/wp-json\/wp\/v2\/media?parent=77"}],"curies":[{"name":"wp","href":"https:\/\/api.w.org\/{rel}","templated":true}]}}