{"id":7645,"date":"2026-01-16T11:34:55","date_gmt":"2026-01-16T10:34:55","guid":{"rendered":"https:\/\/agora.xtec.cat\/ceip-benviure\/?page_id=7645"},"modified":"2026-01-16T11:34:55","modified_gmt":"2026-01-16T10:34:55","slug":"projecte-de-direccio-pdd-2024-2028","status":"publish","type":"page","link":"https:\/\/agora.xtec.cat\/ceip-benviure\/projecte-de-direccio-pdd-2024-2028\/","title":{"rendered":"Projecte de Direcci\u00f3 (PdD) 2024-2028"},"content":{"rendered":"\n<p class=\"has-medium-font-size\">El <strong>Projecte de Direcci\u00f3 (PdD) <\/strong>\u00e9s l\u2019instrument de gesti\u00f3 que concreta les actuacions del <strong>Projecte Educatiu del Centre (PEC)<\/strong> durant els quatre cursos del per\u00edode de mandat de la direcci\u00f3 del centre docent.<br><\/p>\n\n\n\n<figure class=\"wp-block-image size-large\"><a href=\"https:\/\/agora.xtec.cat\/ceip-benviure\/wp-content\/uploads\/usu1604\/2026\/01\/image.png\"><img loading=\"lazy\" decoding=\"async\" width=\"1024\" height=\"576\" src=\"https:\/\/agora.xtec.cat\/ceip-benviure\/wp-content\/uploads\/usu1604\/2026\/01\/image-1024x576.png\" alt=\"\" class=\"wp-image-7646\" srcset=\"https:\/\/agora.xtec.cat\/ceip-benviure\/wp-content\/uploads\/usu1604\/2026\/01\/image-1024x576.png 1024w, https:\/\/agora.xtec.cat\/ceip-benviure\/wp-content\/uploads\/usu1604\/2026\/01\/image-300x169.png 300w, https:\/\/agora.xtec.cat\/ceip-benviure\/wp-content\/uploads\/usu1604\/2026\/01\/image-768x432.png 768w, https:\/\/agora.xtec.cat\/ceip-benviure\/wp-content\/uploads\/usu1604\/2026\/01\/image-1536x864.png 1536w, https:\/\/agora.xtec.cat\/ceip-benviure\/wp-content\/uploads\/usu1604\/2026\/01\/image.png 1920w\" sizes=\"auto, (max-width: 1024px) 100vw, 1024px\" \/><\/a><\/figure>\n","protected":false},"excerpt":{"rendered":"<p>El Projecte de Direcci\u00f3 (PdD) \u00e9s l\u2019instrument de gesti\u00f3 que concreta les actuacions del Projecte Educatiu del Centre (PEC) durant els quatre cursos del per\u00edode de mandat de la direcci\u00f3 del centre docent.<\/p>\n","protected":false},"author":1,"featured_media":7646,"parent":0,"menu_order":0,"comment_status":"closed","ping_status":"close","template":"","meta":{"_bbp_topic_count":0,"_bbp_reply_count":0,"_bbp_total_topic_count":0,"_bbp_total_reply_count":0,"_bbp_voice_count":0,"_bbp_anonymous_reply_count":0,"_bbp_topic_count_hidden":0,"_bbp_reply_count_hidden":0,"_bbp_forum_subforum_count":0,"site-sidebar-layout":"default","site-content-layout":"","ast-site-content-layout":"default","site-content-style":"default","site-sidebar-style":"default","ast-global-header-display":"","ast-banner-title-visibility":"","ast-main-header-display":"","ast-hfb-above-header-display":"","ast-hfb-below-header-display":"","ast-hfb-mobile-header-display":"","site-post-title":"","ast-breadcrumbs-content":"","ast-featured-img":"","footer-sml-layout":"","theme-transparent-header-meta":"","adv-header-id-meta":"","stick-header-meta":"","header-above-stick-meta":"","header-main-stick-meta":"","header-below-stick-meta":"","astra-migrate-meta-layouts":"set","ast-page-background-enabled":"default","ast-page-background-meta":{"desktop":{"background-color":"var(--ast-global-color-4)","background-image":"","background-repeat":"repeat","background-position":"center center","background-size":"auto","background-attachment":"scroll","background-type":"","background-media":"","overlay-type":"","overlay-color":"","overlay-opacity":"","overlay-gradient":""},"tablet":{"background-color":"","background-image":"","background-repeat":"repeat","background-position":"center center","background-size":"auto","background-attachment":"scroll","background-type":"","background-media":"","overlay-type":"","overlay-color":"","overlay-opacity":"","overlay-gradient":""},"mobile":{"background-color":"","background-image":"","background-repeat":"repeat","background-position":"center center","background-size":"auto","background-attachment":"scroll","background-type":"","background-media":"","overlay-type":"","overlay-color":"","overlay-opacity":"","overlay-gradient":""}},"ast-content-background-meta":{"desktop":{"background-color":"var(--ast-global-color-5)","background-image":"","background-repeat":"repeat","background-position":"center center","background-size":"auto","background-attachment":"scroll","background-type":"","background-media":"","overlay-type":"","overlay-color":"","overlay-opacity":"","overlay-gradient":""},"tablet":{"background-color":"var(--ast-global-color-5)","background-image":"","background-repeat":"repeat","background-position":"center center","background-size":"auto","background-attachment":"scroll","background-type":"","background-media":"","overlay-type":"","overlay-color":"","overlay-opacity":"","overlay-gradient":""},"mobile":{"background-color":"var(--ast-global-color-5)","background-image":"","background-repeat":"repeat","background-position":"center center","background-size":"auto","background-attachment":"scroll","background-type":"","background-media":"","overlay-type":"","overlay-color":"","overlay-opacity":"","overlay-gradient":""}},"footnotes":""},"class_list":["post-7645","page","type-page","status-publish","has-post-thumbnail","hentry"],"post_mailing_queue_ids":[],"_links":{"self":[{"href":"https:\/\/agora.xtec.cat\/ceip-benviure\/wp-json\/wp\/v2\/pages\/7645","targetHints":{"allow":["GET"]}}],"collection":[{"href":"https:\/\/agora.xtec.cat\/ceip-benviure\/wp-json\/wp\/v2\/pages"}],"about":[{"href":"https:\/\/agora.xtec.cat\/ceip-benviure\/wp-json\/wp\/v2\/types\/page"}],"author":[{"embeddable":true,"href":"https:\/\/agora.xtec.cat\/ceip-benviure\/wp-json\/wp\/v2\/users\/1"}],"replies":[{"embeddable":true,"href":"https:\/\/agora.xtec.cat\/ceip-benviure\/wp-json\/wp\/v2\/comments?post=7645"}],"version-history":[{"count":1,"href":"https:\/\/agora.xtec.cat\/ceip-benviure\/wp-json\/wp\/v2\/pages\/7645\/revisions"}],"predecessor-version":[{"id":7647,"href":"https:\/\/agora.xtec.cat\/ceip-benviure\/wp-json\/wp\/v2\/pages\/7645\/revisions\/7647"}],"wp:featuredmedia":[{"embeddable":true,"href":"https:\/\/agora.xtec.cat\/ceip-benviure\/wp-json\/wp\/v2\/media\/7646"}],"wp:attachment":[{"href":"https:\/\/agora.xtec.cat\/ceip-benviure\/wp-json\/wp\/v2\/media?parent=7645"}],"curies":[{"name":"wp","href":"https:\/\/api.w.org\/{rel}","templated":true}]}}