{"id":7622,"date":"2026-01-14T20:46:22","date_gmt":"2026-01-14T19:46:22","guid":{"rendered":"https:\/\/agora.xtec.cat\/ceip-benviure\/?page_id=7622"},"modified":"2026-01-14T20:46:22","modified_gmt":"2026-01-14T19:46:22","slug":"jocs-florals-a-lajuntament","status":"publish","type":"page","link":"https:\/\/agora.xtec.cat\/ceip-benviure\/jocs-florals-a-lajuntament\/","title":{"rendered":"JOCS FLORALS A L&#8217;AJUNTAMENT"},"content":{"rendered":"\n<p>Els Jocs Florals Escolars de Sant Boi de Llobregat s\u00f3n una tradici\u00f3 que potencia les qualitats art\u00edstiques dels i les alumnes i genera inter\u00e8s per la composici\u00f3 liter\u00e0ria en llengua catalana. A m\u00e9s, implica alumnes, escola i fam\u00edlia en diferents actes educatius de ciutat.<\/p>\n\n\n\n<p>S\u2019estableixen les seg\u00fcents modalitats:<\/p>\n\n\n\n<ul class=\"wp-block-list\">\n<li>Educaci\u00f3 Infantil: treballs d\u2019aula.<\/li>\n\n\n\n<li>Prim\u00e0ria:\n<ul class=\"wp-block-list\">\n<li>Primer: frase Il\u00b7lustrada.<\/li>\n\n\n\n<li>Segon: poesia i poesia visual.<\/li>\n\n\n\n<li>Tercer i quart: poesia, narrativa i poesia visual.<\/li>\n\n\n\n<li>Cinqu\u00e8 i sis\u00e8: poesia, c\u00f2mic i narrativa.<\/li>\n<\/ul>\n<\/li>\n<\/ul>\n\n\n\n<p>En una primera fase del concurs un jurat escull els guanyadors i guanyadores de cada barri entre els treballs presentats pels i les alumnes de 1r a 6\u00e8 de prim\u00e0ria. Aquests treballs passen a una segona fase on un altre jurat tria els treballs guanyadors de ciutat.<\/p>\n\n\n\n<p>La tem\u00e0tica dels Jocs Florals \u00e9s lliure, d\u2019aquesta manera es pret\u00e9n que cada centre potenci\u00ef les qualitats art\u00edstiques dels seus alumnes en funci\u00f3 dels continguts que ja s\u2019estiguin treballant a l\u2019aula.<\/p>\n\n\n\n<p><a href=\"https:\/\/premisjocsflorals.cat\/\" data-type=\"link\" data-id=\"https:\/\/premisjocsflorals.cat\/\">WEB JOCS FLORALS<\/a><\/p>\n\n\n\n<p><\/p>\n","protected":false},"excerpt":{"rendered":"<p>Els Jocs Florals Escolars de Sant Boi de Llobregat s\u00f3n una tradici\u00f3 que potencia les qualitats art\u00edstiques dels i les alumnes i genera inter\u00e8s per la composici\u00f3 liter\u00e0ria en llengua catalana. A m\u00e9s, implica alumnes, escola i fam\u00edlia en diferents actes educatius de ciutat. S\u2019estableixen les seg\u00fcents modalitats: En una primera fase del concurs un [&hellip;]<\/p>\n","protected":false},"author":1,"featured_media":0,"parent":0,"menu_order":0,"comment_status":"closed","ping_status":"close","template":"","meta":{"_bbp_topic_count":0,"_bbp_reply_count":0,"_bbp_total_topic_count":0,"_bbp_total_reply_count":0,"_bbp_voice_count":0,"_bbp_anonymous_reply_count":0,"_bbp_topic_count_hidden":0,"_bbp_reply_count_hidden":0,"_bbp_forum_subforum_count":0,"site-sidebar-layout":"default","site-content-layout":"","ast-site-content-layout":"default","site-content-style":"default","site-sidebar-style":"default","ast-global-header-display":"","ast-banner-title-visibility":"","ast-main-header-display":"","ast-hfb-above-header-display":"","ast-hfb-below-header-display":"","ast-hfb-mobile-header-display":"","site-post-title":"","ast-breadcrumbs-content":"","ast-featured-img":"","footer-sml-layout":"","theme-transparent-header-meta":"","adv-header-id-meta":"","stick-header-meta":"","header-above-stick-meta":"","header-main-stick-meta":"","header-below-stick-meta":"","astra-migrate-meta-layouts":"set","ast-page-background-enabled":"default","ast-page-background-meta":{"desktop":{"background-color":"var(--ast-global-color-4)","background-image":"","background-repeat":"repeat","background-position":"center center","background-size":"auto","background-attachment":"scroll","background-type":"","background-media":"","overlay-type":"","overlay-color":"","overlay-opacity":"","overlay-gradient":""},"tablet":{"background-color":"","background-image":"","background-repeat":"repeat","background-position":"center center","background-size":"auto","background-attachment":"scroll","background-type":"","background-media":"","overlay-type":"","overlay-color":"","overlay-opacity":"","overlay-gradient":""},"mobile":{"background-color":"","background-image":"","background-repeat":"repeat","background-position":"center center","background-size":"auto","background-attachment":"scroll","background-type":"","background-media":"","overlay-type":"","overlay-color":"","overlay-opacity":"","overlay-gradient":""}},"ast-content-background-meta":{"desktop":{"background-color":"var(--ast-global-color-5)","background-image":"","background-repeat":"repeat","background-position":"center center","background-size":"auto","background-attachment":"scroll","background-type":"","background-media":"","overlay-type":"","overlay-color":"","overlay-opacity":"","overlay-gradient":""},"tablet":{"background-color":"var(--ast-global-color-5)","background-image":"","background-repeat":"repeat","background-position":"center center","background-size":"auto","background-attachment":"scroll","background-type":"","background-media":"","overlay-type":"","overlay-color":"","overlay-opacity":"","overlay-gradient":""},"mobile":{"background-color":"var(--ast-global-color-5)","background-image":"","background-repeat":"repeat","background-position":"center center","background-size":"auto","background-attachment":"scroll","background-type":"","background-media":"","overlay-type":"","overlay-color":"","overlay-opacity":"","overlay-gradient":""}},"footnotes":""},"class_list":["post-7622","page","type-page","status-publish","hentry"],"post_mailing_queue_ids":[],"_links":{"self":[{"href":"https:\/\/agora.xtec.cat\/ceip-benviure\/wp-json\/wp\/v2\/pages\/7622","targetHints":{"allow":["GET"]}}],"collection":[{"href":"https:\/\/agora.xtec.cat\/ceip-benviure\/wp-json\/wp\/v2\/pages"}],"about":[{"href":"https:\/\/agora.xtec.cat\/ceip-benviure\/wp-json\/wp\/v2\/types\/page"}],"author":[{"embeddable":true,"href":"https:\/\/agora.xtec.cat\/ceip-benviure\/wp-json\/wp\/v2\/users\/1"}],"replies":[{"embeddable":true,"href":"https:\/\/agora.xtec.cat\/ceip-benviure\/wp-json\/wp\/v2\/comments?post=7622"}],"version-history":[{"count":1,"href":"https:\/\/agora.xtec.cat\/ceip-benviure\/wp-json\/wp\/v2\/pages\/7622\/revisions"}],"predecessor-version":[{"id":7623,"href":"https:\/\/agora.xtec.cat\/ceip-benviure\/wp-json\/wp\/v2\/pages\/7622\/revisions\/7623"}],"wp:attachment":[{"href":"https:\/\/agora.xtec.cat\/ceip-benviure\/wp-json\/wp\/v2\/media?parent=7622"}],"curies":[{"name":"wp","href":"https:\/\/api.w.org\/{rel}","templated":true}]}}