{"id":7592,"date":"2026-01-14T11:40:10","date_gmt":"2026-01-14T10:40:10","guid":{"rendered":"https:\/\/agora.xtec.cat\/ceip-benviure\/?page_id=7592"},"modified":"2026-01-20T18:42:52","modified_gmt":"2026-01-20T17:42:52","slug":"projecte-intergeneracional-residencia-benviure","status":"publish","type":"page","link":"https:\/\/agora.xtec.cat\/ceip-benviure\/projecte-intergeneracional-residencia-benviure\/","title":{"rendered":"PROJECTE INTERGENERACIONAL RESID\u00c8NCIA BENVIURE"},"content":{"rendered":"\n<p><strong><mark>Un projecte que uneix generacions<\/mark><\/strong><\/p>\n\n\n\n<p class=\"has-text-align-left\" style=\"font-size:16px\">El projecte t\u00e9 com a objectiu principal desenvolupar actituds, valors i habilitats de conviv\u00e8ncia que afavoreixin el respecte, l\u2019empatia i la capacitat de compartir en un espai com\u00fa. A trav\u00e9s d\u2019aquestes trobades, els infants tenen l\u2019oportunitat de con\u00e8ixer de primera m\u00e0 les inquietuds, la realitat i els dubtes que poden sorgir en l\u2019etapa de la vellesa, tot contribuint a trencar estereotips i mirades preconcebudes sobre les persones grans.<\/p>\n\n\n\n<p style=\"font-size:16px\">Alhora, el projecte permet implicar-nos activament en una instituci\u00f3 de la ciutat, coneixent-ne la infraestructura i els recursos, i refor\u00e7ant el vincle entre l\u2019escola i la comunitat. Aquesta relaci\u00f3 esdev\u00e9 un aprenentatge compartit: les persones grans poden apropar-se a la realitat actual a trav\u00e9s de les viv\u00e8ncies que els infants expliquen, mentre que els infants descobreixen experi\u00e8ncies de vida, records i sabers que no sempre apareixen als llibres.<\/p>\n\n\n\n<p style=\"font-size:16px\">El contacte mutu es converteix en un espai de gaudi, escolta i afecte, on totes les persones implicades se senten valorades i reconegudes. A m\u00e9s, aquestes experi\u00e8ncies permeten aprofundir els sabers curriculars treballats a l\u2019aula, donant-los sentit a partir de situacions reals i significatives.<\/p>\n\n\n\n<p class=\"has-text-align-left\" style=\"font-size:16px\">Des de l\u2019escola, valorem molt positivament aquest tipus de projectes, que fomenten una educaci\u00f3 arrelada al territori, basada en les relacions humanes i en el respecte entre generacions. Gr\u00e0cies a totes les persones que ho fan possible. <\/p>\n\n\n\n<figure class=\"wp-block-image size-large\"><a href=\"https:\/\/agora.xtec.cat\/ceip-benviure\/wp-content\/uploads\/usu1604\/2026\/01\/PHOTO-2026-01-20-17-11-59.jpg\"><img loading=\"lazy\" decoding=\"async\" width=\"1024\" height=\"576\" src=\"https:\/\/agora.xtec.cat\/ceip-benviure\/wp-content\/uploads\/usu1604\/2026\/01\/PHOTO-2026-01-20-17-11-59-1024x576.jpg\" alt=\"\" class=\"wp-image-7763\" srcset=\"https:\/\/agora.xtec.cat\/ceip-benviure\/wp-content\/uploads\/usu1604\/2026\/01\/PHOTO-2026-01-20-17-11-59-1024x576.jpg 1024w, https:\/\/agora.xtec.cat\/ceip-benviure\/wp-content\/uploads\/usu1604\/2026\/01\/PHOTO-2026-01-20-17-11-59-300x169.jpg 300w, https:\/\/agora.xtec.cat\/ceip-benviure\/wp-content\/uploads\/usu1604\/2026\/01\/PHOTO-2026-01-20-17-11-59-768x432.jpg 768w, https:\/\/agora.xtec.cat\/ceip-benviure\/wp-content\/uploads\/usu1604\/2026\/01\/PHOTO-2026-01-20-17-11-59-1536x864.jpg 1536w, https:\/\/agora.xtec.cat\/ceip-benviure\/wp-content\/uploads\/usu1604\/2026\/01\/PHOTO-2026-01-20-17-11-59.jpg 1600w\" sizes=\"auto, (max-width: 1024px) 100vw, 1024px\" \/><\/a><\/figure>\n\n\n\n<figure class=\"wp-block-image size-large\"><a href=\"https:\/\/agora.xtec.cat\/ceip-benviure\/wp-content\/uploads\/usu1604\/2026\/01\/PHOTO-2026-01-20-17-13-07.jpg\"><img loading=\"lazy\" decoding=\"async\" width=\"1024\" height=\"576\" src=\"https:\/\/agora.xtec.cat\/ceip-benviure\/wp-content\/uploads\/usu1604\/2026\/01\/PHOTO-2026-01-20-17-13-07-1024x576.jpg\" alt=\"\" class=\"wp-image-7764\" srcset=\"https:\/\/agora.xtec.cat\/ceip-benviure\/wp-content\/uploads\/usu1604\/2026\/01\/PHOTO-2026-01-20-17-13-07-1024x576.jpg 1024w, https:\/\/agora.xtec.cat\/ceip-benviure\/wp-content\/uploads\/usu1604\/2026\/01\/PHOTO-2026-01-20-17-13-07-300x169.jpg 300w, https:\/\/agora.xtec.cat\/ceip-benviure\/wp-content\/uploads\/usu1604\/2026\/01\/PHOTO-2026-01-20-17-13-07-768x432.jpg 768w, https:\/\/agora.xtec.cat\/ceip-benviure\/wp-content\/uploads\/usu1604\/2026\/01\/PHOTO-2026-01-20-17-13-07-1536x864.jpg 1536w, https:\/\/agora.xtec.cat\/ceip-benviure\/wp-content\/uploads\/usu1604\/2026\/01\/PHOTO-2026-01-20-17-13-07.jpg 1600w\" sizes=\"auto, (max-width: 1024px) 100vw, 1024px\" \/><\/a><\/figure>\n","protected":false},"excerpt":{"rendered":"<p>Un projecte que uneix generacions El projecte t\u00e9 com a objectiu principal desenvolupar actituds, valors i habilitats de conviv\u00e8ncia que afavoreixin el respecte, l\u2019empatia i la capacitat de compartir en un espai com\u00fa. A trav\u00e9s d\u2019aquestes trobades, els infants tenen l\u2019oportunitat de con\u00e8ixer de primera m\u00e0 les inquietuds, la realitat i els dubtes que poden [&hellip;]<\/p>\n","protected":false},"author":1,"featured_media":0,"parent":0,"menu_order":0,"comment_status":"closed","ping_status":"close","template":"","meta":{"_bbp_topic_count":0,"_bbp_reply_count":0,"_bbp_total_topic_count":0,"_bbp_total_reply_count":0,"_bbp_voice_count":0,"_bbp_anonymous_reply_count":0,"_bbp_topic_count_hidden":0,"_bbp_reply_count_hidden":0,"_bbp_forum_subforum_count":0,"site-sidebar-layout":"default","site-content-layout":"","ast-site-content-layout":"default","site-content-style":"default","site-sidebar-style":"default","ast-global-header-display":"","ast-banner-title-visibility":"","ast-main-header-display":"","ast-hfb-above-header-display":"","ast-hfb-below-header-display":"","ast-hfb-mobile-header-display":"","site-post-title":"","ast-breadcrumbs-content":"","ast-featured-img":"","footer-sml-layout":"","theme-transparent-header-meta":"","adv-header-id-meta":"","stick-header-meta":"","header-above-stick-meta":"","header-main-stick-meta":"","header-below-stick-meta":"","astra-migrate-meta-layouts":"set","ast-page-background-enabled":"default","ast-page-background-meta":{"desktop":{"background-color":"var(--ast-global-color-4)","background-image":"","background-repeat":"repeat","background-position":"center center","background-size":"auto","background-attachment":"scroll","background-type":"","background-media":"","overlay-type":"","overlay-color":"","overlay-opacity":"","overlay-gradient":""},"tablet":{"background-color":"","background-image":"","background-repeat":"repeat","background-position":"center center","background-size":"auto","background-attachment":"scroll","background-type":"","background-media":"","overlay-type":"","overlay-color":"","overlay-opacity":"","overlay-gradient":""},"mobile":{"background-color":"","background-image":"","background-repeat":"repeat","background-position":"center center","background-size":"auto","background-attachment":"scroll","background-type":"","background-media":"","overlay-type":"","overlay-color":"","overlay-opacity":"","overlay-gradient":""}},"ast-content-background-meta":{"desktop":{"background-color":"var(--ast-global-color-5)","background-image":"","background-repeat":"repeat","background-position":"center center","background-size":"auto","background-attachment":"scroll","background-type":"","background-media":"","overlay-type":"","overlay-color":"","overlay-opacity":"","overlay-gradient":""},"tablet":{"background-color":"var(--ast-global-color-5)","background-image":"","background-repeat":"repeat","background-position":"center center","background-size":"auto","background-attachment":"scroll","background-type":"","background-media":"","overlay-type":"","overlay-color":"","overlay-opacity":"","overlay-gradient":""},"mobile":{"background-color":"var(--ast-global-color-5)","background-image":"","background-repeat":"repeat","background-position":"center center","background-size":"auto","background-attachment":"scroll","background-type":"","background-media":"","overlay-type":"","overlay-color":"","overlay-opacity":"","overlay-gradient":""}},"footnotes":""},"class_list":["post-7592","page","type-page","status-publish","hentry"],"post_mailing_queue_ids":[],"_links":{"self":[{"href":"https:\/\/agora.xtec.cat\/ceip-benviure\/wp-json\/wp\/v2\/pages\/7592","targetHints":{"allow":["GET"]}}],"collection":[{"href":"https:\/\/agora.xtec.cat\/ceip-benviure\/wp-json\/wp\/v2\/pages"}],"about":[{"href":"https:\/\/agora.xtec.cat\/ceip-benviure\/wp-json\/wp\/v2\/types\/page"}],"author":[{"embeddable":true,"href":"https:\/\/agora.xtec.cat\/ceip-benviure\/wp-json\/wp\/v2\/users\/1"}],"replies":[{"embeddable":true,"href":"https:\/\/agora.xtec.cat\/ceip-benviure\/wp-json\/wp\/v2\/comments?post=7592"}],"version-history":[{"count":5,"href":"https:\/\/agora.xtec.cat\/ceip-benviure\/wp-json\/wp\/v2\/pages\/7592\/revisions"}],"predecessor-version":[{"id":7767,"href":"https:\/\/agora.xtec.cat\/ceip-benviure\/wp-json\/wp\/v2\/pages\/7592\/revisions\/7767"}],"wp:attachment":[{"href":"https:\/\/agora.xtec.cat\/ceip-benviure\/wp-json\/wp\/v2\/media?parent=7592"}],"curies":[{"name":"wp","href":"https:\/\/api.w.org\/{rel}","templated":true}]}}