{"id":64,"date":"2014-09-18T12:39:08","date_gmt":"2014-09-18T11:39:08","guid":{"rendered":"http:\/\/agora.xtec.cat\/ceip-benviure\/?page_id=64"},"modified":"2026-01-20T14:33:10","modified_gmt":"2026-01-20T13:33:10","slug":"projecte-educatiu","status":"publish","type":"page","link":"https:\/\/agora.xtec.cat\/ceip-benviure\/projecte-educatiu\/","title":{"rendered":"PROJECTE EDUCATIU"},"content":{"rendered":"\n<div class=\"wp-block-getwid-images-slider has-arrows-inside has-dots-inside has-images-center has-cropped-images\"><div class=\"wp-block-getwid-images-slider__wrapper\" data-effect=\"slide\" data-slides-show=\"1\" data-slides-show-laptop=\"1\" data-slides-show-tablet=\"1\" data-slides-show-mobile=\"1\" data-slides-scroll=\"1\" data-autoplay=\"false\" data-pause-hover=\"false\" data-autoplay-speed=\"6000\" data-infinite=\"true\" data-animation-speed=\"800\" data-center-mode=\"false\" data-variable-width=\"false\" data-arrows=\"inside\" data-dots=\"inside\" data-spacing=\"none\"><div class=\"wp-block-getwid-images-slider__item\"><figure><img loading=\"lazy\" decoding=\"async\" width=\"448\" height=\"598\" src=\"https:\/\/agora.xtec.cat\/ceip-benviure\/wp-content\/uploads\/usu1604\/2026\/01\/Captura-de-pantalla-2026-01-20-142845.png\" data-id=\"7761\" data-link=\"https:\/\/agora.xtec.cat\/ceip-benviure\/projecte-educatiu\/attachment\/captura-de-pantalla-2026-01-20-142845\/\" data-original-link=\"https:\/\/agora.xtec.cat\/ceip-benviure\/wp-content\/uploads\/usu1604\/2026\/01\/Captura-de-pantalla-2026-01-20-142845.png\" class=\"wp-block-getwid-images-slider__image wp-image-7761\" srcset=\"https:\/\/agora.xtec.cat\/ceip-benviure\/wp-content\/uploads\/usu1604\/2026\/01\/Captura-de-pantalla-2026-01-20-142845.png 448w, https:\/\/agora.xtec.cat\/ceip-benviure\/wp-content\/uploads\/usu1604\/2026\/01\/Captura-de-pantalla-2026-01-20-142845-225x300.png 225w\" sizes=\"auto, (max-width: 448px) 100vw, 448px\" \/><\/figure><\/div><div class=\"wp-block-getwid-images-slider__item\"><figure><img loading=\"lazy\" decoding=\"async\" width=\"603\" height=\"541\" src=\"https:\/\/agora.xtec.cat\/ceip-benviure\/wp-content\/uploads\/usu1604\/2026\/01\/Captura-de-pantalla-2026-01-20-142925.png\" data-id=\"7757\" data-link=\"https:\/\/agora.xtec.cat\/ceip-benviure\/projecte-educatiu\/attachment\/captura-de-pantalla-2026-01-20-142925\/\" data-original-link=\"https:\/\/agora.xtec.cat\/ceip-benviure\/wp-content\/uploads\/usu1604\/2026\/01\/Captura-de-pantalla-2026-01-20-142925.png\" class=\"wp-block-getwid-images-slider__image wp-image-7757\" srcset=\"https:\/\/agora.xtec.cat\/ceip-benviure\/wp-content\/uploads\/usu1604\/2026\/01\/Captura-de-pantalla-2026-01-20-142925.png 603w, https:\/\/agora.xtec.cat\/ceip-benviure\/wp-content\/uploads\/usu1604\/2026\/01\/Captura-de-pantalla-2026-01-20-142925-300x269.png 300w\" sizes=\"auto, (max-width: 603px) 100vw, 603px\" \/><\/figure><\/div><div class=\"wp-block-getwid-images-slider__item\"><figure><img loading=\"lazy\" decoding=\"async\" width=\"598\" height=\"451\" src=\"https:\/\/agora.xtec.cat\/ceip-benviure\/wp-content\/uploads\/usu1604\/2026\/01\/Captura-de-pantalla-2026-01-20-142958.png\" data-id=\"7758\" data-link=\"https:\/\/agora.xtec.cat\/ceip-benviure\/projecte-educatiu\/attachment\/captura-de-pantalla-2026-01-20-142958\/\" data-original-link=\"https:\/\/agora.xtec.cat\/ceip-benviure\/wp-content\/uploads\/usu1604\/2026\/01\/Captura-de-pantalla-2026-01-20-142958.png\" class=\"wp-block-getwid-images-slider__image wp-image-7758\" srcset=\"https:\/\/agora.xtec.cat\/ceip-benviure\/wp-content\/uploads\/usu1604\/2026\/01\/Captura-de-pantalla-2026-01-20-142958.png 598w, https:\/\/agora.xtec.cat\/ceip-benviure\/wp-content\/uploads\/usu1604\/2026\/01\/Captura-de-pantalla-2026-01-20-142958-300x226.png 300w\" sizes=\"auto, (max-width: 598px) 100vw, 598px\" \/><\/figure><\/div><div class=\"wp-block-getwid-images-slider__item\"><figure><img loading=\"lazy\" decoding=\"async\" width=\"445\" height=\"598\" src=\"https:\/\/agora.xtec.cat\/ceip-benviure\/wp-content\/uploads\/usu1604\/2026\/01\/Captura-de-pantalla-2026-01-20-143035.png\" data-id=\"7759\" data-link=\"https:\/\/agora.xtec.cat\/ceip-benviure\/projecte-educatiu\/attachment\/captura-de-pantalla-2026-01-20-143035\/\" data-original-link=\"https:\/\/agora.xtec.cat\/ceip-benviure\/wp-content\/uploads\/usu1604\/2026\/01\/Captura-de-pantalla-2026-01-20-143035.png\" class=\"wp-block-getwid-images-slider__image wp-image-7759\" srcset=\"https:\/\/agora.xtec.cat\/ceip-benviure\/wp-content\/uploads\/usu1604\/2026\/01\/Captura-de-pantalla-2026-01-20-143035.png 445w, https:\/\/agora.xtec.cat\/ceip-benviure\/wp-content\/uploads\/usu1604\/2026\/01\/Captura-de-pantalla-2026-01-20-143035-223x300.png 223w\" sizes=\"auto, (max-width: 445px) 100vw, 445px\" \/><\/figure><\/div><div class=\"wp-block-getwid-images-slider__item\"><figure><img loading=\"lazy\" decoding=\"async\" width=\"451\" height=\"603\" src=\"https:\/\/agora.xtec.cat\/ceip-benviure\/wp-content\/uploads\/usu1604\/2026\/01\/Captura-de-pantalla-2026-01-20-143119.png\" data-id=\"7760\" data-link=\"https:\/\/agora.xtec.cat\/ceip-benviure\/projecte-educatiu\/attachment\/captura-de-pantalla-2026-01-20-143119\/\" data-original-link=\"https:\/\/agora.xtec.cat\/ceip-benviure\/wp-content\/uploads\/usu1604\/2026\/01\/Captura-de-pantalla-2026-01-20-143119.png\" class=\"wp-block-getwid-images-slider__image wp-image-7760\" srcset=\"https:\/\/agora.xtec.cat\/ceip-benviure\/wp-content\/uploads\/usu1604\/2026\/01\/Captura-de-pantalla-2026-01-20-143119.png 451w, https:\/\/agora.xtec.cat\/ceip-benviure\/wp-content\/uploads\/usu1604\/2026\/01\/Captura-de-pantalla-2026-01-20-143119-224x300.png 224w\" sizes=\"auto, (max-width: 451px) 100vw, 451px\" \/><\/figure><\/div><\/div><\/div>\n\n\n<p style=\"text-align: center;\"><span style=\"font-size: 14pt; background-color: #ccffcc;\"><strong>PROP\u00d2SIT DEL NOSTRE PROJECTE EDUCATIU<\/strong><\/span><\/p>\n<p><strong><span style=\"background-color: #99ccff;\">LA MIRADA DELS INFANTS<\/span>, creant un entorn adequat a les seves necessitats, als seus processos de vida. Amb un ambient agradable i acollidor per on circular amb autonomia i llibertat, facilitant a l\u2019alumnat propostes d\u2019aprenentatge que estimulin la creativitat i el lliure pensament.<\/strong><\/p>\n<p><strong><span style=\"background-color: #ffcc99;\">LA CURA DE TOTES LES PERSONES<\/span> que formen part de la comunitat educativa, atenent les diferents situacions emocionals, especialment dels infants, amb la pr\u00e0ctica de l\u2019escolta i el di\u00e0leg respectu\u00f3s per a fomentar un aprenentatge i una reflexi\u00f3 constant.<\/strong><\/p>\n<p><strong><span style=\"background-color: #ffff99;\">PROMOURE ACTITUDS I VALORS DE RESPECTE<\/span> envers la identitat de g\u00e8nere i dels diferents models de fam\u00edlia. Educar en una societat m\u00e9s justa i respectuosa amb totes les persones, sigui quina sigui la seva expressi\u00f3 afectiva.<\/strong><\/p>\n<p><strong><span style=\"background-color: #ff99cc;\">UNA ESCOLA PER A TOTHOM<\/span>, que valora i accepta la diversitat i que s\u2019adapta a les necessitats de cadasc\u00fa.<\/strong><\/p>\n<p><strong><span style=\"background-color: #ccffcc;\">LA <a style=\"background-color: #ccffcc;\" href=\"https:\/\/agora.xtec.cat\/ceip-benviure\/wp-content\/uploads\/usu1604\/2017\/10\/IMG_0464.jpg\"><img loading=\"lazy\" decoding=\"async\" class=\"wp-image-1541 alignleft\" src=\"https:\/\/agora.xtec.cat\/ceip-benviure\/wp-content\/uploads\/usu1604\/2017\/10\/IMG_0464.jpg\" alt=\"\" width=\"304\" height=\"228\" srcset=\"https:\/\/agora.xtec.cat\/ceip-benviure\/wp-content\/uploads\/usu1604\/2017\/10\/IMG_0464.jpg 640w, https:\/\/agora.xtec.cat\/ceip-benviure\/wp-content\/uploads\/usu1604\/2017\/10\/IMG_0464-300x225.jpg 300w, https:\/\/agora.xtec.cat\/ceip-benviure\/wp-content\/uploads\/usu1604\/2017\/10\/IMG_0464-200x150.jpg 200w\" sizes=\"auto, (max-width: 304px) 100vw, 304px\" \/><\/a>CURA DE L\u2019ENTORN<\/span>, aprofitant les possibilitats que ens ofereix la seva ubicaci\u00f3, per con\u00e8ixer, respectar i estimar el medi natural que ens envolta i fer-ne un \u00fas sostenible.<\/strong><\/p>\n<p><strong><span style=\"background-color: #ffff99;\">L\u2019APRENENTATGE COMPETENCIAL<\/span>, un aprenentatge per a la vida, funcional i experimental amb l&#8217;\u00fas habitual de les eines tecnol\u00f2giques pr\u00f2pies del s. XXI.\u00a0 \u00a0 \u00a0 \u00a0<br \/><\/strong><\/p>\n<p><strong><span style=\"background-color: #99ccff;\">L\u2019ESCOLA PARTICIPATIVA I COMUNIT\u00c0RIA<\/span>. Que t\u00e9 en compte a totes aquelles persones que formen part de la comunitat educativa: serveis educatius, fam\u00edlies, monitoratge, consergeria, servei de neteja&#8230; per emprendre actuacions i prendre decisions.<\/strong><\/p>\n<p><strong> I mant\u00e9 una relaci\u00f3 activa amb les entitats del <\/strong><strong>seu entorn. Centrada en un bon clima i un alt nivell d\u2019implicaci\u00f3.<a href=\"https:\/\/agora.xtec.cat\/ceip-benviure\/wp-content\/uploads\/usu1604\/2017\/11\/IMG_0316.jpg\"><img loading=\"lazy\" decoding=\"async\" class=\"wp-image-1821 alignright\" src=\"https:\/\/agora.xtec.cat\/ceip-benviure\/wp-content\/uploads\/usu1604\/2017\/11\/IMG_0316.jpg\" alt=\"\" width=\"347\" height=\"260\" srcset=\"https:\/\/agora.xtec.cat\/ceip-benviure\/wp-content\/uploads\/usu1604\/2017\/11\/IMG_0316.jpg 640w, https:\/\/agora.xtec.cat\/ceip-benviure\/wp-content\/uploads\/usu1604\/2017\/11\/IMG_0316-300x225.jpg 300w, https:\/\/agora.xtec.cat\/ceip-benviure\/wp-content\/uploads\/usu1604\/2017\/11\/IMG_0316-200x150.jpg 200w\" sizes=\"auto, (max-width: 347px) 100vw, 347px\" \/><\/a><a href=\"https:\/\/agora.xtec.cat\/ceip-benviure\/wp-content\/uploads\/usu1604\/2019\/01\/IMG_20190126_100619.jpg\"><img loading=\"lazy\" decoding=\"async\" class=\"wp-image-3849 alignleft\" src=\"https:\/\/agora.xtec.cat\/ceip-benviure\/wp-content\/uploads\/usu1604\/2019\/01\/IMG_20190126_100619.jpg\" alt=\"\" width=\"311\" height=\"233\" srcset=\"https:\/\/agora.xtec.cat\/ceip-benviure\/wp-content\/uploads\/usu1604\/2019\/01\/IMG_20190126_100619.jpg 2950w, https:\/\/agora.xtec.cat\/ceip-benviure\/wp-content\/uploads\/usu1604\/2019\/01\/IMG_20190126_100619-300x225.jpg 300w, https:\/\/agora.xtec.cat\/ceip-benviure\/wp-content\/uploads\/usu1604\/2019\/01\/IMG_20190126_100619-768x576.jpg 768w, https:\/\/agora.xtec.cat\/ceip-benviure\/wp-content\/uploads\/usu1604\/2019\/01\/IMG_20190126_100619-1024x768.jpg 1024w, https:\/\/agora.xtec.cat\/ceip-benviure\/wp-content\/uploads\/usu1604\/2019\/01\/IMG_20190126_100619-200x150.jpg 200w\" sizes=\"auto, (max-width: 311px) 100vw, 311px\" \/><\/a><\/strong><\/p>\n<p><strong><span style=\"background-color: #ffcc99;\">LA SOCIALITZACI\u00d3, COOPERACI\u00d3 I SOLIDARITAT<\/span>, compartint tot all\u00f2 que tenim al nostre abast amb companys\/es i altres persones. Buscant la superaci\u00f3 com a persones dins de les capacitats de cadasc\u00fa i evitant la competitivitat i l\u2019individualisme.<\/strong><\/p>\n<p><strong><span style=\"background-color: #ff99cc;\">EL RESPECTE A LA DIVERSITAT CULTURAL<\/span>, mostrant inter\u00e8s pel seu coneixement i respectant els or\u00edgens, creences i costums d\u2019aquelles fam\u00edlies que provenen d\u2019altres realitats culturals.<\/strong><\/p>\n<p><strong><span style=\"background-color: #ccffff;\">LA FORMACI\u00d3 DE L\u2019EQUIP DOCENT<\/span> viscuda com una responsabilitat personal i professional.<\/strong><\/p>\n\n\n<p><\/p>\n","protected":false},"excerpt":{"rendered":"<p>PROP\u00d2SIT DEL NOSTRE PROJECTE EDUCATIU LA MIRADA DELS INFANTS, creant un entorn adequat a les seves necessitats, als seus processos de vida. Amb un ambient agradable i acollidor per on circular amb autonomia i llibertat, facilitant a l\u2019alumnat propostes d\u2019aprenentatge que estimulin la creativitat i el lliure pensament. LA CURA DE TOTES LES PERSONES que [&hellip;]<\/p>\n","protected":false},"author":1,"featured_media":7761,"parent":0,"menu_order":0,"comment_status":"closed","ping_status":"closed","template":"page-templates\/side-menu.php","meta":{"_bbp_topic_count":0,"_bbp_reply_count":0,"_bbp_total_topic_count":0,"_bbp_total_reply_count":0,"_bbp_voice_count":0,"_bbp_anonymous_reply_count":0,"_bbp_topic_count_hidden":0,"_bbp_reply_count_hidden":0,"_bbp_forum_subforum_count":0,"site-sidebar-layout":"default","site-content-layout":"","ast-site-content-layout":"default","site-content-style":"default","site-sidebar-style":"default","ast-global-header-display":"","ast-banner-title-visibility":"","ast-main-header-display":"","ast-hfb-above-header-display":"","ast-hfb-below-header-display":"","ast-hfb-mobile-header-display":"","site-post-title":"","ast-breadcrumbs-content":"","ast-featured-img":"","footer-sml-layout":"","theme-transparent-header-meta":"","adv-header-id-meta":"","stick-header-meta":"","header-above-stick-meta":"","header-main-stick-meta":"","header-below-stick-meta":"","astra-migrate-meta-layouts":"set","ast-page-background-enabled":"default","ast-page-background-meta":{"desktop":{"background-color":"var(--ast-global-color-4)","background-image":"","background-repeat":"repeat","background-position":"center center","background-size":"auto","background-attachment":"scroll","background-type":"","background-media":"","overlay-type":"","overlay-color":"","overlay-opacity":"","overlay-gradient":""},"tablet":{"background-color":"","background-image":"","background-repeat":"repeat","background-position":"center center","background-size":"auto","background-attachment":"scroll","background-type":"","background-media":"","overlay-type":"","overlay-color":"","overlay-opacity":"","overlay-gradient":""},"mobile":{"background-color":"","background-image":"","background-repeat":"repeat","background-position":"center center","background-size":"auto","background-attachment":"scroll","background-type":"","background-media":"","overlay-type":"","overlay-color":"","overlay-opacity":"","overlay-gradient":""}},"ast-content-background-meta":{"desktop":{"background-color":"var(--ast-global-color-5)","background-image":"","background-repeat":"repeat","background-position":"center center","background-size":"auto","background-attachment":"scroll","background-type":"","background-media":"","overlay-type":"","overlay-color":"","overlay-opacity":"","overlay-gradient":""},"tablet":{"background-color":"var(--ast-global-color-5)","background-image":"","background-repeat":"repeat","background-position":"center center","background-size":"auto","background-attachment":"scroll","background-type":"","background-media":"","overlay-type":"","overlay-color":"","overlay-opacity":"","overlay-gradient":""},"mobile":{"background-color":"var(--ast-global-color-5)","background-image":"","background-repeat":"repeat","background-position":"center center","background-size":"auto","background-attachment":"scroll","background-type":"","background-media":"","overlay-type":"","overlay-color":"","overlay-opacity":"","overlay-gradient":""}},"footnotes":""},"class_list":["post-64","page","type-page","status-publish","has-post-thumbnail","hentry"],"post_mailing_queue_ids":[],"_links":{"self":[{"href":"https:\/\/agora.xtec.cat\/ceip-benviure\/wp-json\/wp\/v2\/pages\/64","targetHints":{"allow":["GET"]}}],"collection":[{"href":"https:\/\/agora.xtec.cat\/ceip-benviure\/wp-json\/wp\/v2\/pages"}],"about":[{"href":"https:\/\/agora.xtec.cat\/ceip-benviure\/wp-json\/wp\/v2\/types\/page"}],"author":[{"embeddable":true,"href":"https:\/\/agora.xtec.cat\/ceip-benviure\/wp-json\/wp\/v2\/users\/1"}],"replies":[{"embeddable":true,"href":"https:\/\/agora.xtec.cat\/ceip-benviure\/wp-json\/wp\/v2\/comments?post=64"}],"version-history":[{"count":5,"href":"https:\/\/agora.xtec.cat\/ceip-benviure\/wp-json\/wp\/v2\/pages\/64\/revisions"}],"predecessor-version":[{"id":7762,"href":"https:\/\/agora.xtec.cat\/ceip-benviure\/wp-json\/wp\/v2\/pages\/64\/revisions\/7762"}],"wp:featuredmedia":[{"embeddable":true,"href":"https:\/\/agora.xtec.cat\/ceip-benviure\/wp-json\/wp\/v2\/media\/7761"}],"wp:attachment":[{"href":"https:\/\/agora.xtec.cat\/ceip-benviure\/wp-json\/wp\/v2\/media?parent=64"}],"curies":[{"name":"wp","href":"https:\/\/api.w.org\/{rel}","templated":true}]}}