{"id":468,"date":"2016-12-05T15:41:36","date_gmt":"2016-12-05T14:41:36","guid":{"rendered":"http:\/\/agora.xtec.cat\/ceip-benviure\/?page_id=468"},"modified":"2026-01-12T20:15:39","modified_gmt":"2026-01-12T19:15:39","slug":"circulars","status":"publish","type":"page","link":"https:\/\/agora.xtec.cat\/ceip-benviure\/circulars\/","title":{"rendered":"CIRCULARS"},"content":{"rendered":"<p><em>AUTORITZACIONS<\/em><\/p>\n<p><a href=\"https:\/\/agora.xtec.cat\/ceip-benviure\/docs\/autoritzacio-per-marxar-sols-es-a-casa-4\/\">PER MARXAR SOLS\/ES A CASA<\/a><\/p>\n<p><a href=\"https:\/\/agora.xtec.cat\/ceip-benviure\/docs\/medicaments-i-sortides\/\">MEDICAMENTS I SORTIDES<\/a><\/p>\n<p><a href=\"https:\/\/agora.xtec.cat\/ceip-benviure\/docs\/al%c2%b7lergies-i-intolerancies-2\/\">AL\u00b7L\u00c8RGIES I INTOLER\u00c0NCIES<\/a><\/p>\n<p><em>ACTIVITATS EXTRAESCOLARS<\/em><\/p>\n<p><a href=\"https:\/\/agora.xtec.cat\/ceip-benviure\/docs\/autoritzacio-per-a-realitzar-les-activitats\/\">AUTORITZACI\u00d3 PER REALITZAR LES ACTIVITATS<\/a><\/p>\n<p><a href=\"https:\/\/agora.xtec.cat\/ceip-benviure\/docs\/autoritzacio-per-a-realitzar-les-activitats\/\">AUTORITZACI\u00d3 PER MARXAR SOLS\/ES DESPR\u00c9S DE LES ACT. EXTRAESCOLARS<\/a><\/p>\n<p><a href=\"https:\/\/agora.xtec.cat\/ceip-benviure\/docs\/autoritzacio-per-a-realitzar-les-activitats\/\">FULL D&#8217;INSCRIPCI\u00d3<\/a><\/p>\n","protected":false},"excerpt":{"rendered":"<p>AUTORITZACIONS PER MARXAR SOLS\/ES A CASA MEDICAMENTS I SORTIDES AL\u00b7L\u00c8RGIES I INTOLER\u00c0NCIES ACTIVITATS EXTRAESCOLARS AUTORITZACI\u00d3 PER REALITZAR LES ACTIVITATS AUTORITZACI\u00d3 PER MARXAR SOLS\/ES DESPR\u00c9S DE LES ACT. EXTRAESCOLARS FULL D&#8217;INSCRIPCI\u00d3<\/p>\n","protected":false},"author":1,"featured_media":0,"parent":0,"menu_order":0,"comment_status":"closed","ping_status":"closed","template":"","meta":{"_bbp_topic_count":0,"_bbp_reply_count":0,"_bbp_total_topic_count":0,"_bbp_total_reply_count":0,"_bbp_voice_count":0,"_bbp_anonymous_reply_count":0,"_bbp_topic_count_hidden":0,"_bbp_reply_count_hidden":0,"_bbp_forum_subforum_count":0,"site-sidebar-layout":"default","site-content-layout":"","ast-site-content-layout":"default","site-content-style":"default","site-sidebar-style":"default","ast-global-header-display":"","ast-banner-title-visibility":"","ast-main-header-display":"","ast-hfb-above-header-display":"","ast-hfb-below-header-display":"","ast-hfb-mobile-header-display":"","site-post-title":"","ast-breadcrumbs-content":"","ast-featured-img":"","footer-sml-layout":"","theme-transparent-header-meta":"","adv-header-id-meta":"","stick-header-meta":"","header-above-stick-meta":"","header-main-stick-meta":"","header-below-stick-meta":"","astra-migrate-meta-layouts":"set","ast-page-background-enabled":"default","ast-page-background-meta":{"desktop":{"background-color":"var(--ast-global-color-4)","background-image":"","background-repeat":"repeat","background-position":"center center","background-size":"auto","background-attachment":"scroll","background-type":"","background-media":"","overlay-type":"","overlay-color":"","overlay-opacity":"","overlay-gradient":""},"tablet":{"background-color":"","background-image":"","background-repeat":"repeat","background-position":"center center","background-size":"auto","background-attachment":"scroll","background-type":"","background-media":"","overlay-type":"","overlay-color":"","overlay-opacity":"","overlay-gradient":""},"mobile":{"background-color":"","background-image":"","background-repeat":"repeat","background-position":"center center","background-size":"auto","background-attachment":"scroll","background-type":"","background-media":"","overlay-type":"","overlay-color":"","overlay-opacity":"","overlay-gradient":""}},"ast-content-background-meta":{"desktop":{"background-color":"var(--ast-global-color-5)","background-image":"","background-repeat":"repeat","background-position":"center center","background-size":"auto","background-attachment":"scroll","background-type":"","background-media":"","overlay-type":"","overlay-color":"","overlay-opacity":"","overlay-gradient":""},"tablet":{"background-color":"var(--ast-global-color-5)","background-image":"","background-repeat":"repeat","background-position":"center center","background-size":"auto","background-attachment":"scroll","background-type":"","background-media":"","overlay-type":"","overlay-color":"","overlay-opacity":"","overlay-gradient":""},"mobile":{"background-color":"var(--ast-global-color-5)","background-image":"","background-repeat":"repeat","background-position":"center center","background-size":"auto","background-attachment":"scroll","background-type":"","background-media":"","overlay-type":"","overlay-color":"","overlay-opacity":"","overlay-gradient":""}},"footnotes":""},"class_list":["post-468","page","type-page","status-publish","hentry"],"post_mailing_queue_ids":[],"_links":{"self":[{"href":"https:\/\/agora.xtec.cat\/ceip-benviure\/wp-json\/wp\/v2\/pages\/468","targetHints":{"allow":["GET"]}}],"collection":[{"href":"https:\/\/agora.xtec.cat\/ceip-benviure\/wp-json\/wp\/v2\/pages"}],"about":[{"href":"https:\/\/agora.xtec.cat\/ceip-benviure\/wp-json\/wp\/v2\/types\/page"}],"author":[{"embeddable":true,"href":"https:\/\/agora.xtec.cat\/ceip-benviure\/wp-json\/wp\/v2\/users\/1"}],"replies":[{"embeddable":true,"href":"https:\/\/agora.xtec.cat\/ceip-benviure\/wp-json\/wp\/v2\/comments?post=468"}],"version-history":[{"count":3,"href":"https:\/\/agora.xtec.cat\/ceip-benviure\/wp-json\/wp\/v2\/pages\/468\/revisions"}],"predecessor-version":[{"id":7566,"href":"https:\/\/agora.xtec.cat\/ceip-benviure\/wp-json\/wp\/v2\/pages\/468\/revisions\/7566"}],"wp:attachment":[{"href":"https:\/\/agora.xtec.cat\/ceip-benviure\/wp-json\/wp\/v2\/media?parent=468"}],"curies":[{"name":"wp","href":"https:\/\/api.w.org\/{rel}","templated":true}]}}