{"id":30,"date":"2014-09-18T12:30:23","date_gmt":"2014-09-18T11:30:23","guid":{"rendered":"http:\/\/agora.xtec.cat\/ceip-benviure\/?page_id=30"},"modified":"2026-03-18T12:15:41","modified_gmt":"2026-03-18T11:15:41","slug":"instal%c2%b7lacions","status":"publish","type":"page","link":"https:\/\/agora.xtec.cat\/ceip-benviure\/lescola\/instal%c2%b7lacions\/","title":{"rendered":"EQUIP HUM\u00c0"},"content":{"rendered":"<p style=\"text-align: center;\" data-pm-slice=\"1 1 []\"><strong>2025-2026<\/strong><\/p>\n<div>\n<table style=\"height: 1843px; width: 100%; border-color: #110d17; border-style: solid;\" border=\"2\">\n<tbody>\n<tr style=\"height: 111px; border-color: #e1a5f2;\">\n<td style=\"height: 111px; border-color: #0a0303; width: 17.5%;\" colspan=\"1\" rowspan=\"1\">\u00a0<\/td>\n<td style=\"height: 111px; border-color: #0a0303; width: 16.1667%;\" colspan=\"1\" rowspan=\"1\"><span style=\"background-color: #ccffcc;\"><strong>Tutora\u00a0\u00a0<\/strong><\/span><\/td>\n<td style=\"height: 111px; border-color: #050202; width: 20.1667%;\" colspan=\"1\" rowspan=\"1\"><span style=\"background-color: #ffff99;\"><strong>Monitora Espai Migdia<\/strong><\/span><\/td>\n<td style=\"height: 111px; border-color: #050202; width: 8.08333%;\" colspan=\"1\" rowspan=\"1\">\u00a0<\/td>\n<td style=\"height: 111px; border-color: #050202; width: 16.3333%;\" colspan=\"1\" rowspan=\"1\"><span style=\"background-color: #ccffcc;\"><strong>Tutora\u00a0\u00a0<\/strong><\/span><\/td>\n<td style=\"height: 111px; border-color: #050202; width: 20.1667%;\" colspan=\"1\" rowspan=\"1\"><span style=\"background-color: #ffff99;\"><strong>Monitora Espai Migdia<\/strong><\/span><\/td>\n<\/tr>\n<tr style=\"height: 79px;\">\n<td style=\"height: 79px; border-color: #050202; width: 17.5%;\" colspan=\"1\" rowspan=\"1\"><span style=\"background-color: #99ccff;\"><strong>I3A<\/strong><\/span><\/td>\n<td style=\"height: 79px; border-color: #050202; width: 16.1667%;\" colspan=\"1\" rowspan=\"1\">Montse D\u00edaz<\/td>\n<td style=\"height: 79px; border-color: #050202; width: 20.1667%;\" colspan=\"1\" rowspan=\"1\">Silvia<\/td>\n<td style=\"height: 79px; border-color: #050202; width: 8.08333%;\" colspan=\"1\" rowspan=\"1\"><span style=\"background-color: #99ccff;\"><strong>I3B<\/strong><\/span><\/td>\n<td style=\"height: 79px; border-color: #050202; width: 16.3333%;\" colspan=\"1\" rowspan=\"1\">S\u00f2nia Cabello<\/td>\n<td style=\"height: 79px; border-color: #050202; width: 20.1667%;\" colspan=\"1\" rowspan=\"1\">Anabel<\/td>\n<\/tr>\n<tr style=\"height: 111px;\">\n<td style=\"height: 111px; border-color: #050202; width: 17.5%;\" colspan=\"1\" rowspan=\"1\"><span style=\"background-color: #99ccff;\"><strong>I4A<\/strong><\/span><\/td>\n<td style=\"height: 111px; border-color: #050202; width: 16.1667%;\" colspan=\"1\" rowspan=\"1\">Patri Gonz\u00e1lez<\/td>\n<td style=\"height: 111px; border-color: #050202; width: 20.1667%;\" colspan=\"1\" rowspan=\"1\">Juani<\/td>\n<td style=\"height: 111px; border-color: #050202; width: 8.08333%;\" colspan=\"1\" rowspan=\"1\"><span style=\"background-color: #99ccff;\"><strong>I4B<\/strong><\/span><\/td>\n<td style=\"height: 111px; border-color: #050202; width: 16.3333%;\" colspan=\"1\" rowspan=\"1\">Sandra Ivern<\/td>\n<td style=\"height: 111px; border-color: #050202; width: 20.1667%;\" colspan=\"1\" rowspan=\"1\">Yolanda<\/td>\n<\/tr>\n<tr style=\"height: 111px;\">\n<td style=\"height: 111px; border-color: #050202; width: 17.5%;\" colspan=\"1\" rowspan=\"1\"><span style=\"background-color: #99ccff;\"><strong>I5A<\/strong><\/span><\/td>\n<td style=\"height: 111px; border-color: #050202; width: 16.1667%;\" colspan=\"1\" rowspan=\"1\">Anna Bonet<\/td>\n<td style=\"height: 111px; border-color: #050202; width: 20.1667%;\" colspan=\"1\" rowspan=\"1\">Teresa<\/td>\n<td style=\"height: 111px; border-color: #050202; width: 8.08333%;\" colspan=\"1\" rowspan=\"1\"><span style=\"background-color: #99ccff;\"><strong>I5B<\/strong><\/span><\/td>\n<td style=\"height: 111px; border-color: #050202; width: 16.3333%;\" colspan=\"1\" rowspan=\"1\">Laura Moragues<\/td>\n<td style=\"height: 111px; border-color: #050202; width: 20.1667%;\" colspan=\"1\" rowspan=\"1\">Marisa<\/td>\n<\/tr>\n<tr style=\"height: 111px;\">\n<td style=\"height: 111px; border-color: #050202; width: 17.5%;\" colspan=\"1\" rowspan=\"1\"><span style=\"background-color: #99ccff;\"><strong>SUPORT INFANTIL<\/strong><\/span><\/td>\n<td style=\"height: 111px; border-color: #050202; width: 16.1667%;\" colspan=\"1\" rowspan=\"1\">Alba Arroyo<\/td>\n<td style=\"height: 222px; border-color: #050202; width: 20.1667%;\" colspan=\"1\" rowspan=\"2\">\u00a0<\/td>\n<td style=\"height: 111px; border-color: #050202; width: 8.08333%;\" colspan=\"1\" rowspan=\"1\"><span style=\"background-color: #99ccff;\"><strong>EE<\/strong><\/span><\/td>\n<td style=\"height: 111px; border-color: #050202; width: 16.3333%;\" colspan=\"1\" rowspan=\"1\">Meritxell Ciruela<\/td>\n<td style=\"height: 111px; border-color: #050202; width: 20.1667%;\" colspan=\"1\" rowspan=\"1\">\u00a0<\/td>\n<\/tr>\n<tr style=\"height: 111px;\">\n<td style=\"height: 111px; border-color: #050202; width: 17.5%;\" colspan=\"1\" rowspan=\"1\"><span style=\"background-color: #99ccff;\"><strong>TEIN<\/strong><\/span><\/td>\n<td style=\"height: 111px; border-color: #050202; width: 16.1667%;\" colspan=\"1\" rowspan=\"1\">Carol Gonz\u00e1lez<\/td>\n<td style=\"height: 111px; border-color: #050202; width: 24.4167%;\" colspan=\"2\" rowspan=\"1\">\u00a0<\/td>\n<td style=\"height: 111px; border-color: #050202; width: 20.1667%;\" colspan=\"1\" rowspan=\"1\">\u00a0<\/td>\n<\/tr>\n<tr style=\"height: 23px;\">\n<td style=\"height: 23px; border-color: #050202; width: 78.25%;\" colspan=\"5\" rowspan=\"1\">\u00a0<\/td>\n<td style=\"height: 23px; border-color: #050202; width: 20.1667%;\" colspan=\"1\" rowspan=\"1\">\u00a0<\/td>\n<\/tr>\n<tr style=\"height: 111px;\">\n<td style=\"height: 111px; border-color: #050202; width: 17.5%;\" colspan=\"1\" rowspan=\"1\"><span style=\"background-color: #ff99cc;\"><strong>1rA<\/strong><\/span><\/td>\n<td style=\"height: 111px; border-color: #050202; width: 16.1667%;\" colspan=\"1\" rowspan=\"1\">Maite Pina<\/td>\n<td style=\"height: 111px; border-color: #050202; width: 20.1667%;\" colspan=\"1\" rowspan=\"1\">Araceli<\/td>\n<td style=\"height: 111px; border-color: #050202; width: 8.08333%;\" colspan=\"1\" rowspan=\"1\"><span style=\"background-color: #ff99cc;\"><strong>1rB<\/strong><\/span><\/td>\n<td style=\"height: 111px; border-color: #050202; width: 16.3333%;\" colspan=\"1\" rowspan=\"1\">Dolors Junyent<\/td>\n<td style=\"height: 111px; border-color: #050202; width: 20.1667%;\" colspan=\"1\" rowspan=\"1\">\u00cdker<\/td>\n<\/tr>\n<tr style=\"height: 111px;\">\n<td style=\"height: 111px; border-color: #050202; width: 17.5%;\" colspan=\"1\" rowspan=\"1\"><span style=\"background-color: #ff99cc;\"><strong>2nA<\/strong><\/span><\/td>\n<td style=\"height: 111px; border-color: #050202; width: 16.1667%;\" colspan=\"1\" rowspan=\"1\">Laura Guerrero<\/td>\n<td style=\"height: 111px; border-color: #050202; width: 20.1667%;\" colspan=\"1\" rowspan=\"1\">Marga<\/td>\n<td style=\"height: 111px; border-color: #050202; width: 8.08333%;\" colspan=\"1\" rowspan=\"1\"><span style=\"background-color: #ff99cc;\"><strong>2nB<\/strong><\/span><\/td>\n<td style=\"height: 111px; border-color: #050202; width: 16.3333%;\" colspan=\"1\" rowspan=\"1\">Anna P\u00e9rez<\/td>\n<td style=\"height: 111px; border-color: #050202; width: 20.1667%;\" colspan=\"1\" rowspan=\"1\">M\u00edriam<\/td>\n<\/tr>\n<tr style=\"height: 111px;\">\n<td style=\"height: 111px; border-color: #050202; width: 17.5%;\" colspan=\"1\" rowspan=\"1\"><span style=\"background-color: #ff99cc;\"><strong>3rA<\/strong><\/span><\/td>\n<td style=\"height: 111px; border-color: #050202; width: 16.1667%;\" colspan=\"1\" rowspan=\"1\">Patricia G\u00f3mez<\/td>\n<td style=\"height: 111px; border-color: #050202; width: 20.1667%;\" colspan=\"1\" rowspan=\"1\">Paqui<\/td>\n<td style=\"height: 111px; border-color: #050202; width: 8.08333%;\" colspan=\"1\" rowspan=\"1\"><span style=\"background-color: #ff99cc;\"><strong>3rB<\/strong><\/span><\/td>\n<td style=\"height: 111px; border-color: #050202; width: 16.3333%;\" colspan=\"1\" rowspan=\"1\">Rub\u00e8n Moreno<\/td>\n<td style=\"height: 111px; border-color: #050202; width: 20.1667%;\" colspan=\"1\" rowspan=\"1\">Eva<\/td>\n<\/tr>\n<tr style=\"height: 79px;\">\n<td style=\"height: 79px; border-color: #050202; width: 17.5%;\" colspan=\"1\" rowspan=\"1\"><span style=\"background-color: #ff99cc;\"><strong>EE\u00a0<\/strong><\/span><\/td>\n<td style=\"height: 79px; border-color: #050202; width: 16.1667%;\" colspan=\"1\" rowspan=\"1\">Quim L\u00f3pez<\/td>\n<td style=\"height: 79px; border-color: #050202; width: 20.1667%;\" colspan=\"1\" rowspan=\"1\">\u00a0<\/td>\n<td style=\"height: 79px; border-color: #050202; width: 8.08333%;\" colspan=\"1\" rowspan=\"1\"><span style=\"background-color: #ff99cc;\"><strong>Suport<\/strong><\/span><\/td>\n<td style=\"height: 79px; border-color: #050202; width: 16.3333%;\" colspan=\"1\" rowspan=\"1\">Sonia Mu\u00f1oz<\/td>\n<td style=\"height: 79px; border-color: #050202; width: 20.1667%;\" colspan=\"1\" rowspan=\"1\">\u00a0<\/td>\n<\/tr>\n<tr style=\"height: 23px;\">\n<td style=\"height: 23px; border-color: #050202; width: 78.25%;\" colspan=\"5\" rowspan=\"1\">\u00a0<\/td>\n<td style=\"height: 23px; border-color: #050202; width: 20.1667%;\" colspan=\"1\" rowspan=\"1\">\u00a0<\/td>\n<\/tr>\n<tr style=\"height: 79px;\">\n<td style=\"height: 79px; border-color: #050202; width: 17.5%;\" colspan=\"1\" rowspan=\"1\"><span style=\"background-color: #ffcc99;\"><strong>4tA<\/strong><\/span><\/td>\n<td style=\"height: 79px; border-color: #050202; width: 16.1667%;\" colspan=\"1\" rowspan=\"1\">Sara Garc\u00eda<\/td>\n<td style=\"height: 79px; border-color: #050202; width: 20.1667%;\" colspan=\"1\" rowspan=\"1\">Lidia<\/td>\n<td style=\"height: 79px; border-color: #050202; width: 8.08333%;\" colspan=\"1\" rowspan=\"1\"><span style=\"background-color: #ffcc99;\"><strong>4tB<\/strong><\/span><\/td>\n<td style=\"height: 79px; border-color: #050202; width: 16.3333%;\" colspan=\"1\" rowspan=\"1\">Silvia Mata<\/td>\n<td style=\"height: 79px; border-color: #050202; width: 20.1667%;\" colspan=\"1\" rowspan=\"1\">Pol<\/td>\n<\/tr>\n<tr style=\"height: 111px;\">\n<td style=\"height: 111px; border-color: #050202; width: 17.5%;\" colspan=\"1\" rowspan=\"1\"><span style=\"background-color: #ffcc99;\"><strong>5\u00e8A<\/strong><\/span><\/td>\n<td style=\"height: 111px; border-color: #050202; width: 16.1667%;\" colspan=\"1\" rowspan=\"1\">Albert Salgado<\/td>\n<td style=\"height: 111px; border-color: #050202; width: 20.1667%;\" colspan=\"1\" rowspan=\"1\">Consuelo<\/td>\n<td style=\"height: 111px; border-color: #050202; width: 8.08333%;\" colspan=\"1\" rowspan=\"1\"><span style=\"background-color: #ffcc99;\"><strong>5\u00e8B<\/strong><\/span><\/td>\n<td style=\"height: 111px; border-color: #050202; width: 16.3333%;\" colspan=\"1\" rowspan=\"1\">Yolanda Mir<\/td>\n<td style=\"height: 111px; border-color: #050202; width: 20.1667%;\" colspan=\"1\" rowspan=\"1\">Lucia<\/td>\n<\/tr>\n<tr style=\"height: 111px;\">\n<td style=\"height: 111px; border-color: #050202; width: 17.5%;\" colspan=\"1\" rowspan=\"1\"><span style=\"background-color: #ffcc99;\"><strong>6\u00e8A<\/strong><\/span><\/td>\n<td style=\"height: 111px; border-color: #050202; width: 16.1667%;\" colspan=\"1\" rowspan=\"1\">Marta Vercher<\/td>\n<td style=\"height: 111px; border-color: #050202; width: 20.1667%;\" colspan=\"1\" rowspan=\"1\">Albert<\/td>\n<td style=\"height: 111px; border-color: #050202; width: 8.08333%;\" colspan=\"1\" rowspan=\"1\"><span style=\"background-color: #ffcc99;\"><strong>6\u00e8B<\/strong><\/span><\/td>\n<td style=\"height: 111px; border-color: #050202; width: 16.3333%;\" colspan=\"1\" rowspan=\"1\">Anabel Castellano<\/td>\n<td style=\"height: 111px; border-color: #050202; width: 20.1667%;\" colspan=\"1\" rowspan=\"1\">Albert<\/td>\n<\/tr>\n<tr style=\"height: 111px;\">\n<td style=\"height: 111px; border-color: #050202; width: 17.5%;\" colspan=\"1\" rowspan=\"1\"><span style=\"background-color: #ffcc99;\"><strong>EE<\/strong><\/span><\/td>\n<td style=\"height: 111px; border-color: #050202; width: 16.1667%;\" colspan=\"1\" rowspan=\"1\">Vanessa Gonz\u00e1lez<\/td>\n<td style=\"height: 111px; border-color: #050202; width: 20.1667%;\" colspan=\"1\" rowspan=\"1\">\u00a0<\/td>\n<td style=\"height: 111px; border-color: #050202; width: 24.4167%;\" colspan=\"2\" rowspan=\"1\">\u00a0<\/td>\n<td style=\"height: 111px; border-color: #050202; width: 20.1667%;\" colspan=\"1\" rowspan=\"1\">\u00a0<\/td>\n<\/tr>\n<tr style=\"height: 23px;\">\n<td style=\"height: 23px; border-color: #050202; width: 78.25%;\" colspan=\"5\" rowspan=\"1\">\u00a0<\/td>\n<td style=\"height: 23px; border-color: #050202; width: 20.1667%;\" colspan=\"1\" rowspan=\"1\">\u00a0<\/td>\n<\/tr>\n<tr style=\"height: 79px;\">\n<td style=\"height: 79px; border-color: #050202; width: 17.5%;\" colspan=\"1\" rowspan=\"1\"><span style=\"background-color: #ffff99;\"><strong>EF<\/strong><\/span><\/td>\n<td style=\"height: 79px; border-color: #050202; width: 36.3333%;\" colspan=\"2\" rowspan=\"1\">H\u00e8ctor Alcon<\/td>\n<td style=\"height: 79px; border-color: #050202; width: 8.08333%;\" colspan=\"1\" rowspan=\"1\"><span style=\"background-color: #ffff99;\"><strong>ANGL\u00c8S<\/strong><\/span><\/td>\n<td style=\"height: 79px; border-color: #050202; width: 36.5%;\" colspan=\"2\" rowspan=\"1\">Iolanda Ordu\u00f1a<\/td>\n<\/tr>\n<tr style=\"height: 79px;\">\n<td style=\"height: 79px; border-color: #050202; width: 17.5%;\" colspan=\"1\" rowspan=\"1\"><span style=\"background-color: #ffff99;\"><strong>M\u00daSICA<\/strong><\/span><\/td>\n<td style=\"height: 79px; border-color: #050202; width: 36.3333%;\" colspan=\"2\" rowspan=\"1\">Abel Campoy<\/td>\n<td style=\"height: 79px; border-color: #050202; width: 8.08333%;\" colspan=\"1\" rowspan=\"1\"><span style=\"background-color: #ffff99;\"><strong>ANGL\u00c8S<\/strong><\/span><\/td>\n<td style=\"height: 79px; border-color: #050202; width: 36.5%;\" colspan=\"2\" rowspan=\"1\">Marta Moreno<\/td>\n<\/tr>\n<tr style=\"height: 79px;\">\n<td style=\"height: 79px; border-color: #050202; width: 17.5%;\" colspan=\"1\" rowspan=\"1\"><span style=\"background-color: #ffff99;\"><strong>Vetlladora<\/strong><\/span><\/td>\n<td style=\"height: 79px; border-color: #050202; width: 36.3333%;\" colspan=\"2\" rowspan=\"1\">M\u00edriam Alonso<\/td>\n<td style=\"height: 79px; border-color: #050202; width: 8.08333%;\" colspan=\"1\" rowspan=\"1\"><span style=\"background-color: #ffff99;\"><strong>ANGL\u00c8S<\/strong><\/span><\/td>\n<td style=\"height: 79px; border-color: #050202; width: 36.5%;\" colspan=\"2\" rowspan=\"1\">Noem\u00ed Serrano<\/td>\n<\/tr>\n<tr style=\"height: 79px;\">\n<td style=\"height: 79px; border-color: #050202; width: 17.5%;\" colspan=\"1\" rowspan=\"1\"><span style=\"background-color: #ffff99;\"><strong>Educadora EE<\/strong><\/span><\/td>\n<td style=\"height: 79px; border-color: #050202; width: 36.3333%;\" colspan=\"2\" rowspan=\"1\">Cristina Rubio<\/td>\n<td style=\"height: 79px; border-color: #050202; width: 8.08333%;\" colspan=\"1\" rowspan=\"1\"><span style=\"background-color: #ffff99;\"><strong>Auxiliar<\/strong><\/span><\/td>\n<td style=\"height: 79px; border-color: #050202; width: 36.5%;\" colspan=\"2\" rowspan=\"1\">Bea Montenegro<\/td>\n<\/tr>\n<\/tbody>\n<\/table>\n<\/div>\n<div>\u00a0<\/div>\n<p><span style=\"background-color: #ccffff;\"><strong>Equip directiu<\/strong><\/span><\/p>\n<p>Directora &#8211; Asun Gazulla<\/p>\n<p>Cap d\u2019Estudis &#8211; Albert Mu\u00f1iz<\/p>\n<p>Secret\u00e0ria &#8211; Marta Moreno<\/p>\n<p>Administraci\u00f3 &#8211; Esther Paredes<\/p>\n\n\n<p><\/p>\n","protected":false},"excerpt":{"rendered":"<p>2025-2026 \u00a0 Tutora\u00a0\u00a0 Monitora Espai Migdia \u00a0 Tutora\u00a0\u00a0 Monitora Espai Migdia I3A Montse D\u00edaz Silvia I3B S\u00f2nia Cabello Anabel I4A Patri Gonz\u00e1lez Juani I4B Sandra Ivern Yolanda I5A Anna Bonet Teresa I5B Laura Moragues Marisa SUPORT INFANTIL Alba Arroyo \u00a0 EE Meritxell Ciruela \u00a0 TEIN Carol Gonz\u00e1lez \u00a0 \u00a0 \u00a0 \u00a0 1rA Maite Pina Araceli [&hellip;]<\/p>\n","protected":false},"author":1,"featured_media":0,"parent":22,"menu_order":40,"comment_status":"closed","ping_status":"closed","template":"page-templates\/side-menu.php","meta":{"_bbp_topic_count":0,"_bbp_reply_count":0,"_bbp_total_topic_count":0,"_bbp_total_reply_count":0,"_bbp_voice_count":0,"_bbp_anonymous_reply_count":0,"_bbp_topic_count_hidden":0,"_bbp_reply_count_hidden":0,"_bbp_forum_subforum_count":0,"site-sidebar-layout":"default","site-content-layout":"","ast-site-content-layout":"default","site-content-style":"default","site-sidebar-style":"default","ast-global-header-display":"","ast-banner-title-visibility":"","ast-main-header-display":"","ast-hfb-above-header-display":"","ast-hfb-below-header-display":"","ast-hfb-mobile-header-display":"","site-post-title":"","ast-breadcrumbs-content":"","ast-featured-img":"","footer-sml-layout":"","theme-transparent-header-meta":"","adv-header-id-meta":"","stick-header-meta":"","header-above-stick-meta":"","header-main-stick-meta":"","header-below-stick-meta":"","astra-migrate-meta-layouts":"set","ast-page-background-enabled":"default","ast-page-background-meta":{"desktop":{"background-color":"var(--ast-global-color-4)","background-image":"","background-repeat":"repeat","background-position":"center center","background-size":"auto","background-attachment":"scroll","background-type":"","background-media":"","overlay-type":"","overlay-color":"","overlay-opacity":"","overlay-gradient":""},"tablet":{"background-color":"","background-image":"","background-repeat":"repeat","background-position":"center center","background-size":"auto","background-attachment":"scroll","background-type":"","background-media":"","overlay-type":"","overlay-color":"","overlay-opacity":"","overlay-gradient":""},"mobile":{"background-color":"","background-image":"","background-repeat":"repeat","background-position":"center center","background-size":"auto","background-attachment":"scroll","background-type":"","background-media":"","overlay-type":"","overlay-color":"","overlay-opacity":"","overlay-gradient":""}},"ast-content-background-meta":{"desktop":{"background-color":"var(--ast-global-color-5)","background-image":"","background-repeat":"repeat","background-position":"center center","background-size":"auto","background-attachment":"scroll","background-type":"","background-media":"","overlay-type":"","overlay-color":"","overlay-opacity":"","overlay-gradient":""},"tablet":{"background-color":"var(--ast-global-color-5)","background-image":"","background-repeat":"repeat","background-position":"center center","background-size":"auto","background-attachment":"scroll","background-type":"","background-media":"","overlay-type":"","overlay-color":"","overlay-opacity":"","overlay-gradient":""},"mobile":{"background-color":"var(--ast-global-color-5)","background-image":"","background-repeat":"repeat","background-position":"center center","background-size":"auto","background-attachment":"scroll","background-type":"","background-media":"","overlay-type":"","overlay-color":"","overlay-opacity":"","overlay-gradient":""}},"footnotes":""},"class_list":["post-30","page","type-page","status-publish","hentry"],"post_mailing_queue_ids":[],"_links":{"self":[{"href":"https:\/\/agora.xtec.cat\/ceip-benviure\/wp-json\/wp\/v2\/pages\/30","targetHints":{"allow":["GET"]}}],"collection":[{"href":"https:\/\/agora.xtec.cat\/ceip-benviure\/wp-json\/wp\/v2\/pages"}],"about":[{"href":"https:\/\/agora.xtec.cat\/ceip-benviure\/wp-json\/wp\/v2\/types\/page"}],"author":[{"embeddable":true,"href":"https:\/\/agora.xtec.cat\/ceip-benviure\/wp-json\/wp\/v2\/users\/1"}],"replies":[{"embeddable":true,"href":"https:\/\/agora.xtec.cat\/ceip-benviure\/wp-json\/wp\/v2\/comments?post=30"}],"version-history":[{"count":6,"href":"https:\/\/agora.xtec.cat\/ceip-benviure\/wp-json\/wp\/v2\/pages\/30\/revisions"}],"predecessor-version":[{"id":7878,"href":"https:\/\/agora.xtec.cat\/ceip-benviure\/wp-json\/wp\/v2\/pages\/30\/revisions\/7878"}],"up":[{"embeddable":true,"href":"https:\/\/agora.xtec.cat\/ceip-benviure\/wp-json\/wp\/v2\/pages\/22"}],"wp:attachment":[{"href":"https:\/\/agora.xtec.cat\/ceip-benviure\/wp-json\/wp\/v2\/media?parent=30"}],"curies":[{"name":"wp","href":"https:\/\/api.w.org\/{rel}","templated":true}]}}