{"id":28,"date":"2014-09-18T12:29:35","date_gmt":"2014-09-18T11:29:35","guid":{"rendered":"http:\/\/agora.xtec.cat\/ceip-benviure\/?page_id=28"},"modified":"2026-01-16T12:07:24","modified_gmt":"2026-01-16T11:07:24","slug":"consell-escolar","status":"publish","type":"page","link":"https:\/\/agora.xtec.cat\/ceip-benviure\/lescola\/consell-escolar\/","title":{"rendered":"Consell escolar"},"content":{"rendered":"<p style=\"text-align: center;\"><strong><span style=\"background-color: #ffcc99;\">COMPOSICI\u00d3 DEL CONSELL ESCOLAR<\/span>\u00a0<\/strong><\/p>\n<p style=\"text-align: center;\"><span style=\"background-color: #ccffcc;\">EQUIP DIRECTIU<\/span><\/p>\n<p style=\"text-align: center;\">DIRECTORA\u00a0\u00a0\u00a0\u00a0 Asunci\u00f3n Gazulla<\/p>\n<p style=\"text-align: center;\">CAP D&#8217;ESTUDIS\u00a0\u00a0 Albert\u00a0 Mu\u00f1iz<\/p>\n<p style=\"text-align: center;\">SECRETARIA Marta Moreno<\/p>\n<p style=\"text-align: center;\"><span style=\"background-color: #ccffcc;\">REPRESENTANT DE L&#8217;AJUNTAMENT<\/span><\/p>\n<p style=\"text-align: center;\">Andr\u00e9s Suanes<\/p>\n<p style=\"text-align: center;\"><span style=\"background-color: #ccffcc;\">REPRESENTANTS DEL PROFESSORAT<\/span><\/p>\n<p style=\"text-align: center;\">Albert Salgado<\/p>\n<p style=\"text-align: center;\">Quim L\u00f3pez<\/p>\n<p style=\"text-align: center;\">Sonia Cabello Matilla<\/p>\n<p style=\"text-align: center;\">Laura Moragues<\/p>\n<p style=\"text-align: center;\">Rub\u00e9n Moreno Muro<\/p>\n<p style=\"text-align: center;\">Sara Garc\u00eda<\/p>\n<p style=\"text-align: center;\"><span style=\"background-color: #ccffcc;\">REPRESENTANTS DE LES FAM\u00cdLIES<\/span><\/p>\n<p style=\"text-align: center;\">Irene Casado<\/p>\n<p style=\"text-align: center;\">Raquel Escol\u00e0<\/p>\n<p style=\"text-align: center;\">Victor Miguel<\/p>\n<p style=\"text-align: center;\">H\u00e9ctor Lima Sande<\/p>\n<p style=\"text-align: center;\">Maria Jes\u00fas Mart\u00ednez Mart\u00ednez<\/p>\n<p style=\"text-align: center;\"><span style=\"background-color: #ccffcc;\">REPRESENTANT DE L&#8217;AFA<\/span><\/p>\n<p style=\"text-align: center;\">Eva Vendrell Sarroca<\/p>\n<p style=\"text-align: center;\"><span style=\"background-color: #ccffcc;\">REPRESENTANT PAS<\/span><\/p>\n<p style=\"text-align: center;\">Roser Riba<\/p>\n<p style=\"text-align: center;\"><span style=\"background-color: #ccffcc;\">REPRESENTANT DEL PAE<\/span><\/p>\n<p style=\"text-align: center;\">Carolina Gonz\u00e1lez<\/p>\n<p style=\"text-align: center;\">\n","protected":false},"excerpt":{"rendered":"<p>COMPOSICI\u00d3 DEL CONSELL ESCOLAR\u00a0 EQUIP DIRECTIU DIRECTORA\u00a0\u00a0\u00a0\u00a0 Asunci\u00f3n Gazulla CAP D&#8217;ESTUDIS\u00a0\u00a0 Albert\u00a0 Mu\u00f1iz SECRETARIA Marta Moreno REPRESENTANT DE L&#8217;AJUNTAMENT Andr\u00e9s Suanes REPRESENTANTS DEL PROFESSORAT Albert Salgado Quim L\u00f3pez Sonia Cabello Matilla Laura Moragues Rub\u00e9n Moreno Muro Sara Garc\u00eda REPRESENTANTS DE LES FAM\u00cdLIES Irene Casado Raquel Escol\u00e0 Victor Miguel H\u00e9ctor Lima Sande Maria Jes\u00fas Mart\u00ednez Mart\u00ednez [&hellip;]<\/p>\n","protected":false},"author":1,"featured_media":0,"parent":22,"menu_order":30,"comment_status":"closed","ping_status":"closed","template":"page-templates\/side-menu.php","meta":{"_bbp_topic_count":0,"_bbp_reply_count":0,"_bbp_total_topic_count":0,"_bbp_total_reply_count":0,"_bbp_voice_count":0,"_bbp_anonymous_reply_count":0,"_bbp_topic_count_hidden":0,"_bbp_reply_count_hidden":0,"_bbp_forum_subforum_count":0,"site-sidebar-layout":"default","site-content-layout":"","ast-site-content-layout":"default","site-content-style":"default","site-sidebar-style":"default","ast-global-header-display":"","ast-banner-title-visibility":"","ast-main-header-display":"","ast-hfb-above-header-display":"","ast-hfb-below-header-display":"","ast-hfb-mobile-header-display":"","site-post-title":"","ast-breadcrumbs-content":"","ast-featured-img":"","footer-sml-layout":"","theme-transparent-header-meta":"","adv-header-id-meta":"","stick-header-meta":"","header-above-stick-meta":"","header-main-stick-meta":"","header-below-stick-meta":"","astra-migrate-meta-layouts":"set","ast-page-background-enabled":"default","ast-page-background-meta":{"desktop":{"background-color":"var(--ast-global-color-4)","background-image":"","background-repeat":"repeat","background-position":"center center","background-size":"auto","background-attachment":"scroll","background-type":"","background-media":"","overlay-type":"","overlay-color":"","overlay-opacity":"","overlay-gradient":""},"tablet":{"background-color":"","background-image":"","background-repeat":"repeat","background-position":"center center","background-size":"auto","background-attachment":"scroll","background-type":"","background-media":"","overlay-type":"","overlay-color":"","overlay-opacity":"","overlay-gradient":""},"mobile":{"background-color":"","background-image":"","background-repeat":"repeat","background-position":"center center","background-size":"auto","background-attachment":"scroll","background-type":"","background-media":"","overlay-type":"","overlay-color":"","overlay-opacity":"","overlay-gradient":""}},"ast-content-background-meta":{"desktop":{"background-color":"var(--ast-global-color-5)","background-image":"","background-repeat":"repeat","background-position":"center center","background-size":"auto","background-attachment":"scroll","background-type":"","background-media":"","overlay-type":"","overlay-color":"","overlay-opacity":"","overlay-gradient":""},"tablet":{"background-color":"var(--ast-global-color-5)","background-image":"","background-repeat":"repeat","background-position":"center center","background-size":"auto","background-attachment":"scroll","background-type":"","background-media":"","overlay-type":"","overlay-color":"","overlay-opacity":"","overlay-gradient":""},"mobile":{"background-color":"var(--ast-global-color-5)","background-image":"","background-repeat":"repeat","background-position":"center center","background-size":"auto","background-attachment":"scroll","background-type":"","background-media":"","overlay-type":"","overlay-color":"","overlay-opacity":"","overlay-gradient":""}},"footnotes":""},"class_list":["post-28","page","type-page","status-publish","hentry"],"post_mailing_queue_ids":[],"_links":{"self":[{"href":"https:\/\/agora.xtec.cat\/ceip-benviure\/wp-json\/wp\/v2\/pages\/28","targetHints":{"allow":["GET"]}}],"collection":[{"href":"https:\/\/agora.xtec.cat\/ceip-benviure\/wp-json\/wp\/v2\/pages"}],"about":[{"href":"https:\/\/agora.xtec.cat\/ceip-benviure\/wp-json\/wp\/v2\/types\/page"}],"author":[{"embeddable":true,"href":"https:\/\/agora.xtec.cat\/ceip-benviure\/wp-json\/wp\/v2\/users\/1"}],"replies":[{"embeddable":true,"href":"https:\/\/agora.xtec.cat\/ceip-benviure\/wp-json\/wp\/v2\/comments?post=28"}],"version-history":[{"count":6,"href":"https:\/\/agora.xtec.cat\/ceip-benviure\/wp-json\/wp\/v2\/pages\/28\/revisions"}],"predecessor-version":[{"id":7657,"href":"https:\/\/agora.xtec.cat\/ceip-benviure\/wp-json\/wp\/v2\/pages\/28\/revisions\/7657"}],"up":[{"embeddable":true,"href":"https:\/\/agora.xtec.cat\/ceip-benviure\/wp-json\/wp\/v2\/pages\/22"}],"wp:attachment":[{"href":"https:\/\/agora.xtec.cat\/ceip-benviure\/wp-json\/wp\/v2\/media?parent=28"}],"curies":[{"name":"wp","href":"https:\/\/api.w.org\/{rel}","templated":true}]}}