{"id":315,"date":"2015-11-06T10:07:49","date_gmt":"2015-11-06T09:07:49","guid":{"rendered":"http:\/\/agora.xtec.cat\/ceip-bellaterra\/?page_id=315"},"modified":"2026-03-05T18:06:24","modified_gmt":"2026-03-05T17:06:24","slug":"documents-preinscripcio","status":"publish","type":"page","link":"https:\/\/agora.xtec.cat\/ceip-bellaterra\/documentacio-administrativa\/documents-preinscripcio\/","title":{"rendered":"PREINSCRIPCI\u00d3"},"content":{"rendered":"<h1 style=\"text-align: center;\"><a href=\"https:\/\/preinscripcio.gencat.cat\/ca\/detalls\/noticia\/dates-preinscripcio-2026-2027\"><span style=\"color: #993300;\">CURS 2026 2027<\/span><\/a><\/h1>\n<p>Clicant a la seg\u00fcent imatge se us rederigir\u00e0 a un document on trobareu tota la informaci\u00f3 necess\u00e0ria per a la preinscripci\u00f3. A l&#8217;etiqueta &#8220;OFERTA INICIAL&#8221; podreu observar les places ofertades a l&#8217;escola per al curs 2026-2027.<br \/>\n<a href=\"https:\/\/www.canva.com\/design\/DAHDF0vwLnE\/mI-CaRhgzc8b1SSE-GD23w\/view?utm_content=DAHDF0vwLnE&amp;utm_campaign=designshare&amp;utm_medium=link2&amp;utm_source=uniquelinks&amp;utlId=h4e6786cb6c\"><br \/>\n<img loading=\"lazy\" decoding=\"async\" class=\"wp-image-18832 aligncenter\" src=\"https:\/\/agora.xtec.cat\/ceip-bellaterra\/wp-content\/uploads\/usu396\/2026\/03\/Captura-de-pantalla-2026-03-05-a-las-18.03.44-300x248.png\" alt=\"\" width=\"751\" height=\"621\" srcset=\"https:\/\/agora.xtec.cat\/ceip-bellaterra\/wp-content\/uploads\/usu396\/2026\/03\/Captura-de-pantalla-2026-03-05-a-las-18.03.44-300x248.png 300w, https:\/\/agora.xtec.cat\/ceip-bellaterra\/wp-content\/uploads\/usu396\/2026\/03\/Captura-de-pantalla-2026-03-05-a-las-18.03.44.png 671w\" sizes=\"auto, (max-width: 751px) 100vw, 751px\" \/><\/a><\/p>\n<p>&nbsp;<\/p>\n<p>&nbsp;<\/p>\n<p>&nbsp;<\/p>\n<p>&nbsp;<\/p>\n<p>&nbsp;<\/p>\n<p>&nbsp;<\/p>\n<p>&nbsp;<\/p>\n<p>&nbsp;<\/p>\n<p>&nbsp;<\/p>\n<p>&nbsp;<\/p>\n<p>&nbsp;<\/p>\n<p>&nbsp;<\/p>\n<p>&nbsp;<\/p>\n<p>&nbsp;<\/p>\n<p>&nbsp;<\/p>\n<p>&nbsp;<\/p>\n<p>&nbsp;<\/p>\n<p>&nbsp;<\/p>\n<p>&nbsp;<\/p>\n<h4><\/h4>\n<p>&nbsp;<\/p>\n<p>&nbsp;<\/p>\n<p>&nbsp;<\/p>\n<p>&nbsp;<\/p>\n<p>&nbsp;<\/p>\n<p>&nbsp;<\/p>\n<p>&nbsp;<\/p>\n<p>&nbsp;<\/p>\n<p>&nbsp;<\/p>\n<p>&nbsp;<\/p>\n<p>&nbsp;<\/p>\n<p>&nbsp;<\/p>\n<p>&nbsp;<\/p>\n<p>&nbsp;<\/p>\n<p>&nbsp;<\/p>\n<p>&nbsp;<\/p>\n<p>&nbsp;<\/p>\n<p>&nbsp;<\/p>\n<p>&nbsp;<\/p>\n<p>&nbsp;<\/p>\n<p>&nbsp;<\/p>\n<p>&nbsp;<\/p>\n<p>&nbsp;<\/p>\n<p>&nbsp;<\/p>\n<p>&nbsp;<\/p>\n<p>&nbsp;<\/p>\n<p>&nbsp;<\/p>\n<p>&nbsp;<\/p>\n<p>&nbsp;<\/p>\n<p>&nbsp;<\/p>\n<p>&nbsp;<\/p>\n<p>&nbsp;<\/p>\n<p>&nbsp;<\/p>\n<p>&nbsp;<\/p>\n<p>&nbsp;<\/p>\n<p>&nbsp;<\/p>\n<h2><\/h2>\n<p>&nbsp;<\/p>\n<p>&nbsp;<\/p>\n<p>&nbsp;<\/p>\n<p>&nbsp;<\/p>\n<p>&nbsp;<\/p>\n<p>&nbsp;<\/p>\n<p>&nbsp;<\/p>\n<p>&nbsp;<\/p>\n<p>&nbsp;<\/p>\n<p>&nbsp;<\/p>\n<p>&nbsp;<\/p>\n<p>&nbsp;<\/p>\n<p>&nbsp;<\/p>\n<p>&nbsp;<\/p>\n<p>&nbsp;<\/p>\n<p>&nbsp;<\/p>\n<h2><\/h2>\n<h3 style=\"text-align: center;\"><\/h3>\n<h3><\/h3>\n<h3><\/h3>\n<h3><\/h3>\n<h3 style=\"text-align: left;\"><\/h3>\n<p>&nbsp;<\/p>\n<p>&nbsp;<\/p>\n<p>&nbsp;<\/p>\n<div class=\"row\">\n<h5 style=\"text-align: center;\"><\/h5>\n<\/div>\n","protected":false},"excerpt":{"rendered":"<p>CURS 2026 2027 Clicant a la seg\u00fcent imatge se us rederigir\u00e0 a un document on trobareu tota la informaci\u00f3 necess\u00e0ria per a la preinscripci\u00f3. A l&#8217;etiqueta &#8220;OFERTA INICIAL&#8221; podreu observar les places ofertades a l&#8217;escola per al curs 2026-2027. &nbsp; &nbsp; &nbsp; &nbsp; &nbsp; &nbsp; &nbsp; &nbsp; &nbsp; &nbsp; &nbsp; &nbsp; &nbsp; &nbsp; &nbsp; &nbsp; [&hellip;]<\/p>\n","protected":false},"author":1,"featured_media":0,"parent":307,"menu_order":0,"comment_status":"closed","ping_status":"closed","template":"","meta":{"_bbp_topic_count":0,"_bbp_reply_count":0,"_bbp_total_topic_count":0,"_bbp_total_reply_count":0,"_bbp_voice_count":0,"_bbp_anonymous_reply_count":0,"_bbp_topic_count_hidden":0,"_bbp_reply_count_hidden":0,"_bbp_forum_subforum_count":0,"site-sidebar-layout":"default","site-content-layout":"","ast-site-content-layout":"","site-content-style":"default","site-sidebar-style":"default","ast-global-header-display":"","ast-banner-title-visibility":"","ast-main-header-display":"","ast-hfb-above-header-display":"","ast-hfb-below-header-display":"","ast-hfb-mobile-header-display":"","site-post-title":"","ast-breadcrumbs-content":"","ast-featured-img":"","footer-sml-layout":"","theme-transparent-header-meta":"","adv-header-id-meta":"","stick-header-meta":"","header-above-stick-meta":"","header-main-stick-meta":"","header-below-stick-meta":"","astra-migrate-meta-layouts":"default","ast-page-background-enabled":"default","ast-page-background-meta":{"desktop":{"background-color":"var(--ast-global-color-4)","background-image":"","background-repeat":"repeat","background-position":"center center","background-size":"auto","background-attachment":"scroll","background-type":"","background-media":"","overlay-type":"","overlay-color":"","overlay-opacity":"","overlay-gradient":""},"tablet":{"background-color":"","background-image":"","background-repeat":"repeat","background-position":"center center","background-size":"auto","background-attachment":"scroll","background-type":"","background-media":"","overlay-type":"","overlay-color":"","overlay-opacity":"","overlay-gradient":""},"mobile":{"background-color":"","background-image":"","background-repeat":"repeat","background-position":"center center","background-size":"auto","background-attachment":"scroll","background-type":"","background-media":"","overlay-type":"","overlay-color":"","overlay-opacity":"","overlay-gradient":""}},"ast-content-background-meta":{"desktop":{"background-color":"var(--ast-global-color-5)","background-image":"","background-repeat":"repeat","background-position":"center center","background-size":"auto","background-attachment":"scroll","background-type":"","background-media":"","overlay-type":"","overlay-color":"","overlay-opacity":"","overlay-gradient":""},"tablet":{"background-color":"var(--ast-global-color-5)","background-image":"","background-repeat":"repeat","background-position":"center center","background-size":"auto","background-attachment":"scroll","background-type":"","background-media":"","overlay-type":"","overlay-color":"","overlay-opacity":"","overlay-gradient":""},"mobile":{"background-color":"var(--ast-global-color-5)","background-image":"","background-repeat":"repeat","background-position":"center center","background-size":"auto","background-attachment":"scroll","background-type":"","background-media":"","overlay-type":"","overlay-color":"","overlay-opacity":"","overlay-gradient":""}},"footnotes":""},"class_list":["post-315","page","type-page","status-publish","hentry"],"post_mailing_queue_ids":[],"_links":{"self":[{"href":"https:\/\/agora.xtec.cat\/ceip-bellaterra\/wp-json\/wp\/v2\/pages\/315","targetHints":{"allow":["GET"]}}],"collection":[{"href":"https:\/\/agora.xtec.cat\/ceip-bellaterra\/wp-json\/wp\/v2\/pages"}],"about":[{"href":"https:\/\/agora.xtec.cat\/ceip-bellaterra\/wp-json\/wp\/v2\/types\/page"}],"author":[{"embeddable":true,"href":"https:\/\/agora.xtec.cat\/ceip-bellaterra\/wp-json\/wp\/v2\/users\/1"}],"replies":[{"embeddable":true,"href":"https:\/\/agora.xtec.cat\/ceip-bellaterra\/wp-json\/wp\/v2\/comments?post=315"}],"version-history":[{"count":6,"href":"https:\/\/agora.xtec.cat\/ceip-bellaterra\/wp-json\/wp\/v2\/pages\/315\/revisions"}],"predecessor-version":[{"id":18834,"href":"https:\/\/agora.xtec.cat\/ceip-bellaterra\/wp-json\/wp\/v2\/pages\/315\/revisions\/18834"}],"up":[{"embeddable":true,"href":"https:\/\/agora.xtec.cat\/ceip-bellaterra\/wp-json\/wp\/v2\/pages\/307"}],"wp:attachment":[{"href":"https:\/\/agora.xtec.cat\/ceip-bellaterra\/wp-json\/wp\/v2\/media?parent=315"}],"curies":[{"name":"wp","href":"https:\/\/api.w.org\/{rel}","templated":true}]}}