{"id":30,"date":"2014-09-18T12:30:23","date_gmt":"2014-09-18T12:30:23","guid":{"rendered":"http:\/\/agora.xtec.cat\/ceip-bellaterra\/?page_id=30"},"modified":"2026-03-05T19:55:47","modified_gmt":"2026-03-05T18:55:47","slug":"instal%c2%b7lacions","status":"publish","type":"page","link":"https:\/\/agora.xtec.cat\/ceip-bellaterra\/lescola\/historia\/instal%c2%b7lacions\/","title":{"rendered":"Equip de centre"},"content":{"rendered":"\n<p><strong>EQUIP DIRECTIU<\/strong><\/p>\n\n\n\n<figure class=\"wp-block-table alignwide\"><table class=\"has-white-color has-ast-global-color-0-background-color has-text-color has-background has-link-color has-fixed-layout\"><tbody><tr><td class=\"has-text-align-center\" data-align=\"center\">Directora<\/td><td class=\"has-text-align-center\" data-align=\"center\">Anna Garcia<\/td><\/tr><tr><td class=\"has-text-align-center\" data-align=\"center\">Cap d&#8217;estudis<\/td><td class=\"has-text-align-center\" data-align=\"center\">Anna Fern\u00e0ndez<\/td><\/tr><tr><td class=\"has-text-align-center\" data-align=\"center\">Secret\u00e0ria<\/td><td class=\"has-text-align-center\" data-align=\"center\">Beatriu Rodr\u00edguez<\/td><\/tr><\/tbody><\/table><\/figure>\n\n\n\n<p><strong>EDUCACI\u00d3 INFANTIL<\/strong><\/p>\n\n\n\n<figure class=\"wp-block-table alignwide\"><table class=\"has-white-color has-ast-global-color-0-background-color has-text-color has-background has-link-color has-fixed-layout\"><tbody><tr><td class=\"has-text-align-center\" data-align=\"center\">EI3 A<\/td><td class=\"has-text-align-center\" data-align=\"center\">Aloma Valladares<\/td><\/tr><tr><td class=\"has-text-align-center\" data-align=\"center\">EI3 B<\/td><td class=\"has-text-align-center\" data-align=\"center\">Berta P\u00e9rez<\/td><\/tr><tr><td class=\"has-text-align-center\" data-align=\"center\">EI4 A<\/td><td class=\"has-text-align-center\" data-align=\"center\">Anna Gonz\u00e0lez<\/td><\/tr><tr><td class=\"has-text-align-center\" data-align=\"center\">EI4 B<\/td><td class=\"has-text-align-center\" data-align=\"center\">Mariona Huguet<\/td><\/tr><tr><td class=\"has-text-align-center\" data-align=\"center\">I5 A<\/td><td class=\"has-text-align-center\" data-align=\"center\">Xavier Sanmiquel<\/td><\/tr><tr><td class=\"has-text-align-center\" data-align=\"center\">I5 B<\/td><td class=\"has-text-align-center\" data-align=\"center\">Judith Salanguera<\/td><\/tr><tr><td class=\"has-text-align-center\" data-align=\"center\">TEI<\/td><td class=\"has-text-align-center\" data-align=\"center\">Anna Morales<\/td><\/tr><tr><td class=\"has-text-align-center\" data-align=\"center\">Refor\u00e7os<\/td><td class=\"has-text-align-center\" data-align=\"center\">Maria Mas\u00f3, Laura Cabestany, Beatriu Rodr\u00edguez i Anna Garcia<\/td><\/tr><tr><td class=\"has-text-align-center\" data-align=\"center\">Coordinadors<\/td><td class=\"has-text-align-center\" data-align=\"center\">Maria Mas\u00f3<\/td><\/tr><\/tbody><\/table><\/figure>\n\n\n\n<p><strong>EDUCACI\u00d3 PRIM\u00c0RIA<\/strong><\/p>\n\n\n\n<p><strong>CICLE INICIAL<\/strong><\/p>\n\n\n\n<figure class=\"wp-block-table alignwide\"><table class=\"has-white-color has-ast-global-color-0-background-color has-text-color has-background has-link-color has-fixed-layout\"><tbody><tr><td class=\"has-text-align-center\" data-align=\"center\">1r A<\/td><td class=\"has-text-align-center\" data-align=\"center\">Tamara Tent<\/td><\/tr><tr><td class=\"has-text-align-center\" data-align=\"center\">1r B<\/td><td class=\"has-text-align-center\" data-align=\"center\">Isaac Gim\u00e9nez<\/td><\/tr><tr><td class=\"has-text-align-center\" data-align=\"center\">2n A<\/td><td class=\"has-text-align-center\" data-align=\"center\">Laia Panad\u00e8s<\/td><\/tr><tr><td class=\"has-text-align-center\" data-align=\"center\">2n B<\/td><td class=\"has-text-align-center\" data-align=\"center\">Zaira P\u00e9rez<\/td><\/tr><tr><td class=\"has-text-align-center\" data-align=\"center\">Refor\u00e7os<\/td><td class=\"has-text-align-center\" data-align=\"center\">\u00c0ngels Font<\/td><\/tr><tr><td class=\"has-text-align-center\" data-align=\"center\">Coordinadora<\/td><td class=\"has-text-align-center\" data-align=\"center\">\u00c0ngels Font<\/td><\/tr><\/tbody><\/table><\/figure>\n\n\n\n<p><strong>CICLE MITJ\u00c0<\/strong><\/p>\n\n\n\n<figure class=\"wp-block-table alignwide\"><table class=\"has-white-color has-ast-global-color-0-background-color has-text-color has-background has-link-color has-fixed-layout\"><tbody><tr><td class=\"has-text-align-center\" data-align=\"center\">3r A<\/td><td class=\"has-text-align-center\" data-align=\"center\">Pau Casanova<\/td><\/tr><tr><td class=\"has-text-align-center\" data-align=\"center\">3r B<\/td><td class=\"has-text-align-center\" data-align=\"center\">Mireia Homet<\/td><\/tr><tr><td class=\"has-text-align-center\" data-align=\"center\">4t A<\/td><td class=\"has-text-align-center\" data-align=\"center\">Joana Galdeano<\/td><\/tr><tr><td class=\"has-text-align-center\" data-align=\"center\">4t B<\/td><td class=\"has-text-align-center\" data-align=\"center\">Raquel Foix<\/td><\/tr><tr><td class=\"has-text-align-center\" data-align=\"center\">Refor\u00e7os<\/td><td class=\"has-text-align-center\" data-align=\"center\">Ant\u00f2nia Fern\u00e0ndez, Beatriu Rodr\u00edguez i \u00c0lex Fern\u00e0ndez<\/td><\/tr><tr><td class=\"has-text-align-center\" data-align=\"center\">Coordinadora<\/td><td class=\"has-text-align-center\" data-align=\"center\">Anna Mart\u00edn<\/td><\/tr><\/tbody><\/table><\/figure>\n\n\n\n<p><strong>CICLE SUPERIOR<\/strong><\/p>\n\n\n\n<figure class=\"wp-block-table alignwide\"><table class=\"has-white-color has-ast-global-color-0-background-color has-text-color has-background has-link-color has-fixed-layout\"><tbody><tr><td class=\"has-text-align-center\" data-align=\"center\">5\u00e8 A<\/td><td class=\"has-text-align-center\" data-align=\"center\">Olga Zurita<\/td><\/tr><tr><td class=\"has-text-align-center\" data-align=\"center\">5\u00e8 B<\/td><td class=\"has-text-align-center\" data-align=\"center\">Joana Latorre<\/td><\/tr><tr><td class=\"has-text-align-center\" data-align=\"center\">6\u00e8 A<\/td><td class=\"has-text-align-center\" data-align=\"center\">Aina Obiols<\/td><\/tr><tr><td class=\"has-text-align-center\" data-align=\"center\">6\u00e8 B<\/td><td class=\"has-text-align-center\" data-align=\"center\">Adriana Granero<\/td><\/tr><tr><td class=\"has-text-align-center\" data-align=\"center\">Refor\u00e7os<\/td><td class=\"has-text-align-center\" data-align=\"center\">\u00c0lex Fern\u00e0ndez i Anna Fern\u00e0ndez<\/td><\/tr><tr><td class=\"has-text-align-center\" data-align=\"center\">Coordinadora<\/td><td class=\"has-text-align-center\" data-align=\"center\">Adriana Granero<\/td><\/tr><\/tbody><\/table><\/figure>\n\n\n\n<p><strong>ALTRES COORDINACIONS<\/strong><\/p>\n\n\n\n<figure class=\"wp-block-table alignwide\"><table class=\"has-white-color has-ast-global-color-0-background-color has-text-color has-background has-link-color has-fixed-layout\"><tbody><tr><td class=\"has-text-align-center\" data-align=\"center\">LIC<\/td><td class=\"has-text-align-center\" data-align=\"center\">Anna Mart\u00edn<\/td><\/tr><tr><td class=\"has-text-align-center\" data-align=\"center\">Prevenci\u00f3 i Riscos Laborals<\/td><td class=\"has-text-align-center\" data-align=\"center\">Jennifer Canedo<\/td><\/tr><tr><td class=\"has-text-align-center\" data-align=\"center\">Digital<\/td><td class=\"has-text-align-center\" data-align=\"center\">Dani Mart\u00ednez<\/td><\/tr><tr><td class=\"has-text-align-center\" data-align=\"center\">Conviv\u00e8ncia<\/td><td class=\"has-text-align-center\" data-align=\"center\">\u00c0ngels Font<\/td><\/tr><\/tbody><\/table><\/figure>\n\n\n\n<p><strong>ESPECIALISTES<\/strong><\/p>\n\n\n\n<figure class=\"wp-block-table alignwide\"><table class=\"has-white-color has-ast-global-color-0-background-color has-text-color has-background has-link-color has-fixed-layout\"><tbody><tr><td class=\"has-text-align-center\" data-align=\"center\">Educaci\u00f3 F\u00edsica<\/td><td class=\"has-text-align-center\" data-align=\"center\">\u00c0lex Fern\u00e0ndez<\/td><\/tr><tr><td class=\"has-text-align-center\" data-align=\"center\">Angl\u00e8s<\/td><td class=\"has-text-align-center\" data-align=\"center\">Andrea S\u00e0nchez, Anna Mart\u00edn i Dani Mart\u00ednez<\/td><\/tr><tr><td class=\"has-text-align-center\" data-align=\"center\">M\u00fasica<\/td><td class=\"has-text-align-center\" data-align=\"center\">Eva Blasco<\/td><\/tr><tr><td class=\"has-text-align-center\" data-align=\"center\">Dansa<\/td><td class=\"has-text-align-center\" data-align=\"center\">Jordi Rubio<\/td><\/tr><tr><td class=\"has-text-align-center\" data-align=\"center\">Hort<\/td><td class=\"has-text-align-center\" data-align=\"center\">\u00c0ngels Font<\/td><\/tr><\/tbody><\/table><\/figure>\n\n\n\n<p><strong>ALTRES<\/strong><\/p>\n\n\n\n<figure class=\"wp-block-table alignwide\"><table class=\"has-white-color has-ast-global-color-0-background-color has-text-color has-background has-link-color has-fixed-layout\"><tbody><tr><td class=\"has-text-align-center\" data-align=\"center\">Atenci\u00f3 a la diversitat<\/td><td class=\"has-text-align-center\" data-align=\"center\">Jennifer Canedo i Ester Mart\u00ednez<\/td><\/tr><tr><td class=\"has-text-align-center\" data-align=\"center\">MALLS<\/td><td class=\"has-text-align-center\" data-align=\"center\">Anabel Ruiz, Anna Palau, Sara Rodr\u00edguez i Laura Jornet<\/td><\/tr><tr><td class=\"has-text-align-center\" data-align=\"center\">Logopedes<\/td><td class=\"has-text-align-center\" data-align=\"center\">Mavi Bello, Noelia Rib\u00f3 i Cristina Saborit<\/td><\/tr><\/tbody><\/table><\/figure>\n\n\n\n<p><strong>ADMINISTRACI\u00d3 I SERVEIS (PAS)<\/strong><\/p>\n\n\n\n<figure class=\"wp-block-table alignwide\"><table class=\"has-white-color has-ast-global-color-0-background-color has-text-color has-background has-link-color has-fixed-layout\"><tbody><tr><td class=\"has-text-align-center\" data-align=\"center\">Administrativa<\/td><td class=\"has-text-align-center\" data-align=\"center\">Cristina Soria<\/td><\/tr><tr><td class=\"has-text-align-center\" data-align=\"center\">Conserge<\/td><td class=\"has-text-align-center\" data-align=\"center\">Dani Hidalgo<\/td><\/tr><tr><td class=\"has-text-align-center\" data-align=\"center\">T\u00e8cnic inform\u00e0tic<\/td><td class=\"has-text-align-center\" data-align=\"center\">Jose Barros<\/td><\/tr><tr><td class=\"has-text-align-center\" data-align=\"center\">Vetlladores<\/td><td class=\"has-text-align-center\" data-align=\"center\">Irma Escobosa i Betzabeth Vallejo<\/td><\/tr><tr><td class=\"has-text-align-center\" data-align=\"center\">Personal de neteja<\/td><td class=\"has-text-align-center\" data-align=\"center\">Vero Garcia, Alicia Lucio, Lupe Arteaga i Carolina Moron Fdz. <\/td><\/tr><\/tbody><\/table><\/figure>\n","protected":false},"excerpt":{"rendered":"<p>EQUIP DIRECTIU Directora Anna Garcia Cap d&#8217;estudis Anna Fern\u00e0ndez Secret\u00e0ria Beatriu Rodr\u00edguez EDUCACI\u00d3 INFANTIL EI3 A Aloma Valladares EI3 B Berta P\u00e9rez EI4 A Anna Gonz\u00e0lez EI4 B Mariona Huguet I5 A Xavier Sanmiquel I5 B Judith Salanguera TEI Anna Morales Refor\u00e7os Maria Mas\u00f3, Laura Cabestany, Beatriu Rodr\u00edguez i Anna Garcia Coordinadors Maria Mas\u00f3 EDUCACI\u00d3 [&hellip;]<\/p>\n","protected":false},"author":2,"featured_media":0,"parent":26,"menu_order":40,"comment_status":"closed","ping_status":"closed","template":"","meta":{"_bbp_topic_count":0,"_bbp_reply_count":0,"_bbp_total_topic_count":0,"_bbp_total_reply_count":0,"_bbp_voice_count":0,"_bbp_anonymous_reply_count":0,"_bbp_topic_count_hidden":0,"_bbp_reply_count_hidden":0,"_bbp_forum_subforum_count":0,"site-sidebar-layout":"default","site-content-layout":"","ast-site-content-layout":"default","site-content-style":"default","site-sidebar-style":"default","ast-global-header-display":"","ast-banner-title-visibility":"","ast-main-header-display":"","ast-hfb-above-header-display":"","ast-hfb-below-header-display":"","ast-hfb-mobile-header-display":"","site-post-title":"","ast-breadcrumbs-content":"","ast-featured-img":"","footer-sml-layout":"","theme-transparent-header-meta":"","adv-header-id-meta":"","stick-header-meta":"","header-above-stick-meta":"","header-main-stick-meta":"","header-below-stick-meta":"","astra-migrate-meta-layouts":"set","ast-page-background-enabled":"default","ast-page-background-meta":{"desktop":{"background-color":"var(--ast-global-color-4)","background-image":"","background-repeat":"repeat","background-position":"center center","background-size":"auto","background-attachment":"scroll","background-type":"","background-media":"","overlay-type":"","overlay-color":"","overlay-opacity":"","overlay-gradient":""},"tablet":{"background-color":"","background-image":"","background-repeat":"repeat","background-position":"center center","background-size":"auto","background-attachment":"scroll","background-type":"","background-media":"","overlay-type":"","overlay-color":"","overlay-opacity":"","overlay-gradient":""},"mobile":{"background-color":"","background-image":"","background-repeat":"repeat","background-position":"center center","background-size":"auto","background-attachment":"scroll","background-type":"","background-media":"","overlay-type":"","overlay-color":"","overlay-opacity":"","overlay-gradient":""}},"ast-content-background-meta":{"desktop":{"background-color":"var(--ast-global-color-5)","background-image":"","background-repeat":"repeat","background-position":"center center","background-size":"auto","background-attachment":"scroll","background-type":"","background-media":"","overlay-type":"","overlay-color":"","overlay-opacity":"","overlay-gradient":""},"tablet":{"background-color":"var(--ast-global-color-5)","background-image":"","background-repeat":"repeat","background-position":"center center","background-size":"auto","background-attachment":"scroll","background-type":"","background-media":"","overlay-type":"","overlay-color":"","overlay-opacity":"","overlay-gradient":""},"mobile":{"background-color":"var(--ast-global-color-5)","background-image":"","background-repeat":"repeat","background-position":"center center","background-size":"auto","background-attachment":"scroll","background-type":"","background-media":"","overlay-type":"","overlay-color":"","overlay-opacity":"","overlay-gradient":""}},"footnotes":""},"class_list":["post-30","page","type-page","status-publish","hentry"],"post_mailing_queue_ids":[],"_links":{"self":[{"href":"https:\/\/agora.xtec.cat\/ceip-bellaterra\/wp-json\/wp\/v2\/pages\/30","targetHints":{"allow":["GET"]}}],"collection":[{"href":"https:\/\/agora.xtec.cat\/ceip-bellaterra\/wp-json\/wp\/v2\/pages"}],"about":[{"href":"https:\/\/agora.xtec.cat\/ceip-bellaterra\/wp-json\/wp\/v2\/types\/page"}],"author":[{"embeddable":true,"href":"https:\/\/agora.xtec.cat\/ceip-bellaterra\/wp-json\/wp\/v2\/users\/2"}],"replies":[{"embeddable":true,"href":"https:\/\/agora.xtec.cat\/ceip-bellaterra\/wp-json\/wp\/v2\/comments?post=30"}],"version-history":[{"count":5,"href":"https:\/\/agora.xtec.cat\/ceip-bellaterra\/wp-json\/wp\/v2\/pages\/30\/revisions"}],"predecessor-version":[{"id":18989,"href":"https:\/\/agora.xtec.cat\/ceip-bellaterra\/wp-json\/wp\/v2\/pages\/30\/revisions\/18989"}],"up":[{"embeddable":true,"href":"https:\/\/agora.xtec.cat\/ceip-bellaterra\/wp-json\/wp\/v2\/pages\/26"}],"wp:attachment":[{"href":"https:\/\/agora.xtec.cat\/ceip-bellaterra\/wp-json\/wp\/v2\/media?parent=30"}],"curies":[{"name":"wp","href":"https:\/\/api.w.org\/{rel}","templated":true}]}}