{"id":28,"date":"2014-09-18T12:29:35","date_gmt":"2014-09-18T12:29:35","guid":{"rendered":"http:\/\/agora.xtec.cat\/ceip-bellaterra\/?page_id=28"},"modified":"2026-03-06T12:10:44","modified_gmt":"2026-03-06T11:10:44","slug":"consell-escolar","status":"publish","type":"page","link":"https:\/\/agora.xtec.cat\/ceip-bellaterra\/lescola\/historia\/consell-escolar\/","title":{"rendered":"Consell escolar"},"content":{"rendered":"<p><strong>REPRESENTANTS CONSELL ESCOLAR 2025-2026<\/strong><\/p>\n<p>Directora: Anna Garc\u00eda<br \/>\nCap d&#8217;estudis: Anna Fern\u00e1ndez<br \/>\nSecret\u00e0ria: Beatriu Rodr\u00edguez<\/p>\n<p><strong>REPRESENTANTS DELS MESTRES:<\/strong><\/p>\n<p>\u00c0ngels Font, Maria Mas\u00f3, Anna Martin, Adriana Granero, Dani Mart\u00ednez, Annabel Ru\u00edz<\/p>\n<p><strong>REPRESENTANTS DE LES FAM\u00cdLIES:<\/strong><\/p>\n<p>Aina Andreu, Joana Pujadas, Maribel C\u00e1rdenas, Unai Zubiri, Pisu Fiter i N\u00faria Marzo<\/p>\n<p><strong>REPRESENTANTS PAS<\/strong><\/p>\n<p>Cristina Soria<\/p>\n<p><strong>REPRESENTANT AJUNTAMENT<\/strong><\/p>\n<p>Sara Colorado<\/p>\n","protected":false},"excerpt":{"rendered":"<p>REPRESENTANTS CONSELL ESCOLAR 2025-2026 Directora: Anna Garc\u00eda Cap d&#8217;estudis: Anna Fern\u00e1ndez Secret\u00e0ria: Beatriu Rodr\u00edguez REPRESENTANTS DELS MESTRES: \u00c0ngels Font, Maria Mas\u00f3, Anna Martin, Adriana Granero, Dani Mart\u00ednez, Annabel Ru\u00edz REPRESENTANTS DE LES FAM\u00cdLIES: Aina Andreu, Joana Pujadas, Maribel C\u00e1rdenas, Unai Zubiri, Pisu Fiter i N\u00faria Marzo REPRESENTANTS PAS Cristina Soria REPRESENTANT AJUNTAMENT Sara Colorado<\/p>\n","protected":false},"author":2,"featured_media":0,"parent":26,"menu_order":30,"comment_status":"closed","ping_status":"closed","template":"","meta":{"_bbp_topic_count":0,"_bbp_reply_count":0,"_bbp_total_topic_count":0,"_bbp_total_reply_count":0,"_bbp_voice_count":0,"_bbp_anonymous_reply_count":0,"_bbp_topic_count_hidden":0,"_bbp_reply_count_hidden":0,"_bbp_forum_subforum_count":0,"site-sidebar-layout":"default","site-content-layout":"","ast-site-content-layout":"default","site-content-style":"default","site-sidebar-style":"default","ast-global-header-display":"","ast-banner-title-visibility":"","ast-main-header-display":"","ast-hfb-above-header-display":"","ast-hfb-below-header-display":"","ast-hfb-mobile-header-display":"","site-post-title":"","ast-breadcrumbs-content":"","ast-featured-img":"","footer-sml-layout":"","theme-transparent-header-meta":"","adv-header-id-meta":"","stick-header-meta":"","header-above-stick-meta":"","header-main-stick-meta":"","header-below-stick-meta":"","astra-migrate-meta-layouts":"set","ast-page-background-enabled":"default","ast-page-background-meta":{"desktop":{"background-color":"var(--ast-global-color-4)","background-image":"","background-repeat":"repeat","background-position":"center center","background-size":"auto","background-attachment":"scroll","background-type":"","background-media":"","overlay-type":"","overlay-color":"","overlay-opacity":"","overlay-gradient":""},"tablet":{"background-color":"","background-image":"","background-repeat":"repeat","background-position":"center center","background-size":"auto","background-attachment":"scroll","background-type":"","background-media":"","overlay-type":"","overlay-color":"","overlay-opacity":"","overlay-gradient":""},"mobile":{"background-color":"","background-image":"","background-repeat":"repeat","background-position":"center center","background-size":"auto","background-attachment":"scroll","background-type":"","background-media":"","overlay-type":"","overlay-color":"","overlay-opacity":"","overlay-gradient":""}},"ast-content-background-meta":{"desktop":{"background-color":"var(--ast-global-color-5)","background-image":"","background-repeat":"repeat","background-position":"center center","background-size":"auto","background-attachment":"scroll","background-type":"","background-media":"","overlay-type":"","overlay-color":"","overlay-opacity":"","overlay-gradient":""},"tablet":{"background-color":"var(--ast-global-color-5)","background-image":"","background-repeat":"repeat","background-position":"center center","background-size":"auto","background-attachment":"scroll","background-type":"","background-media":"","overlay-type":"","overlay-color":"","overlay-opacity":"","overlay-gradient":""},"mobile":{"background-color":"var(--ast-global-color-5)","background-image":"","background-repeat":"repeat","background-position":"center center","background-size":"auto","background-attachment":"scroll","background-type":"","background-media":"","overlay-type":"","overlay-color":"","overlay-opacity":"","overlay-gradient":""}},"footnotes":""},"class_list":["post-28","page","type-page","status-publish","hentry"],"post_mailing_queue_ids":[],"_links":{"self":[{"href":"https:\/\/agora.xtec.cat\/ceip-bellaterra\/wp-json\/wp\/v2\/pages\/28","targetHints":{"allow":["GET"]}}],"collection":[{"href":"https:\/\/agora.xtec.cat\/ceip-bellaterra\/wp-json\/wp\/v2\/pages"}],"about":[{"href":"https:\/\/agora.xtec.cat\/ceip-bellaterra\/wp-json\/wp\/v2\/types\/page"}],"author":[{"embeddable":true,"href":"https:\/\/agora.xtec.cat\/ceip-bellaterra\/wp-json\/wp\/v2\/users\/2"}],"replies":[{"embeddable":true,"href":"https:\/\/agora.xtec.cat\/ceip-bellaterra\/wp-json\/wp\/v2\/comments?post=28"}],"version-history":[{"count":6,"href":"https:\/\/agora.xtec.cat\/ceip-bellaterra\/wp-json\/wp\/v2\/pages\/28\/revisions"}],"predecessor-version":[{"id":19003,"href":"https:\/\/agora.xtec.cat\/ceip-bellaterra\/wp-json\/wp\/v2\/pages\/28\/revisions\/19003"}],"up":[{"embeddable":true,"href":"https:\/\/agora.xtec.cat\/ceip-bellaterra\/wp-json\/wp\/v2\/pages\/26"}],"wp:attachment":[{"href":"https:\/\/agora.xtec.cat\/ceip-bellaterra\/wp-json\/wp\/v2\/media?parent=28"}],"curies":[{"name":"wp","href":"https:\/\/api.w.org\/{rel}","templated":true}]}}