{"id":18916,"date":"2026-03-05T18:58:31","date_gmt":"2026-03-05T17:58:31","guid":{"rendered":"https:\/\/agora.xtec.cat\/ceip-bellaterra\/?page_id=18916"},"modified":"2026-03-05T19:10:03","modified_gmt":"2026-03-05T18:10:03","slug":"informacio-general","status":"publish","type":"page","link":"https:\/\/agora.xtec.cat\/ceip-bellaterra\/informacio-general\/","title":{"rendered":"Informaci\u00f3 general"},"content":{"rendered":"<p>El servei de menjador \u00e9s gestionat per l\u2019AMPA i\u2019empresa que se\u2019n fa c\u00e0rrec \u00e9s Educadors 4uatre S.L. Una comissi\u00f3 mixta (formada per l\u2019equip directiu, l\u2019empresa i la comissi\u00f3 de menjador de la junta de l\u2019AMPA) en fa el seguiment.<\/p>\n<p>El servei de menjador s\u2019ofereix de 12:30 a 15h tots els dies lectius.<\/p>\n<p>L\u2019empresa compta amb un equip de monitors que es fan c\u00e0rrec dels infants en el moment de dinar i durant el temps de lleure. Hi ha organitzades algunes activitats guiades opcionals.<\/p>\n<p>El tel\u00e8fon de contacte directe \u00e9s <strong>93 581 10 82<\/strong>.<\/p>\n","protected":false},"excerpt":{"rendered":"<p>El servei de menjador \u00e9s gestionat per l\u2019AMPA i\u2019empresa que se\u2019n fa c\u00e0rrec \u00e9s Educadors 4uatre S.L. Una comissi\u00f3 mixta (formada per l\u2019equip directiu, l\u2019empresa i la comissi\u00f3 de menjador de la junta de l\u2019AMPA) en fa el seguiment. El servei de menjador s\u2019ofereix de 12:30 a 15h tots els dies lectius. L\u2019empresa compta amb [&hellip;]<\/p>\n","protected":false},"author":1,"featured_media":0,"parent":0,"menu_order":0,"comment_status":"closed","ping_status":"closed","template":"","meta":{"_bbp_topic_count":0,"_bbp_reply_count":0,"_bbp_total_topic_count":0,"_bbp_total_reply_count":0,"_bbp_voice_count":0,"_bbp_anonymous_reply_count":0,"_bbp_topic_count_hidden":0,"_bbp_reply_count_hidden":0,"_bbp_forum_subforum_count":0,"site-sidebar-layout":"default","site-content-layout":"","ast-site-content-layout":"default","site-content-style":"default","site-sidebar-style":"default","ast-global-header-display":"","ast-banner-title-visibility":"","ast-main-header-display":"","ast-hfb-above-header-display":"","ast-hfb-below-header-display":"","ast-hfb-mobile-header-display":"","site-post-title":"","ast-breadcrumbs-content":"","ast-featured-img":"","footer-sml-layout":"","theme-transparent-header-meta":"default","adv-header-id-meta":"","stick-header-meta":"","header-above-stick-meta":"","header-main-stick-meta":"","header-below-stick-meta":"","astra-migrate-meta-layouts":"set","ast-page-background-enabled":"default","ast-page-background-meta":{"desktop":{"background-color":"var(--ast-global-color-4)","background-image":"","background-repeat":"repeat","background-position":"center center","background-size":"auto","background-attachment":"scroll","background-type":"","background-media":"","overlay-type":"","overlay-color":"","overlay-opacity":"","overlay-gradient":""},"tablet":{"background-color":"","background-image":"","background-repeat":"repeat","background-position":"center center","background-size":"auto","background-attachment":"scroll","background-type":"","background-media":"","overlay-type":"","overlay-color":"","overlay-opacity":"","overlay-gradient":""},"mobile":{"background-color":"","background-image":"","background-repeat":"repeat","background-position":"center center","background-size":"auto","background-attachment":"scroll","background-type":"","background-media":"","overlay-type":"","overlay-color":"","overlay-opacity":"","overlay-gradient":""}},"ast-content-background-meta":{"desktop":{"background-color":"var(--ast-global-color-5)","background-image":"","background-repeat":"repeat","background-position":"center center","background-size":"auto","background-attachment":"scroll","background-type":"","background-media":"","overlay-type":"","overlay-color":"","overlay-opacity":"","overlay-gradient":""},"tablet":{"background-color":"var(--ast-global-color-5)","background-image":"","background-repeat":"repeat","background-position":"center center","background-size":"auto","background-attachment":"scroll","background-type":"","background-media":"","overlay-type":"","overlay-color":"","overlay-opacity":"","overlay-gradient":""},"mobile":{"background-color":"var(--ast-global-color-5)","background-image":"","background-repeat":"repeat","background-position":"center center","background-size":"auto","background-attachment":"scroll","background-type":"","background-media":"","overlay-type":"","overlay-color":"","overlay-opacity":"","overlay-gradient":""}},"footnotes":""},"class_list":["post-18916","page","type-page","status-publish","hentry"],"post_mailing_queue_ids":[],"_links":{"self":[{"href":"https:\/\/agora.xtec.cat\/ceip-bellaterra\/wp-json\/wp\/v2\/pages\/18916","targetHints":{"allow":["GET"]}}],"collection":[{"href":"https:\/\/agora.xtec.cat\/ceip-bellaterra\/wp-json\/wp\/v2\/pages"}],"about":[{"href":"https:\/\/agora.xtec.cat\/ceip-bellaterra\/wp-json\/wp\/v2\/types\/page"}],"author":[{"embeddable":true,"href":"https:\/\/agora.xtec.cat\/ceip-bellaterra\/wp-json\/wp\/v2\/users\/1"}],"replies":[{"embeddable":true,"href":"https:\/\/agora.xtec.cat\/ceip-bellaterra\/wp-json\/wp\/v2\/comments?post=18916"}],"version-history":[{"count":2,"href":"https:\/\/agora.xtec.cat\/ceip-bellaterra\/wp-json\/wp\/v2\/pages\/18916\/revisions"}],"predecessor-version":[{"id":18953,"href":"https:\/\/agora.xtec.cat\/ceip-bellaterra\/wp-json\/wp\/v2\/pages\/18916\/revisions\/18953"}],"wp:attachment":[{"href":"https:\/\/agora.xtec.cat\/ceip-bellaterra\/wp-json\/wp\/v2\/media?parent=18916"}],"curies":[{"name":"wp","href":"https:\/\/api.w.org\/{rel}","templated":true}]}}