{"id":18842,"date":"2026-03-05T18:32:56","date_gmt":"2026-03-05T17:32:56","guid":{"rendered":"https:\/\/agora.xtec.cat\/ceip-bellaterra\/?page_id=18842"},"modified":"2026-03-05T18:40:56","modified_gmt":"2026-03-05T17:40:56","slug":"historia","status":"publish","type":"page","link":"https:\/\/agora.xtec.cat\/ceip-bellaterra\/historia\/","title":{"rendered":"Hist\u00f2ria"},"content":{"rendered":"<div>\n<p>L\u2019Escola Bellaterra, l\u2019Escoleta, \u00e9s una escola p\u00fablica de Cerdanyola del Vall\u00e8s ubicada al Campus de la UAB. L&#8217;Escoleta neix l&#8217;any 1978 vinculada a la UAB \u00a0com centre de experimental i de pr\u00e0ctiques de l\u2019antiga Escola de mestres.<\/p>\n<\/div>\n<div>\n<p>Tot i que actualment som una escola p\u00fablica ordin\u00e0ria, la nostra ubicaci\u00f3 i la proximitat amb la UAB sempre l\u2019hem viscut com una gran riquesa i com una gran oportunitat.<br \/>\nDes dels seus inicis i per la singularitat de ser, en el seu moment, escola annexa, l\u2019equip de mestres de l\u2019Escoleta sempre ha tingut un fort comprom\u00eds amb la formaci\u00f3 i amb la innovaci\u00f3, que hem intentat que es mantingu\u00e9s fins avui.<\/p>\n<\/div>\n<div>\n<p>Pertanyem a la xarxa d\u2019escoles Unesco i des d\u2019aquest marc \u00a0desenvolupem projectes relacionats amb la cultura de la pau, els valors, amb la sostenibilitat i el medi ambient i la participaci\u00f3,&#8230; per tal\u00a0 d\u2019anar desvetllant en els alumnes una mirada cr\u00edtica i compromesa amb el m\u00f3n on viuen.<\/p>\n<\/div>\n<div>\n<p>Es promouen pr\u00e0ctiques pedag\u00f2giques de caire globalitzador on els projectes que van sorgint a la vida de les aules esdevenen els eixos clau de l\u2019aprenentatge.<\/p>\n<\/div>\n<div>\n<p>L\u2019apropament al m\u00f3n de l\u2019art tant des de la vessant cultural, com est\u00e8tica, com de creaci\u00f3 \u00e9s un altre dels pilars del projecte. Entenent l\u2019art en totes les seves manifestacions; pintura, escultura, m\u00fasica, dansa, fotografia,&#8230;<\/p>\n<\/div>\n<div>\n<p>Ens definim com a escola inclusiva en el sentit m\u00e9s ampli del terme entenent que qualsevol criatura, qualsevol fam\u00edlia o qualsevol mestre, s\u2019ha de sentir acollit i valorat en el projecte tenint en compte les seves singularitats.<\/p>\n<\/div>\n<div>\n<p>Des del curs 2001-2002 som escola d\u2019agrupament de nens i nenes amb defici\u00e8ncia auditiva.<\/p>\n<\/div>\n","protected":false},"excerpt":{"rendered":"<p>L\u2019Escola Bellaterra, l\u2019Escoleta, \u00e9s una escola p\u00fablica de Cerdanyola del Vall\u00e8s ubicada al Campus de la UAB. L&#8217;Escoleta neix l&#8217;any 1978 vinculada a la UAB \u00a0com centre de experimental i de pr\u00e0ctiques de l\u2019antiga Escola de mestres. Tot i que actualment som una escola p\u00fablica ordin\u00e0ria, la nostra ubicaci\u00f3 i la proximitat amb la UAB [&hellip;]<\/p>\n","protected":false},"author":1,"featured_media":0,"parent":0,"menu_order":0,"comment_status":"closed","ping_status":"closed","template":"","meta":{"_bbp_topic_count":0,"_bbp_reply_count":0,"_bbp_total_topic_count":0,"_bbp_total_reply_count":0,"_bbp_voice_count":0,"_bbp_anonymous_reply_count":0,"_bbp_topic_count_hidden":0,"_bbp_reply_count_hidden":0,"_bbp_forum_subforum_count":0,"site-sidebar-layout":"default","site-content-layout":"","ast-site-content-layout":"default","site-content-style":"default","site-sidebar-style":"default","ast-global-header-display":"","ast-banner-title-visibility":"","ast-main-header-display":"","ast-hfb-above-header-display":"","ast-hfb-below-header-display":"","ast-hfb-mobile-header-display":"","site-post-title":"","ast-breadcrumbs-content":"","ast-featured-img":"","footer-sml-layout":"","theme-transparent-header-meta":"default","adv-header-id-meta":"","stick-header-meta":"","header-above-stick-meta":"","header-main-stick-meta":"","header-below-stick-meta":"","astra-migrate-meta-layouts":"set","ast-page-background-enabled":"default","ast-page-background-meta":{"desktop":{"background-color":"var(--ast-global-color-4)","background-image":"","background-repeat":"repeat","background-position":"center center","background-size":"auto","background-attachment":"scroll","background-type":"","background-media":"","overlay-type":"","overlay-color":"","overlay-opacity":"","overlay-gradient":""},"tablet":{"background-color":"","background-image":"","background-repeat":"repeat","background-position":"center center","background-size":"auto","background-attachment":"scroll","background-type":"","background-media":"","overlay-type":"","overlay-color":"","overlay-opacity":"","overlay-gradient":""},"mobile":{"background-color":"","background-image":"","background-repeat":"repeat","background-position":"center center","background-size":"auto","background-attachment":"scroll","background-type":"","background-media":"","overlay-type":"","overlay-color":"","overlay-opacity":"","overlay-gradient":""}},"ast-content-background-meta":{"desktop":{"background-color":"var(--ast-global-color-5)","background-image":"","background-repeat":"repeat","background-position":"center center","background-size":"auto","background-attachment":"scroll","background-type":"","background-media":"","overlay-type":"","overlay-color":"","overlay-opacity":"","overlay-gradient":""},"tablet":{"background-color":"var(--ast-global-color-5)","background-image":"","background-repeat":"repeat","background-position":"center center","background-size":"auto","background-attachment":"scroll","background-type":"","background-media":"","overlay-type":"","overlay-color":"","overlay-opacity":"","overlay-gradient":""},"mobile":{"background-color":"var(--ast-global-color-5)","background-image":"","background-repeat":"repeat","background-position":"center center","background-size":"auto","background-attachment":"scroll","background-type":"","background-media":"","overlay-type":"","overlay-color":"","overlay-opacity":"","overlay-gradient":""}},"footnotes":""},"class_list":["post-18842","page","type-page","status-publish","hentry"],"post_mailing_queue_ids":[],"_links":{"self":[{"href":"https:\/\/agora.xtec.cat\/ceip-bellaterra\/wp-json\/wp\/v2\/pages\/18842","targetHints":{"allow":["GET"]}}],"collection":[{"href":"https:\/\/agora.xtec.cat\/ceip-bellaterra\/wp-json\/wp\/v2\/pages"}],"about":[{"href":"https:\/\/agora.xtec.cat\/ceip-bellaterra\/wp-json\/wp\/v2\/types\/page"}],"author":[{"embeddable":true,"href":"https:\/\/agora.xtec.cat\/ceip-bellaterra\/wp-json\/wp\/v2\/users\/1"}],"replies":[{"embeddable":true,"href":"https:\/\/agora.xtec.cat\/ceip-bellaterra\/wp-json\/wp\/v2\/comments?post=18842"}],"version-history":[{"count":2,"href":"https:\/\/agora.xtec.cat\/ceip-bellaterra\/wp-json\/wp\/v2\/pages\/18842\/revisions"}],"predecessor-version":[{"id":18856,"href":"https:\/\/agora.xtec.cat\/ceip-bellaterra\/wp-json\/wp\/v2\/pages\/18842\/revisions\/18856"}],"wp:attachment":[{"href":"https:\/\/agora.xtec.cat\/ceip-bellaterra\/wp-json\/wp\/v2\/media?parent=18842"}],"curies":[{"name":"wp","href":"https:\/\/api.w.org\/{rel}","templated":true}]}}