{"id":2219,"date":"2017-09-22T13:31:23","date_gmt":"2017-09-22T11:31:23","guid":{"rendered":"http:\/\/agora.xtec.cat\/ceip-barrufet-santboi\/?page_id=2219"},"modified":"2025-07-20T13:03:59","modified_gmt":"2025-07-20T11:03:59","slug":"ef-psico-natacio","status":"publish","type":"page","link":"https:\/\/agora.xtec.cat\/ceip-barrufet-santboi\/lescola\/ef-psico-natacio\/","title":{"rendered":"Educaci\u00f3 F\u00edsica, Psico i nataci\u00f3"},"content":{"rendered":"\n<h4 class=\"wp-block-heading\"><strong>Educaci\u00f3 F\u00edsica i Psicomotricitat<\/strong><\/h4>\n\n\n\n<p>L&#8217;equipament d&#8217;<strong>Educaci\u00f3 F\u00edsica<\/strong> i de <strong>Psicomotricitat<\/strong> ha de ser l&#8217;adequat a cada curs; a Educaci\u00f3 Infantil ha d&#8217;estar marcat.<\/p>\n\n\n\n<p>La bata \u00e9s obligat\u00f2ria per a tot l&#8217;alumnat fins a segon de Cicle Inicial i per a algunes activitats de pl\u00e0stica en tots els cicles. Sempre ha de portar el <strong>nom i beta<\/strong> per penjar-la. Per tal de mantenir un medi sostenible no est\u00e0 perm\u00e8s portar sucs ni l\u00e0ctics en els esmorzars i es recomana evitar pl\u00e0stics i paper d&#8217;alumini.<\/p>\n\n\n\n<h4 class=\"wp-block-heading\">Nataci\u00f3<\/h4>\n\n\n\n<p>Est\u00e0 previst que cada curs escolar el centre participi amb l&#8217;alumnat a l&#8217;activitat &#8220;Jugant aprenem a nedar&#8221;.<\/p>\n\n\n\n<ul class=\"wp-block-list\">\n<li><strong>Participants: <\/strong>Alumnat d&#8217;I4 i I5.<\/li>\n\n\n\n<li><strong>Horari:<\/strong> Una sessi\u00f3 de 45 minuts en els matins dels divendres dess del mes d&#8217;octubre fins al maig.<\/li>\n\n\n\n<li><strong>Important:<\/strong> La despesa d&#8217;aquesta activitat est\u00e0, en la seva major part, subvencionada per l&#8217;Ajuntament de Sant Boi de Llobregat.<\/li>\n<\/ul>\n\n\n\n<p><a href=\"http:\/\/www.sbesports.cat\/jugant-aprenem-a-nedar\" target=\"_blank\" rel=\"noopener noreferrer\">+ Informaci\u00f3<\/a><\/p>\n","protected":false},"excerpt":{"rendered":"<p>Educaci\u00f3 F\u00edsica i Psicomotricitat L&#8217;equipament d&#8217;Educaci\u00f3 F\u00edsica i de Psicomotricitat ha de ser l&#8217;adequat a cada curs; a Educaci\u00f3 Infantil ha d&#8217;estar marcat. La bata \u00e9s obligat\u00f2ria per a tot l&#8217;alumnat fins a segon de Cicle Inicial i per a algunes activitats de pl\u00e0stica en tots els cicles. Sempre ha de portar el nom i [&hellip;]<\/p>\n","protected":false},"author":1,"featured_media":0,"parent":22,"menu_order":8,"comment_status":"closed","ping_status":"closed","template":"","meta":{"_bbp_topic_count":0,"_bbp_reply_count":0,"_bbp_total_topic_count":0,"_bbp_total_reply_count":0,"_bbp_voice_count":0,"_bbp_anonymous_reply_count":0,"_bbp_topic_count_hidden":0,"_bbp_reply_count_hidden":0,"_bbp_forum_subforum_count":0,"site-sidebar-layout":"default","site-content-layout":"","ast-site-content-layout":"default","site-content-style":"default","site-sidebar-style":"default","ast-global-header-display":"","ast-banner-title-visibility":"","ast-main-header-display":"","ast-hfb-above-header-display":"","ast-hfb-below-header-display":"","ast-hfb-mobile-header-display":"","site-post-title":"","ast-breadcrumbs-content":"","ast-featured-img":"","footer-sml-layout":"","theme-transparent-header-meta":"","adv-header-id-meta":"","stick-header-meta":"","header-above-stick-meta":"","header-main-stick-meta":"","header-below-stick-meta":"","astra-migrate-meta-layouts":"set","ast-page-background-enabled":"default","ast-page-background-meta":{"desktop":{"background-color":"var(--ast-global-color-4)","background-image":"","background-repeat":"repeat","background-position":"center center","background-size":"auto","background-attachment":"scroll","background-type":"","background-media":"","overlay-type":"","overlay-color":"","overlay-opacity":"","overlay-gradient":""},"tablet":{"background-color":"","background-image":"","background-repeat":"repeat","background-position":"center center","background-size":"auto","background-attachment":"scroll","background-type":"","background-media":"","overlay-type":"","overlay-color":"","overlay-opacity":"","overlay-gradient":""},"mobile":{"background-color":"","background-image":"","background-repeat":"repeat","background-position":"center center","background-size":"auto","background-attachment":"scroll","background-type":"","background-media":"","overlay-type":"","overlay-color":"","overlay-opacity":"","overlay-gradient":""}},"ast-content-background-meta":{"desktop":{"background-color":"var(--ast-global-color-5)","background-image":"","background-repeat":"repeat","background-position":"center center","background-size":"auto","background-attachment":"scroll","background-type":"","background-media":"","overlay-type":"","overlay-color":"","overlay-opacity":"","overlay-gradient":""},"tablet":{"background-color":"var(--ast-global-color-5)","background-image":"","background-repeat":"repeat","background-position":"center center","background-size":"auto","background-attachment":"scroll","background-type":"","background-media":"","overlay-type":"","overlay-color":"","overlay-opacity":"","overlay-gradient":""},"mobile":{"background-color":"var(--ast-global-color-5)","background-image":"","background-repeat":"repeat","background-position":"center center","background-size":"auto","background-attachment":"scroll","background-type":"","background-media":"","overlay-type":"","overlay-color":"","overlay-opacity":"","overlay-gradient":""}},"footnotes":""},"class_list":["post-2219","page","type-page","status-publish","hentry"],"post_mailing_queue_ids":[],"_links":{"self":[{"href":"https:\/\/agora.xtec.cat\/ceip-barrufet-santboi\/wp-json\/wp\/v2\/pages\/2219","targetHints":{"allow":["GET"]}}],"collection":[{"href":"https:\/\/agora.xtec.cat\/ceip-barrufet-santboi\/wp-json\/wp\/v2\/pages"}],"about":[{"href":"https:\/\/agora.xtec.cat\/ceip-barrufet-santboi\/wp-json\/wp\/v2\/types\/page"}],"author":[{"embeddable":true,"href":"https:\/\/agora.xtec.cat\/ceip-barrufet-santboi\/wp-json\/wp\/v2\/users\/1"}],"replies":[{"embeddable":true,"href":"https:\/\/agora.xtec.cat\/ceip-barrufet-santboi\/wp-json\/wp\/v2\/comments?post=2219"}],"version-history":[{"count":5,"href":"https:\/\/agora.xtec.cat\/ceip-barrufet-santboi\/wp-json\/wp\/v2\/pages\/2219\/revisions"}],"predecessor-version":[{"id":14613,"href":"https:\/\/agora.xtec.cat\/ceip-barrufet-santboi\/wp-json\/wp\/v2\/pages\/2219\/revisions\/14613"}],"up":[{"embeddable":true,"href":"https:\/\/agora.xtec.cat\/ceip-barrufet-santboi\/wp-json\/wp\/v2\/pages\/22"}],"wp:attachment":[{"href":"https:\/\/agora.xtec.cat\/ceip-barrufet-santboi\/wp-json\/wp\/v2\/media?parent=2219"}],"curies":[{"name":"wp","href":"https:\/\/api.w.org\/{rel}","templated":true}]}}