{"id":2194,"date":"2017-09-22T12:45:00","date_gmt":"2017-09-22T10:45:00","guid":{"rendered":"http:\/\/agora.xtec.cat\/ceip-barrufet-santboi\/?page_id=2194"},"modified":"2026-02-11T10:19:21","modified_gmt":"2026-02-11T09:19:21","slug":"equip-huma","status":"publish","type":"page","link":"https:\/\/agora.xtec.cat\/ceip-barrufet-santboi\/lescola\/equip-huma\/","title":{"rendered":"Equip hum\u00e0"},"content":{"rendered":"\n<div class=\"wp-block-group has-background is-layout-constrained wp-block-group-is-layout-constrained\" style=\"border-radius:25px;background-color:#f4e0f4\">\n<h5 class=\"wp-block-heading\"><strong><span style=\"text-decoration: underline;\">EQUIP DIRECTIU<\/span><\/strong><\/h5>\n\n\n\n<p>Director: Isidro Cuenca<\/p>\n\n\n\n<p>Cap d&#8217;Estudis: Ariadna Chornet<\/p>\n\n\n\n<p>Secretari: Israel Garc\u00eda<\/p>\n<\/div>\n\n\n\n<div style=\"height:50px\" aria-hidden=\"true\" class=\"wp-block-spacer\"><\/div>\n\n\n\n<div class=\"wp-block-group has-background is-layout-constrained wp-block-group-is-layout-constrained\" style=\"border-radius:15px;background-color:#fedae3\">\n<div class=\"wp-block-columns is-layout-flex wp-container-core-columns-is-layout-1 wp-block-columns-is-layout-flex\">\n<div class=\"wp-block-column is-layout-flow wp-block-column-is-layout-flow\">\n<h5 class=\"wp-block-heading has-text-align-left\"><strong><span style=\"text-decoration: underline;\">COMUNITAT DE PETITS<\/span><\/strong><\/h5>\n\n\n\n<p>I3A: Esperanza Hern\u00e1ndez<\/p>\n\n\n\n<p>I4A: Eva Rodr\u00edguez<\/p>\n\n\n\n<p>I5A: Santi Le\u00f3n<\/p>\n\n\n\n<p>Refor\u00e7 i Coordinaci\u00f3: Xavier Sub\u00edas<\/p>\n<\/div>\n<\/div>\n<\/div>\n\n\n\n<div style=\"height:50px\" aria-hidden=\"true\" class=\"wp-block-spacer\"><\/div>\n\n\n\n<div class=\"wp-block-group has-background is-layout-constrained wp-container-core-group-is-layout-3 wp-block-group-is-layout-constrained\" style=\"border-radius:25px;background-color:#f7df9f;padding-top:var(--wp--preset--spacing--30);padding-right:var(--wp--preset--spacing--50);padding-bottom:var(--wp--preset--spacing--30);padding-left:var(--wp--preset--spacing--50)\">\n<h5 class=\"wp-block-heading has-text-align-left\"><span style=\"text-decoration: underline;\">COMUNITAT DE MITJANS<\/span><\/h5>\n\n\n\n<p style=\"padding-top:0;padding-right:0;padding-bottom:0;padding-left:0\">1rA: Antonia Gon\u00e1lez<\/p>\n\n\n\n<p>2nA: Montse Povill<\/p>\n\n\n\n<p>2nB: Silvia Honrubia<\/p>\n\n\n\n<p>3rA: Rosario Luque<\/p>\n\n\n\n<p>3rB: Marina Cendrero<\/p>\n\n\n\n<p>Coordinaci\u00f3: Sofia Brito Faz<\/p>\n<\/div>\n\n\n\n<div style=\"height:50px\" aria-hidden=\"true\" class=\"wp-block-spacer\"><\/div>\n\n\n\n<div class=\"wp-block-group has-light-green-cyan-background-color has-background is-layout-constrained wp-container-core-group-is-layout-4 wp-block-group-is-layout-constrained\" style=\"border-radius:25px;padding-top:var(--wp--preset--spacing--30);padding-right:var(--wp--preset--spacing--50);padding-bottom:var(--wp--preset--spacing--30);padding-left:var(--wp--preset--spacing--50)\">\n<h5 class=\"wp-block-heading has-text-align-left\"><strong><span style=\"text-decoration: underline;\">COMUNITAT DE GRANS<\/span><\/strong><\/h5>\n\n\n\n<p>4tA: Elena Ayuela<\/p>\n\n\n\n<p>5\u00e8A: Pere Cantos Dorca<\/p>\n\n\n\n<p>6\u00e8A: Rosa M\u00aa Vallo<\/p>\n\n\n\n<p>Coordinaci\u00f3: Sofia Brito Faz<\/p>\n<\/div>\n\n\n\n<div style=\"height:50px\" aria-hidden=\"true\" class=\"wp-block-spacer\"><\/div>\n\n\n\n<div class=\"wp-block-group has-background is-layout-constrained wp-block-group-is-layout-constrained\" style=\"border-radius:25px;background-color:#f0caca\">\n<h5 class=\"wp-block-heading\"><span style=\"text-decoration: underline;\">ESPECIALISTES<\/span><\/h5>\n\n\n\n<p><strong>EDUCACI\u00d3 F\u00cdSICA: <\/strong>Marta Fern\u00e1ndez &#8211; Israel Garc\u00eda<\/p>\n\n\n\n<p><strong>LLENGUA ANGLESA: <\/strong>Esther Rodr\u00edguez + Ra\u00fcl Romero + Elena Ayuela<\/p>\n\n\n\n<p><strong>M\u00daSICA: <\/strong>Aurora Barba + Nima Pujol<\/p>\n\n\n\n<p><strong>EDUCACI\u00d3 ESPECIAL: <\/strong>Sofia Brito + M\u00aa Jos\u00e9 Gord\u00f3n + Adelaida Jurado + Carme Vila<\/p>\n\n\n\n<p><strong>LOGOPEDES: <\/strong>Esther Navarro<\/p>\n\n\n\n<p><strong>T\u00c8CNICA D&#8217;INFANTIL: <\/strong>Marta Quina<\/p>\n<\/div>\n\n\n\n<div style=\"height:50px\" aria-hidden=\"true\" class=\"wp-block-spacer\"><\/div>\n\n\n\n<div class=\"wp-block-group has-background is-layout-constrained wp-block-group-is-layout-constrained\" style=\"border-radius:25px;background-color:#cba3f1\">\n<h5 class=\"wp-block-heading\"><span style=\"text-decoration: underline;\">PERSONAL D&#8217;ADMINISTRACI\u00d3 I SERVEIS<\/span><\/h5>\n\n\n\n<p><strong>CONSERGERIA: <\/strong>M\u00aa Carmen \u00c1lvarez<\/p>\n\n\n\n<p><strong>ADMINISTRACI\u00d3: <\/strong>Esther Paredes<\/p>\n<\/div>\n","protected":false},"excerpt":{"rendered":"<p>EQUIP DIRECTIU Director: Isidro Cuenca Cap d&#8217;Estudis: Ariadna Chornet Secretari: Israel Garc\u00eda COMUNITAT DE PETITS I3A: Esperanza Hern\u00e1ndez I4A: Eva Rodr\u00edguez I5A: Santi Le\u00f3n Refor\u00e7 i Coordinaci\u00f3: Xavier Sub\u00edas COMUNITAT DE MITJANS 1rA: Antonia Gon\u00e1lez 2nA: Montse Povill 2nB: Silvia Honrubia 3rA: Rosario Luque 3rB: Marina Cendrero Coordinaci\u00f3: Sofia Brito Faz COMUNITAT DE GRANS 4tA: [&hellip;]<\/p>\n","protected":false},"author":1,"featured_media":0,"parent":22,"menu_order":3,"comment_status":"closed","ping_status":"closed","template":"","meta":{"_bbp_topic_count":0,"_bbp_reply_count":0,"_bbp_total_topic_count":0,"_bbp_total_reply_count":0,"_bbp_voice_count":0,"_bbp_anonymous_reply_count":0,"_bbp_topic_count_hidden":0,"_bbp_reply_count_hidden":0,"_bbp_forum_subforum_count":0,"site-sidebar-layout":"default","site-content-layout":"","ast-site-content-layout":"default","site-content-style":"default","site-sidebar-style":"default","ast-global-header-display":"","ast-banner-title-visibility":"","ast-main-header-display":"","ast-hfb-above-header-display":"","ast-hfb-below-header-display":"","ast-hfb-mobile-header-display":"","site-post-title":"","ast-breadcrumbs-content":"","ast-featured-img":"","footer-sml-layout":"","theme-transparent-header-meta":"","adv-header-id-meta":"","stick-header-meta":"","header-above-stick-meta":"","header-main-stick-meta":"","header-below-stick-meta":"","astra-migrate-meta-layouts":"set","ast-page-background-enabled":"default","ast-page-background-meta":{"desktop":{"background-color":"var(--ast-global-color-4)","background-image":"","background-repeat":"repeat","background-position":"center center","background-size":"auto","background-attachment":"scroll","background-type":"","background-media":"","overlay-type":"","overlay-color":"","overlay-opacity":"","overlay-gradient":""},"tablet":{"background-color":"","background-image":"","background-repeat":"repeat","background-position":"center center","background-size":"auto","background-attachment":"scroll","background-type":"","background-media":"","overlay-type":"","overlay-color":"","overlay-opacity":"","overlay-gradient":""},"mobile":{"background-color":"","background-image":"","background-repeat":"repeat","background-position":"center center","background-size":"auto","background-attachment":"scroll","background-type":"","background-media":"","overlay-type":"","overlay-color":"","overlay-opacity":"","overlay-gradient":""}},"ast-content-background-meta":{"desktop":{"background-color":"var(--ast-global-color-5)","background-image":"","background-repeat":"repeat","background-position":"center center","background-size":"auto","background-attachment":"scroll","background-type":"","background-media":"","overlay-type":"","overlay-color":"","overlay-opacity":"","overlay-gradient":""},"tablet":{"background-color":"var(--ast-global-color-5)","background-image":"","background-repeat":"repeat","background-position":"center center","background-size":"auto","background-attachment":"scroll","background-type":"","background-media":"","overlay-type":"","overlay-color":"","overlay-opacity":"","overlay-gradient":""},"mobile":{"background-color":"var(--ast-global-color-5)","background-image":"","background-repeat":"repeat","background-position":"center center","background-size":"auto","background-attachment":"scroll","background-type":"","background-media":"","overlay-type":"","overlay-color":"","overlay-opacity":"","overlay-gradient":""}},"footnotes":""},"class_list":["post-2194","page","type-page","status-publish","hentry"],"post_mailing_queue_ids":[],"_links":{"self":[{"href":"https:\/\/agora.xtec.cat\/ceip-barrufet-santboi\/wp-json\/wp\/v2\/pages\/2194","targetHints":{"allow":["GET"]}}],"collection":[{"href":"https:\/\/agora.xtec.cat\/ceip-barrufet-santboi\/wp-json\/wp\/v2\/pages"}],"about":[{"href":"https:\/\/agora.xtec.cat\/ceip-barrufet-santboi\/wp-json\/wp\/v2\/types\/page"}],"author":[{"embeddable":true,"href":"https:\/\/agora.xtec.cat\/ceip-barrufet-santboi\/wp-json\/wp\/v2\/users\/1"}],"replies":[{"embeddable":true,"href":"https:\/\/agora.xtec.cat\/ceip-barrufet-santboi\/wp-json\/wp\/v2\/comments?post=2194"}],"version-history":[{"count":6,"href":"https:\/\/agora.xtec.cat\/ceip-barrufet-santboi\/wp-json\/wp\/v2\/pages\/2194\/revisions"}],"predecessor-version":[{"id":15899,"href":"https:\/\/agora.xtec.cat\/ceip-barrufet-santboi\/wp-json\/wp\/v2\/pages\/2194\/revisions\/15899"}],"up":[{"embeddable":true,"href":"https:\/\/agora.xtec.cat\/ceip-barrufet-santboi\/wp-json\/wp\/v2\/pages\/22"}],"wp:attachment":[{"href":"https:\/\/agora.xtec.cat\/ceip-barrufet-santboi\/wp-json\/wp\/v2\/media?parent=2194"}],"curies":[{"name":"wp","href":"https:\/\/api.w.org\/{rel}","templated":true}]}}