{"id":14594,"date":"2025-07-20T12:31:06","date_gmt":"2025-07-20T10:31:06","guid":{"rendered":"https:\/\/agora.xtec.cat\/ceip-barrufet-santboi\/?page_id=14594"},"modified":"2025-11-18T17:15:16","modified_gmt":"2025-11-18T16:15:16","slug":"ubicacio-i-oferta","status":"publish","type":"page","link":"https:\/\/agora.xtec.cat\/ceip-barrufet-santboi\/lescola\/ubicacio-i-oferta\/","title":{"rendered":"Ubicaci\u00f3 i oferta educativa"},"content":{"rendered":"\n<p class=\"has-text-align-right\"><a href=\"https:\/\/agora.xtec.cat\/ceip-barrufet-santboi\/lescola\/ubicacio-i-oferta\/#oferta\">Oferta Educativa<\/a><\/p>\n\n\n\n<div class=\"wp-block-group is-layout-constrained wp-block-group-is-layout-constrained\">\n<h4 class=\"wp-block-heading\">On som?<\/h4>\n\n\n\n<div class=\"wp-block-columns is-layout-flex wp-container-core-columns-is-layout-1 wp-block-columns-is-layout-flex\">\n<div class=\"wp-block-column is-layout-flow wp-block-column-is-layout-flow\" style=\"flex-basis:33.33%\">\n<p>\ud83c\udfeb Pla\u00e7a de l&#8217;Agricultura, 6<\/p>\n\n\n\n<p>\ud83c\udfeb 08830 &#8211; Sant Boi de Llobregat<\/p>\n\n\n\n<p>\ud83d\udcf2 936546154 <\/p>\n\n\n\n<p>\ud83d\udce8 a8043401@xtec.cat<\/p>\n<\/div>\n\n\n\n<div class=\"wp-block-column is-layout-flow wp-block-column-is-layout-flow\" style=\"flex-basis:66.66%\">\n<p><iframe loading=\"lazy\" src=\"https:\/\/www.google.com\/maps\/d\/embed?mid=19lcKGGd2bK_GuXFF4N7JZbJF5Ds&amp;hl=ca\" width=\"100%\" height=\"380\"><\/iframe><\/p>\n<\/div>\n<\/div>\n<\/div>\n\n\n\n<div class=\"wp-block-group is-layout-constrained wp-block-group-is-layout-constrained\">\n<p>Com arribar-hi:<\/p>\n\n\n\n<p>BUS: L78<\/p>\n\n\n\n<div class=\"wp-block-getwid-images-slider has-arrows-none has-dots-none has-images-center has-cropped-images\"><div class=\"wp-block-getwid-images-slider__wrapper\" data-effect=\"fade\" data-slides-show=\"1\" data-slides-show-laptop=\"1\" data-slides-show-tablet=\"1\" data-slides-show-mobile=\"1\" data-slides-scroll=\"1\" data-autoplay=\"true\" data-pause-hover=\"false\" data-autoplay-speed=\"6000\" data-infinite=\"true\" data-animation-speed=\"800\" data-center-mode=\"false\" data-variable-width=\"false\" data-arrows=\"none\" data-dots=\"none\" data-spacing=\"none\"><div class=\"wp-block-getwid-images-slider__item\"><figure><img loading=\"lazy\" decoding=\"async\" width=\"1000\" height=\"482\" src=\"https:\/\/agora.xtec.cat\/ceip-barrufet-santboi\/wp-content\/uploads\/usu1517\/2022\/04\/barrufet100m.jpg\" data-id=\"9720\" data-link=\"https:\/\/agora.xtec.cat\/ceip-barrufet-santboi\/lescola\/on-som\/attachment\/barrufet100m\/\" data-original-link=\"https:\/\/agora.xtec.cat\/ceip-barrufet-santboi\/wp-content\/uploads\/usu1517\/2022\/04\/barrufet100m.jpg\" class=\"wp-block-getwid-images-slider__image wp-image-9720\" srcset=\"https:\/\/agora.xtec.cat\/ceip-barrufet-santboi\/wp-content\/uploads\/usu1517\/2022\/04\/barrufet100m.jpg 1000w, https:\/\/agora.xtec.cat\/ceip-barrufet-santboi\/wp-content\/uploads\/usu1517\/2022\/04\/barrufet100m-300x145.jpg 300w, https:\/\/agora.xtec.cat\/ceip-barrufet-santboi\/wp-content\/uploads\/usu1517\/2022\/04\/barrufet100m-768x370.jpg 768w\" sizes=\"auto, (max-width: 1000px) 100vw, 1000px\" \/><\/figure><\/div><div class=\"wp-block-getwid-images-slider__item\"><figure><img loading=\"lazy\" decoding=\"async\" width=\"1000\" height=\"482\" src=\"https:\/\/agora.xtec.cat\/ceip-barrufet-santboi\/wp-content\/uploads\/usu1517\/2022\/04\/barrufet80m.jpg\" data-id=\"9719\" data-link=\"https:\/\/agora.xtec.cat\/ceip-barrufet-santboi\/lescola\/on-som\/attachment\/barrufet80m\/\" data-original-link=\"https:\/\/agora.xtec.cat\/ceip-barrufet-santboi\/wp-content\/uploads\/usu1517\/2022\/04\/barrufet80m.jpg\" class=\"wp-block-getwid-images-slider__image wp-image-9719\" srcset=\"https:\/\/agora.xtec.cat\/ceip-barrufet-santboi\/wp-content\/uploads\/usu1517\/2022\/04\/barrufet80m.jpg 1000w, https:\/\/agora.xtec.cat\/ceip-barrufet-santboi\/wp-content\/uploads\/usu1517\/2022\/04\/barrufet80m-300x145.jpg 300w, https:\/\/agora.xtec.cat\/ceip-barrufet-santboi\/wp-content\/uploads\/usu1517\/2022\/04\/barrufet80m-768x370.jpg 768w\" sizes=\"auto, (max-width: 1000px) 100vw, 1000px\" \/><\/figure><\/div><\/div><\/div>\n<\/div>\n\n\n\n<div id=\"oferta\" class=\"wp-block-group has-pale-cyan-blue-background-color has-background is-layout-constrained wp-block-group-is-layout-constrained\" style=\"border-radius:25px\">\n<h4 class=\"wp-block-heading\" id=\"oferta\">Oferta educativa<\/h4>\n\n\n\n<p>En el nostre centre ofertem places per Educaci\u00f3 Infantil i Prim\u00e0ria:<\/p>\n\n\n\n<div class=\"wp-block-columns is-layout-flex wp-container-core-columns-is-layout-2 wp-block-columns-is-layout-flex\">\n<div class=\"wp-block-column is-layout-flow wp-block-column-is-layout-flow\">\n<h5 class=\"wp-block-heading\">Educaci\u00f3 Infantil<\/h5>\n\n\n\n<ul class=\"wp-block-list\">\n<li>1 grup a I3<\/li>\n\n\n\n<li>1 grup a I4<\/li>\n\n\n\n<li>1 grup a I5<\/li>\n<\/ul>\n<\/div>\n\n\n\n<div class=\"wp-block-column is-layout-flow wp-block-column-is-layout-flow\">\n<h5 class=\"wp-block-heading\">Educaci\u00f3 Prim\u00e0ria<\/h5>\n\n\n\n<ul class=\"wp-block-list\">\n<li>1r: 1 grup.<\/li>\n\n\n\n<li>2n: 2 grups.<\/li>\n\n\n\n<li>3r: 2 grups.<\/li>\n\n\n\n<li>4t: 1 grup.<\/li>\n\n\n\n<li>5\u00e8: 1 grup.<\/li>\n\n\n\n<li>6\u00e8: 1 grup.<\/li>\n<\/ul>\n<\/div>\n<\/div>\n<\/div>\n\n\n\n<p><\/p>\n","protected":false},"excerpt":{"rendered":"<p>Oferta Educativa On som? \ud83c\udfeb Pla\u00e7a de l&#8217;Agricultura, 6 \ud83c\udfeb 08830 &#8211; Sant Boi de Llobregat \ud83d\udcf2 936546154 \ud83d\udce8 a8043401@xtec.cat Com arribar-hi: BUS: L78 Oferta educativa En el nostre centre ofertem places per Educaci\u00f3 Infantil i Prim\u00e0ria: Educaci\u00f3 Infantil Educaci\u00f3 Prim\u00e0ria<\/p>\n","protected":false},"author":1,"featured_media":0,"parent":22,"menu_order":5,"comment_status":"closed","ping_status":"closed","template":"","meta":{"_bbp_topic_count":0,"_bbp_reply_count":0,"_bbp_total_topic_count":0,"_bbp_total_reply_count":0,"_bbp_voice_count":0,"_bbp_anonymous_reply_count":0,"_bbp_topic_count_hidden":0,"_bbp_reply_count_hidden":0,"_bbp_forum_subforum_count":0,"site-sidebar-layout":"default","site-content-layout":"","ast-site-content-layout":"default","site-content-style":"default","site-sidebar-style":"default","ast-global-header-display":"","ast-banner-title-visibility":"","ast-main-header-display":"","ast-hfb-above-header-display":"","ast-hfb-below-header-display":"","ast-hfb-mobile-header-display":"","site-post-title":"","ast-breadcrumbs-content":"","ast-featured-img":"","footer-sml-layout":"","theme-transparent-header-meta":"","adv-header-id-meta":"","stick-header-meta":"","header-above-stick-meta":"","header-main-stick-meta":"","header-below-stick-meta":"","astra-migrate-meta-layouts":"set","ast-page-background-enabled":"default","ast-page-background-meta":{"desktop":{"background-color":"var(--ast-global-color-4)","background-image":"","background-repeat":"repeat","background-position":"center center","background-size":"auto","background-attachment":"scroll","background-type":"","background-media":"","overlay-type":"","overlay-color":"","overlay-opacity":"","overlay-gradient":""},"tablet":{"background-color":"","background-image":"","background-repeat":"repeat","background-position":"center center","background-size":"auto","background-attachment":"scroll","background-type":"","background-media":"","overlay-type":"","overlay-color":"","overlay-opacity":"","overlay-gradient":""},"mobile":{"background-color":"","background-image":"","background-repeat":"repeat","background-position":"center center","background-size":"auto","background-attachment":"scroll","background-type":"","background-media":"","overlay-type":"","overlay-color":"","overlay-opacity":"","overlay-gradient":""}},"ast-content-background-meta":{"desktop":{"background-color":"var(--ast-global-color-5)","background-image":"","background-repeat":"repeat","background-position":"center center","background-size":"auto","background-attachment":"scroll","background-type":"","background-media":"","overlay-type":"","overlay-color":"","overlay-opacity":"","overlay-gradient":""},"tablet":{"background-color":"var(--ast-global-color-5)","background-image":"","background-repeat":"repeat","background-position":"center center","background-size":"auto","background-attachment":"scroll","background-type":"","background-media":"","overlay-type":"","overlay-color":"","overlay-opacity":"","overlay-gradient":""},"mobile":{"background-color":"var(--ast-global-color-5)","background-image":"","background-repeat":"repeat","background-position":"center center","background-size":"auto","background-attachment":"scroll","background-type":"","background-media":"","overlay-type":"","overlay-color":"","overlay-opacity":"","overlay-gradient":""}},"footnotes":""},"class_list":["post-14594","page","type-page","status-publish","hentry"],"post_mailing_queue_ids":[],"_links":{"self":[{"href":"https:\/\/agora.xtec.cat\/ceip-barrufet-santboi\/wp-json\/wp\/v2\/pages\/14594","targetHints":{"allow":["GET"]}}],"collection":[{"href":"https:\/\/agora.xtec.cat\/ceip-barrufet-santboi\/wp-json\/wp\/v2\/pages"}],"about":[{"href":"https:\/\/agora.xtec.cat\/ceip-barrufet-santboi\/wp-json\/wp\/v2\/types\/page"}],"author":[{"embeddable":true,"href":"https:\/\/agora.xtec.cat\/ceip-barrufet-santboi\/wp-json\/wp\/v2\/users\/1"}],"replies":[{"embeddable":true,"href":"https:\/\/agora.xtec.cat\/ceip-barrufet-santboi\/wp-json\/wp\/v2\/comments?post=14594"}],"version-history":[{"count":6,"href":"https:\/\/agora.xtec.cat\/ceip-barrufet-santboi\/wp-json\/wp\/v2\/pages\/14594\/revisions"}],"predecessor-version":[{"id":15643,"href":"https:\/\/agora.xtec.cat\/ceip-barrufet-santboi\/wp-json\/wp\/v2\/pages\/14594\/revisions\/15643"}],"up":[{"embeddable":true,"href":"https:\/\/agora.xtec.cat\/ceip-barrufet-santboi\/wp-json\/wp\/v2\/pages\/22"}],"wp:attachment":[{"href":"https:\/\/agora.xtec.cat\/ceip-barrufet-santboi\/wp-json\/wp\/v2\/media?parent=14594"}],"curies":[{"name":"wp","href":"https:\/\/api.w.org\/{rel}","templated":true}]}}