{"id":12217,"date":"2023-11-03T19:34:57","date_gmt":"2023-11-03T18:34:57","guid":{"rendered":"https:\/\/agora.xtec.cat\/ceip-barrufet-santboi\/?page_id=12217"},"modified":"2026-03-03T17:17:12","modified_gmt":"2026-03-03T16:17:12","slug":"50-anys-descola-barrufet","status":"publish","type":"page","link":"https:\/\/agora.xtec.cat\/ceip-barrufet-santboi\/50-anys-descola-barrufet\/","title":{"rendered":"50 Anys d&#8217;Escola"},"content":{"rendered":"\n<hr class=\"wp-block-separator has-alpha-channel-opacity\"\/>\n\n\n\n<figure class=\"wp-block-image aligncenter size-large is-resized\"><img loading=\"lazy\" decoding=\"async\" width=\"1024\" height=\"390\" src=\"https:\/\/agora.xtec.cat\/ceip-barrufet-santboi\/wp-content\/uploads\/usu1517\/2025\/07\/logo_50_small-1024x390.png\" alt=\"\" class=\"wp-image-14504\" style=\"width:349px;height:auto\" srcset=\"https:\/\/agora.xtec.cat\/ceip-barrufet-santboi\/wp-content\/uploads\/usu1517\/2025\/07\/logo_50_small-1024x390.png 1024w, https:\/\/agora.xtec.cat\/ceip-barrufet-santboi\/wp-content\/uploads\/usu1517\/2025\/07\/logo_50_small-300x114.png 300w, https:\/\/agora.xtec.cat\/ceip-barrufet-santboi\/wp-content\/uploads\/usu1517\/2025\/07\/logo_50_small-768x293.png 768w, https:\/\/agora.xtec.cat\/ceip-barrufet-santboi\/wp-content\/uploads\/usu1517\/2025\/07\/logo_50_small-1536x585.png 1536w, https:\/\/agora.xtec.cat\/ceip-barrufet-santboi\/wp-content\/uploads\/usu1517\/2025\/07\/logo_50_small-2048x780.png 2048w\" sizes=\"auto, (max-width: 1024px) 100vw, 1024px\" \/><\/figure>\n\n\n\n<h4 class=\"wp-block-heading has-text-align-center\">CARTELL DEL 50\u00e8 ANIVERSARI:<\/h4>\n\n\n\n<figure class=\"wp-block-image aligncenter\"><a href=\"https:\/\/agora.xtec.cat\/ceip-barrufet-santboi\/wp-content\/uploads\/usu1517\/2024\/03\/cartell50e_v4a.png\"><img loading=\"lazy\" decoding=\"async\" width=\"726\" height=\"1024\" src=\"https:\/\/agora.xtec.cat\/ceip-barrufet-santboi\/wp-content\/uploads\/usu1517\/2024\/03\/cartell50e_v4a-726x1024.png\" alt=\"\" class=\"wp-image-12867\" srcset=\"https:\/\/agora.xtec.cat\/ceip-barrufet-santboi\/wp-content\/uploads\/usu1517\/2024\/03\/cartell50e_v4a-726x1024.png 726w, https:\/\/agora.xtec.cat\/ceip-barrufet-santboi\/wp-content\/uploads\/usu1517\/2024\/03\/cartell50e_v4a-213x300.png 213w, https:\/\/agora.xtec.cat\/ceip-barrufet-santboi\/wp-content\/uploads\/usu1517\/2024\/03\/cartell50e_v4a-768x1083.png 768w, https:\/\/agora.xtec.cat\/ceip-barrufet-santboi\/wp-content\/uploads\/usu1517\/2024\/03\/cartell50e_v4a.png 799w\" sizes=\"auto, (max-width: 726px) 100vw, 726px\" \/><\/a><\/figure>\n\n\n\n<p><\/p>\n\n\n\n<hr class=\"wp-block-separator has-alpha-channel-opacity\"\/>\n\n\n\n<h4 class=\"wp-block-heading\"><strong>TR\u00cdPTIC DEL 50\u00e8 ANIVERSARI:<\/strong><\/h4>\n\n\n\n<p class=\"has-text-align-center\"><iframe loading=\"lazy\" src=\"https:\/\/drive.google.com\/file\/d\/1Tw5s7a8JRFSbrrEz8fH9FkcGQ_d59nDi\/preview\" width=\"100%\" height=\"580\"><\/iframe><\/p>\n\n\n\n<hr class=\"wp-block-separator has-alpha-channel-opacity\"\/>\n\n\n\n<h4 class=\"wp-block-heading has-text-align-center\">ENTREVISTA A A R\u00c0DIO SANT BOI 15\/12\/2023 &#8211; <a href=\"https:\/\/www.radiosantboi.cat\/programs\/larepublicasantboiana\/radiosantboi_podcast_25576\" target=\"_blank\" rel=\"noopener\">link<\/a><\/h4>\n\n\n\n<hr class=\"wp-block-separator has-alpha-channel-opacity\"\/>\n\n\n\n<h4 class=\"wp-block-heading has-text-align-center\">ENTREVISTA A R\u00c0DIO SANT BOI EL 15\/03\/2024 &#8211; <a href=\"https:\/\/www.radiosantboi.cat\/programs\/larepublicasantboiana\/radiosantboi_podcast_26223\" target=\"_blank\" rel=\"noopener\">link<\/a><\/h4>\n\n\n\n<hr class=\"wp-block-separator has-alpha-channel-opacity\"\/>\n\n\n\n<h4 class=\"wp-block-heading has-text-align-center\">DIFUSI\u00d3 AL VIURE SANT BOI<\/h4>\n\n\n\n<p class=\"has-text-align-center\">Difusi\u00f3 del 50\u00e8 aniversari de l&#8217;escola a la <a href=\"https:\/\/www.santboi.cat\/Documents\/VIURESB\/2024\/VSBabril2024.pdf\" target=\"_blank\" rel=\"noopener\">p\u00e0gina 11 de l&#8217;edici\u00f3 del Viure Sant Boi 2024 &#8211; Abril<\/a><\/p>\n\n\n\n<hr class=\"wp-block-separator has-alpha-channel-opacity\"\/>\n\n\n\n<figure class=\"wp-block-image aligncenter\"><a href=\"https:\/\/agora.xtec.cat\/ceip-barrufet-santboi\/plafons-del-50e-aniversari\/\"><img loading=\"lazy\" decoding=\"async\" width=\"1024\" height=\"150\" src=\"https:\/\/agora.xtec.cat\/ceip-barrufet-santboi\/wp-content\/uploads\/usu1517\/2024\/07\/expoplafons-1024x150.jpg\" alt=\"\" class=\"wp-image-13502\" srcset=\"https:\/\/agora.xtec.cat\/ceip-barrufet-santboi\/wp-content\/uploads\/usu1517\/2024\/07\/expoplafons-1024x150.jpg 1024w, https:\/\/agora.xtec.cat\/ceip-barrufet-santboi\/wp-content\/uploads\/usu1517\/2024\/07\/expoplafons-300x44.jpg 300w, https:\/\/agora.xtec.cat\/ceip-barrufet-santboi\/wp-content\/uploads\/usu1517\/2024\/07\/expoplafons-768x112.jpg 768w, https:\/\/agora.xtec.cat\/ceip-barrufet-santboi\/wp-content\/uploads\/usu1517\/2024\/07\/expoplafons-1536x224.jpg 1536w, https:\/\/agora.xtec.cat\/ceip-barrufet-santboi\/wp-content\/uploads\/usu1517\/2024\/07\/expoplafons.jpg 1869w\" sizes=\"auto, (max-width: 1024px) 100vw, 1024px\" \/><\/a><\/figure>\n\n\n\n<hr class=\"wp-block-separator has-alpha-channel-opacity\"\/>\n","protected":false},"excerpt":{"rendered":"<p>CARTELL DEL 50\u00e8 ANIVERSARI: TR\u00cdPTIC DEL 50\u00e8 ANIVERSARI: ENTREVISTA A A R\u00c0DIO SANT BOI 15\/12\/2023 &#8211; link ENTREVISTA A R\u00c0DIO SANT BOI EL 15\/03\/2024 &#8211; link DIFUSI\u00d3 AL VIURE SANT BOI Difusi\u00f3 del 50\u00e8 aniversari de l&#8217;escola a la p\u00e0gina 11 de l&#8217;edici\u00f3 del Viure Sant Boi 2024 &#8211; Abril<\/p>\n","protected":false},"author":1,"featured_media":0,"parent":0,"menu_order":0,"comment_status":"closed","ping_status":"closed","template":"","meta":{"_bbp_topic_count":0,"_bbp_reply_count":0,"_bbp_total_topic_count":0,"_bbp_total_reply_count":0,"_bbp_voice_count":0,"_bbp_anonymous_reply_count":0,"_bbp_topic_count_hidden":0,"_bbp_reply_count_hidden":0,"_bbp_forum_subforum_count":0,"site-sidebar-layout":"no-sidebar","site-content-layout":"","ast-site-content-layout":"full-width-container","site-content-style":"boxed","site-sidebar-style":"default","ast-global-header-display":"","ast-banner-title-visibility":"","ast-main-header-display":"","ast-hfb-above-header-display":"","ast-hfb-below-header-display":"","ast-hfb-mobile-header-display":"","site-post-title":"","ast-breadcrumbs-content":"","ast-featured-img":"","footer-sml-layout":"","theme-transparent-header-meta":"","adv-header-id-meta":"","stick-header-meta":"","header-above-stick-meta":"","header-main-stick-meta":"","header-below-stick-meta":"","astra-migrate-meta-layouts":"set","ast-page-background-enabled":"default","ast-page-background-meta":{"desktop":{"background-color":"var(--ast-global-color-4)","background-image":"","background-repeat":"repeat","background-position":"center center","background-size":"auto","background-attachment":"scroll","background-type":"","background-media":"","overlay-type":"","overlay-color":"","overlay-opacity":"","overlay-gradient":""},"tablet":{"background-color":"","background-image":"","background-repeat":"repeat","background-position":"center center","background-size":"auto","background-attachment":"scroll","background-type":"","background-media":"","overlay-type":"","overlay-color":"","overlay-opacity":"","overlay-gradient":""},"mobile":{"background-color":"","background-image":"","background-repeat":"repeat","background-position":"center center","background-size":"auto","background-attachment":"scroll","background-type":"","background-media":"","overlay-type":"","overlay-color":"","overlay-opacity":"","overlay-gradient":""}},"ast-content-background-meta":{"desktop":{"background-color":"var(--ast-global-color-5)","background-image":"","background-repeat":"repeat","background-position":"center center","background-size":"auto","background-attachment":"scroll","background-type":"","background-media":"","overlay-type":"","overlay-color":"","overlay-opacity":"","overlay-gradient":""},"tablet":{"background-color":"var(--ast-global-color-5)","background-image":"","background-repeat":"repeat","background-position":"center center","background-size":"auto","background-attachment":"scroll","background-type":"","background-media":"","overlay-type":"","overlay-color":"","overlay-opacity":"","overlay-gradient":""},"mobile":{"background-color":"var(--ast-global-color-5)","background-image":"","background-repeat":"repeat","background-position":"center center","background-size":"auto","background-attachment":"scroll","background-type":"","background-media":"","overlay-type":"","overlay-color":"","overlay-opacity":"","overlay-gradient":""}},"footnotes":""},"class_list":["post-12217","page","type-page","status-publish","hentry"],"post_mailing_queue_ids":[],"_links":{"self":[{"href":"https:\/\/agora.xtec.cat\/ceip-barrufet-santboi\/wp-json\/wp\/v2\/pages\/12217","targetHints":{"allow":["GET"]}}],"collection":[{"href":"https:\/\/agora.xtec.cat\/ceip-barrufet-santboi\/wp-json\/wp\/v2\/pages"}],"about":[{"href":"https:\/\/agora.xtec.cat\/ceip-barrufet-santboi\/wp-json\/wp\/v2\/types\/page"}],"author":[{"embeddable":true,"href":"https:\/\/agora.xtec.cat\/ceip-barrufet-santboi\/wp-json\/wp\/v2\/users\/1"}],"replies":[{"embeddable":true,"href":"https:\/\/agora.xtec.cat\/ceip-barrufet-santboi\/wp-json\/wp\/v2\/comments?post=12217"}],"version-history":[{"count":6,"href":"https:\/\/agora.xtec.cat\/ceip-barrufet-santboi\/wp-json\/wp\/v2\/pages\/12217\/revisions"}],"predecessor-version":[{"id":16071,"href":"https:\/\/agora.xtec.cat\/ceip-barrufet-santboi\/wp-json\/wp\/v2\/pages\/12217\/revisions\/16071"}],"wp:attachment":[{"href":"https:\/\/agora.xtec.cat\/ceip-barrufet-santboi\/wp-json\/wp\/v2\/media?parent=12217"}],"curies":[{"name":"wp","href":"https:\/\/api.w.org\/{rel}","templated":true}]}}