{"id":1078,"date":"2017-03-04T00:26:14","date_gmt":"2017-03-03T23:26:14","guid":{"rendered":"http:\/\/agora.xtec.cat\/ceip-barrufet-santboi\/?page_id=1078"},"modified":"2020-06-19T21:37:33","modified_gmt":"2020-06-19T19:37:33","slug":"musica","status":"publish","type":"page","link":"https:\/\/agora.xtec.cat\/ceip-barrufet-santboi\/musica\/","title":{"rendered":"M\u00fasica"},"content":{"rendered":"<p><img loading=\"lazy\" decoding=\"async\" class=\" wp-image-4109 alignright\" src=\"https:\/\/agora.xtec.cat\/ceip-barrufet-santboi\/wp-content\/uploads\/usu1517\/2019\/02\/music-1781579_640.png\" alt=\"\" width=\"269\" height=\"334\" srcset=\"https:\/\/agora.xtec.cat\/ceip-barrufet-santboi\/wp-content\/uploads\/usu1517\/2019\/02\/music-1781579_640.png 515w, https:\/\/agora.xtec.cat\/ceip-barrufet-santboi\/wp-content\/uploads\/usu1517\/2019\/02\/music-1781579_640-241x300.png 241w\" sizes=\"auto, (max-width: 269px) 100vw, 269px\" \/>La m\u00fasica forma part important del desenvolupament integral dels nostres alumnes. Som conscients dels seus beneficis educatius i pet aquest motiu treballem la m\u00fasica de manera integral donant resposta a les diferents \u00e0rees: ritme, can\u00e7\u00f3, audici\u00f3, dansa i llenguatge musical.<\/p>\n<p style=\"text-align: center;\"><strong>Benvinguts a l&#8217;espai d&#8217;educaci\u00f3 musical.<\/strong><\/p>\n<p>En aquest espai virtual poc a poc anirem trobant les diferents activitats musicals que fan els alumnes d&#8217;Infantil i Prim\u00e0ria de la nostra escola.<\/p>\n","protected":false},"excerpt":{"rendered":"<p>La m\u00fasica forma part important del desenvolupament integral dels nostres alumnes. Som conscients dels seus beneficis educatius i pet aquest motiu treballem la m\u00fasica de manera integral donant resposta a les diferents \u00e0rees: ritme, can\u00e7\u00f3, audici\u00f3, dansa i llenguatge musical. Benvinguts a l&#8217;espai d&#8217;educaci\u00f3 musical. En aquest espai virtual poc a poc anirem trobant les [&hellip;]<\/p>\n","protected":false},"author":1,"featured_media":0,"parent":0,"menu_order":0,"comment_status":"closed","ping_status":"closed","template":"","meta":{"_bbp_topic_count":0,"_bbp_reply_count":0,"_bbp_total_topic_count":0,"_bbp_total_reply_count":0,"_bbp_voice_count":0,"_bbp_anonymous_reply_count":0,"_bbp_topic_count_hidden":0,"_bbp_reply_count_hidden":0,"_bbp_forum_subforum_count":0,"site-sidebar-layout":"default","site-content-layout":"","ast-site-content-layout":"","site-content-style":"default","site-sidebar-style":"default","ast-global-header-display":"","ast-banner-title-visibility":"","ast-main-header-display":"","ast-hfb-above-header-display":"","ast-hfb-below-header-display":"","ast-hfb-mobile-header-display":"","site-post-title":"","ast-breadcrumbs-content":"","ast-featured-img":"","footer-sml-layout":"","theme-transparent-header-meta":"","adv-header-id-meta":"","stick-header-meta":"","header-above-stick-meta":"","header-main-stick-meta":"","header-below-stick-meta":"","astra-migrate-meta-layouts":"default","ast-page-background-enabled":"default","ast-page-background-meta":{"desktop":{"background-color":"var(--ast-global-color-4)","background-image":"","background-repeat":"repeat","background-position":"center center","background-size":"auto","background-attachment":"scroll","background-type":"","background-media":"","overlay-type":"","overlay-color":"","overlay-opacity":"","overlay-gradient":""},"tablet":{"background-color":"","background-image":"","background-repeat":"repeat","background-position":"center center","background-size":"auto","background-attachment":"scroll","background-type":"","background-media":"","overlay-type":"","overlay-color":"","overlay-opacity":"","overlay-gradient":""},"mobile":{"background-color":"","background-image":"","background-repeat":"repeat","background-position":"center center","background-size":"auto","background-attachment":"scroll","background-type":"","background-media":"","overlay-type":"","overlay-color":"","overlay-opacity":"","overlay-gradient":""}},"ast-content-background-meta":{"desktop":{"background-color":"var(--ast-global-color-5)","background-image":"","background-repeat":"repeat","background-position":"center center","background-size":"auto","background-attachment":"scroll","background-type":"","background-media":"","overlay-type":"","overlay-color":"","overlay-opacity":"","overlay-gradient":""},"tablet":{"background-color":"var(--ast-global-color-5)","background-image":"","background-repeat":"repeat","background-position":"center center","background-size":"auto","background-attachment":"scroll","background-type":"","background-media":"","overlay-type":"","overlay-color":"","overlay-opacity":"","overlay-gradient":""},"mobile":{"background-color":"var(--ast-global-color-5)","background-image":"","background-repeat":"repeat","background-position":"center center","background-size":"auto","background-attachment":"scroll","background-type":"","background-media":"","overlay-type":"","overlay-color":"","overlay-opacity":"","overlay-gradient":""}},"footnotes":""},"class_list":["post-1078","page","type-page","status-publish","hentry"],"post_mailing_queue_ids":[],"_links":{"self":[{"href":"https:\/\/agora.xtec.cat\/ceip-barrufet-santboi\/wp-json\/wp\/v2\/pages\/1078","targetHints":{"allow":["GET"]}}],"collection":[{"href":"https:\/\/agora.xtec.cat\/ceip-barrufet-santboi\/wp-json\/wp\/v2\/pages"}],"about":[{"href":"https:\/\/agora.xtec.cat\/ceip-barrufet-santboi\/wp-json\/wp\/v2\/types\/page"}],"author":[{"embeddable":true,"href":"https:\/\/agora.xtec.cat\/ceip-barrufet-santboi\/wp-json\/wp\/v2\/users\/1"}],"replies":[{"embeddable":true,"href":"https:\/\/agora.xtec.cat\/ceip-barrufet-santboi\/wp-json\/wp\/v2\/comments?post=1078"}],"version-history":[{"count":3,"href":"https:\/\/agora.xtec.cat\/ceip-barrufet-santboi\/wp-json\/wp\/v2\/pages\/1078\/revisions"}],"predecessor-version":[{"id":6294,"href":"https:\/\/agora.xtec.cat\/ceip-barrufet-santboi\/wp-json\/wp\/v2\/pages\/1078\/revisions\/6294"}],"wp:attachment":[{"href":"https:\/\/agora.xtec.cat\/ceip-barrufet-santboi\/wp-json\/wp\/v2\/media?parent=1078"}],"curies":[{"name":"wp","href":"https:\/\/api.w.org\/{rel}","templated":true}]}}