{"id":725,"date":"2016-01-20T17:15:25","date_gmt":"2016-01-20T16:15:25","guid":{"rendered":"http:\/\/blocs.xtec.cat\/escolabages5e\/?page_id=725"},"modified":"2020-07-29T17:56:11","modified_gmt":"2020-07-29T15:56:11","slug":"cantania","status":"publish","type":"page","link":"https:\/\/agora.xtec.cat\/ceip-bages\/80-2\/cantania\/","title":{"rendered":"CANT\u00c0NIA"},"content":{"rendered":"<p style=\"text-align: left;\">Benvinguts i benvingues a Cant\u00e0nia 2020!<span style=\"color: #33cccc;\"><strong> &#8220;Virtu@l&#8221;<\/strong><\/span><\/p>\n<p>Aqu\u00ed teniu el <span style=\"color: #ff00ff;\">Symbaloo<\/span> amb tots els v\u00eddeos de les can\u00e7ons i moviments a m\u00e9s d&#8217;altres informacions interessants.<\/p>\n<p>Tot aquest material \u00e9s imprescindible per a que l&#8217;aneu mirant des de casa o des d&#8217;all\u00e0 on hi tingueu acc\u00e9s i juntament amb el vostre dossier i cd un anir\u00e0 molt b\u00e9 per <span style=\"color: #ff9900;\">complementar, consolidar i avan\u00e7ar<\/span> en el treball fet a l&#8217;aula de m\u00fasica.<\/p>\n<p>Recordeu: la nostra cita al teatre Kursaal \u00e9s el <strong>dimecres 20 de maig<\/strong>!<\/p>\n<p><em>Endavant, vosaltres podeu<\/em>!<\/p>\n<p><strong><span style=\"color: #008080;\">Bona Cant\u00e0nia a tothom!!<\/span><\/strong><br \/>\n<a href=\"http:\/\/iframe%20src=https:\/\/www.symbaloo.com\/embed\/cantania2020?%20name=_symFrame%20width=960px%20height=640px%20frameborder=0%20noresize=noresize%20allowTransparency=true\/iframe\"><iframe loading=\"lazy\" src=\"https:\/\/www.symbaloo.com\/embed\/cantania2020?\" width=\"650px\" height=\"450px\" name=\"_symFrame\" frameborder=\"0\"><\/iframe><\/a><\/p>\n<p>&nbsp;<\/p>\n","protected":false},"excerpt":{"rendered":"<p>Benvinguts i benvingues a Cant\u00e0nia 2020! &#8220;Virtu@l&#8221;<br \/>\nAqu\u00ed teniu el Symbaloo amb tots els v\u00eddeos de les can\u00e7ons i moviments a m\u00e9s d&#8217;altres informacions interessants.<br \/>\nTot aquest material \u00e9s imprescindible per a que l&#8217;aneu mirant des de casa o des d&#8217;all\u00e0 on hi tingueu acc\u00e9s i juntament&hellip;  <a href=\"https:\/\/agora.xtec.cat\/ceip-bages\/80-2\/cantania\/\" title=\"Read CANT\u00c0NIA\">Llegeix m\u00e9s\u00bb<\/a><\/p>\n","protected":false},"author":1,"featured_media":0,"parent":1731,"menu_order":90,"comment_status":"closed","ping_status":"closed","template":"page-templates\/side-menu.php","meta":{"_bbp_topic_count":0,"_bbp_reply_count":0,"_bbp_total_topic_count":0,"_bbp_total_reply_count":0,"_bbp_voice_count":0,"_bbp_anonymous_reply_count":0,"_bbp_topic_count_hidden":0,"_bbp_reply_count_hidden":0,"_bbp_forum_subforum_count":0,"footnotes":""},"class_list":["post-725","page","type-page","status-publish","hentry"],"post_mailing_queue_ids":[],"_links":{"self":[{"href":"https:\/\/agora.xtec.cat\/ceip-bages\/wp-json\/wp\/v2\/pages\/725","targetHints":{"allow":["GET"]}}],"collection":[{"href":"https:\/\/agora.xtec.cat\/ceip-bages\/wp-json\/wp\/v2\/pages"}],"about":[{"href":"https:\/\/agora.xtec.cat\/ceip-bages\/wp-json\/wp\/v2\/types\/page"}],"author":[{"embeddable":true,"href":"https:\/\/agora.xtec.cat\/ceip-bages\/wp-json\/wp\/v2\/users\/1"}],"replies":[{"embeddable":true,"href":"https:\/\/agora.xtec.cat\/ceip-bages\/wp-json\/wp\/v2\/comments?post=725"}],"version-history":[{"count":1,"href":"https:\/\/agora.xtec.cat\/ceip-bages\/wp-json\/wp\/v2\/pages\/725\/revisions"}],"predecessor-version":[{"id":1851,"href":"https:\/\/agora.xtec.cat\/ceip-bages\/wp-json\/wp\/v2\/pages\/725\/revisions\/1851"}],"up":[{"embeddable":true,"href":"https:\/\/agora.xtec.cat\/ceip-bages\/wp-json\/wp\/v2\/pages\/1731"}],"wp:attachment":[{"href":"https:\/\/agora.xtec.cat\/ceip-bages\/wp-json\/wp\/v2\/media?parent=725"}],"curies":[{"name":"wp","href":"https:\/\/api.w.org\/{rel}","templated":true}]}}